{"id":33874,"date":"2025-03-18T15:34:20","date_gmt":"2025-03-18T08:34:20","guid":{"rendered":"https:\/\/tienhungtech.com.vn\/?post_type=product&#038;p=33874"},"modified":"2025-03-26T09:52:44","modified_gmt":"2025-03-26T02:52:44","slug":"bo-lap-tin-hieu-psi-rep-profibus-12mb-2708863-phoenix-contact","status":"publish","type":"product","link":"https:\/\/tienhungtech.com.vn\/zh-hans\/san-pham\/bo-lap-tin-hieu-psi-rep-profibus-12mb-2708863-phoenix-contact\/","title":{"rendered":"B\u1ed8 L\u1eb6P T\u00cdN HI\u1ec6U PSI-REP-PROFIBUS\/12MB &#8211; 2708863 &#8211; PHOENIX CONTACT"},"content":{"rendered":"<p>Nh\u00e0 ph\u00e2n ph\u1ed1i Phoenix Contact t\u1ea1i Vi\u1ec7t Nam.<\/p>\n<p id=\"tw-target-text\" class=\"tw-data-text tw-text-large tw-ta\" dir=\"ltr\" data-placeholder=\"B\u1ea3n d\u1ecbch\" data-ved=\"2ahUKEwix65z55OyLAxWgk1YBHaGDDJ4Q3ewLegQICBAW\" aria-label=\"B\u1ea3n d\u1ecbch: M\u00f4-\u0111un pin M\u00f4-\u0111un pin (thi\u1ebft b\u1ecb c\u00f3 pin), VRLA-AGM, 48 V DC, 7 Ah\">B\u1ed9 l\u1eb7p m\u00f4-\u0111un \u0111\u1ec3 c\u00e1ch ly \u0111i\u1ec7n v\u00e0 t\u0103ng ph\u1ea1m vi cho PROFIBUS l\u00ean \u0111\u1ebfn 12 Mbps, c\u00e1ch ly 4 chi\u1ec1u, c\u00f3 th\u1ec3 l\u1eafp tr\u00ean thanh ray, cung c\u1ea5p 24 V DC<\/p>\n<p>Tham kh\u1ea3o catalog chi ti\u1ebft theo \u0111\u01b0\u1eddng link sau (tr\u00edch ngu\u1ed3n www.phoenixcontact.com\/):<br \/>\n<a href=\"https:\/\/www.phoenixcontact.com\/en-pc\/products\/repeater-psi-rep-profibus-12mb-2708863\">B\u1ed8 L\u1eb6P T\u00cdN HI\u1ec6U PSI-REP-PROFIBUS\/12MB &#8211; 2708863 &#8211; PHOENIX CONTACT<\/a><\/p>\n<p>&nbsp;<\/p>\n","protected":false},"excerpt":{"rendered":"<p>B\u1ed8 L\u1eb6P T\u00cdN HI\u1ec6U<\/p>\n<div id=\"gtx-trans\" style=\"position: absolute; left: 103px; top: 38px;\">\n<div class=\"gtx-trans-icon\"><\/div>\n<\/div>\n","protected":false},"featured_media":33876,"comment_status":"open","ping_status":"closed","template":"","meta":{"inline_featured_image":false},"product_cat":[1921,2288],"product_tag":[6546],"brand_product":[1918],"group_product":[1377],"origin_product":[991],"class_list":["post-33874","product","type-product","status-publish","has-post-thumbnail","hentry","product_cat-phoenixcontact-zh-hans","product_cat-switch-mang-industrial-ethernet-switch-phoenixcontact-zh-hans","product_tag-bo-lap-tin-hieu-psi-rep-profibus-12mb-2708863-phoenix-contact-zh-hans","brand_product-phoenix-contact-zh-hans","filter_product-switch-mang-zh-hans","group_product-1377","origin_product-duc-zh-hans"],"acf":[],"yoast_head":"<!-- This site is optimized with the Yoast SEO plugin v19.10 - https:\/\/yoast.com\/wordpress\/plugins\/seo\/ -->\n<title>B\u1ed8 L\u1eb6P T\u00cdN HI\u1ec6U PSI-REP-PROFIBUS\/12MB - 2708863 - PHOENIX CONTACT - C\u00d4NG TY C\u1ed4 PH\u1ea6N T\u1ef0 \u0110\u1ed8NG TI\u1ebeN H\u01afNG<\/title>\n<meta name=\"description\" content=\"Nh\u00e0 ph\u00e2n ph\u1ed1i Phoenix Contact t\u1ea1i Vi\u1ec7t Nam.B\u1ed9 l\u1eb7p m\u00f4-\u0111un \u0111\u1ec3 c\u00e1ch ly \u0111i\u1ec7n v\u00e0 t\u0103ng ph\u1ea1m vi cho PROFIBUS l\u00ean \u0111\u1ebfn 12 Mbps, c\u00e1ch ly 4 chi\u1ec1u, c\u00f3 th\u1ec3 l\u1eafp tr\u00ean thanh ray, cung c\u1ea5p 24 V DCTham kh\u1ea3o catalog chi ti\u1ebft theo \u0111\u01b0\u1eddng link sau (tr\u00edch ngu\u1ed3n www.phoenixcontact.com\/):B\u1ed8 L\u1eb6P T\u00cdN HI\u1ec6U PSI-REP-PROFIBUS\/12MB - 2708863 - PHOENIX CONTACT\" \/>\n<meta name=\"robots\" content=\"index, follow, max-snippet:-1, max-image-preview:large, max-video-preview:-1\" \/>\n<link rel=\"canonical\" href=\"https:\/\/tienhungtech.com.vn\/zh-hans\/san-pham\/bo-lap-tin-hieu-psi-rep-profibus-12mb-2708863-phoenix-contact\/\" \/>\n<meta property=\"og:locale\" content=\"zh_CN\" \/>\n<meta property=\"og:type\" content=\"article\" \/>\n<meta property=\"og:title\" content=\"B\u1ed8 L\u1eb6P T\u00cdN HI\u1ec6U PSI-REP-PROFIBUS\/12MB - 2708863 - PHOENIX CONTACT - C\u00d4NG TY C\u1ed4 PH\u1ea6N T\u1ef0 \u0110\u1ed8NG TI\u1ebeN H\u01afNG\" \/>\n<meta property=\"og:description\" content=\"Nh\u00e0 ph\u00e2n ph\u1ed1i Phoenix Contact t\u1ea1i Vi\u1ec7t Nam.B\u1ed9 l\u1eb7p m\u00f4-\u0111un \u0111\u1ec3 c\u00e1ch ly \u0111i\u1ec7n v\u00e0 t\u0103ng ph\u1ea1m vi cho PROFIBUS l\u00ean \u0111\u1ebfn 12 Mbps, c\u00e1ch ly 4 chi\u1ec1u, c\u00f3 th\u1ec3 l\u1eafp tr\u00ean thanh ray, cung c\u1ea5p 24 V DCTham kh\u1ea3o catalog chi ti\u1ebft theo \u0111\u01b0\u1eddng link sau (tr\u00edch ngu\u1ed3n www.phoenixcontact.com\/):B\u1ed8 L\u1eb6P T\u00cdN HI\u1ec6U PSI-REP-PROFIBUS\/12MB - 2708863 - PHOENIX CONTACT\" \/>\n<meta property=\"og:url\" content=\"https:\/\/tienhungtech.com.vn\/zh-hans\/san-pham\/bo-lap-tin-hieu-psi-rep-profibus-12mb-2708863-phoenix-contact\/\" \/>\n<meta property=\"og:site_name\" content=\"C\u00d4NG TY C\u1ed4 PH\u1ea6N T\u1ef0 \u0110\u1ed8NG TI\u1ebeN H\u01afNG\" \/>\n<meta property=\"article:modified_time\" content=\"2025-03-26T02:52:44+00:00\" \/>\n<meta property=\"og:image\" content=\"https:\/\/tienhungtech.com.vn\/wp-content\/uploads\/2025\/03\/BO-LAP-TIN-HIEU-PSI-REP-PROFIBUS-12MB-2708863-PHOENIX-CONTACT.jpg\" \/>\n\t<meta property=\"og:image:width\" content=\"2048\" \/>\n\t<meta property=\"og:image:height\" content=\"2048\" \/>\n\t<meta property=\"og:image:type\" content=\"image\/jpeg\" \/>\n<meta name=\"twitter:card\" content=\"summary_large_image\" \/>\n<script type=\"application\/ld+json\" class=\"yoast-schema-graph\">{\"@context\":\"https:\/\/schema.org\",\"@graph\":[{\"@type\":\"WebPage\",\"@id\":\"https:\/\/tienhungtech.com.vn\/zh-hans\/san-pham\/bo-lap-tin-hieu-psi-rep-profibus-12mb-2708863-phoenix-contact\/\",\"url\":\"https:\/\/tienhungtech.com.vn\/zh-hans\/san-pham\/bo-lap-tin-hieu-psi-rep-profibus-12mb-2708863-phoenix-contact\/\",\"name\":\"B\u1ed8 L\u1eb6P T\u00cdN HI\u1ec6U PSI-REP-PROFIBUS\/12MB - 2708863 - PHOENIX CONTACT - C\u00d4NG TY C\u1ed4 PH\u1ea6N T\u1ef0 \u0110\u1ed8NG TI\u1ebeN H\u01afNG\",\"isPartOf\":{\"@id\":\"https:\/\/tienhungtech.com.vn\/#website\"},\"datePublished\":\"2025-03-18T08:34:20+00:00\",\"dateModified\":\"2025-03-26T02:52:44+00:00\",\"description\":\"Nh\u00e0 ph\u00e2n ph\u1ed1i Phoenix Contact t\u1ea1i Vi\u1ec7t Nam.B\u1ed9 l\u1eb7p m\u00f4-\u0111un \u0111\u1ec3 c\u00e1ch ly \u0111i\u1ec7n v\u00e0 t\u0103ng ph\u1ea1m vi cho PROFIBUS l\u00ean \u0111\u1ebfn 12 Mbps, c\u00e1ch ly 4 chi\u1ec1u, c\u00f3 th\u1ec3 l\u1eafp tr\u00ean thanh ray, cung c\u1ea5p 24 V DCTham kh\u1ea3o catalog chi ti\u1ebft theo \u0111\u01b0\u1eddng link sau (tr\u00edch ngu\u1ed3n www.phoenixcontact.com\/):B\u1ed8 L\u1eb6P T\u00cdN HI\u1ec6U PSI-REP-PROFIBUS\/12MB - 2708863 - PHOENIX CONTACT\",\"breadcrumb\":{\"@id\":\"https:\/\/tienhungtech.com.vn\/zh-hans\/san-pham\/bo-lap-tin-hieu-psi-rep-profibus-12mb-2708863-phoenix-contact\/#breadcrumb\"},\"inLanguage\":\"zh-Hans\",\"potentialAction\":[{\"@type\":\"ReadAction\",\"target\":[\"https:\/\/tienhungtech.com.vn\/zh-hans\/san-pham\/bo-lap-tin-hieu-psi-rep-profibus-12mb-2708863-phoenix-contact\/\"]}]},{\"@type\":\"BreadcrumbList\",\"@id\":\"https:\/\/tienhungtech.com.vn\/zh-hans\/san-pham\/bo-lap-tin-hieu-psi-rep-profibus-12mb-2708863-phoenix-contact\/#breadcrumb\",\"itemListElement\":[{\"@type\":\"ListItem\",\"position\":1,\"name\":\"Trang ch\u1ee7\",\"item\":\"https:\/\/tienhungtech.com.vn\/zh-hans\/\"},{\"@type\":\"ListItem\",\"position\":2,\"name\":\"\u4ea7\u54c1\",\"item\":\"https:\/\/tienhungtech.com.vn\/zh-hans\/%e4%ba%a7%e5%93%81\/\"},{\"@type\":\"ListItem\",\"position\":3,\"name\":\"B\u1ed8 L\u1eb6P T\u00cdN HI\u1ec6U PSI-REP-PROFIBUS\/12MB &#8211; 2708863 &#8211; PHOENIX CONTACT\"}]},{\"@type\":\"WebSite\",\"@id\":\"https:\/\/tienhungtech.com.vn\/#website\",\"url\":\"https:\/\/tienhungtech.com.vn\/\",\"name\":\"TIEN HUNG TECH\",\"description\":\"Ti\u1ebfn H\u01b0ng l\u00e0 m\u1ed9t trong nh\u1eefng \u0111\u01a1n v\u1ecb h\u00e0ng \u0111\u1ea7u cung c\u1ea5p c\u00e1c thi\u1ebft b\u1ecb, d\u1ecbch v\u1ee5 v\u00e0 gi\u1ea3i ph\u00e1p li\u00ean quan \u0111\u1ebfn ng\u00e0nh t\u1ee7 b\u1ea3ng \u0111i\u1ec7n n\u00f3i ri\u00eang v\u00e0 t\u1ef1 \u0111\u1ed9ng ho\u00e1 n\u00f3i chung.\",\"publisher\":{\"@id\":\"https:\/\/tienhungtech.com.vn\/#organization\"},\"alternateName\":\"Ti\u1ebfn H\u01b0ng \u0111\u01b0\u1ee3c th\u00e0nh l\u1eadp v\u00e0o n\u0103m 2016, l\u00e0 t\u1ed5 ch\u1ee9c t\u1eadp h\u1ee3p nh\u1eefng k\u1ef9 s\u01b0 \u0111i\u1ec7n - t\u1ef1 \u0111\u1ed9ng ho\u00e1 \u01b0u t\u00fa v\u1edbi kh\u00e1t khao \u0111\u01b0\u1ee3c mang \u0111\u1ebfn cho qu\u00fd kh\u00e1ch h\u00e0ng, doanh nghi\u1ec7p tr\u00ean ph\u1ea1m vi c\u1ea3 n\u01b0\u1edbc Vi\u1ec7t Nam nh\u1eefng gi\u1ea3i ph\u00e1p \u0111i\u1ec7n - t\u1ef1 \u0111\u1ed9ng ho\u00e1 ti\u00ean ti\u1ebfn nh\u1ea5t.\",\"potentialAction\":[{\"@type\":\"SearchAction\",\"target\":{\"@type\":\"EntryPoint\",\"urlTemplate\":\"https:\/\/tienhungtech.com.vn\/?s={search_term_string}\"},\"query-input\":\"required name=search_term_string\"}],\"inLanguage\":\"zh-Hans\"},{\"@type\":\"Organization\",\"@id\":\"https:\/\/tienhungtech.com.vn\/#organization\",\"name\":\"TIEN HUNG TECH\",\"alternateName\":\"Ti\u1ebfn H\u01b0ng \u0111\u01b0\u1ee3c th\u00e0nh l\u1eadp v\u00e0o n\u0103m 2016, l\u00e0 t\u1ed5 ch\u1ee9c t\u1eadp h\u1ee3p nh\u1eefng k\u1ef9 s\u01b0 \u0111i\u1ec7n - t\u1ef1 \u0111\u1ed9ng ho\u00e1 \u01b0u t\u00fa v\u1edbi kh\u00e1t khao \u0111\u01b0\u1ee3c mang \u0111\u1ebfn cho qu\u00fd kh\u00e1ch h\u00e0ng, doanh nghi\u1ec7p tr\u00ean ph\u1ea1m vi c\u1ea3 n\u01b0\u1edbc Vi\u1ec7t Nam nh\u1eefng gi\u1ea3i ph\u00e1p \u0111i\u1ec7n - t\u1ef1 \u0111\u1ed9ng ho\u00e1 ti\u00ean ti\u1ebfn nh\u1ea5t.\",\"url\":\"https:\/\/tienhungtech.com.vn\/\",\"logo\":{\"@type\":\"ImageObject\",\"inLanguage\":\"zh-Hans\",\"@id\":\"https:\/\/tienhungtech.com.vn\/#\/schema\/logo\/image\/\",\"url\":\"https:\/\/tienhungtech.com.vn\/wp-content\/uploads\/2025\/07\/Logo-Tien-Hung-R-01.png\",\"contentUrl\":\"https:\/\/tienhungtech.com.vn\/wp-content\/uploads\/2025\/07\/Logo-Tien-Hung-R-01.png\",\"width\":1886,\"height\":575,\"caption\":\"TIEN HUNG TECH\"},\"image\":{\"@id\":\"https:\/\/tienhungtech.com.vn\/#\/schema\/logo\/image\/\"}}]}<\/script>\n<!-- \/ Yoast SEO plugin. -->","yoast_head_json":{"title":"B\u1ed8 L\u1eb6P T\u00cdN HI\u1ec6U PSI-REP-PROFIBUS\/12MB - 2708863 - PHOENIX CONTACT - C\u00d4NG TY C\u1ed4 PH\u1ea6N T\u1ef0 \u0110\u1ed8NG TI\u1ebeN H\u01afNG","description":"Nh\u00e0 ph\u00e2n ph\u1ed1i Phoenix Contact t\u1ea1i Vi\u1ec7t Nam.B\u1ed9 l\u1eb7p m\u00f4-\u0111un \u0111\u1ec3 c\u00e1ch ly \u0111i\u1ec7n v\u00e0 t\u0103ng ph\u1ea1m vi cho PROFIBUS l\u00ean \u0111\u1ebfn 12 Mbps, c\u00e1ch ly 4 chi\u1ec1u, c\u00f3 th\u1ec3 l\u1eafp tr\u00ean thanh ray, cung c\u1ea5p 24 V DCTham kh\u1ea3o catalog chi ti\u1ebft theo \u0111\u01b0\u1eddng link sau (tr\u00edch ngu\u1ed3n www.phoenixcontact.com\/):B\u1ed8 L\u1eb6P T\u00cdN HI\u1ec6U PSI-REP-PROFIBUS\/12MB - 2708863 - PHOENIX CONTACT","robots":{"index":"index","follow":"follow","max-snippet":"max-snippet:-1","max-image-preview":"max-image-preview:large","max-video-preview":"max-video-preview:-1"},"canonical":"https:\/\/tienhungtech.com.vn\/zh-hans\/san-pham\/bo-lap-tin-hieu-psi-rep-profibus-12mb-2708863-phoenix-contact\/","og_locale":"zh_CN","og_type":"article","og_title":"B\u1ed8 L\u1eb6P T\u00cdN HI\u1ec6U PSI-REP-PROFIBUS\/12MB - 2708863 - PHOENIX CONTACT - C\u00d4NG TY C\u1ed4 PH\u1ea6N T\u1ef0 \u0110\u1ed8NG TI\u1ebeN H\u01afNG","og_description":"Nh\u00e0 ph\u00e2n ph\u1ed1i Phoenix Contact t\u1ea1i Vi\u1ec7t Nam.B\u1ed9 l\u1eb7p m\u00f4-\u0111un \u0111\u1ec3 c\u00e1ch ly \u0111i\u1ec7n v\u00e0 t\u0103ng ph\u1ea1m vi cho PROFIBUS l\u00ean \u0111\u1ebfn 12 Mbps, c\u00e1ch ly 4 chi\u1ec1u, c\u00f3 th\u1ec3 l\u1eafp tr\u00ean thanh ray, cung c\u1ea5p 24 V DCTham kh\u1ea3o catalog chi ti\u1ebft theo \u0111\u01b0\u1eddng link sau (tr\u00edch ngu\u1ed3n www.phoenixcontact.com\/):B\u1ed8 L\u1eb6P T\u00cdN HI\u1ec6U PSI-REP-PROFIBUS\/12MB - 2708863 - PHOENIX CONTACT","og_url":"https:\/\/tienhungtech.com.vn\/zh-hans\/san-pham\/bo-lap-tin-hieu-psi-rep-profibus-12mb-2708863-phoenix-contact\/","og_site_name":"C\u00d4NG TY C\u1ed4 PH\u1ea6N T\u1ef0 \u0110\u1ed8NG TI\u1ebeN H\u01afNG","article_modified_time":"2025-03-26T02:52:44+00:00","og_image":[{"width":2048,"height":2048,"url":"https:\/\/tienhungtech.com.vn\/wp-content\/uploads\/2025\/03\/BO-LAP-TIN-HIEU-PSI-REP-PROFIBUS-12MB-2708863-PHOENIX-CONTACT.jpg","type":"image\/jpeg"}],"twitter_card":"summary_large_image","schema":{"@context":"https:\/\/schema.org","@graph":[{"@type":"WebPage","@id":"https:\/\/tienhungtech.com.vn\/zh-hans\/san-pham\/bo-lap-tin-hieu-psi-rep-profibus-12mb-2708863-phoenix-contact\/","url":"https:\/\/tienhungtech.com.vn\/zh-hans\/san-pham\/bo-lap-tin-hieu-psi-rep-profibus-12mb-2708863-phoenix-contact\/","name":"B\u1ed8 L\u1eb6P T\u00cdN HI\u1ec6U PSI-REP-PROFIBUS\/12MB - 2708863 - PHOENIX CONTACT - C\u00d4NG TY C\u1ed4 PH\u1ea6N T\u1ef0 \u0110\u1ed8NG TI\u1ebeN H\u01afNG","isPartOf":{"@id":"https:\/\/tienhungtech.com.vn\/#website"},"datePublished":"2025-03-18T08:34:20+00:00","dateModified":"2025-03-26T02:52:44+00:00","description":"Nh\u00e0 ph\u00e2n ph\u1ed1i Phoenix Contact t\u1ea1i Vi\u1ec7t Nam.B\u1ed9 l\u1eb7p m\u00f4-\u0111un \u0111\u1ec3 c\u00e1ch ly \u0111i\u1ec7n v\u00e0 t\u0103ng ph\u1ea1m vi cho PROFIBUS l\u00ean \u0111\u1ebfn 12 Mbps, c\u00e1ch ly 4 chi\u1ec1u, c\u00f3 th\u1ec3 l\u1eafp tr\u00ean thanh ray, cung c\u1ea5p 24 V DCTham kh\u1ea3o catalog chi ti\u1ebft theo \u0111\u01b0\u1eddng link sau (tr\u00edch ngu\u1ed3n www.phoenixcontact.com\/):B\u1ed8 L\u1eb6P T\u00cdN HI\u1ec6U PSI-REP-PROFIBUS\/12MB - 2708863 - PHOENIX CONTACT","breadcrumb":{"@id":"https:\/\/tienhungtech.com.vn\/zh-hans\/san-pham\/bo-lap-tin-hieu-psi-rep-profibus-12mb-2708863-phoenix-contact\/#breadcrumb"},"inLanguage":"zh-Hans","potentialAction":[{"@type":"ReadAction","target":["https:\/\/tienhungtech.com.vn\/zh-hans\/san-pham\/bo-lap-tin-hieu-psi-rep-profibus-12mb-2708863-phoenix-contact\/"]}]},{"@type":"BreadcrumbList","@id":"https:\/\/tienhungtech.com.vn\/zh-hans\/san-pham\/bo-lap-tin-hieu-psi-rep-profibus-12mb-2708863-phoenix-contact\/#breadcrumb","itemListElement":[{"@type":"ListItem","position":1,"name":"Trang ch\u1ee7","item":"https:\/\/tienhungtech.com.vn\/zh-hans\/"},{"@type":"ListItem","position":2,"name":"\u4ea7\u54c1","item":"https:\/\/tienhungtech.com.vn\/zh-hans\/%e4%ba%a7%e5%93%81\/"},{"@type":"ListItem","position":3,"name":"B\u1ed8 L\u1eb6P T\u00cdN HI\u1ec6U PSI-REP-PROFIBUS\/12MB &#8211; 2708863 &#8211; PHOENIX CONTACT"}]},{"@type":"WebSite","@id":"https:\/\/tienhungtech.com.vn\/#website","url":"https:\/\/tienhungtech.com.vn\/","name":"TIEN HUNG TECH","description":"Ti\u1ebfn H\u01b0ng l\u00e0 m\u1ed9t trong nh\u1eefng \u0111\u01a1n v\u1ecb h\u00e0ng \u0111\u1ea7u cung c\u1ea5p c\u00e1c thi\u1ebft b\u1ecb, d\u1ecbch v\u1ee5 v\u00e0 gi\u1ea3i ph\u00e1p li\u00ean quan \u0111\u1ebfn ng\u00e0nh t\u1ee7 b\u1ea3ng \u0111i\u1ec7n n\u00f3i ri\u00eang v\u00e0 t\u1ef1 \u0111\u1ed9ng ho\u00e1 n\u00f3i chung.","publisher":{"@id":"https:\/\/tienhungtech.com.vn\/#organization"},"alternateName":"Ti\u1ebfn H\u01b0ng \u0111\u01b0\u1ee3c th\u00e0nh l\u1eadp v\u00e0o n\u0103m 2016, l\u00e0 t\u1ed5 ch\u1ee9c t\u1eadp h\u1ee3p nh\u1eefng k\u1ef9 s\u01b0 \u0111i\u1ec7n - t\u1ef1 \u0111\u1ed9ng ho\u00e1 \u01b0u t\u00fa v\u1edbi kh\u00e1t khao \u0111\u01b0\u1ee3c mang \u0111\u1ebfn cho qu\u00fd kh\u00e1ch h\u00e0ng, doanh nghi\u1ec7p tr\u00ean ph\u1ea1m vi c\u1ea3 n\u01b0\u1edbc Vi\u1ec7t Nam nh\u1eefng gi\u1ea3i ph\u00e1p \u0111i\u1ec7n - t\u1ef1 \u0111\u1ed9ng ho\u00e1 ti\u00ean ti\u1ebfn nh\u1ea5t.","potentialAction":[{"@type":"SearchAction","target":{"@type":"EntryPoint","urlTemplate":"https:\/\/tienhungtech.com.vn\/?s={search_term_string}"},"query-input":"required name=search_term_string"}],"inLanguage":"zh-Hans"},{"@type":"Organization","@id":"https:\/\/tienhungtech.com.vn\/#organization","name":"TIEN HUNG TECH","alternateName":"Ti\u1ebfn H\u01b0ng \u0111\u01b0\u1ee3c th\u00e0nh l\u1eadp v\u00e0o n\u0103m 2016, l\u00e0 t\u1ed5 ch\u1ee9c t\u1eadp h\u1ee3p nh\u1eefng k\u1ef9 s\u01b0 \u0111i\u1ec7n - t\u1ef1 \u0111\u1ed9ng ho\u00e1 \u01b0u t\u00fa v\u1edbi kh\u00e1t khao \u0111\u01b0\u1ee3c mang \u0111\u1ebfn cho qu\u00fd kh\u00e1ch h\u00e0ng, doanh nghi\u1ec7p tr\u00ean ph\u1ea1m vi c\u1ea3 n\u01b0\u1edbc Vi\u1ec7t Nam nh\u1eefng gi\u1ea3i ph\u00e1p \u0111i\u1ec7n - t\u1ef1 \u0111\u1ed9ng ho\u00e1 ti\u00ean ti\u1ebfn nh\u1ea5t.","url":"https:\/\/tienhungtech.com.vn\/","logo":{"@type":"ImageObject","inLanguage":"zh-Hans","@id":"https:\/\/tienhungtech.com.vn\/#\/schema\/logo\/image\/","url":"https:\/\/tienhungtech.com.vn\/wp-content\/uploads\/2025\/07\/Logo-Tien-Hung-R-01.png","contentUrl":"https:\/\/tienhungtech.com.vn\/wp-content\/uploads\/2025\/07\/Logo-Tien-Hung-R-01.png","width":1886,"height":575,"caption":"TIEN HUNG TECH"},"image":{"@id":"https:\/\/tienhungtech.com.vn\/#\/schema\/logo\/image\/"}}]}},"_links":{"self":[{"href":"https:\/\/tienhungtech.com.vn\/zh-hans\/wp-json\/wp\/v2\/product\/33874","targetHints":{"allow":["GET"]}}],"collection":[{"href":"https:\/\/tienhungtech.com.vn\/zh-hans\/wp-json\/wp\/v2\/product"}],"about":[{"href":"https:\/\/tienhungtech.com.vn\/zh-hans\/wp-json\/wp\/v2\/types\/product"}],"replies":[{"embeddable":true,"href":"https:\/\/tienhungtech.com.vn\/zh-hans\/wp-json\/wp\/v2\/comments?post=33874"}],"wp:featuredmedia":[{"embeddable":true,"href":"https:\/\/tienhungtech.com.vn\/zh-hans\/wp-json\/wp\/v2\/media\/33876"}],"wp:attachment":[{"href":"https:\/\/tienhungtech.com.vn\/zh-hans\/wp-json\/wp\/v2\/media?parent=33874"}],"wp:term":[{"taxonomy":"product_cat","embeddable":true,"href":"https:\/\/tienhungtech.com.vn\/zh-hans\/wp-json\/wp\/v2\/product_cat?post=33874"},{"taxonomy":"product_tag","embeddable":true,"href":"https:\/\/tienhungtech.com.vn\/zh-hans\/wp-json\/wp\/v2\/product_tag?post=33874"},{"taxonomy":"brand_product","embeddable":true,"href":"https:\/\/tienhungtech.com.vn\/zh-hans\/wp-json\/wp\/v2\/brand_product?post=33874"},{"taxonomy":"group_product","embeddable":true,"href":"https:\/\/tienhungtech.com.vn\/zh-hans\/wp-json\/wp\/v2\/group_product?post=33874"},{"taxonomy":"origin_product","embeddable":true,"href":"https:\/\/tienhungtech.com.vn\/zh-hans\/wp-json\/wp\/v2\/origin_product?post=33874"}],"curies":[{"name":"wp","href":"https:\/\/api.w.org\/{rel}","templated":true}]}}