{"id":13138,"date":"2023-02-24T16:32:04","date_gmt":"2023-02-24T09:32:04","guid":{"rendered":"https:\/\/tienhungtech.com.vn\/san-pham\/2866491-trio-ps-1ac-48dc-5-bo-nguon-trio-1pha-5a-phoenix-contact-tienhungtech\/"},"modified":"2023-05-16T12:06:20","modified_gmt":"2023-05-16T05:06:20","slug":"2866491-trio-ps-1ac-48dc-5-bo-nguon-trio-1pha-5a-phoenix-contact-tienhungtech","status":"publish","type":"product","link":"https:\/\/tienhungtech.com.vn\/zh-hans\/san-pham\/2866491-trio-ps-1ac-48dc-5-bo-nguon-trio-1pha-5a-phoenix-contact-tienhungtech\/","title":{"rendered":"2866491 &#8211; TRIO-PS\/1AC\/48DC\/5 &#8211; TRIO 1PHA 5A \u7535\u6e90 &#8211; PHOENIX CONTACT \u2013 TIENHUNGTECH"},"content":{"rendered":"<p>TRIO 1PHA 5A &#8211; 2866491 &#8211; TRIO-PS\/1AC\/48DC\/ 5 \u7535\u6e90 &#8211; PHOENIX CONTACT\u3002 PHONEIX CONTACT \u8d8a\u5357\u7ecf\u9500\u5546\u3002 \u6cf0\u56fd\u5236\u9020\u3002<\/p>\n<p>Phoenix Contact \u8d8a\u5357\u80e1\u5fd7\u660e\u5e02\u7ecf\u9500\u5546\u3002 \u5355\u76f8\u4ea4\u6d41\u8f93\u5165Quint\u7535\u6e90\uff0c\u8f93\u51fa48VDC\/5A\uff0c\u578b\u53f72866491-TRIO-PS\/1AC\/48DC\/5\uff0c\u91d1\u5c5e\u5916\u58f3\uff0cDIN\u5bfc\u8f68\u5b89\u88c5\u3002 \u8f93\u51fa\u7535\u538b\u8303\u56f4\u4ece 30VDC \u5230 56VDC \u53ef\u8c03\uff0c\u529f\u7387\u5347\u538b\u6280\u672f\u53ef\u5b9e\u73b0\u6781\u5176\u7cbe\u786e\u7684\u8f93\u51fa\u7535\u6d41\u7a33\u5b9a\u3002 \u6cf0\u56fd\u5236\u9020\u3002<\/p>\n<p>\u8bf7\u53c2\u9605\u4ee5\u4e0b\u94fe\u63a5\u7684\u8be6\u7ec6\u76ee\u5f55\uff08\u6765\u6e90 https:\/\/www.phoenixcontact.com\uff09\uff1a<\/p>\n<p><a href=\"https:\/\/www.phoenixcontact.com\/en-pc\/products\/power-supply-unit-trio-ps-1ac-48dc-5-2866491\">https:\/\/www.phoenixcontact.com<\/a><\/p>\n<p>https:\/\/tienhungtech.com<\/p>\n","protected":false},"excerpt":{"rendered":"<p>2866491 &#8211; TRIO-PS\/1AC\/48DC\/5 &#8211; TRIO 1PHA 5A \u7535\u6e90<\/p>\n","protected":false},"featured_media":7459,"comment_status":"open","ping_status":"closed","template":"","meta":{"inline_featured_image":false},"product_cat":[1921,2159],"product_tag":[914,915,917,918,919,920,921,928,929,933,934,935,956,1891,1892,1893,1894,1895,1896,1898,1900,1902,958,966,969,971,975,976,977,1903,970,974],"brand_product":[1918],"group_product":[1206,1369],"origin_product":[991],"class_list":["post-13138","product","type-product","status-publish","has-post-thumbnail","hentry","product_cat-phoenixcontact-zh-hans","product_cat-bo-nguon-ups-phoenixcontact-zh-hans","product_tag-bao-ve-dong-co-zh-hans","product_tag-bo-nguon-ups-zh-hans","product_tag-cap-cam-bien-zh-hans","product_tag-cat-loc-set-zh-hans","product_tag-cau-dau-day-zh-hans","product_tag-chong-set-zh-hans","product_tag-chuyen-doi-tin-hieu-zh-hans","product_tag-dau-noi-zh-hans","product_tag-dieu-khien-thiet-bi-giam-sat-zh-hans","product_tag-ethernet-switch-zh-hans","product_tag-heavy-connectors-zh-hans","product_tag-hmi-bo-khoi-dong-zh-hans","product_tag-module-mo-rong-zh-hans","product_tag-nha-phan-phoi-phoenix-contact-mien-bac-zh-hans","product_tag-nha-phan-phoi-phoenix-contact-mien-nam-zh-hans","product_tag-nha-phan-phoi-phoenix-contact-mien-trung-zh-hans","product_tag-nha-phan-phoi-phoenix-contact-thanh-pho-ho-chi-minh-zh-hans","product_tag-nha-phan-phoi-phoenix-contact-viet-nam-zh-hans","product_tag-phoenix-contact-zh-hans","product_tag-phoenix-contact-power-supply-unit-zh-hans","product_tag-phoenix-contact-software-zh-hans","product_tag-phoenix-contact-viet-nam-zh-hans","product_tag-plc-relay-zh-hans","product_tag-relay-kieng-zh-hans","product_tag-remote-io-zh-hans","product_tag-sensor-cables-zh-hans","product_tag-terminal-blocks-zh-hans","product_tag-thiet-bi-do-luong-zh-hans","product_tag-tien-hung-tech-zh-hans","product_tag-tools-zh-hans","product_tag-ro-le-an-toan-zh-hans","product_tag-switch-mang-zh-hans","brand_product-phoenix-contact-zh-hans","filter_product-1343","filter_product-1341","group_product-cau-dau-day-zh-hans","group_product-1369","origin_product-duc-zh-hans"],"acf":[],"yoast_head":"<!-- This site is optimized with the Yoast SEO plugin v19.10 - https:\/\/yoast.com\/wordpress\/plugins\/seo\/ -->\n<title>2866491 - TRIO-PS\/1AC\/48DC\/5 - TRIO 1PHA 5A \u7535\u6e90 - PHOENIX CONTACT \u2013 TIENHUNGTECH - C\u00d4NG TY C\u1ed4 PH\u1ea6N T\u1ef0 \u0110\u1ed8NG TI\u1ebeN H\u01afNG<\/title>\n<meta name=\"robots\" content=\"index, follow, max-snippet:-1, max-image-preview:large, max-video-preview:-1\" \/>\n<link rel=\"canonical\" href=\"https:\/\/tienhungtech.com.vn\/zh-hans\/san-pham\/2866491-trio-ps-1ac-48dc-5-bo-nguon-trio-1pha-5a-phoenix-contact-tienhungtech\/\" \/>\n<meta property=\"og:locale\" content=\"zh_CN\" \/>\n<meta property=\"og:type\" content=\"article\" \/>\n<meta property=\"og:title\" content=\"2866491 - TRIO-PS\/1AC\/48DC\/5 - TRIO 1PHA 5A \u7535\u6e90 - PHOENIX CONTACT \u2013 TIENHUNGTECH - C\u00d4NG TY C\u1ed4 PH\u1ea6N T\u1ef0 \u0110\u1ed8NG TI\u1ebeN H\u01afNG\" \/>\n<meta property=\"og:description\" content=\"2866491 - TRIO-PS\/1AC\/48DC\/5 - TRIO 1PHA 5A \u7535\u6e90\" \/>\n<meta property=\"og:url\" content=\"https:\/\/tienhungtech.com.vn\/zh-hans\/san-pham\/2866491-trio-ps-1ac-48dc-5-bo-nguon-trio-1pha-5a-phoenix-contact-tienhungtech\/\" \/>\n<meta property=\"og:site_name\" content=\"C\u00d4NG TY C\u1ed4 PH\u1ea6N T\u1ef0 \u0110\u1ed8NG TI\u1ebeN H\u01afNG\" \/>\n<meta property=\"article:modified_time\" content=\"2023-05-16T05:06:20+00:00\" \/>\n<meta property=\"og:image\" content=\"https:\/\/tienhungtech.com.vn\/wp-content\/uploads\/2023\/02\/2866491-1.jpg\" \/>\n\t<meta property=\"og:image:width\" content=\"2048\" \/>\n\t<meta property=\"og:image:height\" content=\"2048\" \/>\n\t<meta property=\"og:image:type\" content=\"image\/jpeg\" \/>\n<meta name=\"twitter:card\" content=\"summary_large_image\" \/>\n<meta name=\"twitter:label1\" content=\"\u9884\u8ba1\u9605\u8bfb\u65f6\u95f4\" \/>\n\t<meta name=\"twitter:data1\" content=\"1 \u5206\" \/>\n<script type=\"application\/ld+json\" class=\"yoast-schema-graph\">{\"@context\":\"https:\/\/schema.org\",\"@graph\":[{\"@type\":\"WebPage\",\"@id\":\"https:\/\/tienhungtech.com.vn\/zh-hans\/san-pham\/2866491-trio-ps-1ac-48dc-5-bo-nguon-trio-1pha-5a-phoenix-contact-tienhungtech\/\",\"url\":\"https:\/\/tienhungtech.com.vn\/zh-hans\/san-pham\/2866491-trio-ps-1ac-48dc-5-bo-nguon-trio-1pha-5a-phoenix-contact-tienhungtech\/\",\"name\":\"2866491 - TRIO-PS\/1AC\/48DC\/5 - TRIO 1PHA 5A \u7535\u6e90 - PHOENIX CONTACT \u2013 TIENHUNGTECH - C\u00d4NG TY C\u1ed4 PH\u1ea6N T\u1ef0 \u0110\u1ed8NG TI\u1ebeN H\u01afNG\",\"isPartOf\":{\"@id\":\"https:\/\/tienhungtech.com.vn\/#website\"},\"datePublished\":\"2023-02-24T09:32:04+00:00\",\"dateModified\":\"2023-05-16T05:06:20+00:00\",\"breadcrumb\":{\"@id\":\"https:\/\/tienhungtech.com.vn\/zh-hans\/san-pham\/2866491-trio-ps-1ac-48dc-5-bo-nguon-trio-1pha-5a-phoenix-contact-tienhungtech\/#breadcrumb\"},\"inLanguage\":\"zh-Hans\",\"potentialAction\":[{\"@type\":\"ReadAction\",\"target\":[\"https:\/\/tienhungtech.com.vn\/zh-hans\/san-pham\/2866491-trio-ps-1ac-48dc-5-bo-nguon-trio-1pha-5a-phoenix-contact-tienhungtech\/\"]}]},{\"@type\":\"BreadcrumbList\",\"@id\":\"https:\/\/tienhungtech.com.vn\/zh-hans\/san-pham\/2866491-trio-ps-1ac-48dc-5-bo-nguon-trio-1pha-5a-phoenix-contact-tienhungtech\/#breadcrumb\",\"itemListElement\":[{\"@type\":\"ListItem\",\"position\":1,\"name\":\"Trang ch\u1ee7\",\"item\":\"https:\/\/tienhungtech.com.vn\/zh-hans\/\"},{\"@type\":\"ListItem\",\"position\":2,\"name\":\"\u4ea7\u54c1\",\"item\":\"https:\/\/tienhungtech.com.vn\/zh-hans\/%e4%ba%a7%e5%93%81\/\"},{\"@type\":\"ListItem\",\"position\":3,\"name\":\"2866491 &#8211; TRIO-PS\/1AC\/48DC\/5 &#8211; TRIO 1PHA 5A \u7535\u6e90 &#8211; PHOENIX CONTACT \u2013 TIENHUNGTECH\"}]},{\"@type\":\"WebSite\",\"@id\":\"https:\/\/tienhungtech.com.vn\/#website\",\"url\":\"https:\/\/tienhungtech.com.vn\/\",\"name\":\"TIEN HUNG TECH\",\"description\":\"Ti\u1ebfn H\u01b0ng l\u00e0 m\u1ed9t trong nh\u1eefng \u0111\u01a1n v\u1ecb h\u00e0ng \u0111\u1ea7u cung c\u1ea5p c\u00e1c thi\u1ebft b\u1ecb, d\u1ecbch v\u1ee5 v\u00e0 gi\u1ea3i ph\u00e1p li\u00ean quan \u0111\u1ebfn ng\u00e0nh t\u1ee7 b\u1ea3ng \u0111i\u1ec7n n\u00f3i ri\u00eang v\u00e0 t\u1ef1 \u0111\u1ed9ng ho\u00e1 n\u00f3i chung.\",\"publisher\":{\"@id\":\"https:\/\/tienhungtech.com.vn\/#organization\"},\"alternateName\":\"Ti\u1ebfn H\u01b0ng \u0111\u01b0\u1ee3c th\u00e0nh l\u1eadp v\u00e0o n\u0103m 2016, l\u00e0 t\u1ed5 ch\u1ee9c t\u1eadp h\u1ee3p nh\u1eefng k\u1ef9 s\u01b0 \u0111i\u1ec7n - t\u1ef1 \u0111\u1ed9ng ho\u00e1 \u01b0u t\u00fa v\u1edbi kh\u00e1t khao \u0111\u01b0\u1ee3c mang \u0111\u1ebfn cho qu\u00fd kh\u00e1ch h\u00e0ng, doanh nghi\u1ec7p tr\u00ean ph\u1ea1m vi c\u1ea3 n\u01b0\u1edbc Vi\u1ec7t Nam nh\u1eefng gi\u1ea3i ph\u00e1p \u0111i\u1ec7n - t\u1ef1 \u0111\u1ed9ng ho\u00e1 ti\u00ean ti\u1ebfn nh\u1ea5t.\",\"potentialAction\":[{\"@type\":\"SearchAction\",\"target\":{\"@type\":\"EntryPoint\",\"urlTemplate\":\"https:\/\/tienhungtech.com.vn\/?s={search_term_string}\"},\"query-input\":\"required name=search_term_string\"}],\"inLanguage\":\"zh-Hans\"},{\"@type\":\"Organization\",\"@id\":\"https:\/\/tienhungtech.com.vn\/#organization\",\"name\":\"TIEN HUNG TECH\",\"alternateName\":\"Ti\u1ebfn H\u01b0ng \u0111\u01b0\u1ee3c th\u00e0nh l\u1eadp v\u00e0o n\u0103m 2016, l\u00e0 t\u1ed5 ch\u1ee9c t\u1eadp h\u1ee3p nh\u1eefng k\u1ef9 s\u01b0 \u0111i\u1ec7n - t\u1ef1 \u0111\u1ed9ng ho\u00e1 \u01b0u t\u00fa v\u1edbi kh\u00e1t khao \u0111\u01b0\u1ee3c mang \u0111\u1ebfn cho qu\u00fd kh\u00e1ch h\u00e0ng, doanh nghi\u1ec7p tr\u00ean ph\u1ea1m vi c\u1ea3 n\u01b0\u1edbc Vi\u1ec7t Nam nh\u1eefng gi\u1ea3i ph\u00e1p \u0111i\u1ec7n - t\u1ef1 \u0111\u1ed9ng ho\u00e1 ti\u00ean ti\u1ebfn nh\u1ea5t.\",\"url\":\"https:\/\/tienhungtech.com.vn\/\",\"logo\":{\"@type\":\"ImageObject\",\"inLanguage\":\"zh-Hans\",\"@id\":\"https:\/\/tienhungtech.com.vn\/#\/schema\/logo\/image\/\",\"url\":\"https:\/\/tienhungtech.com.vn\/wp-content\/uploads\/2025\/07\/Logo-Tien-Hung-R-01.png\",\"contentUrl\":\"https:\/\/tienhungtech.com.vn\/wp-content\/uploads\/2025\/07\/Logo-Tien-Hung-R-01.png\",\"width\":1886,\"height\":575,\"caption\":\"TIEN HUNG TECH\"},\"image\":{\"@id\":\"https:\/\/tienhungtech.com.vn\/#\/schema\/logo\/image\/\"}}]}<\/script>\n<!-- \/ Yoast SEO plugin. -->","yoast_head_json":{"title":"2866491 - TRIO-PS\/1AC\/48DC\/5 - TRIO 1PHA 5A \u7535\u6e90 - PHOENIX CONTACT \u2013 TIENHUNGTECH - C\u00d4NG TY C\u1ed4 PH\u1ea6N T\u1ef0 \u0110\u1ed8NG TI\u1ebeN H\u01afNG","robots":{"index":"index","follow":"follow","max-snippet":"max-snippet:-1","max-image-preview":"max-image-preview:large","max-video-preview":"max-video-preview:-1"},"canonical":"https:\/\/tienhungtech.com.vn\/zh-hans\/san-pham\/2866491-trio-ps-1ac-48dc-5-bo-nguon-trio-1pha-5a-phoenix-contact-tienhungtech\/","og_locale":"zh_CN","og_type":"article","og_title":"2866491 - TRIO-PS\/1AC\/48DC\/5 - TRIO 1PHA 5A \u7535\u6e90 - PHOENIX CONTACT \u2013 TIENHUNGTECH - C\u00d4NG TY C\u1ed4 PH\u1ea6N T\u1ef0 \u0110\u1ed8NG TI\u1ebeN H\u01afNG","og_description":"2866491 - TRIO-PS\/1AC\/48DC\/5 - TRIO 1PHA 5A \u7535\u6e90","og_url":"https:\/\/tienhungtech.com.vn\/zh-hans\/san-pham\/2866491-trio-ps-1ac-48dc-5-bo-nguon-trio-1pha-5a-phoenix-contact-tienhungtech\/","og_site_name":"C\u00d4NG TY C\u1ed4 PH\u1ea6N T\u1ef0 \u0110\u1ed8NG TI\u1ebeN H\u01afNG","article_modified_time":"2023-05-16T05:06:20+00:00","og_image":[{"width":2048,"height":2048,"url":"https:\/\/tienhungtech.com.vn\/wp-content\/uploads\/2023\/02\/2866491-1.jpg","type":"image\/jpeg"}],"twitter_card":"summary_large_image","twitter_misc":{"\u9884\u8ba1\u9605\u8bfb\u65f6\u95f4":"1 \u5206"},"schema":{"@context":"https:\/\/schema.org","@graph":[{"@type":"WebPage","@id":"https:\/\/tienhungtech.com.vn\/zh-hans\/san-pham\/2866491-trio-ps-1ac-48dc-5-bo-nguon-trio-1pha-5a-phoenix-contact-tienhungtech\/","url":"https:\/\/tienhungtech.com.vn\/zh-hans\/san-pham\/2866491-trio-ps-1ac-48dc-5-bo-nguon-trio-1pha-5a-phoenix-contact-tienhungtech\/","name":"2866491 - TRIO-PS\/1AC\/48DC\/5 - TRIO 1PHA 5A \u7535\u6e90 - PHOENIX CONTACT \u2013 TIENHUNGTECH - C\u00d4NG TY C\u1ed4 PH\u1ea6N T\u1ef0 \u0110\u1ed8NG TI\u1ebeN H\u01afNG","isPartOf":{"@id":"https:\/\/tienhungtech.com.vn\/#website"},"datePublished":"2023-02-24T09:32:04+00:00","dateModified":"2023-05-16T05:06:20+00:00","breadcrumb":{"@id":"https:\/\/tienhungtech.com.vn\/zh-hans\/san-pham\/2866491-trio-ps-1ac-48dc-5-bo-nguon-trio-1pha-5a-phoenix-contact-tienhungtech\/#breadcrumb"},"inLanguage":"zh-Hans","potentialAction":[{"@type":"ReadAction","target":["https:\/\/tienhungtech.com.vn\/zh-hans\/san-pham\/2866491-trio-ps-1ac-48dc-5-bo-nguon-trio-1pha-5a-phoenix-contact-tienhungtech\/"]}]},{"@type":"BreadcrumbList","@id":"https:\/\/tienhungtech.com.vn\/zh-hans\/san-pham\/2866491-trio-ps-1ac-48dc-5-bo-nguon-trio-1pha-5a-phoenix-contact-tienhungtech\/#breadcrumb","itemListElement":[{"@type":"ListItem","position":1,"name":"Trang ch\u1ee7","item":"https:\/\/tienhungtech.com.vn\/zh-hans\/"},{"@type":"ListItem","position":2,"name":"\u4ea7\u54c1","item":"https:\/\/tienhungtech.com.vn\/zh-hans\/%e4%ba%a7%e5%93%81\/"},{"@type":"ListItem","position":3,"name":"2866491 &#8211; TRIO-PS\/1AC\/48DC\/5 &#8211; TRIO 1PHA 5A \u7535\u6e90 &#8211; PHOENIX CONTACT \u2013 TIENHUNGTECH"}]},{"@type":"WebSite","@id":"https:\/\/tienhungtech.com.vn\/#website","url":"https:\/\/tienhungtech.com.vn\/","name":"TIEN HUNG TECH","description":"Ti\u1ebfn H\u01b0ng l\u00e0 m\u1ed9t trong nh\u1eefng \u0111\u01a1n v\u1ecb h\u00e0ng \u0111\u1ea7u cung c\u1ea5p c\u00e1c thi\u1ebft b\u1ecb, d\u1ecbch v\u1ee5 v\u00e0 gi\u1ea3i ph\u00e1p li\u00ean quan \u0111\u1ebfn ng\u00e0nh t\u1ee7 b\u1ea3ng \u0111i\u1ec7n n\u00f3i ri\u00eang v\u00e0 t\u1ef1 \u0111\u1ed9ng ho\u00e1 n\u00f3i chung.","publisher":{"@id":"https:\/\/tienhungtech.com.vn\/#organization"},"alternateName":"Ti\u1ebfn H\u01b0ng \u0111\u01b0\u1ee3c th\u00e0nh l\u1eadp v\u00e0o n\u0103m 2016, l\u00e0 t\u1ed5 ch\u1ee9c t\u1eadp h\u1ee3p nh\u1eefng k\u1ef9 s\u01b0 \u0111i\u1ec7n - t\u1ef1 \u0111\u1ed9ng ho\u00e1 \u01b0u t\u00fa v\u1edbi kh\u00e1t khao \u0111\u01b0\u1ee3c mang \u0111\u1ebfn cho qu\u00fd kh\u00e1ch h\u00e0ng, doanh nghi\u1ec7p tr\u00ean ph\u1ea1m vi c\u1ea3 n\u01b0\u1edbc Vi\u1ec7t Nam nh\u1eefng gi\u1ea3i ph\u00e1p \u0111i\u1ec7n - t\u1ef1 \u0111\u1ed9ng ho\u00e1 ti\u00ean ti\u1ebfn nh\u1ea5t.","potentialAction":[{"@type":"SearchAction","target":{"@type":"EntryPoint","urlTemplate":"https:\/\/tienhungtech.com.vn\/?s={search_term_string}"},"query-input":"required name=search_term_string"}],"inLanguage":"zh-Hans"},{"@type":"Organization","@id":"https:\/\/tienhungtech.com.vn\/#organization","name":"TIEN HUNG TECH","alternateName":"Ti\u1ebfn H\u01b0ng \u0111\u01b0\u1ee3c th\u00e0nh l\u1eadp v\u00e0o n\u0103m 2016, l\u00e0 t\u1ed5 ch\u1ee9c t\u1eadp h\u1ee3p nh\u1eefng k\u1ef9 s\u01b0 \u0111i\u1ec7n - t\u1ef1 \u0111\u1ed9ng ho\u00e1 \u01b0u t\u00fa v\u1edbi kh\u00e1t khao \u0111\u01b0\u1ee3c mang \u0111\u1ebfn cho qu\u00fd kh\u00e1ch h\u00e0ng, doanh nghi\u1ec7p tr\u00ean ph\u1ea1m vi c\u1ea3 n\u01b0\u1edbc Vi\u1ec7t Nam nh\u1eefng gi\u1ea3i ph\u00e1p \u0111i\u1ec7n - t\u1ef1 \u0111\u1ed9ng ho\u00e1 ti\u00ean ti\u1ebfn nh\u1ea5t.","url":"https:\/\/tienhungtech.com.vn\/","logo":{"@type":"ImageObject","inLanguage":"zh-Hans","@id":"https:\/\/tienhungtech.com.vn\/#\/schema\/logo\/image\/","url":"https:\/\/tienhungtech.com.vn\/wp-content\/uploads\/2025\/07\/Logo-Tien-Hung-R-01.png","contentUrl":"https:\/\/tienhungtech.com.vn\/wp-content\/uploads\/2025\/07\/Logo-Tien-Hung-R-01.png","width":1886,"height":575,"caption":"TIEN HUNG TECH"},"image":{"@id":"https:\/\/tienhungtech.com.vn\/#\/schema\/logo\/image\/"}}]}},"_links":{"self":[{"href":"https:\/\/tienhungtech.com.vn\/zh-hans\/wp-json\/wp\/v2\/product\/13138","targetHints":{"allow":["GET"]}}],"collection":[{"href":"https:\/\/tienhungtech.com.vn\/zh-hans\/wp-json\/wp\/v2\/product"}],"about":[{"href":"https:\/\/tienhungtech.com.vn\/zh-hans\/wp-json\/wp\/v2\/types\/product"}],"replies":[{"embeddable":true,"href":"https:\/\/tienhungtech.com.vn\/zh-hans\/wp-json\/wp\/v2\/comments?post=13138"}],"wp:featuredmedia":[{"embeddable":true,"href":"https:\/\/tienhungtech.com.vn\/zh-hans\/wp-json\/wp\/v2\/media\/7459"}],"wp:attachment":[{"href":"https:\/\/tienhungtech.com.vn\/zh-hans\/wp-json\/wp\/v2\/media?parent=13138"}],"wp:term":[{"taxonomy":"product_cat","embeddable":true,"href":"https:\/\/tienhungtech.com.vn\/zh-hans\/wp-json\/wp\/v2\/product_cat?post=13138"},{"taxonomy":"product_tag","embeddable":true,"href":"https:\/\/tienhungtech.com.vn\/zh-hans\/wp-json\/wp\/v2\/product_tag?post=13138"},{"taxonomy":"brand_product","embeddable":true,"href":"https:\/\/tienhungtech.com.vn\/zh-hans\/wp-json\/wp\/v2\/brand_product?post=13138"},{"taxonomy":"group_product","embeddable":true,"href":"https:\/\/tienhungtech.com.vn\/zh-hans\/wp-json\/wp\/v2\/group_product?post=13138"},{"taxonomy":"origin_product","embeddable":true,"href":"https:\/\/tienhungtech.com.vn\/zh-hans\/wp-json\/wp\/v2\/origin_product?post=13138"}],"curies":[{"name":"wp","href":"https:\/\/api.w.org\/{rel}","templated":true}]}}