{"id":12885,"date":"2023-03-28T09:42:54","date_gmt":"2023-03-28T02:42:54","guid":{"rendered":"https:\/\/tienhungtech.com.vn\/san-pham\/2838480000-bo-nguon-pro-bas-480w-24v-20a-weimuller-tienhungtech\/"},"modified":"2023-08-02T10:23:17","modified_gmt":"2023-08-02T03:23:17","slug":"2838480000-bo-nguon-pro-bas-480w-24v-20a-weimuller-tienhungtech","status":"publish","type":"product","link":"https:\/\/tienhungtech.com.vn\/zh-hans\/san-pham\/2838480000-bo-nguon-pro-bas-480w-24v-20a-weimuller-tienhungtech\/","title":{"rendered":"2838480000 &#8211; B\u1ed8 NGU\u1ed2N PRO BAS 480W 24V 20A &#8211; WEIMULLER &#8211; TIENHUNGTECH"},"content":{"rendered":"<p>&#8211; M\u00e3 s\u1ea3n ph\u1ea9m ( order code): <strong>2838480000<\/strong><br \/>\n&#8211; M\u00e3 s\u1ea3n ph\u1ea9m ( type): <strong>PRO BAS 480W 24V 20A<\/strong><br \/>\n&#8211; B\u1ed9 c\u1ea5p ngu\u1ed3n, b\u1ed9 c\u1ea5p ngu\u1ed3n ch\u1ebf \u0111\u1ed9 chuy\u1ec3n \u0111\u1ed5i, 24 V, C\u00f4ng su\u1ea5t: 480 W, D\u00f2ng: 20 A<br \/>\n&#8211; Nhi\u1ec7t \u0111\u1ed9 ho\u1ea1t \u0111\u1ed9ng -25 \u00b0C&#8230;70 \u00b0C<br \/>\n&#8211; Th\u1eddi gian n\u1ed1i t\u1eaft AC @ Inom &gt; 80 ms @ 230 V AC \/ &gt; 20 ms @ 115 V AC<br \/>\n&#8211; M\u1ee9c \u0111\u1ed9 hi\u1ec7u qu\u1ea3 95% @ 230 V AC<br \/>\n&#8211; D\u00f2ng r\u00f2 \u0111\u1ea5t, t\u1ed1i \u0111a. 3,5 mA<br \/>\n&#8211; Phi\u00ean b\u1ea3n v\u1ecf Kim lo\u1ea1i, ch\u1ed1ng \u0103n m\u00f2n<br \/>\n&#8211; \u0110\u1ed9 \u1ea9m 5\u202695 % t\u01b0\u01a1ng \u0111\u1ed1i, kh\u00f4ng ng\u01b0ng t\u1ee5.<br \/>\n&#8211; H\u1ec7 s\u1ed1 c\u00f4ng su\u1ea5t (x\u1ea5p x\u1ec9) 0,95 @ 230 V AC, t\u1ea3i \u0111\u1ecbnh m\u1ee9c<br \/>\n&#8211; M\u1ea5t \u0111i\u1ec7n, ch\u1ea1y kh\u00f4ng t\u1ea3i 2 W<br \/>\n&#8211; M\u1ea5t \u0111i\u1ec7n, t\u1ea3i \u0111\u1ecbnh m\u1ee9c 30 W<br \/>\n&#8211; B\u1ea3o v\u1ec7 ch\u1ed1ng qu\u00e1 nhi\u1ec7t: C\u00f3<br \/>\n&#8211; M\u1ee9c \u0111\u1ed9 b\u1ea3o v\u1ec7 IP20<br \/>\n&#8211; B\u1ea3o v\u1ec7 ng\u1eafn m\u1ea1ch: C\u00f3<br \/>\n&#8211; Kh\u1edfi \u0111\u1ed9ng \u2265 -40 \u00b0C<br \/>\n&#8211; Ch\u1ec9 b\u00e1o tr\u1ea1ng th\u00e1i \u0110\u00e8n LED m\u00e0u xanh l\u00e1 c\u00e2y<br \/>\n&#8211; V\u1ecb tr\u00ed l\u1eafp \u0111\u1eb7t: N\u1eb1m ngang tr\u00ean ray l\u1eafp TS35. K\u1ebft n\u1ed1i v\u1eb7n v\u00edt<\/p>\n<p>Tham kh\u1ea3o catalog chi ti\u1ebft theo \u0111\u01b0\u1eddng link sau ( tr\u00edch ngu\u1ed3n https:\/\/www.weidmueller.com):<br \/>\n<a href=\"https:\/\/catalog.weidmueller.com\/catalog\/Start.do?ObjectID=2838480000&amp;_ga=2.188881643.1195897849.1679910206-1033840766.1669865223&amp;_gl=1*11i5kef*_ga*MTAzMzg0MDc2Ni4xNjY5ODY1MjIz*_ga_RQ78GF08L5*MTY3OTk2ODM1NC41OS4xLjE2Nzk5NzA3MTMuMC4wLjA.\" target=\"_blank\" rel=\"noopener\">2838480000 &#8211; B\u1ed8 NGU\u1ed2N PRO BAS 480W 24V 20A<\/a><\/p>\n","protected":false},"excerpt":{"rendered":"<p>B\u1ed8 NGU\u1ed2N PRO BAS<\/p>\n","protected":false},"featured_media":10292,"comment_status":"open","ping_status":"closed","template":"","meta":{"inline_featured_image":false},"product_cat":[1933],"product_tag":[2056,1718,922,1719,923,924,926,1720,930,931,1721,936,937,953,1722,1723,957,959,962,963,964,967,972,973,975,977,1724,1725,978,983,1726,984,986,987],"brand_product":[988],"group_product":[1369],"origin_product":[1207],"class_list":["post-12885","product","type-product","status-publish","has-post-thumbnail","hentry","product_cat-bo-nguon-power-supply-weidmuller-zh-hans","product_tag-2838480000-bo-nguon-pro-bas-480w-24v-20a-weimuller-tienhungtech-zh-hans","product_tag-cable-entry-systems-zh-hans","product_tag-connectivity-zh-hans","product_tag-contactless-connectivity-zh-hans","product_tag-dai-ly-weidmuller-zh-hans","product_tag-dai-ly-weidmuller-mien-bac-zh-hans","product_tag-dai-ly-weidmuller-mien-trung-zh-hans","product_tag-dai-ly-weidmuller-thanh-pho-ho-chi-minh-dai-ly-weidmuller-mien-nam-zh-hans","product_tag-distribution-boxes-zh-hans","product_tag-electronics-housing-lightning-zh-hans","product_tag-enclosure-systems-and-components-zh-hans","product_tag-i-o-systems-zh-hans","product_tag-industrial-ethernet-zh-hans","product_tag-marshalling-cable-solutions-electronics-zh-hans","product_tag-measuring-and-monitoring-systems-zh-hans","product_tag-patchcords-and-cables-plc-dcs-system-cabling-migration-solutions-service-interfaces-zh-hans","product_tag-pcb-plug-in-connectors-and-pcb-plug-in-terminals-zh-hans","product_tag-plug-in-connectors-zh-hans","product_tag-power-supplies-zh-hans","product_tag-power-supply-weidmuller-zh-hans","product_tag-pv-combiner-box-zh-hans","product_tag-relay-modules-zh-hans","product_tag-solid-state-relays-analog-signal-processing-zh-hans","product_tag-surge-protection-zh-hans","product_tag-terminal-blocks-zh-hans","product_tag-tien-hung-tech-zh-hans","product_tag-touch-panels-engineering-zh-hans","product_tag-visualization-tools-zh-hans","product_tag-weidmuller-zh-hans","product_tag-weidmuller-pte-ltd-zh-hans","product_tag-weidmuller-relay-zh-hans","product_tag-weidmuller-terminal-block-zh-hans","product_tag-weidmuller-tools-zh-hans","product_tag-weidmuller-viet-nam-zh-hans","brand_product-weidmuller-zh-hans","filter_product-1343","filter_product-1341","group_product-1369","origin_product-trung-quoc-zh-hans"],"acf":[],"yoast_head":"<!-- This site is optimized with the Yoast SEO plugin v19.10 - https:\/\/yoast.com\/wordpress\/plugins\/seo\/ -->\n<title>2838480000 - B\u1ed8 NGU\u1ed2N PRO BAS 480W 24V 20A - WEIMULLER - TIENHUNGTECH - C\u00d4NG TY C\u1ed4 PH\u1ea6N T\u1ef0 \u0110\u1ed8NG TI\u1ebeN H\u01afNG<\/title>\n<meta name=\"robots\" content=\"index, follow, max-snippet:-1, max-image-preview:large, max-video-preview:-1\" \/>\n<link rel=\"canonical\" href=\"https:\/\/tienhungtech.com.vn\/zh-hans\/san-pham\/2838480000-bo-nguon-pro-bas-480w-24v-20a-weimuller-tienhungtech\/\" \/>\n<meta property=\"og:locale\" content=\"zh_CN\" \/>\n<meta property=\"og:type\" content=\"article\" \/>\n<meta property=\"og:title\" content=\"2838480000 - B\u1ed8 NGU\u1ed2N PRO BAS 480W 24V 20A - WEIMULLER - TIENHUNGTECH - C\u00d4NG TY C\u1ed4 PH\u1ea6N T\u1ef0 \u0110\u1ed8NG TI\u1ebeN H\u01afNG\" \/>\n<meta property=\"og:description\" content=\"B\u1ed8 NGU\u1ed2N PRO BAS\" \/>\n<meta property=\"og:url\" content=\"https:\/\/tienhungtech.com.vn\/zh-hans\/san-pham\/2838480000-bo-nguon-pro-bas-480w-24v-20a-weimuller-tienhungtech\/\" \/>\n<meta property=\"og:site_name\" content=\"C\u00d4NG TY C\u1ed4 PH\u1ea6N T\u1ef0 \u0110\u1ed8NG TI\u1ebeN H\u01afNG\" \/>\n<meta property=\"article:modified_time\" content=\"2023-08-02T03:23:17+00:00\" \/>\n<meta property=\"og:image\" content=\"https:\/\/tienhungtech.com.vn\/wp-content\/uploads\/2023\/03\/2838480000-probas.jpg\" \/>\n\t<meta property=\"og:image:width\" content=\"2048\" \/>\n\t<meta property=\"og:image:height\" content=\"2048\" \/>\n\t<meta property=\"og:image:type\" content=\"image\/jpeg\" \/>\n<meta name=\"twitter:card\" content=\"summary_large_image\" \/>\n<meta name=\"twitter:label1\" content=\"\u9884\u8ba1\u9605\u8bfb\u65f6\u95f4\" \/>\n\t<meta name=\"twitter:data1\" content=\"1 \u5206\" \/>\n<script type=\"application\/ld+json\" class=\"yoast-schema-graph\">{\"@context\":\"https:\/\/schema.org\",\"@graph\":[{\"@type\":\"WebPage\",\"@id\":\"https:\/\/tienhungtech.com.vn\/zh-hans\/san-pham\/2838480000-bo-nguon-pro-bas-480w-24v-20a-weimuller-tienhungtech\/\",\"url\":\"https:\/\/tienhungtech.com.vn\/zh-hans\/san-pham\/2838480000-bo-nguon-pro-bas-480w-24v-20a-weimuller-tienhungtech\/\",\"name\":\"2838480000 - B\u1ed8 NGU\u1ed2N PRO BAS 480W 24V 20A - WEIMULLER - TIENHUNGTECH - C\u00d4NG TY C\u1ed4 PH\u1ea6N T\u1ef0 \u0110\u1ed8NG TI\u1ebeN H\u01afNG\",\"isPartOf\":{\"@id\":\"https:\/\/tienhungtech.com.vn\/#website\"},\"datePublished\":\"2023-03-28T02:42:54+00:00\",\"dateModified\":\"2023-08-02T03:23:17+00:00\",\"breadcrumb\":{\"@id\":\"https:\/\/tienhungtech.com.vn\/zh-hans\/san-pham\/2838480000-bo-nguon-pro-bas-480w-24v-20a-weimuller-tienhungtech\/#breadcrumb\"},\"inLanguage\":\"zh-Hans\",\"potentialAction\":[{\"@type\":\"ReadAction\",\"target\":[\"https:\/\/tienhungtech.com.vn\/zh-hans\/san-pham\/2838480000-bo-nguon-pro-bas-480w-24v-20a-weimuller-tienhungtech\/\"]}]},{\"@type\":\"BreadcrumbList\",\"@id\":\"https:\/\/tienhungtech.com.vn\/zh-hans\/san-pham\/2838480000-bo-nguon-pro-bas-480w-24v-20a-weimuller-tienhungtech\/#breadcrumb\",\"itemListElement\":[{\"@type\":\"ListItem\",\"position\":1,\"name\":\"Trang ch\u1ee7\",\"item\":\"https:\/\/tienhungtech.com.vn\/zh-hans\/\"},{\"@type\":\"ListItem\",\"position\":2,\"name\":\"\u4ea7\u54c1\",\"item\":\"https:\/\/tienhungtech.com.vn\/zh-hans\/%e4%ba%a7%e5%93%81\/\"},{\"@type\":\"ListItem\",\"position\":3,\"name\":\"2838480000 &#8211; B\u1ed8 NGU\u1ed2N PRO BAS 480W 24V 20A &#8211; WEIMULLER &#8211; TIENHUNGTECH\"}]},{\"@type\":\"WebSite\",\"@id\":\"https:\/\/tienhungtech.com.vn\/#website\",\"url\":\"https:\/\/tienhungtech.com.vn\/\",\"name\":\"TIEN HUNG TECH\",\"description\":\"Ti\u1ebfn H\u01b0ng l\u00e0 m\u1ed9t trong nh\u1eefng \u0111\u01a1n v\u1ecb h\u00e0ng \u0111\u1ea7u cung c\u1ea5p c\u00e1c thi\u1ebft b\u1ecb, d\u1ecbch v\u1ee5 v\u00e0 gi\u1ea3i ph\u00e1p li\u00ean quan \u0111\u1ebfn ng\u00e0nh t\u1ee7 b\u1ea3ng \u0111i\u1ec7n n\u00f3i ri\u00eang v\u00e0 t\u1ef1 \u0111\u1ed9ng ho\u00e1 n\u00f3i chung.\",\"publisher\":{\"@id\":\"https:\/\/tienhungtech.com.vn\/#organization\"},\"alternateName\":\"Ti\u1ebfn H\u01b0ng \u0111\u01b0\u1ee3c th\u00e0nh l\u1eadp v\u00e0o n\u0103m 2016, l\u00e0 t\u1ed5 ch\u1ee9c t\u1eadp h\u1ee3p nh\u1eefng k\u1ef9 s\u01b0 \u0111i\u1ec7n - t\u1ef1 \u0111\u1ed9ng ho\u00e1 \u01b0u t\u00fa v\u1edbi kh\u00e1t khao \u0111\u01b0\u1ee3c mang \u0111\u1ebfn cho qu\u00fd kh\u00e1ch h\u00e0ng, doanh nghi\u1ec7p tr\u00ean ph\u1ea1m vi c\u1ea3 n\u01b0\u1edbc Vi\u1ec7t Nam nh\u1eefng gi\u1ea3i ph\u00e1p \u0111i\u1ec7n - t\u1ef1 \u0111\u1ed9ng ho\u00e1 ti\u00ean ti\u1ebfn nh\u1ea5t.\",\"potentialAction\":[{\"@type\":\"SearchAction\",\"target\":{\"@type\":\"EntryPoint\",\"urlTemplate\":\"https:\/\/tienhungtech.com.vn\/?s={search_term_string}\"},\"query-input\":\"required name=search_term_string\"}],\"inLanguage\":\"zh-Hans\"},{\"@type\":\"Organization\",\"@id\":\"https:\/\/tienhungtech.com.vn\/#organization\",\"name\":\"TIEN HUNG TECH\",\"alternateName\":\"Ti\u1ebfn H\u01b0ng \u0111\u01b0\u1ee3c th\u00e0nh l\u1eadp v\u00e0o n\u0103m 2016, l\u00e0 t\u1ed5 ch\u1ee9c t\u1eadp h\u1ee3p nh\u1eefng k\u1ef9 s\u01b0 \u0111i\u1ec7n - t\u1ef1 \u0111\u1ed9ng ho\u00e1 \u01b0u t\u00fa v\u1edbi kh\u00e1t khao \u0111\u01b0\u1ee3c mang \u0111\u1ebfn cho qu\u00fd kh\u00e1ch h\u00e0ng, doanh nghi\u1ec7p tr\u00ean ph\u1ea1m vi c\u1ea3 n\u01b0\u1edbc Vi\u1ec7t Nam nh\u1eefng gi\u1ea3i ph\u00e1p \u0111i\u1ec7n - t\u1ef1 \u0111\u1ed9ng ho\u00e1 ti\u00ean ti\u1ebfn nh\u1ea5t.\",\"url\":\"https:\/\/tienhungtech.com.vn\/\",\"logo\":{\"@type\":\"ImageObject\",\"inLanguage\":\"zh-Hans\",\"@id\":\"https:\/\/tienhungtech.com.vn\/#\/schema\/logo\/image\/\",\"url\":\"https:\/\/tienhungtech.com.vn\/wp-content\/uploads\/2025\/07\/Logo-Tien-Hung-R-01.png\",\"contentUrl\":\"https:\/\/tienhungtech.com.vn\/wp-content\/uploads\/2025\/07\/Logo-Tien-Hung-R-01.png\",\"width\":1886,\"height\":575,\"caption\":\"TIEN HUNG TECH\"},\"image\":{\"@id\":\"https:\/\/tienhungtech.com.vn\/#\/schema\/logo\/image\/\"}}]}<\/script>\n<!-- \/ Yoast SEO plugin. -->","yoast_head_json":{"title":"2838480000 - B\u1ed8 NGU\u1ed2N PRO BAS 480W 24V 20A - WEIMULLER - TIENHUNGTECH - C\u00d4NG TY C\u1ed4 PH\u1ea6N T\u1ef0 \u0110\u1ed8NG TI\u1ebeN H\u01afNG","robots":{"index":"index","follow":"follow","max-snippet":"max-snippet:-1","max-image-preview":"max-image-preview:large","max-video-preview":"max-video-preview:-1"},"canonical":"https:\/\/tienhungtech.com.vn\/zh-hans\/san-pham\/2838480000-bo-nguon-pro-bas-480w-24v-20a-weimuller-tienhungtech\/","og_locale":"zh_CN","og_type":"article","og_title":"2838480000 - B\u1ed8 NGU\u1ed2N PRO BAS 480W 24V 20A - WEIMULLER - TIENHUNGTECH - C\u00d4NG TY C\u1ed4 PH\u1ea6N T\u1ef0 \u0110\u1ed8NG TI\u1ebeN H\u01afNG","og_description":"B\u1ed8 NGU\u1ed2N PRO BAS","og_url":"https:\/\/tienhungtech.com.vn\/zh-hans\/san-pham\/2838480000-bo-nguon-pro-bas-480w-24v-20a-weimuller-tienhungtech\/","og_site_name":"C\u00d4NG TY C\u1ed4 PH\u1ea6N T\u1ef0 \u0110\u1ed8NG TI\u1ebeN H\u01afNG","article_modified_time":"2023-08-02T03:23:17+00:00","og_image":[{"width":2048,"height":2048,"url":"https:\/\/tienhungtech.com.vn\/wp-content\/uploads\/2023\/03\/2838480000-probas.jpg","type":"image\/jpeg"}],"twitter_card":"summary_large_image","twitter_misc":{"\u9884\u8ba1\u9605\u8bfb\u65f6\u95f4":"1 \u5206"},"schema":{"@context":"https:\/\/schema.org","@graph":[{"@type":"WebPage","@id":"https:\/\/tienhungtech.com.vn\/zh-hans\/san-pham\/2838480000-bo-nguon-pro-bas-480w-24v-20a-weimuller-tienhungtech\/","url":"https:\/\/tienhungtech.com.vn\/zh-hans\/san-pham\/2838480000-bo-nguon-pro-bas-480w-24v-20a-weimuller-tienhungtech\/","name":"2838480000 - B\u1ed8 NGU\u1ed2N PRO BAS 480W 24V 20A - WEIMULLER - TIENHUNGTECH - C\u00d4NG TY C\u1ed4 PH\u1ea6N T\u1ef0 \u0110\u1ed8NG TI\u1ebeN H\u01afNG","isPartOf":{"@id":"https:\/\/tienhungtech.com.vn\/#website"},"datePublished":"2023-03-28T02:42:54+00:00","dateModified":"2023-08-02T03:23:17+00:00","breadcrumb":{"@id":"https:\/\/tienhungtech.com.vn\/zh-hans\/san-pham\/2838480000-bo-nguon-pro-bas-480w-24v-20a-weimuller-tienhungtech\/#breadcrumb"},"inLanguage":"zh-Hans","potentialAction":[{"@type":"ReadAction","target":["https:\/\/tienhungtech.com.vn\/zh-hans\/san-pham\/2838480000-bo-nguon-pro-bas-480w-24v-20a-weimuller-tienhungtech\/"]}]},{"@type":"BreadcrumbList","@id":"https:\/\/tienhungtech.com.vn\/zh-hans\/san-pham\/2838480000-bo-nguon-pro-bas-480w-24v-20a-weimuller-tienhungtech\/#breadcrumb","itemListElement":[{"@type":"ListItem","position":1,"name":"Trang ch\u1ee7","item":"https:\/\/tienhungtech.com.vn\/zh-hans\/"},{"@type":"ListItem","position":2,"name":"\u4ea7\u54c1","item":"https:\/\/tienhungtech.com.vn\/zh-hans\/%e4%ba%a7%e5%93%81\/"},{"@type":"ListItem","position":3,"name":"2838480000 &#8211; B\u1ed8 NGU\u1ed2N PRO BAS 480W 24V 20A &#8211; WEIMULLER &#8211; TIENHUNGTECH"}]},{"@type":"WebSite","@id":"https:\/\/tienhungtech.com.vn\/#website","url":"https:\/\/tienhungtech.com.vn\/","name":"TIEN HUNG TECH","description":"Ti\u1ebfn H\u01b0ng l\u00e0 m\u1ed9t trong nh\u1eefng \u0111\u01a1n v\u1ecb h\u00e0ng \u0111\u1ea7u cung c\u1ea5p c\u00e1c thi\u1ebft b\u1ecb, d\u1ecbch v\u1ee5 v\u00e0 gi\u1ea3i ph\u00e1p li\u00ean quan \u0111\u1ebfn ng\u00e0nh t\u1ee7 b\u1ea3ng \u0111i\u1ec7n n\u00f3i ri\u00eang v\u00e0 t\u1ef1 \u0111\u1ed9ng ho\u00e1 n\u00f3i chung.","publisher":{"@id":"https:\/\/tienhungtech.com.vn\/#organization"},"alternateName":"Ti\u1ebfn H\u01b0ng \u0111\u01b0\u1ee3c th\u00e0nh l\u1eadp v\u00e0o n\u0103m 2016, l\u00e0 t\u1ed5 ch\u1ee9c t\u1eadp h\u1ee3p nh\u1eefng k\u1ef9 s\u01b0 \u0111i\u1ec7n - t\u1ef1 \u0111\u1ed9ng ho\u00e1 \u01b0u t\u00fa v\u1edbi kh\u00e1t khao \u0111\u01b0\u1ee3c mang \u0111\u1ebfn cho qu\u00fd kh\u00e1ch h\u00e0ng, doanh nghi\u1ec7p tr\u00ean ph\u1ea1m vi c\u1ea3 n\u01b0\u1edbc Vi\u1ec7t Nam nh\u1eefng gi\u1ea3i ph\u00e1p \u0111i\u1ec7n - t\u1ef1 \u0111\u1ed9ng ho\u00e1 ti\u00ean ti\u1ebfn nh\u1ea5t.","potentialAction":[{"@type":"SearchAction","target":{"@type":"EntryPoint","urlTemplate":"https:\/\/tienhungtech.com.vn\/?s={search_term_string}"},"query-input":"required name=search_term_string"}],"inLanguage":"zh-Hans"},{"@type":"Organization","@id":"https:\/\/tienhungtech.com.vn\/#organization","name":"TIEN HUNG TECH","alternateName":"Ti\u1ebfn H\u01b0ng \u0111\u01b0\u1ee3c th\u00e0nh l\u1eadp v\u00e0o n\u0103m 2016, l\u00e0 t\u1ed5 ch\u1ee9c t\u1eadp h\u1ee3p nh\u1eefng k\u1ef9 s\u01b0 \u0111i\u1ec7n - t\u1ef1 \u0111\u1ed9ng ho\u00e1 \u01b0u t\u00fa v\u1edbi kh\u00e1t khao \u0111\u01b0\u1ee3c mang \u0111\u1ebfn cho qu\u00fd kh\u00e1ch h\u00e0ng, doanh nghi\u1ec7p tr\u00ean ph\u1ea1m vi c\u1ea3 n\u01b0\u1edbc Vi\u1ec7t Nam nh\u1eefng gi\u1ea3i ph\u00e1p \u0111i\u1ec7n - t\u1ef1 \u0111\u1ed9ng ho\u00e1 ti\u00ean ti\u1ebfn nh\u1ea5t.","url":"https:\/\/tienhungtech.com.vn\/","logo":{"@type":"ImageObject","inLanguage":"zh-Hans","@id":"https:\/\/tienhungtech.com.vn\/#\/schema\/logo\/image\/","url":"https:\/\/tienhungtech.com.vn\/wp-content\/uploads\/2025\/07\/Logo-Tien-Hung-R-01.png","contentUrl":"https:\/\/tienhungtech.com.vn\/wp-content\/uploads\/2025\/07\/Logo-Tien-Hung-R-01.png","width":1886,"height":575,"caption":"TIEN HUNG TECH"},"image":{"@id":"https:\/\/tienhungtech.com.vn\/#\/schema\/logo\/image\/"}}]}},"_links":{"self":[{"href":"https:\/\/tienhungtech.com.vn\/zh-hans\/wp-json\/wp\/v2\/product\/12885","targetHints":{"allow":["GET"]}}],"collection":[{"href":"https:\/\/tienhungtech.com.vn\/zh-hans\/wp-json\/wp\/v2\/product"}],"about":[{"href":"https:\/\/tienhungtech.com.vn\/zh-hans\/wp-json\/wp\/v2\/types\/product"}],"replies":[{"embeddable":true,"href":"https:\/\/tienhungtech.com.vn\/zh-hans\/wp-json\/wp\/v2\/comments?post=12885"}],"wp:featuredmedia":[{"embeddable":true,"href":"https:\/\/tienhungtech.com.vn\/zh-hans\/wp-json\/wp\/v2\/media\/10292"}],"wp:attachment":[{"href":"https:\/\/tienhungtech.com.vn\/zh-hans\/wp-json\/wp\/v2\/media?parent=12885"}],"wp:term":[{"taxonomy":"product_cat","embeddable":true,"href":"https:\/\/tienhungtech.com.vn\/zh-hans\/wp-json\/wp\/v2\/product_cat?post=12885"},{"taxonomy":"product_tag","embeddable":true,"href":"https:\/\/tienhungtech.com.vn\/zh-hans\/wp-json\/wp\/v2\/product_tag?post=12885"},{"taxonomy":"brand_product","embeddable":true,"href":"https:\/\/tienhungtech.com.vn\/zh-hans\/wp-json\/wp\/v2\/brand_product?post=12885"},{"taxonomy":"group_product","embeddable":true,"href":"https:\/\/tienhungtech.com.vn\/zh-hans\/wp-json\/wp\/v2\/group_product?post=12885"},{"taxonomy":"origin_product","embeddable":true,"href":"https:\/\/tienhungtech.com.vn\/zh-hans\/wp-json\/wp\/v2\/origin_product?post=12885"}],"curies":[{"name":"wp","href":"https:\/\/api.w.org\/{rel}","templated":true}]}}