{"id":12832,"date":"2023-04-05T11:23:34","date_gmt":"2023-04-05T04:23:34","guid":{"rendered":"https:\/\/tienhungtech.com.vn\/san-pham\/1286550000-ie-sw-bl05t-4tx-1sc-bo-chia-mang-4-cong-rj45-va-1-cong-multi-mode-weidmuller\/"},"modified":"2023-08-02T09:42:57","modified_gmt":"2023-08-02T02:42:57","slug":"1286550000-ie-sw-bl05t-4tx-1sc-bo-chia-mang-4-cong-rj45-va-1-cong-multi-mode-weidmuller","status":"publish","type":"product","link":"https:\/\/tienhungtech.com.vn\/zh-hans\/san-pham\/1286550000-ie-sw-bl05t-4tx-1sc-bo-chia-mang-4-cong-rj45-va-1-cong-multi-mode-weidmuller\/","title":{"rendered":"1286550000 &#8211; IE-SW-BL05T-4TX-1SC B\u1ed8 CHIA M\u1ea0NG 4 C\u1ed4NG RJ45 V\u00c0 1 C\u1ed4NG MULTI-MODE &#8211; WEIDMULLER"},"content":{"rendered":"<p>&#8211; M\u00e3 s\u1ea3n ph\u1ea9m ( order code): <strong>1286550000<\/strong><br \/>\n&#8211; M\u00e3 s\u1ea3n ph\u1ea9m ( type): <strong>IE-SW-BL05T-4TX-1SC<br \/>\n<\/strong>&#8211; B\u1ed9 chuy\u1ec3n \u0111\u1ed5i m\u1ea1ng, kh\u00f4ng \u0111\u01b0\u1ee3c qu\u1ea3n l\u00fd, Fast Ethernet, S\u1ed1 l\u01b0\u1ee3ng c\u1ed5ng: 4 x RJ45, 1 * SC \u0110a ch\u1ebf \u0111\u1ed9.<br \/>\n&#8211; Nhi\u1ec7t \u0111\u1ed9 ho\u1ea1t \u0111\u1ed9ng -40 \u00b0C&#8230;75 \u00b0C<br \/>\n&#8211; Lo\u1ea1i k\u1ebft n\u1ed1i 1 h\u1ed9p \u0111\u1ea5u d\u00e2y 4 ch\u00e2n c\u00f3 th\u1ec3 th\u00e1o r\u1eddi<br \/>\n&#8211; M\u1ee9c ti\u00eau th\u1ee5 d\u00f2ng \u0111i\u1ec7n: 0,11 A \u1edf 24 V<br \/>\n&#8211; B\u1ea3o v\u1ec7 d\u00f2ng \u0111i\u1ec7n qu\u00e1 t\u1ea3i: 1.1 A<br \/>\n&#8211; B\u1ea3o v\u1ec7 ph\u00e2n c\u1ef1c ng\u01b0\u1ee3c: C\u00f3 s\u1eb5n<br \/>\n&#8211; Ngu\u1ed3n \u0111i\u1ec7n \u00e1p 12\/24\/48 V DC, 2 \u0111\u1ea7u v\u00e0o d\u1ef1 ph\u00f2ng<br \/>\n&#8211; Ph\u1ea1m vi cung c\u1ea5p \u0111i\u1ec7n \u00e1p: Lo\u1ea1i \u0111i\u1ec7n \u00e1p DC \u0110i\u1ec7n \u00e1p, t\u1ed1i thi\u1ec3u. 9,6 V \u0110i\u1ec7n \u00e1p, t\u1ed1i \u0111a. 60 V<br \/>\n&#8211; Ch\u1ea5t li\u1ec7u ch\u00ednh: Nh\u00f4m<br \/>\n&#8211; C\u1ea5p \u0111\u1ed9 b\u1ea3o v\u1ec7: IP30<br \/>\n&#8211; T\u1ed1c \u0111\u1ed9: Fast Ethernet<br \/>\n&#8211; Chuy\u1ec3n \u0111\u1ed5i kh\u00f4ng \u0111\u01b0\u1ee3c qu\u1ea3n l\u00fd<br \/>\n&#8211; Ki\u1ec3u l\u1eafp \u0111\u1eb7t Thanh ray DIN, B\u1ea3ng \u0111i\u1ec1u khi\u1ec3n (v\u1edbi b\u1ed9 d\u1ee5ng c\u1ee5 l\u1eafp \u0111\u1eb7t t\u00f9y ch\u1ecdn)<\/p>\n<p>Tham kh\u1ea3o catalog chi ti\u1ebft theo \u0111\u01b0\u1eddng link sau ( tr\u00edch ngu\u1ed3n https:\/\/www.weidmueller.com):<br \/>\n<a href=\"https:\/\/catalog.weidmueller.com\/catalog\/Start.do?ObjectID=1286550000&amp;_ga=2.188438056.1659565358.1680664336-1033840766.1669865223&amp;_gl=1*2u7ds3*_ga*MTAzMzg0MDc2Ni4xNjY5ODY1MjIz*_ga_RQ78GF08L5*MTY4MDY2NDMzNi42OS4xLjE2ODA2NjgzOTguMC4wLjA.\" target=\"_blank\" rel=\"noopener\">1286550000 &#8211; IE-SW-BL05T-4TX-1SC<\/a><\/p>\n<p>&nbsp;<\/p>\n","protected":false},"excerpt":{"rendered":"<p>B\u1ed8 CHIA M\u1ea0NG 4 C\u1ed4NG RJ45 V\u00c0 1 C\u1ed4NG MULTI-MODE<\/p>\n","protected":false},"featured_media":9585,"comment_status":"open","ping_status":"closed","template":"","meta":{"inline_featured_image":false},"product_cat":[1997],"product_tag":[1998,1718,922,1719,923,924,926,1720,930,931,1721,936,937,953,1722,1723,957,959,962,963,964,967,972,973,975,977,1724,1725,978,983,1726,984,986,987],"brand_product":[988],"group_product":[1377],"origin_product":[991],"class_list":["post-12832","product","type-product","status-publish","has-post-thumbnail","hentry","product_cat-ethernet-switch-weidmuller-zh-hans","product_tag-1286550000-ie-sw-bl05t-4tx-1sc-bo-chia-mang-4-cong-rj45-va-1-cong-multi-mode-weidmuller-zh-hans","product_tag-cable-entry-systems-zh-hans","product_tag-connectivity-zh-hans","product_tag-contactless-connectivity-zh-hans","product_tag-dai-ly-weidmuller-zh-hans","product_tag-dai-ly-weidmuller-mien-bac-zh-hans","product_tag-dai-ly-weidmuller-mien-trung-zh-hans","product_tag-dai-ly-weidmuller-thanh-pho-ho-chi-minh-dai-ly-weidmuller-mien-nam-zh-hans","product_tag-distribution-boxes-zh-hans","product_tag-electronics-housing-lightning-zh-hans","product_tag-enclosure-systems-and-components-zh-hans","product_tag-i-o-systems-zh-hans","product_tag-industrial-ethernet-zh-hans","product_tag-marshalling-cable-solutions-electronics-zh-hans","product_tag-measuring-and-monitoring-systems-zh-hans","product_tag-patchcords-and-cables-plc-dcs-system-cabling-migration-solutions-service-interfaces-zh-hans","product_tag-pcb-plug-in-connectors-and-pcb-plug-in-terminals-zh-hans","product_tag-plug-in-connectors-zh-hans","product_tag-power-supplies-zh-hans","product_tag-power-supply-weidmuller-zh-hans","product_tag-pv-combiner-box-zh-hans","product_tag-relay-modules-zh-hans","product_tag-solid-state-relays-analog-signal-processing-zh-hans","product_tag-surge-protection-zh-hans","product_tag-terminal-blocks-zh-hans","product_tag-tien-hung-tech-zh-hans","product_tag-touch-panels-engineering-zh-hans","product_tag-visualization-tools-zh-hans","product_tag-weidmuller-zh-hans","product_tag-weidmuller-pte-ltd-zh-hans","product_tag-weidmuller-relay-zh-hans","product_tag-weidmuller-terminal-block-zh-hans","product_tag-weidmuller-tools-zh-hans","product_tag-weidmuller-viet-nam-zh-hans","brand_product-weidmuller-zh-hans","filter_product-5-cong-zh-hans","filter_product-switch-mang-zh-hans","group_product-1377","origin_product-duc-zh-hans"],"acf":[],"yoast_head":"<!-- This site is optimized with the Yoast SEO plugin v19.10 - https:\/\/yoast.com\/wordpress\/plugins\/seo\/ -->\n<title>1286550000 - IE-SW-BL05T-4TX-1SC B\u1ed8 CHIA M\u1ea0NG 4 C\u1ed4NG RJ45 V\u00c0 1 C\u1ed4NG MULTI-MODE - WEIDMULLER - C\u00d4NG TY C\u1ed4 PH\u1ea6N T\u1ef0 \u0110\u1ed8NG TI\u1ebeN H\u01afNG<\/title>\n<meta name=\"robots\" content=\"index, follow, max-snippet:-1, max-image-preview:large, max-video-preview:-1\" \/>\n<link rel=\"canonical\" href=\"https:\/\/tienhungtech.com.vn\/zh-hans\/san-pham\/1286550000-ie-sw-bl05t-4tx-1sc-bo-chia-mang-4-cong-rj45-va-1-cong-multi-mode-weidmuller\/\" \/>\n<meta property=\"og:locale\" content=\"zh_CN\" \/>\n<meta property=\"og:type\" content=\"article\" \/>\n<meta property=\"og:title\" content=\"1286550000 - IE-SW-BL05T-4TX-1SC B\u1ed8 CHIA M\u1ea0NG 4 C\u1ed4NG RJ45 V\u00c0 1 C\u1ed4NG MULTI-MODE - WEIDMULLER - C\u00d4NG TY C\u1ed4 PH\u1ea6N T\u1ef0 \u0110\u1ed8NG TI\u1ebeN H\u01afNG\" \/>\n<meta property=\"og:description\" content=\"B\u1ed8 CHIA M\u1ea0NG 4 C\u1ed4NG RJ45 V\u00c0 1 C\u1ed4NG MULTI-MODE\" \/>\n<meta property=\"og:url\" content=\"https:\/\/tienhungtech.com.vn\/zh-hans\/san-pham\/1286550000-ie-sw-bl05t-4tx-1sc-bo-chia-mang-4-cong-rj45-va-1-cong-multi-mode-weidmuller\/\" \/>\n<meta property=\"og:site_name\" content=\"C\u00d4NG TY C\u1ed4 PH\u1ea6N T\u1ef0 \u0110\u1ed8NG TI\u1ebeN H\u01afNG\" \/>\n<meta property=\"article:modified_time\" content=\"2023-08-02T02:42:57+00:00\" \/>\n<meta property=\"og:image\" content=\"https:\/\/tienhungtech.com.vn\/wp-content\/uploads\/2023\/04\/1286550000-1.jpg\" \/>\n\t<meta property=\"og:image:width\" content=\"2048\" \/>\n\t<meta property=\"og:image:height\" content=\"2048\" \/>\n\t<meta property=\"og:image:type\" content=\"image\/jpeg\" \/>\n<meta name=\"twitter:card\" content=\"summary_large_image\" \/>\n<meta name=\"twitter:label1\" content=\"\u9884\u8ba1\u9605\u8bfb\u65f6\u95f4\" \/>\n\t<meta name=\"twitter:data1\" content=\"1 \u5206\" \/>\n<script type=\"application\/ld+json\" class=\"yoast-schema-graph\">{\"@context\":\"https:\/\/schema.org\",\"@graph\":[{\"@type\":\"WebPage\",\"@id\":\"https:\/\/tienhungtech.com.vn\/zh-hans\/san-pham\/1286550000-ie-sw-bl05t-4tx-1sc-bo-chia-mang-4-cong-rj45-va-1-cong-multi-mode-weidmuller\/\",\"url\":\"https:\/\/tienhungtech.com.vn\/zh-hans\/san-pham\/1286550000-ie-sw-bl05t-4tx-1sc-bo-chia-mang-4-cong-rj45-va-1-cong-multi-mode-weidmuller\/\",\"name\":\"1286550000 - IE-SW-BL05T-4TX-1SC B\u1ed8 CHIA M\u1ea0NG 4 C\u1ed4NG RJ45 V\u00c0 1 C\u1ed4NG MULTI-MODE - WEIDMULLER - C\u00d4NG TY C\u1ed4 PH\u1ea6N T\u1ef0 \u0110\u1ed8NG TI\u1ebeN H\u01afNG\",\"isPartOf\":{\"@id\":\"https:\/\/tienhungtech.com.vn\/#website\"},\"datePublished\":\"2023-04-05T04:23:34+00:00\",\"dateModified\":\"2023-08-02T02:42:57+00:00\",\"breadcrumb\":{\"@id\":\"https:\/\/tienhungtech.com.vn\/zh-hans\/san-pham\/1286550000-ie-sw-bl05t-4tx-1sc-bo-chia-mang-4-cong-rj45-va-1-cong-multi-mode-weidmuller\/#breadcrumb\"},\"inLanguage\":\"zh-Hans\",\"potentialAction\":[{\"@type\":\"ReadAction\",\"target\":[\"https:\/\/tienhungtech.com.vn\/zh-hans\/san-pham\/1286550000-ie-sw-bl05t-4tx-1sc-bo-chia-mang-4-cong-rj45-va-1-cong-multi-mode-weidmuller\/\"]}]},{\"@type\":\"BreadcrumbList\",\"@id\":\"https:\/\/tienhungtech.com.vn\/zh-hans\/san-pham\/1286550000-ie-sw-bl05t-4tx-1sc-bo-chia-mang-4-cong-rj45-va-1-cong-multi-mode-weidmuller\/#breadcrumb\",\"itemListElement\":[{\"@type\":\"ListItem\",\"position\":1,\"name\":\"Trang ch\u1ee7\",\"item\":\"https:\/\/tienhungtech.com.vn\/zh-hans\/\"},{\"@type\":\"ListItem\",\"position\":2,\"name\":\"\u4ea7\u54c1\",\"item\":\"https:\/\/tienhungtech.com.vn\/zh-hans\/%e4%ba%a7%e5%93%81\/\"},{\"@type\":\"ListItem\",\"position\":3,\"name\":\"1286550000 &#8211; IE-SW-BL05T-4TX-1SC B\u1ed8 CHIA M\u1ea0NG 4 C\u1ed4NG RJ45 V\u00c0 1 C\u1ed4NG MULTI-MODE &#8211; WEIDMULLER\"}]},{\"@type\":\"WebSite\",\"@id\":\"https:\/\/tienhungtech.com.vn\/#website\",\"url\":\"https:\/\/tienhungtech.com.vn\/\",\"name\":\"TIEN HUNG TECH\",\"description\":\"Ti\u1ebfn H\u01b0ng l\u00e0 m\u1ed9t trong nh\u1eefng \u0111\u01a1n v\u1ecb h\u00e0ng \u0111\u1ea7u cung c\u1ea5p c\u00e1c thi\u1ebft b\u1ecb, d\u1ecbch v\u1ee5 v\u00e0 gi\u1ea3i ph\u00e1p li\u00ean quan \u0111\u1ebfn ng\u00e0nh t\u1ee7 b\u1ea3ng \u0111i\u1ec7n n\u00f3i ri\u00eang v\u00e0 t\u1ef1 \u0111\u1ed9ng ho\u00e1 n\u00f3i chung.\",\"publisher\":{\"@id\":\"https:\/\/tienhungtech.com.vn\/#organization\"},\"alternateName\":\"Ti\u1ebfn H\u01b0ng \u0111\u01b0\u1ee3c th\u00e0nh l\u1eadp v\u00e0o n\u0103m 2016, l\u00e0 t\u1ed5 ch\u1ee9c t\u1eadp h\u1ee3p nh\u1eefng k\u1ef9 s\u01b0 \u0111i\u1ec7n - t\u1ef1 \u0111\u1ed9ng ho\u00e1 \u01b0u t\u00fa v\u1edbi kh\u00e1t khao \u0111\u01b0\u1ee3c mang \u0111\u1ebfn cho qu\u00fd kh\u00e1ch h\u00e0ng, doanh nghi\u1ec7p tr\u00ean ph\u1ea1m vi c\u1ea3 n\u01b0\u1edbc Vi\u1ec7t Nam nh\u1eefng gi\u1ea3i ph\u00e1p \u0111i\u1ec7n - t\u1ef1 \u0111\u1ed9ng ho\u00e1 ti\u00ean ti\u1ebfn nh\u1ea5t.\",\"potentialAction\":[{\"@type\":\"SearchAction\",\"target\":{\"@type\":\"EntryPoint\",\"urlTemplate\":\"https:\/\/tienhungtech.com.vn\/?s={search_term_string}\"},\"query-input\":\"required name=search_term_string\"}],\"inLanguage\":\"zh-Hans\"},{\"@type\":\"Organization\",\"@id\":\"https:\/\/tienhungtech.com.vn\/#organization\",\"name\":\"TIEN HUNG TECH\",\"alternateName\":\"Ti\u1ebfn H\u01b0ng \u0111\u01b0\u1ee3c th\u00e0nh l\u1eadp v\u00e0o n\u0103m 2016, l\u00e0 t\u1ed5 ch\u1ee9c t\u1eadp h\u1ee3p nh\u1eefng k\u1ef9 s\u01b0 \u0111i\u1ec7n - t\u1ef1 \u0111\u1ed9ng ho\u00e1 \u01b0u t\u00fa v\u1edbi kh\u00e1t khao \u0111\u01b0\u1ee3c mang \u0111\u1ebfn cho qu\u00fd kh\u00e1ch h\u00e0ng, doanh nghi\u1ec7p tr\u00ean ph\u1ea1m vi c\u1ea3 n\u01b0\u1edbc Vi\u1ec7t Nam nh\u1eefng gi\u1ea3i ph\u00e1p \u0111i\u1ec7n - t\u1ef1 \u0111\u1ed9ng ho\u00e1 ti\u00ean ti\u1ebfn nh\u1ea5t.\",\"url\":\"https:\/\/tienhungtech.com.vn\/\",\"logo\":{\"@type\":\"ImageObject\",\"inLanguage\":\"zh-Hans\",\"@id\":\"https:\/\/tienhungtech.com.vn\/#\/schema\/logo\/image\/\",\"url\":\"https:\/\/tienhungtech.com.vn\/wp-content\/uploads\/2025\/07\/Logo-Tien-Hung-R-01.png\",\"contentUrl\":\"https:\/\/tienhungtech.com.vn\/wp-content\/uploads\/2025\/07\/Logo-Tien-Hung-R-01.png\",\"width\":1886,\"height\":575,\"caption\":\"TIEN HUNG TECH\"},\"image\":{\"@id\":\"https:\/\/tienhungtech.com.vn\/#\/schema\/logo\/image\/\"}}]}<\/script>\n<!-- \/ Yoast SEO plugin. -->","yoast_head_json":{"title":"1286550000 - IE-SW-BL05T-4TX-1SC B\u1ed8 CHIA M\u1ea0NG 4 C\u1ed4NG RJ45 V\u00c0 1 C\u1ed4NG MULTI-MODE - WEIDMULLER - C\u00d4NG TY C\u1ed4 PH\u1ea6N T\u1ef0 \u0110\u1ed8NG TI\u1ebeN H\u01afNG","robots":{"index":"index","follow":"follow","max-snippet":"max-snippet:-1","max-image-preview":"max-image-preview:large","max-video-preview":"max-video-preview:-1"},"canonical":"https:\/\/tienhungtech.com.vn\/zh-hans\/san-pham\/1286550000-ie-sw-bl05t-4tx-1sc-bo-chia-mang-4-cong-rj45-va-1-cong-multi-mode-weidmuller\/","og_locale":"zh_CN","og_type":"article","og_title":"1286550000 - IE-SW-BL05T-4TX-1SC B\u1ed8 CHIA M\u1ea0NG 4 C\u1ed4NG RJ45 V\u00c0 1 C\u1ed4NG MULTI-MODE - WEIDMULLER - C\u00d4NG TY C\u1ed4 PH\u1ea6N T\u1ef0 \u0110\u1ed8NG TI\u1ebeN H\u01afNG","og_description":"B\u1ed8 CHIA M\u1ea0NG 4 C\u1ed4NG RJ45 V\u00c0 1 C\u1ed4NG MULTI-MODE","og_url":"https:\/\/tienhungtech.com.vn\/zh-hans\/san-pham\/1286550000-ie-sw-bl05t-4tx-1sc-bo-chia-mang-4-cong-rj45-va-1-cong-multi-mode-weidmuller\/","og_site_name":"C\u00d4NG TY C\u1ed4 PH\u1ea6N T\u1ef0 \u0110\u1ed8NG TI\u1ebeN H\u01afNG","article_modified_time":"2023-08-02T02:42:57+00:00","og_image":[{"width":2048,"height":2048,"url":"https:\/\/tienhungtech.com.vn\/wp-content\/uploads\/2023\/04\/1286550000-1.jpg","type":"image\/jpeg"}],"twitter_card":"summary_large_image","twitter_misc":{"\u9884\u8ba1\u9605\u8bfb\u65f6\u95f4":"1 \u5206"},"schema":{"@context":"https:\/\/schema.org","@graph":[{"@type":"WebPage","@id":"https:\/\/tienhungtech.com.vn\/zh-hans\/san-pham\/1286550000-ie-sw-bl05t-4tx-1sc-bo-chia-mang-4-cong-rj45-va-1-cong-multi-mode-weidmuller\/","url":"https:\/\/tienhungtech.com.vn\/zh-hans\/san-pham\/1286550000-ie-sw-bl05t-4tx-1sc-bo-chia-mang-4-cong-rj45-va-1-cong-multi-mode-weidmuller\/","name":"1286550000 - IE-SW-BL05T-4TX-1SC B\u1ed8 CHIA M\u1ea0NG 4 C\u1ed4NG RJ45 V\u00c0 1 C\u1ed4NG MULTI-MODE - WEIDMULLER - C\u00d4NG TY C\u1ed4 PH\u1ea6N T\u1ef0 \u0110\u1ed8NG TI\u1ebeN H\u01afNG","isPartOf":{"@id":"https:\/\/tienhungtech.com.vn\/#website"},"datePublished":"2023-04-05T04:23:34+00:00","dateModified":"2023-08-02T02:42:57+00:00","breadcrumb":{"@id":"https:\/\/tienhungtech.com.vn\/zh-hans\/san-pham\/1286550000-ie-sw-bl05t-4tx-1sc-bo-chia-mang-4-cong-rj45-va-1-cong-multi-mode-weidmuller\/#breadcrumb"},"inLanguage":"zh-Hans","potentialAction":[{"@type":"ReadAction","target":["https:\/\/tienhungtech.com.vn\/zh-hans\/san-pham\/1286550000-ie-sw-bl05t-4tx-1sc-bo-chia-mang-4-cong-rj45-va-1-cong-multi-mode-weidmuller\/"]}]},{"@type":"BreadcrumbList","@id":"https:\/\/tienhungtech.com.vn\/zh-hans\/san-pham\/1286550000-ie-sw-bl05t-4tx-1sc-bo-chia-mang-4-cong-rj45-va-1-cong-multi-mode-weidmuller\/#breadcrumb","itemListElement":[{"@type":"ListItem","position":1,"name":"Trang ch\u1ee7","item":"https:\/\/tienhungtech.com.vn\/zh-hans\/"},{"@type":"ListItem","position":2,"name":"\u4ea7\u54c1","item":"https:\/\/tienhungtech.com.vn\/zh-hans\/%e4%ba%a7%e5%93%81\/"},{"@type":"ListItem","position":3,"name":"1286550000 &#8211; IE-SW-BL05T-4TX-1SC B\u1ed8 CHIA M\u1ea0NG 4 C\u1ed4NG RJ45 V\u00c0 1 C\u1ed4NG MULTI-MODE &#8211; WEIDMULLER"}]},{"@type":"WebSite","@id":"https:\/\/tienhungtech.com.vn\/#website","url":"https:\/\/tienhungtech.com.vn\/","name":"TIEN HUNG TECH","description":"Ti\u1ebfn H\u01b0ng l\u00e0 m\u1ed9t trong nh\u1eefng \u0111\u01a1n v\u1ecb h\u00e0ng \u0111\u1ea7u cung c\u1ea5p c\u00e1c thi\u1ebft b\u1ecb, d\u1ecbch v\u1ee5 v\u00e0 gi\u1ea3i ph\u00e1p li\u00ean quan \u0111\u1ebfn ng\u00e0nh t\u1ee7 b\u1ea3ng \u0111i\u1ec7n n\u00f3i ri\u00eang v\u00e0 t\u1ef1 \u0111\u1ed9ng ho\u00e1 n\u00f3i chung.","publisher":{"@id":"https:\/\/tienhungtech.com.vn\/#organization"},"alternateName":"Ti\u1ebfn H\u01b0ng \u0111\u01b0\u1ee3c th\u00e0nh l\u1eadp v\u00e0o n\u0103m 2016, l\u00e0 t\u1ed5 ch\u1ee9c t\u1eadp h\u1ee3p nh\u1eefng k\u1ef9 s\u01b0 \u0111i\u1ec7n - t\u1ef1 \u0111\u1ed9ng ho\u00e1 \u01b0u t\u00fa v\u1edbi kh\u00e1t khao \u0111\u01b0\u1ee3c mang \u0111\u1ebfn cho qu\u00fd kh\u00e1ch h\u00e0ng, doanh nghi\u1ec7p tr\u00ean ph\u1ea1m vi c\u1ea3 n\u01b0\u1edbc Vi\u1ec7t Nam nh\u1eefng gi\u1ea3i ph\u00e1p \u0111i\u1ec7n - t\u1ef1 \u0111\u1ed9ng ho\u00e1 ti\u00ean ti\u1ebfn nh\u1ea5t.","potentialAction":[{"@type":"SearchAction","target":{"@type":"EntryPoint","urlTemplate":"https:\/\/tienhungtech.com.vn\/?s={search_term_string}"},"query-input":"required name=search_term_string"}],"inLanguage":"zh-Hans"},{"@type":"Organization","@id":"https:\/\/tienhungtech.com.vn\/#organization","name":"TIEN HUNG TECH","alternateName":"Ti\u1ebfn H\u01b0ng \u0111\u01b0\u1ee3c th\u00e0nh l\u1eadp v\u00e0o n\u0103m 2016, l\u00e0 t\u1ed5 ch\u1ee9c t\u1eadp h\u1ee3p nh\u1eefng k\u1ef9 s\u01b0 \u0111i\u1ec7n - t\u1ef1 \u0111\u1ed9ng ho\u00e1 \u01b0u t\u00fa v\u1edbi kh\u00e1t khao \u0111\u01b0\u1ee3c mang \u0111\u1ebfn cho qu\u00fd kh\u00e1ch h\u00e0ng, doanh nghi\u1ec7p tr\u00ean ph\u1ea1m vi c\u1ea3 n\u01b0\u1edbc Vi\u1ec7t Nam nh\u1eefng gi\u1ea3i ph\u00e1p \u0111i\u1ec7n - t\u1ef1 \u0111\u1ed9ng ho\u00e1 ti\u00ean ti\u1ebfn nh\u1ea5t.","url":"https:\/\/tienhungtech.com.vn\/","logo":{"@type":"ImageObject","inLanguage":"zh-Hans","@id":"https:\/\/tienhungtech.com.vn\/#\/schema\/logo\/image\/","url":"https:\/\/tienhungtech.com.vn\/wp-content\/uploads\/2025\/07\/Logo-Tien-Hung-R-01.png","contentUrl":"https:\/\/tienhungtech.com.vn\/wp-content\/uploads\/2025\/07\/Logo-Tien-Hung-R-01.png","width":1886,"height":575,"caption":"TIEN HUNG TECH"},"image":{"@id":"https:\/\/tienhungtech.com.vn\/#\/schema\/logo\/image\/"}}]}},"_links":{"self":[{"href":"https:\/\/tienhungtech.com.vn\/zh-hans\/wp-json\/wp\/v2\/product\/12832","targetHints":{"allow":["GET"]}}],"collection":[{"href":"https:\/\/tienhungtech.com.vn\/zh-hans\/wp-json\/wp\/v2\/product"}],"about":[{"href":"https:\/\/tienhungtech.com.vn\/zh-hans\/wp-json\/wp\/v2\/types\/product"}],"replies":[{"embeddable":true,"href":"https:\/\/tienhungtech.com.vn\/zh-hans\/wp-json\/wp\/v2\/comments?post=12832"}],"wp:featuredmedia":[{"embeddable":true,"href":"https:\/\/tienhungtech.com.vn\/zh-hans\/wp-json\/wp\/v2\/media\/9585"}],"wp:attachment":[{"href":"https:\/\/tienhungtech.com.vn\/zh-hans\/wp-json\/wp\/v2\/media?parent=12832"}],"wp:term":[{"taxonomy":"product_cat","embeddable":true,"href":"https:\/\/tienhungtech.com.vn\/zh-hans\/wp-json\/wp\/v2\/product_cat?post=12832"},{"taxonomy":"product_tag","embeddable":true,"href":"https:\/\/tienhungtech.com.vn\/zh-hans\/wp-json\/wp\/v2\/product_tag?post=12832"},{"taxonomy":"brand_product","embeddable":true,"href":"https:\/\/tienhungtech.com.vn\/zh-hans\/wp-json\/wp\/v2\/brand_product?post=12832"},{"taxonomy":"group_product","embeddable":true,"href":"https:\/\/tienhungtech.com.vn\/zh-hans\/wp-json\/wp\/v2\/group_product?post=12832"},{"taxonomy":"origin_product","embeddable":true,"href":"https:\/\/tienhungtech.com.vn\/zh-hans\/wp-json\/wp\/v2\/origin_product?post=12832"}],"curies":[{"name":"wp","href":"https:\/\/api.w.org\/{rel}","templated":true}]}}