{"id":12713,"date":"2023-04-24T15:25:27","date_gmt":"2023-04-24T08:25:27","guid":{"rendered":"https:\/\/tienhungtech.com.vn\/san-pham\/2724920000-ca-t2t1-5m-7-4-1p-r-bbg-day-cap-sac-ac-smart-weidmuller-tienhungtech\/"},"modified":"2023-05-16T11:34:33","modified_gmt":"2023-05-16T04:34:33","slug":"2724920000-ca-t2t1-5m-7-4-1p-r-bbg-day-cap-sac-ac-smart-weidmuller-tienhungtech","status":"publish","type":"product","link":"https:\/\/tienhungtech.com.vn\/zh-hans\/san-pham\/2724920000-ca-t2t1-5m-7-4-1p-r-bbg-day-cap-sac-ac-smart-weidmuller-tienhungtech\/","title":{"rendered":"2724920000 &#8211; CA-T2T1-5M-7.4\/1P-R-BBG &#8211; \u4ea4\u6d41\u667a\u80fd\u5145\u7535\u7ebf &#8211; \u9b4f\u5fb7\u7c73\u52d2 &#8211; \u5929\u9e3f\u79d1\u6280"},"content":{"rendered":"<p>\u6388\u6743\u7ecf\u9500\u5546\u9b4f\u5fb7\u7c73\u52d2\u8d8a\u5357\u3002 2724920000 &#8211; CA-T2T1-5M-7.4\/1P-R-BBG &#8211; \u4ea4\u6d41\u667a\u80fd\u5145\u7535\u7ebf &#8211; \u9b4f\u5fb7\u7c73\u52d2 &#8211; \u5929\u9e3f\u79d1\u6280<\/p>\n<p>\u8be6\u7ec6\u76ee\u5f55\u8bf7\u53c2\u8003\u4ee5\u4e0b\u94fe\u63a5\uff08\u6765\u6e90 https:\/\/www.weidmueller.com\uff09\uff1a<\/p>\n<p><a href=\"https:\/\/catalog.weidmueller.com\/catalog\/Start.do?ObjectID=2724920000&amp;_ga=2.78254160.595391989.1682324108-1940251715.1681705541&amp;_gl=1*1qagakz*_ga*MTk0MDI1MTcxNS4xNjgxNzA1NTQx*_ga_RQ78GF08L5*MTY4MjMyNDEwNy4xMy4xLjE2ODIzMjQxMjguMC4wLjA.\">https:\/\/catalog.weidmueller.com<\/a><\/p>\n","protected":false},"excerpt":{"rendered":"<p>\u4ea4\u6d41\u667a\u80fd\u5145\u7535\u7ebf<\/p>\n","protected":false},"featured_media":10610,"comment_status":"open","ping_status":"closed","template":"","meta":{"inline_featured_image":false},"product_cat":[1801,1795],"product_tag":[914,915,916,917,918,919,920,921,922,923,924,926,1720,928,929,930,931,932,933,934,935,936,937,938,939,940,941,942,943,944,945,946,947,948,949,950,951,952,953,956,957,958,959,960,961,962,963,964,965,966,967,969,971,972,973,975,976,977,978,979,980,981,982,983,984,985,986,987,970,974],"brand_product":[988],"group_product":[1379],"origin_product":[991],"class_list":["post-12713","product","type-product","status-publish","has-post-thumbnail","hentry","product_cat-thiet-bi-khac-zh-hans","product_cat-ac-smart-weidmuller-zh-hans","product_tag-bao-ve-dong-co-zh-hans","product_tag-bo-nguon-ups-zh-hans","product_tag-cable-zh-hans","product_tag-cap-cam-bien-zh-hans","product_tag-cat-loc-set-zh-hans","product_tag-cau-dau-day-zh-hans","product_tag-chong-set-zh-hans","product_tag-chuyen-doi-tin-hieu-zh-hans","product_tag-connectivity-zh-hans","product_tag-dai-ly-weidmuller-zh-hans","product_tag-dai-ly-weidmuller-mien-bac-zh-hans","product_tag-dai-ly-weidmuller-mien-trung-zh-hans","product_tag-dai-ly-weidmuller-thanh-pho-ho-chi-minh-dai-ly-weidmuller-mien-nam-zh-hans","product_tag-dau-noi-zh-hans","product_tag-dieu-khien-thiet-bi-giam-sat-zh-hans","product_tag-distribution-boxes-zh-hans","product_tag-electronics-housing-lightning-zh-hans","product_tag-enclosure-zh-hans","product_tag-ethernet-switch-zh-hans","product_tag-heavy-connectors-zh-hans","product_tag-hmi-bo-khoi-dong-zh-hans","product_tag-i-o-systems-zh-hans","product_tag-industrial-ethernet-zh-hans","product_tag-khu-cong-nghe-cao-quan-9-zh-hans","product_tag-khu-cong-nghiep-bac-dong-phu-zh-hans","product_tag-khu-cong-nghiep-becamex-binh-phuoc-zh-hans","product_tag-khu-cong-nghiep-binh-xuyen-zh-hans","product_tag-khu-cong-nghiep-dong-xoai-zh-hans","product_tag-khu-cong-nghiep-ledana-zh-hans","product_tag-khu-cong-nghiep-minh-hung-han-quoc-zh-hans","product_tag-khu-cong-nghiep-my-phuoc-zh-hans","product_tag-khu-cong-nghiep-nam-son-hap-linh-zh-hans","product_tag-khu-cong-nghiep-phu-nghia-zh-hans","product_tag-khu-cong-nghiep-tan-khai-zh-hans","product_tag-khu-cong-nghiep-tan-phu-trung-zh-hans","product_tag-khu-cong-nghiep-tan-tao-zh-hans","product_tag-khu-cong-nghiep-viet-nam-zh-hans","product_tag-khu-cong-nghiep-vsip-zh-hans","product_tag-marshalling-cable-solutions-electronics-zh-hans","product_tag-module-mo-rong-zh-hans","product_tag-pcb-plug-in-connectors-and-pcb-plug-in-terminals-zh-hans","product_tag-plc-relay-zh-hans","product_tag-plug-in-connectors-zh-hans","product_tag-power-display-zh-hans","product_tag-power-measurement-zh-hans","product_tag-power-supplies-zh-hans","product_tag-power-supply-weidmuller-zh-hans","product_tag-pv-combiner-box-zh-hans","product_tag-relay-zh-hans","product_tag-relay-kieng-zh-hans","product_tag-relay-modules-zh-hans","product_tag-remote-io-zh-hans","product_tag-sensor-cables-zh-hans","product_tag-solid-state-relays-analog-signal-processing-zh-hans","product_tag-surge-protection-zh-hans","product_tag-terminal-blocks-zh-hans","product_tag-thiet-bi-do-luong-zh-hans","product_tag-tien-hung-tech-zh-hans","product_tag-weidmuller-zh-hans","product_tag-weidmuller-germany-zh-hans","product_tag-weidmuller-mien-bac-zh-hans","product_tag-weidmuller-mien-nam-zh-hans","product_tag-weidmuller-mien-trung-zh-hans","product_tag-weidmuller-pte-ltd-zh-hans","product_tag-weidmuller-terminal-block-zh-hans","product_tag-weidmuller-thanh-pho-ho-chi-minh-zh-hans","product_tag-weidmuller-tools-zh-hans","product_tag-weidmuller-viet-nam-zh-hans","product_tag-ro-le-an-toan-zh-hans","product_tag-switch-mang-zh-hans","brand_product-weidmuller-zh-hans","filter_product-hop-sac-ac-smart-zh-hans","filter_product-day-cap-sac-ac-smart-zh-hans","group_product-1379","origin_product-duc-zh-hans"],"acf":[],"yoast_head":"<!-- This site is optimized with the Yoast SEO plugin v19.10 - https:\/\/yoast.com\/wordpress\/plugins\/seo\/ -->\n<title>2724920000 - CA-T2T1-5M-7.4\/1P-R-BBG - \u4ea4\u6d41\u667a\u80fd\u5145\u7535\u7ebf - \u9b4f\u5fb7\u7c73\u52d2 - \u5929\u9e3f\u79d1\u6280 - C\u00d4NG TY C\u1ed4 PH\u1ea6N T\u1ef0 \u0110\u1ed8NG TI\u1ebeN H\u01afNG<\/title>\n<meta name=\"robots\" content=\"index, follow, max-snippet:-1, max-image-preview:large, max-video-preview:-1\" \/>\n<link rel=\"canonical\" href=\"https:\/\/tienhungtech.com.vn\/zh-hans\/san-pham\/2724920000-ca-t2t1-5m-7-4-1p-r-bbg-day-cap-sac-ac-smart-weidmuller-tienhungtech\/\" \/>\n<meta property=\"og:locale\" content=\"zh_CN\" \/>\n<meta property=\"og:type\" content=\"article\" \/>\n<meta property=\"og:title\" content=\"2724920000 - CA-T2T1-5M-7.4\/1P-R-BBG - \u4ea4\u6d41\u667a\u80fd\u5145\u7535\u7ebf - \u9b4f\u5fb7\u7c73\u52d2 - \u5929\u9e3f\u79d1\u6280 - C\u00d4NG TY C\u1ed4 PH\u1ea6N T\u1ef0 \u0110\u1ed8NG TI\u1ebeN H\u01afNG\" \/>\n<meta property=\"og:description\" content=\"\u4ea4\u6d41\u667a\u80fd\u5145\u7535\u7ebf\" \/>\n<meta property=\"og:url\" content=\"https:\/\/tienhungtech.com.vn\/zh-hans\/san-pham\/2724920000-ca-t2t1-5m-7-4-1p-r-bbg-day-cap-sac-ac-smart-weidmuller-tienhungtech\/\" \/>\n<meta property=\"og:site_name\" content=\"C\u00d4NG TY C\u1ed4 PH\u1ea6N T\u1ef0 \u0110\u1ed8NG TI\u1ebeN H\u01afNG\" \/>\n<meta property=\"article:modified_time\" content=\"2023-05-16T04:34:33+00:00\" \/>\n<meta property=\"og:image\" content=\"https:\/\/tienhungtech.com.vn\/wp-content\/uploads\/2023\/04\/AC-charging-cable.jpg\" \/>\n\t<meta property=\"og:image:width\" content=\"2048\" \/>\n\t<meta property=\"og:image:height\" content=\"2048\" \/>\n\t<meta property=\"og:image:type\" content=\"image\/jpeg\" \/>\n<meta name=\"twitter:card\" content=\"summary_large_image\" \/>\n<meta name=\"twitter:label1\" content=\"\u9884\u8ba1\u9605\u8bfb\u65f6\u95f4\" \/>\n\t<meta name=\"twitter:data1\" content=\"1 \u5206\" \/>\n<script type=\"application\/ld+json\" class=\"yoast-schema-graph\">{\"@context\":\"https:\/\/schema.org\",\"@graph\":[{\"@type\":\"WebPage\",\"@id\":\"https:\/\/tienhungtech.com.vn\/zh-hans\/san-pham\/2724920000-ca-t2t1-5m-7-4-1p-r-bbg-day-cap-sac-ac-smart-weidmuller-tienhungtech\/\",\"url\":\"https:\/\/tienhungtech.com.vn\/zh-hans\/san-pham\/2724920000-ca-t2t1-5m-7-4-1p-r-bbg-day-cap-sac-ac-smart-weidmuller-tienhungtech\/\",\"name\":\"2724920000 - CA-T2T1-5M-7.4\/1P-R-BBG - \u4ea4\u6d41\u667a\u80fd\u5145\u7535\u7ebf - \u9b4f\u5fb7\u7c73\u52d2 - \u5929\u9e3f\u79d1\u6280 - C\u00d4NG TY C\u1ed4 PH\u1ea6N T\u1ef0 \u0110\u1ed8NG TI\u1ebeN H\u01afNG\",\"isPartOf\":{\"@id\":\"https:\/\/tienhungtech.com.vn\/#website\"},\"datePublished\":\"2023-04-24T08:25:27+00:00\",\"dateModified\":\"2023-05-16T04:34:33+00:00\",\"breadcrumb\":{\"@id\":\"https:\/\/tienhungtech.com.vn\/zh-hans\/san-pham\/2724920000-ca-t2t1-5m-7-4-1p-r-bbg-day-cap-sac-ac-smart-weidmuller-tienhungtech\/#breadcrumb\"},\"inLanguage\":\"zh-Hans\",\"potentialAction\":[{\"@type\":\"ReadAction\",\"target\":[\"https:\/\/tienhungtech.com.vn\/zh-hans\/san-pham\/2724920000-ca-t2t1-5m-7-4-1p-r-bbg-day-cap-sac-ac-smart-weidmuller-tienhungtech\/\"]}]},{\"@type\":\"BreadcrumbList\",\"@id\":\"https:\/\/tienhungtech.com.vn\/zh-hans\/san-pham\/2724920000-ca-t2t1-5m-7-4-1p-r-bbg-day-cap-sac-ac-smart-weidmuller-tienhungtech\/#breadcrumb\",\"itemListElement\":[{\"@type\":\"ListItem\",\"position\":1,\"name\":\"Trang ch\u1ee7\",\"item\":\"https:\/\/tienhungtech.com.vn\/zh-hans\/\"},{\"@type\":\"ListItem\",\"position\":2,\"name\":\"\u4ea7\u54c1\",\"item\":\"https:\/\/tienhungtech.com.vn\/zh-hans\/%e4%ba%a7%e5%93%81\/\"},{\"@type\":\"ListItem\",\"position\":3,\"name\":\"2724920000 &#8211; CA-T2T1-5M-7.4\/1P-R-BBG &#8211; \u4ea4\u6d41\u667a\u80fd\u5145\u7535\u7ebf &#8211; \u9b4f\u5fb7\u7c73\u52d2 &#8211; \u5929\u9e3f\u79d1\u6280\"}]},{\"@type\":\"WebSite\",\"@id\":\"https:\/\/tienhungtech.com.vn\/#website\",\"url\":\"https:\/\/tienhungtech.com.vn\/\",\"name\":\"TIEN HUNG TECH\",\"description\":\"Ti\u1ebfn H\u01b0ng l\u00e0 m\u1ed9t trong nh\u1eefng \u0111\u01a1n v\u1ecb h\u00e0ng \u0111\u1ea7u cung c\u1ea5p c\u00e1c thi\u1ebft b\u1ecb, d\u1ecbch v\u1ee5 v\u00e0 gi\u1ea3i ph\u00e1p li\u00ean quan \u0111\u1ebfn ng\u00e0nh t\u1ee7 b\u1ea3ng \u0111i\u1ec7n n\u00f3i ri\u00eang v\u00e0 t\u1ef1 \u0111\u1ed9ng ho\u00e1 n\u00f3i chung.\",\"publisher\":{\"@id\":\"https:\/\/tienhungtech.com.vn\/#organization\"},\"alternateName\":\"Ti\u1ebfn H\u01b0ng \u0111\u01b0\u1ee3c th\u00e0nh l\u1eadp v\u00e0o n\u0103m 2016, l\u00e0 t\u1ed5 ch\u1ee9c t\u1eadp h\u1ee3p nh\u1eefng k\u1ef9 s\u01b0 \u0111i\u1ec7n - t\u1ef1 \u0111\u1ed9ng ho\u00e1 \u01b0u t\u00fa v\u1edbi kh\u00e1t khao \u0111\u01b0\u1ee3c mang \u0111\u1ebfn cho qu\u00fd kh\u00e1ch h\u00e0ng, doanh nghi\u1ec7p tr\u00ean ph\u1ea1m vi c\u1ea3 n\u01b0\u1edbc Vi\u1ec7t Nam nh\u1eefng gi\u1ea3i ph\u00e1p \u0111i\u1ec7n - t\u1ef1 \u0111\u1ed9ng ho\u00e1 ti\u00ean ti\u1ebfn nh\u1ea5t.\",\"potentialAction\":[{\"@type\":\"SearchAction\",\"target\":{\"@type\":\"EntryPoint\",\"urlTemplate\":\"https:\/\/tienhungtech.com.vn\/?s={search_term_string}\"},\"query-input\":\"required name=search_term_string\"}],\"inLanguage\":\"zh-Hans\"},{\"@type\":\"Organization\",\"@id\":\"https:\/\/tienhungtech.com.vn\/#organization\",\"name\":\"TIEN HUNG TECH\",\"alternateName\":\"Ti\u1ebfn H\u01b0ng \u0111\u01b0\u1ee3c th\u00e0nh l\u1eadp v\u00e0o n\u0103m 2016, l\u00e0 t\u1ed5 ch\u1ee9c t\u1eadp h\u1ee3p nh\u1eefng k\u1ef9 s\u01b0 \u0111i\u1ec7n - t\u1ef1 \u0111\u1ed9ng ho\u00e1 \u01b0u t\u00fa v\u1edbi kh\u00e1t khao \u0111\u01b0\u1ee3c mang \u0111\u1ebfn cho qu\u00fd kh\u00e1ch h\u00e0ng, doanh nghi\u1ec7p tr\u00ean ph\u1ea1m vi c\u1ea3 n\u01b0\u1edbc Vi\u1ec7t Nam nh\u1eefng gi\u1ea3i ph\u00e1p \u0111i\u1ec7n - t\u1ef1 \u0111\u1ed9ng ho\u00e1 ti\u00ean ti\u1ebfn nh\u1ea5t.\",\"url\":\"https:\/\/tienhungtech.com.vn\/\",\"logo\":{\"@type\":\"ImageObject\",\"inLanguage\":\"zh-Hans\",\"@id\":\"https:\/\/tienhungtech.com.vn\/#\/schema\/logo\/image\/\",\"url\":\"https:\/\/tienhungtech.com.vn\/wp-content\/uploads\/2025\/07\/Logo-Tien-Hung-R-01.png\",\"contentUrl\":\"https:\/\/tienhungtech.com.vn\/wp-content\/uploads\/2025\/07\/Logo-Tien-Hung-R-01.png\",\"width\":1886,\"height\":575,\"caption\":\"TIEN HUNG TECH\"},\"image\":{\"@id\":\"https:\/\/tienhungtech.com.vn\/#\/schema\/logo\/image\/\"}}]}<\/script>\n<!-- \/ Yoast SEO plugin. -->","yoast_head_json":{"title":"2724920000 - CA-T2T1-5M-7.4\/1P-R-BBG - \u4ea4\u6d41\u667a\u80fd\u5145\u7535\u7ebf - \u9b4f\u5fb7\u7c73\u52d2 - \u5929\u9e3f\u79d1\u6280 - C\u00d4NG TY C\u1ed4 PH\u1ea6N T\u1ef0 \u0110\u1ed8NG TI\u1ebeN H\u01afNG","robots":{"index":"index","follow":"follow","max-snippet":"max-snippet:-1","max-image-preview":"max-image-preview:large","max-video-preview":"max-video-preview:-1"},"canonical":"https:\/\/tienhungtech.com.vn\/zh-hans\/san-pham\/2724920000-ca-t2t1-5m-7-4-1p-r-bbg-day-cap-sac-ac-smart-weidmuller-tienhungtech\/","og_locale":"zh_CN","og_type":"article","og_title":"2724920000 - CA-T2T1-5M-7.4\/1P-R-BBG - \u4ea4\u6d41\u667a\u80fd\u5145\u7535\u7ebf - \u9b4f\u5fb7\u7c73\u52d2 - \u5929\u9e3f\u79d1\u6280 - C\u00d4NG TY C\u1ed4 PH\u1ea6N T\u1ef0 \u0110\u1ed8NG TI\u1ebeN H\u01afNG","og_description":"\u4ea4\u6d41\u667a\u80fd\u5145\u7535\u7ebf","og_url":"https:\/\/tienhungtech.com.vn\/zh-hans\/san-pham\/2724920000-ca-t2t1-5m-7-4-1p-r-bbg-day-cap-sac-ac-smart-weidmuller-tienhungtech\/","og_site_name":"C\u00d4NG TY C\u1ed4 PH\u1ea6N T\u1ef0 \u0110\u1ed8NG TI\u1ebeN H\u01afNG","article_modified_time":"2023-05-16T04:34:33+00:00","og_image":[{"width":2048,"height":2048,"url":"https:\/\/tienhungtech.com.vn\/wp-content\/uploads\/2023\/04\/AC-charging-cable.jpg","type":"image\/jpeg"}],"twitter_card":"summary_large_image","twitter_misc":{"\u9884\u8ba1\u9605\u8bfb\u65f6\u95f4":"1 \u5206"},"schema":{"@context":"https:\/\/schema.org","@graph":[{"@type":"WebPage","@id":"https:\/\/tienhungtech.com.vn\/zh-hans\/san-pham\/2724920000-ca-t2t1-5m-7-4-1p-r-bbg-day-cap-sac-ac-smart-weidmuller-tienhungtech\/","url":"https:\/\/tienhungtech.com.vn\/zh-hans\/san-pham\/2724920000-ca-t2t1-5m-7-4-1p-r-bbg-day-cap-sac-ac-smart-weidmuller-tienhungtech\/","name":"2724920000 - CA-T2T1-5M-7.4\/1P-R-BBG - \u4ea4\u6d41\u667a\u80fd\u5145\u7535\u7ebf - \u9b4f\u5fb7\u7c73\u52d2 - \u5929\u9e3f\u79d1\u6280 - C\u00d4NG TY C\u1ed4 PH\u1ea6N T\u1ef0 \u0110\u1ed8NG TI\u1ebeN H\u01afNG","isPartOf":{"@id":"https:\/\/tienhungtech.com.vn\/#website"},"datePublished":"2023-04-24T08:25:27+00:00","dateModified":"2023-05-16T04:34:33+00:00","breadcrumb":{"@id":"https:\/\/tienhungtech.com.vn\/zh-hans\/san-pham\/2724920000-ca-t2t1-5m-7-4-1p-r-bbg-day-cap-sac-ac-smart-weidmuller-tienhungtech\/#breadcrumb"},"inLanguage":"zh-Hans","potentialAction":[{"@type":"ReadAction","target":["https:\/\/tienhungtech.com.vn\/zh-hans\/san-pham\/2724920000-ca-t2t1-5m-7-4-1p-r-bbg-day-cap-sac-ac-smart-weidmuller-tienhungtech\/"]}]},{"@type":"BreadcrumbList","@id":"https:\/\/tienhungtech.com.vn\/zh-hans\/san-pham\/2724920000-ca-t2t1-5m-7-4-1p-r-bbg-day-cap-sac-ac-smart-weidmuller-tienhungtech\/#breadcrumb","itemListElement":[{"@type":"ListItem","position":1,"name":"Trang ch\u1ee7","item":"https:\/\/tienhungtech.com.vn\/zh-hans\/"},{"@type":"ListItem","position":2,"name":"\u4ea7\u54c1","item":"https:\/\/tienhungtech.com.vn\/zh-hans\/%e4%ba%a7%e5%93%81\/"},{"@type":"ListItem","position":3,"name":"2724920000 &#8211; CA-T2T1-5M-7.4\/1P-R-BBG &#8211; \u4ea4\u6d41\u667a\u80fd\u5145\u7535\u7ebf &#8211; \u9b4f\u5fb7\u7c73\u52d2 &#8211; \u5929\u9e3f\u79d1\u6280"}]},{"@type":"WebSite","@id":"https:\/\/tienhungtech.com.vn\/#website","url":"https:\/\/tienhungtech.com.vn\/","name":"TIEN HUNG TECH","description":"Ti\u1ebfn H\u01b0ng l\u00e0 m\u1ed9t trong nh\u1eefng \u0111\u01a1n v\u1ecb h\u00e0ng \u0111\u1ea7u cung c\u1ea5p c\u00e1c thi\u1ebft b\u1ecb, d\u1ecbch v\u1ee5 v\u00e0 gi\u1ea3i ph\u00e1p li\u00ean quan \u0111\u1ebfn ng\u00e0nh t\u1ee7 b\u1ea3ng \u0111i\u1ec7n n\u00f3i ri\u00eang v\u00e0 t\u1ef1 \u0111\u1ed9ng ho\u00e1 n\u00f3i chung.","publisher":{"@id":"https:\/\/tienhungtech.com.vn\/#organization"},"alternateName":"Ti\u1ebfn H\u01b0ng \u0111\u01b0\u1ee3c th\u00e0nh l\u1eadp v\u00e0o n\u0103m 2016, l\u00e0 t\u1ed5 ch\u1ee9c t\u1eadp h\u1ee3p nh\u1eefng k\u1ef9 s\u01b0 \u0111i\u1ec7n - t\u1ef1 \u0111\u1ed9ng ho\u00e1 \u01b0u t\u00fa v\u1edbi kh\u00e1t khao \u0111\u01b0\u1ee3c mang \u0111\u1ebfn cho qu\u00fd kh\u00e1ch h\u00e0ng, doanh nghi\u1ec7p tr\u00ean ph\u1ea1m vi c\u1ea3 n\u01b0\u1edbc Vi\u1ec7t Nam nh\u1eefng gi\u1ea3i ph\u00e1p \u0111i\u1ec7n - t\u1ef1 \u0111\u1ed9ng ho\u00e1 ti\u00ean ti\u1ebfn nh\u1ea5t.","potentialAction":[{"@type":"SearchAction","target":{"@type":"EntryPoint","urlTemplate":"https:\/\/tienhungtech.com.vn\/?s={search_term_string}"},"query-input":"required name=search_term_string"}],"inLanguage":"zh-Hans"},{"@type":"Organization","@id":"https:\/\/tienhungtech.com.vn\/#organization","name":"TIEN HUNG TECH","alternateName":"Ti\u1ebfn H\u01b0ng \u0111\u01b0\u1ee3c th\u00e0nh l\u1eadp v\u00e0o n\u0103m 2016, l\u00e0 t\u1ed5 ch\u1ee9c t\u1eadp h\u1ee3p nh\u1eefng k\u1ef9 s\u01b0 \u0111i\u1ec7n - t\u1ef1 \u0111\u1ed9ng ho\u00e1 \u01b0u t\u00fa v\u1edbi kh\u00e1t khao \u0111\u01b0\u1ee3c mang \u0111\u1ebfn cho qu\u00fd kh\u00e1ch h\u00e0ng, doanh nghi\u1ec7p tr\u00ean ph\u1ea1m vi c\u1ea3 n\u01b0\u1edbc Vi\u1ec7t Nam nh\u1eefng gi\u1ea3i ph\u00e1p \u0111i\u1ec7n - t\u1ef1 \u0111\u1ed9ng ho\u00e1 ti\u00ean ti\u1ebfn nh\u1ea5t.","url":"https:\/\/tienhungtech.com.vn\/","logo":{"@type":"ImageObject","inLanguage":"zh-Hans","@id":"https:\/\/tienhungtech.com.vn\/#\/schema\/logo\/image\/","url":"https:\/\/tienhungtech.com.vn\/wp-content\/uploads\/2025\/07\/Logo-Tien-Hung-R-01.png","contentUrl":"https:\/\/tienhungtech.com.vn\/wp-content\/uploads\/2025\/07\/Logo-Tien-Hung-R-01.png","width":1886,"height":575,"caption":"TIEN HUNG TECH"},"image":{"@id":"https:\/\/tienhungtech.com.vn\/#\/schema\/logo\/image\/"}}]}},"_links":{"self":[{"href":"https:\/\/tienhungtech.com.vn\/zh-hans\/wp-json\/wp\/v2\/product\/12713","targetHints":{"allow":["GET"]}}],"collection":[{"href":"https:\/\/tienhungtech.com.vn\/zh-hans\/wp-json\/wp\/v2\/product"}],"about":[{"href":"https:\/\/tienhungtech.com.vn\/zh-hans\/wp-json\/wp\/v2\/types\/product"}],"replies":[{"embeddable":true,"href":"https:\/\/tienhungtech.com.vn\/zh-hans\/wp-json\/wp\/v2\/comments?post=12713"}],"wp:featuredmedia":[{"embeddable":true,"href":"https:\/\/tienhungtech.com.vn\/zh-hans\/wp-json\/wp\/v2\/media\/10610"}],"wp:attachment":[{"href":"https:\/\/tienhungtech.com.vn\/zh-hans\/wp-json\/wp\/v2\/media?parent=12713"}],"wp:term":[{"taxonomy":"product_cat","embeddable":true,"href":"https:\/\/tienhungtech.com.vn\/zh-hans\/wp-json\/wp\/v2\/product_cat?post=12713"},{"taxonomy":"product_tag","embeddable":true,"href":"https:\/\/tienhungtech.com.vn\/zh-hans\/wp-json\/wp\/v2\/product_tag?post=12713"},{"taxonomy":"brand_product","embeddable":true,"href":"https:\/\/tienhungtech.com.vn\/zh-hans\/wp-json\/wp\/v2\/brand_product?post=12713"},{"taxonomy":"group_product","embeddable":true,"href":"https:\/\/tienhungtech.com.vn\/zh-hans\/wp-json\/wp\/v2\/group_product?post=12713"},{"taxonomy":"origin_product","embeddable":true,"href":"https:\/\/tienhungtech.com.vn\/zh-hans\/wp-json\/wp\/v2\/origin_product?post=12713"}],"curies":[{"name":"wp","href":"https:\/\/api.w.org\/{rel}","templated":true}]}}