{"id":12575,"date":"2023-05-09T12:03:10","date_gmt":"2023-05-09T05:03:10","guid":{"rendered":"https:\/\/tienhungtech.com.vn\/san-pham\/0012641-olflex-eb-cy-3x075-cap-dieu-khien-olflex-eb-cy-3x0-75-jj-lapp-tienhungtech\/"},"modified":"2023-05-13T16:37:02","modified_gmt":"2023-05-13T09:37:02","slug":"0012641-olflex-eb-cy-3x075-cap-dieu-khien-olflex-eb-cy-3x0-75-jj-lapp-tienhungtech","status":"publish","type":"product","link":"https:\/\/tienhungtech.com.vn\/zh-hans\/san-pham\/0012641-olflex-eb-cy-3x075-cap-dieu-khien-olflex-eb-cy-3x0-75-jj-lapp-tienhungtech\/","title":{"rendered":"0012641 &#8211; LFLEX EB CY 3X0.75 \u63a7\u5236\u7535\u7f06 LFLEX EB CY 3X0.75 \u2013 JJ-LAPP \u2013 TIENHUNGTECH"},"content":{"rendered":"<p>&#8211; \u4ea7\u54c1\u4ee3\u7801\uff08\u8ba2\u8d2d\u4ee3\u7801\uff09\uff1a<strong>0012641<\/strong><br \/>\n&#8211; \u4ea7\u54c1\u4ee3\u7801\uff08\u7c7b\u578b\uff09\uff1a<strong>LFLEX EB CY 3X0.75<\/strong><br \/>\n&#8211; \u7528\u4e8e\u5b89\u5168\u7535\u8def\u7684\u5c4f\u853d\u63a7\u5236\u7535\u7f06<br \/>\n&#8211; PVC \u63a7\u5236\u7535\u7f06\uff0c\u67d4\u6027\u3001\u5c4f\u853d\u548c\u7f16\u53f7<br \/>\n&#8211; \u84dd\u8272\u5916\u58f3\uff0c\u65e0\u4fdd\u62a4\u5bfc\u4f53<br \/>\n&#8211; \u82af\u6570\u548c\u82af\u5f84\uff1a3X0.75 mm\u00b2<br \/>\n&#8211; \u7535\u7f06\u5916\u5f84\uff1a6.5mm<br \/>\n&#8211; \u7f16\u7ec7\u94dc\u7ebf\uff0c\u5851\u6599\u7b94\u5305\u88f9\u7ebf\uff0c\u53cc\u7ede\u7ebf\u82af<br \/>\n&#8211; PVC \u5916\u58f3\uff0c\u84dd\u8272\uff0c\u7c7b\u4f3c\u4e8e RAL 5015<br \/>\n&#8211; \u9002\u7528\u4e8e\u5bf9 EMC \u654f\u611f\u7684\u73af\u5883<br \/>\n&#8211; \u5e38\u89c4\u5f2f\u66f2\u6e29\u5ea6\u8303\u56f4\uff1a-5\u00b0C \u81f3 +70\u00b0C<br \/>\n&#8211; \u56fa\u5b9a\u5b89\u88c5\u6e29\u5ea6\u8303\u56f4\uff1a-40\u00b0C \u81f3 +80\u00b0C<br \/>\n&#8211; \u5377\u957f\uff1a50 \u7c73<\/p>\n<p>\u8bf7\u5728\u4ee5\u4e0b\u94fe\u63a5\u67e5\u770b\u8be6\u7ec6\u7684\u6280\u672f\u6587\u6863\uff1a<\/p>\n<p><a href=\"https:\/\/eshop.jj-lapp.com\/jjlappsingapore\/en\/Main\/Power-%26-Control\/Power-and-control-cable\/Intrinsic-Safety-Applications\/%C3%96LFLEX-EB-CY-3X0%2C75\/p\/97885\" target=\"_blank\" rel=\"noopener\">0012641 &#8211; \u00d6LFLEX EB CY 3X0,75 <\/a><\/p>\n","protected":false},"excerpt":{"rendered":"<p>\u63a7\u5236\u7535\u7f06 LFLEX<\/p>\n","protected":false},"featured_media":12019,"comment_status":"open","ping_status":"closed","template":"","meta":{"inline_featured_image":false},"product_cat":[1122],"product_tag":[2623,1646,1126,1127,1128,1129,1130,1131,1132,1133,1134,1135,1136,1137,1138,1139,1140,1141,1142,1143,1144,1145,1146,1147,1148,1149,1150,1151,1152,1153,1154,1155,1156,1157,1158,1125],"brand_product":[1159],"group_product":[1161],"origin_product":[1162],"class_list":["post-12575","product","type-product","status-publish","has-post-thumbnail","hentry","product_cat-olflex-day-cap-power-control-cables-jj-lapp-zh-hans","product_tag-0012641-olflex-eb-cy-3x0-zh-hans-2","product_tag-75-cap-dieu-khien-olflex-eb-cy-3x0-75-jj-lapp-tienhungtech-zh-hans","product_tag-cable-glands-zh-hans","product_tag-cac-tuyen-cap-zh-hans","product_tag-cap-dien-va-dieu-khien-zh-hans","product_tag-cong-cu-va-phu-kien-cap-zh-hans","product_tag-control-cabinet-single-cores-zh-hans","product_tag-conveyor-technology-zh-hans","product_tag-data-communication-systems-zh-hans","product_tag-data-communication-systems-for-ethernet-technology-zh-hans","product_tag-dau-noi-cong-nghiep-zh-hans","product_tag-day-cap-zh-hans","product_tag-expanded-ambient-temperatures-zh-hans","product_tag-harsh-conditions-948-zh-hans","product_tag-he-thong-danh-dau-zh-hans","product_tag-he-thong-ong-dan-cap-bao-ve-va-he-thong-mang-cap-zh-hans","product_tag-he-thong-truyen-dan-quang-zh-hans","product_tag-he-thong-truyen-du-lieu-zh-hans","product_tag-he-thong-truyen-du-lieu-cho-cong-nghe-ethernet-zh-hans","product_tag-industrial-connectors-zh-hans","product_tag-jj-lapp-zh-hans","product_tag-marking-systems-zh-hans","product_tag-olflex-zh-hans","product_tag-olflex-connect-systems-solutions-zh-hans","product_tag-optical-transmission-systems-zh-hans","product_tag-power-chain-applications-zh-hans","product_tag-protective-cable-conduit-systems-and-cable-carrier-systems-zh-hans","product_tag-pv-nang-luong-mat-troi-zh-hans","product_tag-robotics-zh-hans","product_tag-servo-applications-zh-hans","product_tag-solar-pv-zh-hans","product_tag-special-applications-zh-hans","product_tag-tienhungtech-zh-hans","product_tag-tools-and-cable-accessories-zh-hans","product_tag-various-applications-942-zh-hans","product_tag-building-installation-zh-hans","brand_product-jj-lapp-zh-hans","group_product-cap-olflex-zh-hans","origin_product-eu-g7-zh-hans"],"acf":[],"yoast_head":"<!-- This site is optimized with the Yoast SEO plugin v19.10 - https:\/\/yoast.com\/wordpress\/plugins\/seo\/ -->\n<title>0012641 - LFLEX EB CY 3X0.75 \u63a7\u5236\u7535\u7f06 LFLEX EB CY 3X0.75 \u2013 JJ-LAPP \u2013 TIENHUNGTECH - C\u00d4NG TY C\u1ed4 PH\u1ea6N T\u1ef0 \u0110\u1ed8NG TI\u1ebeN H\u01afNG<\/title>\n<meta name=\"robots\" content=\"index, follow, max-snippet:-1, max-image-preview:large, max-video-preview:-1\" \/>\n<link rel=\"canonical\" href=\"https:\/\/tienhungtech.com.vn\/zh-hans\/san-pham\/0012641-olflex-eb-cy-3x075-cap-dieu-khien-olflex-eb-cy-3x0-75-jj-lapp-tienhungtech\/\" \/>\n<meta property=\"og:locale\" content=\"zh_CN\" \/>\n<meta property=\"og:type\" content=\"article\" \/>\n<meta property=\"og:title\" content=\"0012641 - LFLEX EB CY 3X0.75 \u63a7\u5236\u7535\u7f06 LFLEX EB CY 3X0.75 \u2013 JJ-LAPP \u2013 TIENHUNGTECH - C\u00d4NG TY C\u1ed4 PH\u1ea6N T\u1ef0 \u0110\u1ed8NG TI\u1ebeN H\u01afNG\" \/>\n<meta property=\"og:description\" content=\"\u63a7\u5236\u7535\u7f06 LFLEX\" \/>\n<meta property=\"og:url\" content=\"https:\/\/tienhungtech.com.vn\/zh-hans\/san-pham\/0012641-olflex-eb-cy-3x075-cap-dieu-khien-olflex-eb-cy-3x0-75-jj-lapp-tienhungtech\/\" \/>\n<meta property=\"og:site_name\" content=\"C\u00d4NG TY C\u1ed4 PH\u1ea6N T\u1ef0 \u0110\u1ed8NG TI\u1ebeN H\u01afNG\" \/>\n<meta property=\"article:modified_time\" content=\"2023-05-13T09:37:02+00:00\" \/>\n<meta property=\"og:image\" content=\"https:\/\/tienhungtech.com.vn\/wp-content\/uploads\/2023\/05\/0012645-1.jpg\" \/>\n\t<meta property=\"og:image:width\" content=\"2048\" \/>\n\t<meta property=\"og:image:height\" content=\"2048\" \/>\n\t<meta property=\"og:image:type\" content=\"image\/jpeg\" \/>\n<meta name=\"twitter:card\" content=\"summary_large_image\" \/>\n<meta name=\"twitter:label1\" content=\"\u9884\u8ba1\u9605\u8bfb\u65f6\u95f4\" \/>\n\t<meta name=\"twitter:data1\" content=\"1 \u5206\" \/>\n<script type=\"application\/ld+json\" class=\"yoast-schema-graph\">{\"@context\":\"https:\/\/schema.org\",\"@graph\":[{\"@type\":\"WebPage\",\"@id\":\"https:\/\/tienhungtech.com.vn\/zh-hans\/san-pham\/0012641-olflex-eb-cy-3x075-cap-dieu-khien-olflex-eb-cy-3x0-75-jj-lapp-tienhungtech\/\",\"url\":\"https:\/\/tienhungtech.com.vn\/zh-hans\/san-pham\/0012641-olflex-eb-cy-3x075-cap-dieu-khien-olflex-eb-cy-3x0-75-jj-lapp-tienhungtech\/\",\"name\":\"0012641 - LFLEX EB CY 3X0.75 \u63a7\u5236\u7535\u7f06 LFLEX EB CY 3X0.75 \u2013 JJ-LAPP \u2013 TIENHUNGTECH - C\u00d4NG TY C\u1ed4 PH\u1ea6N T\u1ef0 \u0110\u1ed8NG TI\u1ebeN H\u01afNG\",\"isPartOf\":{\"@id\":\"https:\/\/tienhungtech.com.vn\/#website\"},\"datePublished\":\"2023-05-09T05:03:10+00:00\",\"dateModified\":\"2023-05-13T09:37:02+00:00\",\"breadcrumb\":{\"@id\":\"https:\/\/tienhungtech.com.vn\/zh-hans\/san-pham\/0012641-olflex-eb-cy-3x075-cap-dieu-khien-olflex-eb-cy-3x0-75-jj-lapp-tienhungtech\/#breadcrumb\"},\"inLanguage\":\"zh-Hans\",\"potentialAction\":[{\"@type\":\"ReadAction\",\"target\":[\"https:\/\/tienhungtech.com.vn\/zh-hans\/san-pham\/0012641-olflex-eb-cy-3x075-cap-dieu-khien-olflex-eb-cy-3x0-75-jj-lapp-tienhungtech\/\"]}]},{\"@type\":\"BreadcrumbList\",\"@id\":\"https:\/\/tienhungtech.com.vn\/zh-hans\/san-pham\/0012641-olflex-eb-cy-3x075-cap-dieu-khien-olflex-eb-cy-3x0-75-jj-lapp-tienhungtech\/#breadcrumb\",\"itemListElement\":[{\"@type\":\"ListItem\",\"position\":1,\"name\":\"Trang ch\u1ee7\",\"item\":\"https:\/\/tienhungtech.com.vn\/zh-hans\/\"},{\"@type\":\"ListItem\",\"position\":2,\"name\":\"\u4ea7\u54c1\",\"item\":\"https:\/\/tienhungtech.com.vn\/zh-hans\/%e4%ba%a7%e5%93%81\/\"},{\"@type\":\"ListItem\",\"position\":3,\"name\":\"0012641 &#8211; LFLEX EB CY 3X0.75 \u63a7\u5236\u7535\u7f06 LFLEX EB CY 3X0.75 \u2013 JJ-LAPP \u2013 TIENHUNGTECH\"}]},{\"@type\":\"WebSite\",\"@id\":\"https:\/\/tienhungtech.com.vn\/#website\",\"url\":\"https:\/\/tienhungtech.com.vn\/\",\"name\":\"TIEN HUNG TECH\",\"description\":\"Ti\u1ebfn H\u01b0ng l\u00e0 m\u1ed9t trong nh\u1eefng \u0111\u01a1n v\u1ecb h\u00e0ng \u0111\u1ea7u cung c\u1ea5p c\u00e1c thi\u1ebft b\u1ecb, d\u1ecbch v\u1ee5 v\u00e0 gi\u1ea3i ph\u00e1p li\u00ean quan \u0111\u1ebfn ng\u00e0nh t\u1ee7 b\u1ea3ng \u0111i\u1ec7n n\u00f3i ri\u00eang v\u00e0 t\u1ef1 \u0111\u1ed9ng ho\u00e1 n\u00f3i chung.\",\"publisher\":{\"@id\":\"https:\/\/tienhungtech.com.vn\/#organization\"},\"alternateName\":\"Ti\u1ebfn H\u01b0ng \u0111\u01b0\u1ee3c th\u00e0nh l\u1eadp v\u00e0o n\u0103m 2016, l\u00e0 t\u1ed5 ch\u1ee9c t\u1eadp h\u1ee3p nh\u1eefng k\u1ef9 s\u01b0 \u0111i\u1ec7n - t\u1ef1 \u0111\u1ed9ng ho\u00e1 \u01b0u t\u00fa v\u1edbi kh\u00e1t khao \u0111\u01b0\u1ee3c mang \u0111\u1ebfn cho qu\u00fd kh\u00e1ch h\u00e0ng, doanh nghi\u1ec7p tr\u00ean ph\u1ea1m vi c\u1ea3 n\u01b0\u1edbc Vi\u1ec7t Nam nh\u1eefng gi\u1ea3i ph\u00e1p \u0111i\u1ec7n - t\u1ef1 \u0111\u1ed9ng ho\u00e1 ti\u00ean ti\u1ebfn nh\u1ea5t.\",\"potentialAction\":[{\"@type\":\"SearchAction\",\"target\":{\"@type\":\"EntryPoint\",\"urlTemplate\":\"https:\/\/tienhungtech.com.vn\/?s={search_term_string}\"},\"query-input\":\"required name=search_term_string\"}],\"inLanguage\":\"zh-Hans\"},{\"@type\":\"Organization\",\"@id\":\"https:\/\/tienhungtech.com.vn\/#organization\",\"name\":\"TIEN HUNG TECH\",\"alternateName\":\"Ti\u1ebfn H\u01b0ng \u0111\u01b0\u1ee3c th\u00e0nh l\u1eadp v\u00e0o n\u0103m 2016, l\u00e0 t\u1ed5 ch\u1ee9c t\u1eadp h\u1ee3p nh\u1eefng k\u1ef9 s\u01b0 \u0111i\u1ec7n - t\u1ef1 \u0111\u1ed9ng ho\u00e1 \u01b0u t\u00fa v\u1edbi kh\u00e1t khao \u0111\u01b0\u1ee3c mang \u0111\u1ebfn cho qu\u00fd kh\u00e1ch h\u00e0ng, doanh nghi\u1ec7p tr\u00ean ph\u1ea1m vi c\u1ea3 n\u01b0\u1edbc Vi\u1ec7t Nam nh\u1eefng gi\u1ea3i ph\u00e1p \u0111i\u1ec7n - t\u1ef1 \u0111\u1ed9ng ho\u00e1 ti\u00ean ti\u1ebfn nh\u1ea5t.\",\"url\":\"https:\/\/tienhungtech.com.vn\/\",\"logo\":{\"@type\":\"ImageObject\",\"inLanguage\":\"zh-Hans\",\"@id\":\"https:\/\/tienhungtech.com.vn\/#\/schema\/logo\/image\/\",\"url\":\"https:\/\/tienhungtech.com.vn\/wp-content\/uploads\/2025\/07\/Logo-Tien-Hung-R-01.png\",\"contentUrl\":\"https:\/\/tienhungtech.com.vn\/wp-content\/uploads\/2025\/07\/Logo-Tien-Hung-R-01.png\",\"width\":1886,\"height\":575,\"caption\":\"TIEN HUNG TECH\"},\"image\":{\"@id\":\"https:\/\/tienhungtech.com.vn\/#\/schema\/logo\/image\/\"}}]}<\/script>\n<!-- \/ Yoast SEO plugin. -->","yoast_head_json":{"title":"0012641 - LFLEX EB CY 3X0.75 \u63a7\u5236\u7535\u7f06 LFLEX EB CY 3X0.75 \u2013 JJ-LAPP \u2013 TIENHUNGTECH - C\u00d4NG TY C\u1ed4 PH\u1ea6N T\u1ef0 \u0110\u1ed8NG TI\u1ebeN H\u01afNG","robots":{"index":"index","follow":"follow","max-snippet":"max-snippet:-1","max-image-preview":"max-image-preview:large","max-video-preview":"max-video-preview:-1"},"canonical":"https:\/\/tienhungtech.com.vn\/zh-hans\/san-pham\/0012641-olflex-eb-cy-3x075-cap-dieu-khien-olflex-eb-cy-3x0-75-jj-lapp-tienhungtech\/","og_locale":"zh_CN","og_type":"article","og_title":"0012641 - LFLEX EB CY 3X0.75 \u63a7\u5236\u7535\u7f06 LFLEX EB CY 3X0.75 \u2013 JJ-LAPP \u2013 TIENHUNGTECH - C\u00d4NG TY C\u1ed4 PH\u1ea6N T\u1ef0 \u0110\u1ed8NG TI\u1ebeN H\u01afNG","og_description":"\u63a7\u5236\u7535\u7f06 LFLEX","og_url":"https:\/\/tienhungtech.com.vn\/zh-hans\/san-pham\/0012641-olflex-eb-cy-3x075-cap-dieu-khien-olflex-eb-cy-3x0-75-jj-lapp-tienhungtech\/","og_site_name":"C\u00d4NG TY C\u1ed4 PH\u1ea6N T\u1ef0 \u0110\u1ed8NG TI\u1ebeN H\u01afNG","article_modified_time":"2023-05-13T09:37:02+00:00","og_image":[{"width":2048,"height":2048,"url":"https:\/\/tienhungtech.com.vn\/wp-content\/uploads\/2023\/05\/0012645-1.jpg","type":"image\/jpeg"}],"twitter_card":"summary_large_image","twitter_misc":{"\u9884\u8ba1\u9605\u8bfb\u65f6\u95f4":"1 \u5206"},"schema":{"@context":"https:\/\/schema.org","@graph":[{"@type":"WebPage","@id":"https:\/\/tienhungtech.com.vn\/zh-hans\/san-pham\/0012641-olflex-eb-cy-3x075-cap-dieu-khien-olflex-eb-cy-3x0-75-jj-lapp-tienhungtech\/","url":"https:\/\/tienhungtech.com.vn\/zh-hans\/san-pham\/0012641-olflex-eb-cy-3x075-cap-dieu-khien-olflex-eb-cy-3x0-75-jj-lapp-tienhungtech\/","name":"0012641 - LFLEX EB CY 3X0.75 \u63a7\u5236\u7535\u7f06 LFLEX EB CY 3X0.75 \u2013 JJ-LAPP \u2013 TIENHUNGTECH - C\u00d4NG TY C\u1ed4 PH\u1ea6N T\u1ef0 \u0110\u1ed8NG TI\u1ebeN H\u01afNG","isPartOf":{"@id":"https:\/\/tienhungtech.com.vn\/#website"},"datePublished":"2023-05-09T05:03:10+00:00","dateModified":"2023-05-13T09:37:02+00:00","breadcrumb":{"@id":"https:\/\/tienhungtech.com.vn\/zh-hans\/san-pham\/0012641-olflex-eb-cy-3x075-cap-dieu-khien-olflex-eb-cy-3x0-75-jj-lapp-tienhungtech\/#breadcrumb"},"inLanguage":"zh-Hans","potentialAction":[{"@type":"ReadAction","target":["https:\/\/tienhungtech.com.vn\/zh-hans\/san-pham\/0012641-olflex-eb-cy-3x075-cap-dieu-khien-olflex-eb-cy-3x0-75-jj-lapp-tienhungtech\/"]}]},{"@type":"BreadcrumbList","@id":"https:\/\/tienhungtech.com.vn\/zh-hans\/san-pham\/0012641-olflex-eb-cy-3x075-cap-dieu-khien-olflex-eb-cy-3x0-75-jj-lapp-tienhungtech\/#breadcrumb","itemListElement":[{"@type":"ListItem","position":1,"name":"Trang ch\u1ee7","item":"https:\/\/tienhungtech.com.vn\/zh-hans\/"},{"@type":"ListItem","position":2,"name":"\u4ea7\u54c1","item":"https:\/\/tienhungtech.com.vn\/zh-hans\/%e4%ba%a7%e5%93%81\/"},{"@type":"ListItem","position":3,"name":"0012641 &#8211; LFLEX EB CY 3X0.75 \u63a7\u5236\u7535\u7f06 LFLEX EB CY 3X0.75 \u2013 JJ-LAPP \u2013 TIENHUNGTECH"}]},{"@type":"WebSite","@id":"https:\/\/tienhungtech.com.vn\/#website","url":"https:\/\/tienhungtech.com.vn\/","name":"TIEN HUNG TECH","description":"Ti\u1ebfn H\u01b0ng l\u00e0 m\u1ed9t trong nh\u1eefng \u0111\u01a1n v\u1ecb h\u00e0ng \u0111\u1ea7u cung c\u1ea5p c\u00e1c thi\u1ebft b\u1ecb, d\u1ecbch v\u1ee5 v\u00e0 gi\u1ea3i ph\u00e1p li\u00ean quan \u0111\u1ebfn ng\u00e0nh t\u1ee7 b\u1ea3ng \u0111i\u1ec7n n\u00f3i ri\u00eang v\u00e0 t\u1ef1 \u0111\u1ed9ng ho\u00e1 n\u00f3i chung.","publisher":{"@id":"https:\/\/tienhungtech.com.vn\/#organization"},"alternateName":"Ti\u1ebfn H\u01b0ng \u0111\u01b0\u1ee3c th\u00e0nh l\u1eadp v\u00e0o n\u0103m 2016, l\u00e0 t\u1ed5 ch\u1ee9c t\u1eadp h\u1ee3p nh\u1eefng k\u1ef9 s\u01b0 \u0111i\u1ec7n - t\u1ef1 \u0111\u1ed9ng ho\u00e1 \u01b0u t\u00fa v\u1edbi kh\u00e1t khao \u0111\u01b0\u1ee3c mang \u0111\u1ebfn cho qu\u00fd kh\u00e1ch h\u00e0ng, doanh nghi\u1ec7p tr\u00ean ph\u1ea1m vi c\u1ea3 n\u01b0\u1edbc Vi\u1ec7t Nam nh\u1eefng gi\u1ea3i ph\u00e1p \u0111i\u1ec7n - t\u1ef1 \u0111\u1ed9ng ho\u00e1 ti\u00ean ti\u1ebfn nh\u1ea5t.","potentialAction":[{"@type":"SearchAction","target":{"@type":"EntryPoint","urlTemplate":"https:\/\/tienhungtech.com.vn\/?s={search_term_string}"},"query-input":"required name=search_term_string"}],"inLanguage":"zh-Hans"},{"@type":"Organization","@id":"https:\/\/tienhungtech.com.vn\/#organization","name":"TIEN HUNG TECH","alternateName":"Ti\u1ebfn H\u01b0ng \u0111\u01b0\u1ee3c th\u00e0nh l\u1eadp v\u00e0o n\u0103m 2016, l\u00e0 t\u1ed5 ch\u1ee9c t\u1eadp h\u1ee3p nh\u1eefng k\u1ef9 s\u01b0 \u0111i\u1ec7n - t\u1ef1 \u0111\u1ed9ng ho\u00e1 \u01b0u t\u00fa v\u1edbi kh\u00e1t khao \u0111\u01b0\u1ee3c mang \u0111\u1ebfn cho qu\u00fd kh\u00e1ch h\u00e0ng, doanh nghi\u1ec7p tr\u00ean ph\u1ea1m vi c\u1ea3 n\u01b0\u1edbc Vi\u1ec7t Nam nh\u1eefng gi\u1ea3i ph\u00e1p \u0111i\u1ec7n - t\u1ef1 \u0111\u1ed9ng ho\u00e1 ti\u00ean ti\u1ebfn nh\u1ea5t.","url":"https:\/\/tienhungtech.com.vn\/","logo":{"@type":"ImageObject","inLanguage":"zh-Hans","@id":"https:\/\/tienhungtech.com.vn\/#\/schema\/logo\/image\/","url":"https:\/\/tienhungtech.com.vn\/wp-content\/uploads\/2025\/07\/Logo-Tien-Hung-R-01.png","contentUrl":"https:\/\/tienhungtech.com.vn\/wp-content\/uploads\/2025\/07\/Logo-Tien-Hung-R-01.png","width":1886,"height":575,"caption":"TIEN HUNG TECH"},"image":{"@id":"https:\/\/tienhungtech.com.vn\/#\/schema\/logo\/image\/"}}]}},"_links":{"self":[{"href":"https:\/\/tienhungtech.com.vn\/zh-hans\/wp-json\/wp\/v2\/product\/12575","targetHints":{"allow":["GET"]}}],"collection":[{"href":"https:\/\/tienhungtech.com.vn\/zh-hans\/wp-json\/wp\/v2\/product"}],"about":[{"href":"https:\/\/tienhungtech.com.vn\/zh-hans\/wp-json\/wp\/v2\/types\/product"}],"replies":[{"embeddable":true,"href":"https:\/\/tienhungtech.com.vn\/zh-hans\/wp-json\/wp\/v2\/comments?post=12575"}],"wp:featuredmedia":[{"embeddable":true,"href":"https:\/\/tienhungtech.com.vn\/zh-hans\/wp-json\/wp\/v2\/media\/12019"}],"wp:attachment":[{"href":"https:\/\/tienhungtech.com.vn\/zh-hans\/wp-json\/wp\/v2\/media?parent=12575"}],"wp:term":[{"taxonomy":"product_cat","embeddable":true,"href":"https:\/\/tienhungtech.com.vn\/zh-hans\/wp-json\/wp\/v2\/product_cat?post=12575"},{"taxonomy":"product_tag","embeddable":true,"href":"https:\/\/tienhungtech.com.vn\/zh-hans\/wp-json\/wp\/v2\/product_tag?post=12575"},{"taxonomy":"brand_product","embeddable":true,"href":"https:\/\/tienhungtech.com.vn\/zh-hans\/wp-json\/wp\/v2\/brand_product?post=12575"},{"taxonomy":"group_product","embeddable":true,"href":"https:\/\/tienhungtech.com.vn\/zh-hans\/wp-json\/wp\/v2\/group_product?post=12575"},{"taxonomy":"origin_product","embeddable":true,"href":"https:\/\/tienhungtech.com.vn\/zh-hans\/wp-json\/wp\/v2\/origin_product?post=12575"}],"curies":[{"name":"wp","href":"https:\/\/api.w.org\/{rel}","templated":true}]}}