{"id":9415,"date":"2022-11-09T07:52:21","date_gmt":"2022-11-09T00:52:21","guid":{"rendered":"http:\/\/tienhungtech.com.vn\/van-chuyen-giao-hang\/"},"modified":"2023-05-19T10:46:34","modified_gmt":"2023-05-19T03:46:34","slug":"van-chuyen-giao-hang","status":"publish","type":"page","link":"https:\/\/tienhungtech.com.vn\/zh-hans\/van-chuyen-giao-hang\/","title":{"rendered":"\u9001\u8d27\u65b9\u5f0f"},"content":{"rendered":"\n<p><\/p>\n\n\n\n<p>\u5728\u6b64\uff0c\u5929\u9e3f\u81ea\u52a8\u5316\u80a1\u4efd\u6709\u9650\u516c\u53f8\u5411\u5ba2\u6237\u53d1\u9001\u8d2d\u4e70\u4ea7\u54c1\u7684\u5ba2\u6237\u8fd0\u8f93\u548c\u4ea4\u8d27\u653f\u7b56\u3002<\/p>\n\n\n\n<p><strong>\u4e00\u3001\u9002\u7528\u8303\u56f4\uff1a<\/strong><\/p>\n\n\n\n<p><strong>&#8211;\u00a0<\/strong>\u6240\u6709\u5728<a href=\"http:\/\/haophuong.com\">www.tienhungtech.com<\/a>\u7f51\u7ad9\u8d2d\u4e70\u4ea7\u54c1\u7684\u5ba2\u6237\u6216\u76f4\u63a5\u6765\u516c\u53f8\u770b\u8d27\u8d2d\u4e70\u7684\u5ba2\u6237\u90fd\u5e0c\u671b\u76f4\u63a5\u9001\u8d27\u4e0a\u95e8\u3002<\/p>\n\n\n\n<p><strong>II. \u7533\u8bf7\u8868\u548c\u9001\u8fbe\u65f6\u95f4<\/strong><\/p>\n\n\n\n<h3 class=\"wp-block-heading\"><strong>1- \u5bf9\u4e8e\u53ef\u7528\u9879\u76ee\uff1a<\/strong><\/h3>\n\n\n\n<p>a)\u5929\u9e3f\u652f\u6301\u9001\u8d27\u4e0a\u95e8\uff0c\u80e1\u5fd7\u660e\u5e02\u5185\u57ce\u533a300\u4e07\u4ee5\u4e0a\u8ba2\u5355\u514d\u8d39\u3002 \u4ea4\u8d27\u65f6\u95f4\u53d6\u51b3\u4e8e\u8ba2\u8d2d\u65f6\u95f4\uff1a<\/p>\n\n\n\n<p>&#8211; \u5982\u679c\u5728\u4e0a\u5348 9 \u70b9\u4e4b\u524d\u4e0b\u5355\uff1a\u8ba2\u5355\u5c06\u5728\u5f53\u5929\u4e0a\u5348\u9001\u8fbe\u3002<\/p>\n\n\n\n<p>&#8211; \u5982\u679c\u5728\u4e0a\u5348 9 \u70b9\u81f3\u4e0b\u5348 2 \u70b9\u4e4b\u95f4\u8ba2\u8d2d\uff1a\u8ba2\u5355\u5c06\u5728\u5f53\u5929\u4e0b\u5348\u9001\u8fbe\u3002<\/p>\n\n\n\n<p>&#8211; \u5982\u679c\u60a8\u5728\u4e0b\u5348 2 \u70b9\u4e4b\u540e\u8ba2\u8d2d\uff1a\u8ba2\u5355\u5c06\u5728\u7b2c\u4e8c\u5929\u65e9\u4e0a\u4ea4\u4ed8\u7ed9\u5ba2\u6237<\/p>\n\n\n\n<p>\uff08\u8ba2\u5355\u5904\u7406\u8fc7\u7a0b\u4e2d\u96be\u514d\u51fa\u9519\uff0c\u5ba2\u6237\u5982\u89c9\u5f97\u5ef6\u8fdf\u53d1\u8d27\u53ef\u7b2c\u4e00\u65f6\u95f4\u81f4\u7535\u6211\u4eec\uff09<\/p>\n\n\n\n<p>b) 300\u4e07\u4ee5\u4e0b\u7684\u8ba2\u5355\uff0c\u5ba2\u6237\u53ef\u4ee5\u76f4\u63a5\u4e0a\u95e8\u81ea\u63d0\uff0c\u5982\u679c\u6709\u540c\u5411\u6d3e\u9001\uff0c\u5929\u5b8f\u5c06\u652f\u6301\u6d3e\u9001\u3002 \uff08\u4ea4\u8d27\u65f6\u95f4\u53d6\u51b3\u4e8e\u5176\u4ed6\u8ba2\u5355\uff0c\u8303\u56f4\u4e3a 1 &#8211; 3 \u5929\uff09<\/p>\n\n\n\n<p>c) \u5bf9\u4e8e\u8fdc\u79bb\u80e1\u5fd7\u660e\u5e02\u7684\u7701\u4efd\u7684\u8ba2\u5355\uff0c\u8ba2\u5355\u5c06\u4f7f\u7528\u56fd\u5185\u5feb\u9012\u670d\u52a1\u5c06\u8d27\u7269\u8fd0\u9001\u7ed9\u5ba2\u6237\u3002 \u5ba2\u6237\u5c06\u627f\u62c5\u5feb\u9012\u8d39\u7528\u3002<\/p>\n\n\n\n<p>\u5929\u9e3f\u5c06\u8ba2\u8d2d\u4ee5\u4e0b\u60c5\u51b5\u4e0b\u7f3a\u8d27\u7684\u5546\u54c1\uff1a<\/p>\n\n\n\n<p>&#8211; \u5ba2\u6237\u7b7e\u7f72\u8ba2\u5355\u786e\u8ba4<\/p>\n\n\n\n<p>&#8211; \u5ba2\u6237\u6839\u636e\u8981\u8ba2\u8d2d\u7684\u5546\u54c1\u9884\u4ed8\u8ba2\u5355\u4ef7\u503c\u7684 30% &#8211; 100%<\/p>\n\n\n\n<p>\u8ba2\u8d27\u65f6\u95f4\u53d6\u51b3\u4e8e\u5de5\u5382\u548c\u8fd0\u8f93\u65b9\u5f0f\uff1a<\/p>\n\n\n\n<p><em>a) \u6d77\u8fd0\u4e0b\u5355\uff1a<\/em><\/p>\n\n\n\n<p>-\u5982\u679c\u5de5\u5382\u4ed3\u5e93\u6709\u8d27\uff1a\u8ba2\u8d2d\u65f6\u95f4\u4e3a 6-8 \u5468\u6216 8-10 \u5468\uff0c\u5177\u4f53\u53d6\u51b3\u4e8e\u5546\u54c1\u3002<\/p>\n\n\n\n<p>&#8211; \u5982\u679c\u5de5\u5382\u4ed3\u5e93\u6ca1\u6709\u8d27\u7269\uff1a\u8ba2\u8d2d\u65f6\u95f4\u4e3a 12-14 \u5468\u6216 3-4 \u4e2a\u6708\uff0c\u5177\u4f53\u53d6\u51b3\u4e8e\u5546\u54c1\u3002<\/p>\n\n\n\n<p><em>b) \u98de\u673a\u8ba2\u8d2d\uff1a<\/em><\/p>\n\n\n\n<p>&#8211; \u5982\u679c\u5de5\u5382\u4ed3\u5e93\u6709\u8d27\uff1a\u8ba2\u8d2d\u65f6\u95f4\u4e3a 3 -4 \u5468\u6216 4-6 \u5468\uff0c\u5177\u4f53\u53d6\u51b3\u4e8e\u5546\u54c1\u3002<\/p>\n\n\n\n<p>-\u5982\u679c\u5de5\u5382\u4ed3\u5e93\u65e0\u8d27\uff1a\u8ba2\u8d2d\u65f6\u95f4\u4e3a 10-12 \u5468\u6216 12 -14 \u5468\uff0c\u5177\u4f53\u53d6\u51b3\u4e8e\u5546\u54c1<\/p>\n\n\n\n<p><strong>III. \u8fd0\u8f93\u8d27\u7269\u7684\u8d23\u4efb\u3002<\/strong><\/p>\n\n\n\n<p>&#8211; \u672c\u516c\u53f8\u5c06\u8d1f\u8d23\u8d27\u7269\u4ece\u6211\u4eec\u7684\u4ed3\u5e93\u5230\u60a8\u7684\u8fd0\u8f93\u8fc7\u7a0b\u4e2d\u7684\u8d27\u7269\u4e22\u5931\u6216\u635f\u574f\u7b49\u98ce\u9669\u3002<\/p>\n\n\n\n<p>&#8211; \u60a8\u6709\u8d23\u4efb\u5728\u6536\u5230\u8d27\u7269\u540e\u8fdb\u884c\u68c0\u67e5\u3002 \u5f53\u53d1\u73b0\u635f\u574f\u3001\u5212\u4f24\u3001\u7834\u635f\u3001\u51f9\u9677\u6216\u9519\u8bef\u7684\u8d27\u7269\u65f6\uff0c\u8bf7\u4e0e\u9001\u8d27\u4eba\u5458\u7b7e\u5b57\u786e\u8ba4\u8d27\u7269\u72b6\u51b5\uff0c\u5e76\u7acb\u5373\u62e8\u6253\u6211\u4eec\u7684\u70ed\u7ebf\u7535\u8bdd\u901a\u77e5\u5ba2\u6237\u670d\u52a1\u90e8\u3002<\/p>\n\n\n\n<p>&#8211; \u60a8\u5728\u7b7e\u6536\u5546\u54c1\u540e\u672a\u5bf9\u5546\u54c1\u505a\u4efb\u4f55\u5907\u6ce8\u6216\u8bc4\u8bba\u3002 \u65e5\u540e\u5ba2\u6237\u63d0\u51fa\u7684\u7834\u635f\u3001\u5212\u4f24\u3001\u7834\u635f\u3001\u51f9\u9677\u3001\u53d1\u9519\u8d27\u2026\u2026\u7b49\u9000\u8d27\u8981\u6c42\uff0c\u672c\u516c\u53f8\u6982\u4e0d\u8d1f\u8d23\u3002<\/p>\n\n\n\n<p>&#8211; \u5982\u679c\u8fd0\u8f93\u670d\u52a1\u7531\u60a8\u6307\u5b9a\u548c\u9009\u62e9\uff0c\u60a8\u5c06\u81ea\u884c\u627f\u62c5\u8d27\u7269\u4ece\u672c\u516c\u53f8\u4ed3\u5e93\u81f3\u76ee\u7684\u5730\u7684\u8fd0\u8f93\u8fc7\u7a0b\u4e2d\u7684\u8d27\u7269\u4e22\u5931\u6216\u635f\u574f\u7b49\u98ce\u9669\u3002 \u5ba2\u6237\u5c06\u8d1f\u8d23\u8fd0\u8d39\u548c\u76f8\u5173\u635f\u5931\u3002<\/p>\n\n\n\n<p><strong>IV. \u5176\u4ed6\u6761\u4ef6<\/strong><\/p>\n\n\n\n<p>&#8211; \u514d\u8d39\u9001\u8d27\u653f\u7b56\u4e0d\u9002\u7528\u4e8e\u9ec4\u91d1\u65f6\u6bb5\u4fc3\u9500\u671f\u95f4\u8d2d\u4e70\u7684\u4ea7\u54c1\uff0c\u9707\u64bc\u4ef7\u683c\u2026\u2026<\/p>\n\n\n\n<p>&#8211; \u901a\u884c\u8d39\u548c\u9053\u8def\u8d39\u3001\u6751\u5e84\u5165\u573a\u8d39\u6216\u516c\u5bd3\u505c\u8f66\u8d39\u5747\u7531\u5ba2\u6237\u81ea\u884c\u652f\u4ed8\u3002<\/p>\n\n\n\n<p>&#8211; \u516c\u53f8\u4ec5\u5c06\u8d27\u7269\u4ea4\u4ed8\u7ed9\u5ba2\u6237\u5728\u8d2d\u4e70\u65f6\u6ce8\u518c\u7684\u6b63\u786e\u6536\u4ef6\u4eba\u3002 \u6d3e\u9001\u8fc7\u7a0b\u4e2d\uff0c\u82e5\u51fa\u73b0\u4e0d\u660e\u786e\u7684\u6536\u4ef6\u4eba\u53d8\u66f4\u60c5\u51b5\uff0c\u6211\u4eec\u6709\u6743\u62d2\u7edd\u6d3e\u9001\uff0c\u5e76\u8981\u6c42\u5ba2\u6237\u5230\u672c\u516c\u53f8\u9500\u552e\u70b9\u6536\u8d27\u3002<\/p>\n\n\n\n<p>&#8211; \u5982\u679c\u6536\u8d27\u5730\u5740\u4e0d\u660e\u786e\uff0c\u4f4d\u4e8e\u89d2\u843d\uff0c\u6216\u5730\u5904\u9669\u5730\u3001\u5c71\u533a\u3001\u4ea4\u901a\u4e0d\u4fbf\u7684\uff0c\u6211\u4eec\u6709\u6743\u62d2\u7edd\u76f4\u63a5\u53d1\u8d27\u3001\u76f4\u63a5\u6536\u8d27\u3002<\/p>\n\n\n\n<p>&#8211; \u5982\u9047\u4e0d\u53ef\u6297\u529b\uff0c\u5982\u81ea\u7136\u707e\u5bb3\u3001\u6d2a\u6c34\u3001\u6e21\u53e3\u6865\u6881\u635f\u574f\u7b49\uff0c\u5982\uff1a\u540c\u610f\u987e\u5ba2\u3002<\/p>\n\n\n\n<p>&#8211; \u5982\u8d2d\u4e70\u65f6\u6211\u4eec\u5df2\u5c06\u8d27\u54c1\u8fd0\u9001\u81f3\u7ea6\u5b9a\u7684\u9001\u8d27\u5730\u70b9\uff0c\u4f46\u5ba2\u6237\u56e0\u6545\u8981\u6c42\u9000\u8d27\uff0c\u5219\u5ba2\u6237\u987b\u6309\u672c\u516c\u53f8\u89c4\u5b9a\u627f\u62c5\u8fd0\u8d39\u3002<\/p>\n\n\n\n<p>-\u7b28\u91cd\u3001\u4f53\u79ef\u5927\u7684\u4ea7\u54c1\uff0c\u9700\u8981\u5728\u6ca1\u6709\u7535\u68af\u7684\u60c5\u51b5\u4e0b\u8fd0\u9001\u5230\u697c\u5c42\uff0c\u8bf7\u5ba2\u6237\u534f\u52a9\u9001\u8d27\u3002<\/p>\n\n\n\n<p>&#8211; \u5728\u7279\u6b8a\u65e5\u5b50\u6216\u8282\u65e5\u671f\u95f4\uff0c\u7531\u4e8e\u4e00\u822c\u4ea4\u901a\u653f\u7b56\u6709\u9650\uff08\u90e8\u5206\u8f66\u8f86\u65e0\u6cd5\u4e0a\u8def\u2026\u2026\uff09\u4ea4\u8d27\u65f6\u95f4\u53ef\u80fd\u4f1a\u53d1\u751f\u53d8\u5316\uff0c\u6211\u4eec\u5c06\u81f4\u7535\u5ba2\u6237\u786e\u8ba4\u5927\u90e8\u5206\u4ea4\u8d27\u65f6\u95f4\u3002<br><br>\u8c22\u8c22\u4f60\uff01<\/p>\n","protected":false},"excerpt":{"rendered":"<p>\u5728\u6b64\uff0c\u5929\u9e3f\u81ea\u52a8\u5316\u80a1\u4efd\u6709\u9650\u516c\u53f8\u5411\u5ba2\u6237\u53d1\u9001\u8d2d\u4e70\u4ea7\u54c1\u7684\u5ba2\u6237\u8fd0\u8f93\u548c\u4ea4\u8d27\u653f\u7b56\u3002 \u4e00\u3001\u9002\u7528\u8303\u56f4\uff1a &#8211;\u00a0\u6240\u6709\u5728w [&hellip;]<\/p>\n","protected":false},"author":1,"featured_media":0,"parent":0,"menu_order":0,"comment_status":"closed","ping_status":"closed","template":"","meta":{"inline_featured_image":false,"footnotes":""},"class_list":["post-9415","page","type-page","status-publish","hentry"],"acf":[],"yoast_head":"<!-- This site is optimized with the Yoast SEO plugin v19.10 - https:\/\/yoast.com\/wordpress\/plugins\/seo\/ -->\n<title>\u9001\u8d27\u65b9\u5f0f - C\u00d4NG TY C\u1ed4 PH\u1ea6N T\u1ef0 \u0110\u1ed8NG TI\u1ebeN H\u01afNG<\/title>\n<meta name=\"robots\" content=\"index, follow, max-snippet:-1, max-image-preview:large, max-video-preview:-1\" \/>\n<link rel=\"canonical\" href=\"https:\/\/tienhungtech.com.vn\/zh-hans\/van-chuyen-giao-hang\/\" \/>\n<meta property=\"og:locale\" content=\"zh_CN\" \/>\n<meta property=\"og:type\" content=\"article\" \/>\n<meta property=\"og:title\" content=\"\u9001\u8d27\u65b9\u5f0f - C\u00d4NG TY C\u1ed4 PH\u1ea6N T\u1ef0 \u0110\u1ed8NG TI\u1ebeN H\u01afNG\" \/>\n<meta property=\"og:description\" content=\"\u5728\u6b64\uff0c\u5929\u9e3f\u81ea\u52a8\u5316\u80a1\u4efd\u6709\u9650\u516c\u53f8\u5411\u5ba2\u6237\u53d1\u9001\u8d2d\u4e70\u4ea7\u54c1\u7684\u5ba2\u6237\u8fd0\u8f93\u548c\u4ea4\u8d27\u653f\u7b56\u3002 \u4e00\u3001\u9002\u7528\u8303\u56f4\uff1a &#8211;\u00a0\u6240\u6709\u5728w [&hellip;]\" \/>\n<meta property=\"og:url\" content=\"https:\/\/tienhungtech.com.vn\/zh-hans\/van-chuyen-giao-hang\/\" \/>\n<meta property=\"og:site_name\" content=\"C\u00d4NG TY C\u1ed4 PH\u1ea6N T\u1ef0 \u0110\u1ed8NG TI\u1ebeN H\u01afNG\" \/>\n<meta property=\"article:modified_time\" content=\"2023-05-19T03:46:34+00:00\" \/>\n<meta name=\"twitter:card\" content=\"summary_large_image\" \/>\n<meta name=\"twitter:label1\" content=\"\u9884\u8ba1\u9605\u8bfb\u65f6\u95f4\" \/>\n\t<meta name=\"twitter:data1\" content=\"1 \u5206\" \/>\n<script type=\"application\/ld+json\" class=\"yoast-schema-graph\">{\"@context\":\"https:\/\/schema.org\",\"@graph\":[{\"@type\":\"WebPage\",\"@id\":\"https:\/\/tienhungtech.com.vn\/zh-hans\/van-chuyen-giao-hang\/\",\"url\":\"https:\/\/tienhungtech.com.vn\/zh-hans\/van-chuyen-giao-hang\/\",\"name\":\"\u9001\u8d27\u65b9\u5f0f - C\u00d4NG TY C\u1ed4 PH\u1ea6N T\u1ef0 \u0110\u1ed8NG TI\u1ebeN H\u01afNG\",\"isPartOf\":{\"@id\":\"https:\/\/tienhungtech.com.vn\/#website\"},\"datePublished\":\"2022-11-09T00:52:21+00:00\",\"dateModified\":\"2023-05-19T03:46:34+00:00\",\"breadcrumb\":{\"@id\":\"https:\/\/tienhungtech.com.vn\/zh-hans\/van-chuyen-giao-hang\/#breadcrumb\"},\"inLanguage\":\"zh-Hans\",\"potentialAction\":[{\"@type\":\"ReadAction\",\"target\":[\"https:\/\/tienhungtech.com.vn\/zh-hans\/van-chuyen-giao-hang\/\"]}]},{\"@type\":\"BreadcrumbList\",\"@id\":\"https:\/\/tienhungtech.com.vn\/zh-hans\/van-chuyen-giao-hang\/#breadcrumb\",\"itemListElement\":[{\"@type\":\"ListItem\",\"position\":1,\"name\":\"Trang ch\u1ee7\",\"item\":\"https:\/\/tienhungtech.com.vn\/zh-hans\/\"},{\"@type\":\"ListItem\",\"position\":2,\"name\":\"\u9001\u8d27\u65b9\u5f0f\"}]},{\"@type\":\"WebSite\",\"@id\":\"https:\/\/tienhungtech.com.vn\/#website\",\"url\":\"https:\/\/tienhungtech.com.vn\/\",\"name\":\"TIEN HUNG TECH\",\"description\":\"Ti\u1ebfn H\u01b0ng l\u00e0 m\u1ed9t trong nh\u1eefng \u0111\u01a1n v\u1ecb h\u00e0ng \u0111\u1ea7u cung c\u1ea5p c\u00e1c thi\u1ebft b\u1ecb, d\u1ecbch v\u1ee5 v\u00e0 gi\u1ea3i ph\u00e1p li\u00ean quan \u0111\u1ebfn ng\u00e0nh t\u1ee7 b\u1ea3ng \u0111i\u1ec7n n\u00f3i ri\u00eang v\u00e0 t\u1ef1 \u0111\u1ed9ng ho\u00e1 n\u00f3i chung.\",\"publisher\":{\"@id\":\"https:\/\/tienhungtech.com.vn\/#organization\"},\"alternateName\":\"Ti\u1ebfn H\u01b0ng \u0111\u01b0\u1ee3c th\u00e0nh l\u1eadp v\u00e0o n\u0103m 2016, l\u00e0 t\u1ed5 ch\u1ee9c t\u1eadp h\u1ee3p nh\u1eefng k\u1ef9 s\u01b0 \u0111i\u1ec7n - t\u1ef1 \u0111\u1ed9ng ho\u00e1 \u01b0u t\u00fa v\u1edbi kh\u00e1t khao \u0111\u01b0\u1ee3c mang \u0111\u1ebfn cho qu\u00fd kh\u00e1ch h\u00e0ng, doanh nghi\u1ec7p tr\u00ean ph\u1ea1m vi c\u1ea3 n\u01b0\u1edbc Vi\u1ec7t Nam nh\u1eefng gi\u1ea3i ph\u00e1p \u0111i\u1ec7n - t\u1ef1 \u0111\u1ed9ng ho\u00e1 ti\u00ean ti\u1ebfn nh\u1ea5t.\",\"potentialAction\":[{\"@type\":\"SearchAction\",\"target\":{\"@type\":\"EntryPoint\",\"urlTemplate\":\"https:\/\/tienhungtech.com.vn\/?s={search_term_string}\"},\"query-input\":\"required name=search_term_string\"}],\"inLanguage\":\"zh-Hans\"},{\"@type\":\"Organization\",\"@id\":\"https:\/\/tienhungtech.com.vn\/#organization\",\"name\":\"TIEN HUNG TECH\",\"alternateName\":\"Ti\u1ebfn H\u01b0ng \u0111\u01b0\u1ee3c th\u00e0nh l\u1eadp v\u00e0o n\u0103m 2016, l\u00e0 t\u1ed5 ch\u1ee9c t\u1eadp h\u1ee3p nh\u1eefng k\u1ef9 s\u01b0 \u0111i\u1ec7n - t\u1ef1 \u0111\u1ed9ng ho\u00e1 \u01b0u t\u00fa v\u1edbi kh\u00e1t khao \u0111\u01b0\u1ee3c mang \u0111\u1ebfn cho qu\u00fd kh\u00e1ch h\u00e0ng, doanh nghi\u1ec7p tr\u00ean ph\u1ea1m vi c\u1ea3 n\u01b0\u1edbc Vi\u1ec7t Nam nh\u1eefng gi\u1ea3i ph\u00e1p \u0111i\u1ec7n - t\u1ef1 \u0111\u1ed9ng ho\u00e1 ti\u00ean ti\u1ebfn nh\u1ea5t.\",\"url\":\"https:\/\/tienhungtech.com.vn\/\",\"logo\":{\"@type\":\"ImageObject\",\"inLanguage\":\"zh-Hans\",\"@id\":\"https:\/\/tienhungtech.com.vn\/#\/schema\/logo\/image\/\",\"url\":\"https:\/\/tienhungtech.com.vn\/wp-content\/uploads\/2025\/07\/Logo-Tien-Hung-R-01.png\",\"contentUrl\":\"https:\/\/tienhungtech.com.vn\/wp-content\/uploads\/2025\/07\/Logo-Tien-Hung-R-01.png\",\"width\":1886,\"height\":575,\"caption\":\"TIEN HUNG TECH\"},\"image\":{\"@id\":\"https:\/\/tienhungtech.com.vn\/#\/schema\/logo\/image\/\"}}]}<\/script>\n<!-- \/ Yoast SEO plugin. -->","yoast_head_json":{"title":"\u9001\u8d27\u65b9\u5f0f - C\u00d4NG TY C\u1ed4 PH\u1ea6N T\u1ef0 \u0110\u1ed8NG TI\u1ebeN H\u01afNG","robots":{"index":"index","follow":"follow","max-snippet":"max-snippet:-1","max-image-preview":"max-image-preview:large","max-video-preview":"max-video-preview:-1"},"canonical":"https:\/\/tienhungtech.com.vn\/zh-hans\/van-chuyen-giao-hang\/","og_locale":"zh_CN","og_type":"article","og_title":"\u9001\u8d27\u65b9\u5f0f - C\u00d4NG TY C\u1ed4 PH\u1ea6N T\u1ef0 \u0110\u1ed8NG TI\u1ebeN H\u01afNG","og_description":"\u5728\u6b64\uff0c\u5929\u9e3f\u81ea\u52a8\u5316\u80a1\u4efd\u6709\u9650\u516c\u53f8\u5411\u5ba2\u6237\u53d1\u9001\u8d2d\u4e70\u4ea7\u54c1\u7684\u5ba2\u6237\u8fd0\u8f93\u548c\u4ea4\u8d27\u653f\u7b56\u3002 \u4e00\u3001\u9002\u7528\u8303\u56f4\uff1a &#8211;\u00a0\u6240\u6709\u5728w [&hellip;]","og_url":"https:\/\/tienhungtech.com.vn\/zh-hans\/van-chuyen-giao-hang\/","og_site_name":"C\u00d4NG TY C\u1ed4 PH\u1ea6N T\u1ef0 \u0110\u1ed8NG TI\u1ebeN H\u01afNG","article_modified_time":"2023-05-19T03:46:34+00:00","twitter_card":"summary_large_image","twitter_misc":{"\u9884\u8ba1\u9605\u8bfb\u65f6\u95f4":"1 \u5206"},"schema":{"@context":"https:\/\/schema.org","@graph":[{"@type":"WebPage","@id":"https:\/\/tienhungtech.com.vn\/zh-hans\/van-chuyen-giao-hang\/","url":"https:\/\/tienhungtech.com.vn\/zh-hans\/van-chuyen-giao-hang\/","name":"\u9001\u8d27\u65b9\u5f0f - C\u00d4NG TY C\u1ed4 PH\u1ea6N T\u1ef0 \u0110\u1ed8NG TI\u1ebeN H\u01afNG","isPartOf":{"@id":"https:\/\/tienhungtech.com.vn\/#website"},"datePublished":"2022-11-09T00:52:21+00:00","dateModified":"2023-05-19T03:46:34+00:00","breadcrumb":{"@id":"https:\/\/tienhungtech.com.vn\/zh-hans\/van-chuyen-giao-hang\/#breadcrumb"},"inLanguage":"zh-Hans","potentialAction":[{"@type":"ReadAction","target":["https:\/\/tienhungtech.com.vn\/zh-hans\/van-chuyen-giao-hang\/"]}]},{"@type":"BreadcrumbList","@id":"https:\/\/tienhungtech.com.vn\/zh-hans\/van-chuyen-giao-hang\/#breadcrumb","itemListElement":[{"@type":"ListItem","position":1,"name":"Trang ch\u1ee7","item":"https:\/\/tienhungtech.com.vn\/zh-hans\/"},{"@type":"ListItem","position":2,"name":"\u9001\u8d27\u65b9\u5f0f"}]},{"@type":"WebSite","@id":"https:\/\/tienhungtech.com.vn\/#website","url":"https:\/\/tienhungtech.com.vn\/","name":"TIEN HUNG TECH","description":"Ti\u1ebfn H\u01b0ng l\u00e0 m\u1ed9t trong nh\u1eefng \u0111\u01a1n v\u1ecb h\u00e0ng \u0111\u1ea7u cung c\u1ea5p c\u00e1c thi\u1ebft b\u1ecb, d\u1ecbch v\u1ee5 v\u00e0 gi\u1ea3i ph\u00e1p li\u00ean quan \u0111\u1ebfn ng\u00e0nh t\u1ee7 b\u1ea3ng \u0111i\u1ec7n n\u00f3i ri\u00eang v\u00e0 t\u1ef1 \u0111\u1ed9ng ho\u00e1 n\u00f3i chung.","publisher":{"@id":"https:\/\/tienhungtech.com.vn\/#organization"},"alternateName":"Ti\u1ebfn H\u01b0ng \u0111\u01b0\u1ee3c th\u00e0nh l\u1eadp v\u00e0o n\u0103m 2016, l\u00e0 t\u1ed5 ch\u1ee9c t\u1eadp h\u1ee3p nh\u1eefng k\u1ef9 s\u01b0 \u0111i\u1ec7n - t\u1ef1 \u0111\u1ed9ng ho\u00e1 \u01b0u t\u00fa v\u1edbi kh\u00e1t khao \u0111\u01b0\u1ee3c mang \u0111\u1ebfn cho qu\u00fd kh\u00e1ch h\u00e0ng, doanh nghi\u1ec7p tr\u00ean ph\u1ea1m vi c\u1ea3 n\u01b0\u1edbc Vi\u1ec7t Nam nh\u1eefng gi\u1ea3i ph\u00e1p \u0111i\u1ec7n - t\u1ef1 \u0111\u1ed9ng ho\u00e1 ti\u00ean ti\u1ebfn nh\u1ea5t.","potentialAction":[{"@type":"SearchAction","target":{"@type":"EntryPoint","urlTemplate":"https:\/\/tienhungtech.com.vn\/?s={search_term_string}"},"query-input":"required name=search_term_string"}],"inLanguage":"zh-Hans"},{"@type":"Organization","@id":"https:\/\/tienhungtech.com.vn\/#organization","name":"TIEN HUNG TECH","alternateName":"Ti\u1ebfn H\u01b0ng \u0111\u01b0\u1ee3c th\u00e0nh l\u1eadp v\u00e0o n\u0103m 2016, l\u00e0 t\u1ed5 ch\u1ee9c t\u1eadp h\u1ee3p nh\u1eefng k\u1ef9 s\u01b0 \u0111i\u1ec7n - t\u1ef1 \u0111\u1ed9ng ho\u00e1 \u01b0u t\u00fa v\u1edbi kh\u00e1t khao \u0111\u01b0\u1ee3c mang \u0111\u1ebfn cho qu\u00fd kh\u00e1ch h\u00e0ng, doanh nghi\u1ec7p tr\u00ean ph\u1ea1m vi c\u1ea3 n\u01b0\u1edbc Vi\u1ec7t Nam nh\u1eefng gi\u1ea3i ph\u00e1p \u0111i\u1ec7n - t\u1ef1 \u0111\u1ed9ng ho\u00e1 ti\u00ean ti\u1ebfn nh\u1ea5t.","url":"https:\/\/tienhungtech.com.vn\/","logo":{"@type":"ImageObject","inLanguage":"zh-Hans","@id":"https:\/\/tienhungtech.com.vn\/#\/schema\/logo\/image\/","url":"https:\/\/tienhungtech.com.vn\/wp-content\/uploads\/2025\/07\/Logo-Tien-Hung-R-01.png","contentUrl":"https:\/\/tienhungtech.com.vn\/wp-content\/uploads\/2025\/07\/Logo-Tien-Hung-R-01.png","width":1886,"height":575,"caption":"TIEN HUNG TECH"},"image":{"@id":"https:\/\/tienhungtech.com.vn\/#\/schema\/logo\/image\/"}}]}},"_links":{"self":[{"href":"https:\/\/tienhungtech.com.vn\/zh-hans\/wp-json\/wp\/v2\/pages\/9415","targetHints":{"allow":["GET"]}}],"collection":[{"href":"https:\/\/tienhungtech.com.vn\/zh-hans\/wp-json\/wp\/v2\/pages"}],"about":[{"href":"https:\/\/tienhungtech.com.vn\/zh-hans\/wp-json\/wp\/v2\/types\/page"}],"author":[{"embeddable":true,"href":"https:\/\/tienhungtech.com.vn\/zh-hans\/wp-json\/wp\/v2\/users\/1"}],"replies":[{"embeddable":true,"href":"https:\/\/tienhungtech.com.vn\/zh-hans\/wp-json\/wp\/v2\/comments?post=9415"}],"version-history":[{"count":3,"href":"https:\/\/tienhungtech.com.vn\/zh-hans\/wp-json\/wp\/v2\/pages\/9415\/revisions"}],"predecessor-version":[{"id":14919,"href":"https:\/\/tienhungtech.com.vn\/zh-hans\/wp-json\/wp\/v2\/pages\/9415\/revisions\/14919"}],"wp:attachment":[{"href":"https:\/\/tienhungtech.com.vn\/zh-hans\/wp-json\/wp\/v2\/media?parent=9415"}],"curies":[{"name":"wp","href":"https:\/\/api.w.org\/{rel}","templated":true}]}}