{"id":20522,"date":"2023-08-14T09:35:40","date_gmt":"2023-08-14T02:35:40","guid":{"rendered":"https:\/\/tienhungtech.com.vn\/san-pham\/led-lighting-for-electrical-cabinet-wil-lwxxxx-6500d024-240sxx0-3bm12gxxxx-2436210000\/"},"modified":"2023-08-14T09:35:40","modified_gmt":"2023-08-14T02:35:40","slug":"led-lighting-for-electrical-cabinet-wil-lwxxxx-6500d024-240sxx0-3bm12gxxxx-2436210000","status":"publish","type":"product","link":"https:\/\/tienhungtech.com.vn\/en\/san-pham\/led-lighting-for-electrical-cabinet-wil-lwxxxx-6500d024-240sxx0-3bm12gxxxx-2436210000\/","title":{"rendered":"LED LIGHTING FOR ELECTRICAL CABINET WIL-LWXXXX-6500D024-240SXX0.3BM12GXXXX &#8211; 2436210000"},"content":{"rendered":"<p>Authorized Weidmuller Distributor in Vietnam. LED lighting for electrical cabinets, 24 VDC, 7.5W, M12 &#8211; 3Pin connector.<\/p>\n<p>Please refer to the technical specifications of the product via the following link:<br \/>\n<a href=\"https:\/\/catalog.weidmueller.com\/catalog\/Start.do?ObjectID=2436210000&amp;_ga=2.161457786.634822501.1691979015-1733460174.1691979015&amp;_gl=1*1r6bx1s*_ga*MTczMzQ2MDE3NC4xNjkxOTc5MDE1*_ga_RQ78GF08L5*MTY5MjAwMjU1Mi4zLjEuMTY5MjAwMjU2NC4wLjAuMA..\">LED LIGHTING FOR ELECTRICAL CABINET WIL-LWXXXX-6500D024-240SXX0.3BM12GXXXX &#8211; 2436210000<\/a><\/p>\n","protected":false},"excerpt":{"rendered":"<p>LED LIGHTING FOR ELECTRICAL CABINET<\/p>\n","protected":false},"featured_media":20480,"comment_status":"open","ping_status":"closed","template":"","meta":{"inline_featured_image":false},"product_cat":[2713],"product_tag":[4094],"brand_product":[1067],"group_product":[4091],"origin_product":[1070],"class_list":["post-20522","product","type-product","status-publish","has-post-thumbnail","hentry","product_cat-accessories-tools-accessories","product_tag-led-lighting-for-electrical-cabinet-wil-lwxxxx-6500d024-240sxx0-3bm12gxxxx-2436210000","brand_product-weidmuller-en","filter_product-lighting-set","group_product-lighting-set","origin_product-duc-en"],"acf":[],"yoast_head":"<!-- This site is optimized with the Yoast SEO plugin v19.10 - https:\/\/yoast.com\/wordpress\/plugins\/seo\/ -->\n<title>LED LIGHTING FOR ELECTRICAL CABINET WIL-LWXXXX-6500D024-240SXX0.3BM12GXXXX - 2436210000 - C\u00d4NG TY C\u1ed4 PH\u1ea6N T\u1ef0 \u0110\u1ed8NG TI\u1ebeN H\u01afNG<\/title>\n<meta name=\"robots\" content=\"index, follow, max-snippet:-1, max-image-preview:large, max-video-preview:-1\" \/>\n<link rel=\"canonical\" href=\"https:\/\/tienhungtech.com.vn\/en\/san-pham\/led-lighting-for-electrical-cabinet-wil-lwxxxx-6500d024-240sxx0-3bm12gxxxx-2436210000\/\" \/>\n<meta property=\"og:locale\" content=\"en_US\" \/>\n<meta property=\"og:type\" content=\"article\" \/>\n<meta property=\"og:title\" content=\"LED LIGHTING FOR ELECTRICAL CABINET WIL-LWXXXX-6500D024-240SXX0.3BM12GXXXX - 2436210000 - C\u00d4NG TY C\u1ed4 PH\u1ea6N T\u1ef0 \u0110\u1ed8NG TI\u1ebeN H\u01afNG\" \/>\n<meta property=\"og:description\" content=\"LED LIGHTING FOR ELECTRICAL CABINET\" \/>\n<meta property=\"og:url\" content=\"https:\/\/tienhungtech.com.vn\/en\/san-pham\/led-lighting-for-electrical-cabinet-wil-lwxxxx-6500d024-240sxx0-3bm12gxxxx-2436210000\/\" \/>\n<meta property=\"og:site_name\" content=\"C\u00d4NG TY C\u1ed4 PH\u1ea6N T\u1ef0 \u0110\u1ed8NG TI\u1ebeN H\u01afNG\" \/>\n<meta property=\"og:image\" content=\"https:\/\/tienhungtech.com.vn\/wp-content\/uploads\/2023\/08\/2436210000-tienhungtech-website.jpg\" \/>\n\t<meta property=\"og:image:width\" content=\"2048\" \/>\n\t<meta property=\"og:image:height\" content=\"2048\" \/>\n\t<meta property=\"og:image:type\" content=\"image\/jpeg\" \/>\n<meta name=\"twitter:card\" content=\"summary_large_image\" \/>\n<script type=\"application\/ld+json\" class=\"yoast-schema-graph\">{\"@context\":\"https:\/\/schema.org\",\"@graph\":[{\"@type\":\"WebPage\",\"@id\":\"https:\/\/tienhungtech.com.vn\/en\/san-pham\/led-lighting-for-electrical-cabinet-wil-lwxxxx-6500d024-240sxx0-3bm12gxxxx-2436210000\/\",\"url\":\"https:\/\/tienhungtech.com.vn\/en\/san-pham\/led-lighting-for-electrical-cabinet-wil-lwxxxx-6500d024-240sxx0-3bm12gxxxx-2436210000\/\",\"name\":\"LED LIGHTING FOR ELECTRICAL CABINET WIL-LWXXXX-6500D024-240SXX0.3BM12GXXXX - 2436210000 - C\u00d4NG TY C\u1ed4 PH\u1ea6N T\u1ef0 \u0110\u1ed8NG TI\u1ebeN H\u01afNG\",\"isPartOf\":{\"@id\":\"https:\/\/tienhungtech.com.vn\/#website\"},\"datePublished\":\"2023-08-14T02:35:40+00:00\",\"dateModified\":\"2023-08-14T02:35:40+00:00\",\"breadcrumb\":{\"@id\":\"https:\/\/tienhungtech.com.vn\/en\/san-pham\/led-lighting-for-electrical-cabinet-wil-lwxxxx-6500d024-240sxx0-3bm12gxxxx-2436210000\/#breadcrumb\"},\"inLanguage\":\"en-US\",\"potentialAction\":[{\"@type\":\"ReadAction\",\"target\":[\"https:\/\/tienhungtech.com.vn\/en\/san-pham\/led-lighting-for-electrical-cabinet-wil-lwxxxx-6500d024-240sxx0-3bm12gxxxx-2436210000\/\"]}]},{\"@type\":\"BreadcrumbList\",\"@id\":\"https:\/\/tienhungtech.com.vn\/en\/san-pham\/led-lighting-for-electrical-cabinet-wil-lwxxxx-6500d024-240sxx0-3bm12gxxxx-2436210000\/#breadcrumb\",\"itemListElement\":[{\"@type\":\"ListItem\",\"position\":1,\"name\":\"Trang ch\u1ee7\",\"item\":\"https:\/\/tienhungtech.com.vn\/en\/\"},{\"@type\":\"ListItem\",\"position\":2,\"name\":\"Product\",\"item\":\"https:\/\/tienhungtech.com.vn\/en\/san-pham\/\"},{\"@type\":\"ListItem\",\"position\":3,\"name\":\"LED LIGHTING FOR ELECTRICAL CABINET WIL-LWXXXX-6500D024-240SXX0.3BM12GXXXX &#8211; 2436210000\"}]},{\"@type\":\"WebSite\",\"@id\":\"https:\/\/tienhungtech.com.vn\/#website\",\"url\":\"https:\/\/tienhungtech.com.vn\/\",\"name\":\"TIEN HUNG TECH\",\"description\":\"Ti\u1ebfn H\u01b0ng l\u00e0 m\u1ed9t trong nh\u1eefng \u0111\u01a1n v\u1ecb h\u00e0ng \u0111\u1ea7u cung c\u1ea5p c\u00e1c thi\u1ebft b\u1ecb, d\u1ecbch v\u1ee5 v\u00e0 gi\u1ea3i ph\u00e1p li\u00ean quan \u0111\u1ebfn ng\u00e0nh t\u1ee7 b\u1ea3ng \u0111i\u1ec7n n\u00f3i ri\u00eang v\u00e0 t\u1ef1 \u0111\u1ed9ng ho\u00e1 n\u00f3i chung.\",\"publisher\":{\"@id\":\"https:\/\/tienhungtech.com.vn\/#organization\"},\"alternateName\":\"Ti\u1ebfn H\u01b0ng \u0111\u01b0\u1ee3c th\u00e0nh l\u1eadp v\u00e0o n\u0103m 2016, l\u00e0 t\u1ed5 ch\u1ee9c t\u1eadp h\u1ee3p nh\u1eefng k\u1ef9 s\u01b0 \u0111i\u1ec7n - t\u1ef1 \u0111\u1ed9ng ho\u00e1 \u01b0u t\u00fa v\u1edbi kh\u00e1t khao \u0111\u01b0\u1ee3c mang \u0111\u1ebfn cho qu\u00fd kh\u00e1ch h\u00e0ng, doanh nghi\u1ec7p tr\u00ean ph\u1ea1m vi c\u1ea3 n\u01b0\u1edbc Vi\u1ec7t Nam nh\u1eefng gi\u1ea3i ph\u00e1p \u0111i\u1ec7n - t\u1ef1 \u0111\u1ed9ng ho\u00e1 ti\u00ean ti\u1ebfn nh\u1ea5t.\",\"potentialAction\":[{\"@type\":\"SearchAction\",\"target\":{\"@type\":\"EntryPoint\",\"urlTemplate\":\"https:\/\/tienhungtech.com.vn\/?s={search_term_string}\"},\"query-input\":\"required name=search_term_string\"}],\"inLanguage\":\"en-US\"},{\"@type\":\"Organization\",\"@id\":\"https:\/\/tienhungtech.com.vn\/#organization\",\"name\":\"TIEN HUNG TECH\",\"alternateName\":\"Ti\u1ebfn H\u01b0ng \u0111\u01b0\u1ee3c th\u00e0nh l\u1eadp v\u00e0o n\u0103m 2016, l\u00e0 t\u1ed5 ch\u1ee9c t\u1eadp h\u1ee3p nh\u1eefng k\u1ef9 s\u01b0 \u0111i\u1ec7n - t\u1ef1 \u0111\u1ed9ng ho\u00e1 \u01b0u t\u00fa v\u1edbi kh\u00e1t khao \u0111\u01b0\u1ee3c mang \u0111\u1ebfn cho qu\u00fd kh\u00e1ch h\u00e0ng, doanh nghi\u1ec7p tr\u00ean ph\u1ea1m vi c\u1ea3 n\u01b0\u1edbc Vi\u1ec7t Nam nh\u1eefng gi\u1ea3i ph\u00e1p \u0111i\u1ec7n - t\u1ef1 \u0111\u1ed9ng ho\u00e1 ti\u00ean ti\u1ebfn nh\u1ea5t.\",\"url\":\"https:\/\/tienhungtech.com.vn\/\",\"logo\":{\"@type\":\"ImageObject\",\"inLanguage\":\"en-US\",\"@id\":\"https:\/\/tienhungtech.com.vn\/#\/schema\/logo\/image\/\",\"url\":\"https:\/\/tienhungtech.com.vn\/wp-content\/uploads\/2025\/07\/Logo-Tien-Hung-R-01.png\",\"contentUrl\":\"https:\/\/tienhungtech.com.vn\/wp-content\/uploads\/2025\/07\/Logo-Tien-Hung-R-01.png\",\"width\":1886,\"height\":575,\"caption\":\"TIEN HUNG TECH\"},\"image\":{\"@id\":\"https:\/\/tienhungtech.com.vn\/#\/schema\/logo\/image\/\"}}]}<\/script>\n<!-- \/ Yoast SEO plugin. -->","yoast_head_json":{"title":"LED LIGHTING FOR ELECTRICAL CABINET WIL-LWXXXX-6500D024-240SXX0.3BM12GXXXX - 2436210000 - C\u00d4NG TY C\u1ed4 PH\u1ea6N T\u1ef0 \u0110\u1ed8NG TI\u1ebeN H\u01afNG","robots":{"index":"index","follow":"follow","max-snippet":"max-snippet:-1","max-image-preview":"max-image-preview:large","max-video-preview":"max-video-preview:-1"},"canonical":"https:\/\/tienhungtech.com.vn\/en\/san-pham\/led-lighting-for-electrical-cabinet-wil-lwxxxx-6500d024-240sxx0-3bm12gxxxx-2436210000\/","og_locale":"en_US","og_type":"article","og_title":"LED LIGHTING FOR ELECTRICAL CABINET WIL-LWXXXX-6500D024-240SXX0.3BM12GXXXX - 2436210000 - C\u00d4NG TY C\u1ed4 PH\u1ea6N T\u1ef0 \u0110\u1ed8NG TI\u1ebeN H\u01afNG","og_description":"LED LIGHTING FOR ELECTRICAL CABINET","og_url":"https:\/\/tienhungtech.com.vn\/en\/san-pham\/led-lighting-for-electrical-cabinet-wil-lwxxxx-6500d024-240sxx0-3bm12gxxxx-2436210000\/","og_site_name":"C\u00d4NG TY C\u1ed4 PH\u1ea6N T\u1ef0 \u0110\u1ed8NG TI\u1ebeN H\u01afNG","og_image":[{"width":2048,"height":2048,"url":"https:\/\/tienhungtech.com.vn\/wp-content\/uploads\/2023\/08\/2436210000-tienhungtech-website.jpg","type":"image\/jpeg"}],"twitter_card":"summary_large_image","schema":{"@context":"https:\/\/schema.org","@graph":[{"@type":"WebPage","@id":"https:\/\/tienhungtech.com.vn\/en\/san-pham\/led-lighting-for-electrical-cabinet-wil-lwxxxx-6500d024-240sxx0-3bm12gxxxx-2436210000\/","url":"https:\/\/tienhungtech.com.vn\/en\/san-pham\/led-lighting-for-electrical-cabinet-wil-lwxxxx-6500d024-240sxx0-3bm12gxxxx-2436210000\/","name":"LED LIGHTING FOR ELECTRICAL CABINET WIL-LWXXXX-6500D024-240SXX0.3BM12GXXXX - 2436210000 - C\u00d4NG TY C\u1ed4 PH\u1ea6N T\u1ef0 \u0110\u1ed8NG TI\u1ebeN H\u01afNG","isPartOf":{"@id":"https:\/\/tienhungtech.com.vn\/#website"},"datePublished":"2023-08-14T02:35:40+00:00","dateModified":"2023-08-14T02:35:40+00:00","breadcrumb":{"@id":"https:\/\/tienhungtech.com.vn\/en\/san-pham\/led-lighting-for-electrical-cabinet-wil-lwxxxx-6500d024-240sxx0-3bm12gxxxx-2436210000\/#breadcrumb"},"inLanguage":"en-US","potentialAction":[{"@type":"ReadAction","target":["https:\/\/tienhungtech.com.vn\/en\/san-pham\/led-lighting-for-electrical-cabinet-wil-lwxxxx-6500d024-240sxx0-3bm12gxxxx-2436210000\/"]}]},{"@type":"BreadcrumbList","@id":"https:\/\/tienhungtech.com.vn\/en\/san-pham\/led-lighting-for-electrical-cabinet-wil-lwxxxx-6500d024-240sxx0-3bm12gxxxx-2436210000\/#breadcrumb","itemListElement":[{"@type":"ListItem","position":1,"name":"Trang ch\u1ee7","item":"https:\/\/tienhungtech.com.vn\/en\/"},{"@type":"ListItem","position":2,"name":"Product","item":"https:\/\/tienhungtech.com.vn\/en\/san-pham\/"},{"@type":"ListItem","position":3,"name":"LED LIGHTING FOR ELECTRICAL CABINET WIL-LWXXXX-6500D024-240SXX0.3BM12GXXXX &#8211; 2436210000"}]},{"@type":"WebSite","@id":"https:\/\/tienhungtech.com.vn\/#website","url":"https:\/\/tienhungtech.com.vn\/","name":"TIEN HUNG TECH","description":"Ti\u1ebfn H\u01b0ng l\u00e0 m\u1ed9t trong nh\u1eefng \u0111\u01a1n v\u1ecb h\u00e0ng \u0111\u1ea7u cung c\u1ea5p c\u00e1c thi\u1ebft b\u1ecb, d\u1ecbch v\u1ee5 v\u00e0 gi\u1ea3i ph\u00e1p li\u00ean quan \u0111\u1ebfn ng\u00e0nh t\u1ee7 b\u1ea3ng \u0111i\u1ec7n n\u00f3i ri\u00eang v\u00e0 t\u1ef1 \u0111\u1ed9ng ho\u00e1 n\u00f3i chung.","publisher":{"@id":"https:\/\/tienhungtech.com.vn\/#organization"},"alternateName":"Ti\u1ebfn H\u01b0ng \u0111\u01b0\u1ee3c th\u00e0nh l\u1eadp v\u00e0o n\u0103m 2016, l\u00e0 t\u1ed5 ch\u1ee9c t\u1eadp h\u1ee3p nh\u1eefng k\u1ef9 s\u01b0 \u0111i\u1ec7n - t\u1ef1 \u0111\u1ed9ng ho\u00e1 \u01b0u t\u00fa v\u1edbi kh\u00e1t khao \u0111\u01b0\u1ee3c mang \u0111\u1ebfn cho qu\u00fd kh\u00e1ch h\u00e0ng, doanh nghi\u1ec7p tr\u00ean ph\u1ea1m vi c\u1ea3 n\u01b0\u1edbc Vi\u1ec7t Nam nh\u1eefng gi\u1ea3i ph\u00e1p \u0111i\u1ec7n - t\u1ef1 \u0111\u1ed9ng ho\u00e1 ti\u00ean ti\u1ebfn nh\u1ea5t.","potentialAction":[{"@type":"SearchAction","target":{"@type":"EntryPoint","urlTemplate":"https:\/\/tienhungtech.com.vn\/?s={search_term_string}"},"query-input":"required name=search_term_string"}],"inLanguage":"en-US"},{"@type":"Organization","@id":"https:\/\/tienhungtech.com.vn\/#organization","name":"TIEN HUNG TECH","alternateName":"Ti\u1ebfn H\u01b0ng \u0111\u01b0\u1ee3c th\u00e0nh l\u1eadp v\u00e0o n\u0103m 2016, l\u00e0 t\u1ed5 ch\u1ee9c t\u1eadp h\u1ee3p nh\u1eefng k\u1ef9 s\u01b0 \u0111i\u1ec7n - t\u1ef1 \u0111\u1ed9ng ho\u00e1 \u01b0u t\u00fa v\u1edbi kh\u00e1t khao \u0111\u01b0\u1ee3c mang \u0111\u1ebfn cho qu\u00fd kh\u00e1ch h\u00e0ng, doanh nghi\u1ec7p tr\u00ean ph\u1ea1m vi c\u1ea3 n\u01b0\u1edbc Vi\u1ec7t Nam nh\u1eefng gi\u1ea3i ph\u00e1p \u0111i\u1ec7n - t\u1ef1 \u0111\u1ed9ng ho\u00e1 ti\u00ean ti\u1ebfn nh\u1ea5t.","url":"https:\/\/tienhungtech.com.vn\/","logo":{"@type":"ImageObject","inLanguage":"en-US","@id":"https:\/\/tienhungtech.com.vn\/#\/schema\/logo\/image\/","url":"https:\/\/tienhungtech.com.vn\/wp-content\/uploads\/2025\/07\/Logo-Tien-Hung-R-01.png","contentUrl":"https:\/\/tienhungtech.com.vn\/wp-content\/uploads\/2025\/07\/Logo-Tien-Hung-R-01.png","width":1886,"height":575,"caption":"TIEN HUNG TECH"},"image":{"@id":"https:\/\/tienhungtech.com.vn\/#\/schema\/logo\/image\/"}}]}},"_links":{"self":[{"href":"https:\/\/tienhungtech.com.vn\/en\/wp-json\/wp\/v2\/product\/20522","targetHints":{"allow":["GET"]}}],"collection":[{"href":"https:\/\/tienhungtech.com.vn\/en\/wp-json\/wp\/v2\/product"}],"about":[{"href":"https:\/\/tienhungtech.com.vn\/en\/wp-json\/wp\/v2\/types\/product"}],"replies":[{"embeddable":true,"href":"https:\/\/tienhungtech.com.vn\/en\/wp-json\/wp\/v2\/comments?post=20522"}],"wp:featuredmedia":[{"embeddable":true,"href":"https:\/\/tienhungtech.com.vn\/en\/wp-json\/wp\/v2\/media\/20480"}],"wp:attachment":[{"href":"https:\/\/tienhungtech.com.vn\/en\/wp-json\/wp\/v2\/media?parent=20522"}],"wp:term":[{"taxonomy":"product_cat","embeddable":true,"href":"https:\/\/tienhungtech.com.vn\/en\/wp-json\/wp\/v2\/product_cat?post=20522"},{"taxonomy":"product_tag","embeddable":true,"href":"https:\/\/tienhungtech.com.vn\/en\/wp-json\/wp\/v2\/product_tag?post=20522"},{"taxonomy":"brand_product","embeddable":true,"href":"https:\/\/tienhungtech.com.vn\/en\/wp-json\/wp\/v2\/brand_product?post=20522"},{"taxonomy":"group_product","embeddable":true,"href":"https:\/\/tienhungtech.com.vn\/en\/wp-json\/wp\/v2\/group_product?post=20522"},{"taxonomy":"origin_product","embeddable":true,"href":"https:\/\/tienhungtech.com.vn\/en\/wp-json\/wp\/v2\/origin_product?post=20522"}],"curies":[{"name":"wp","href":"https:\/\/api.w.org\/{rel}","templated":true}]}}