{"id":19020,"date":"2023-07-20T16:29:01","date_gmt":"2023-07-20T09:29:01","guid":{"rendered":"https:\/\/tienhungtech.com.vn\/san-pham\/module-technical-ur20-4di-p-1315170000\/"},"modified":"2023-07-20T16:29:01","modified_gmt":"2023-07-20T09:29:01","slug":"module-technical-ur20-4di-p-1315170000","status":"publish","type":"product","link":"https:\/\/tienhungtech.com.vn\/en\/san-pham\/module-technical-ur20-4di-p-1315170000\/","title":{"rendered":"MODULE TECHNICAL UR20-4DI-P &#8211; 1315170000"},"content":{"rendered":"<p>Authorized distributor Weidmuller Vietnam. 1315170000 &#8211; UR20-4DI-P &#8211; Digital Input Module &#8211; UR20-4DI-P &#8211; Remote I\/O Module &#8211; WEIDMULLER &#8211; TIENHUNGTECH. Weidmuller IoT solutions in Vietnam.<\/p>\n<p>For detailed information, please refer to the catalog via the following link (source: <a href=\"https:\/\/www.weidmueller.com\/\" target=\"_new\" rel=\"noopener\">https:\/\/www.weidmueller.com<\/a>)<\/p>\n<h3><a href=\"https:\/\/catalog.weidmueller.com\/catalog\/Start.do;jsessionid=00D0F41F75C75C5E119AB242E8655508?ObjectID=1315170000&amp;page=Product\">MODULE TECHNICAL UR20-4DI-P \u2013 1315170000<\/a><\/h3>\n<p><strong>\u00a0<\/strong><\/p>\n","protected":false},"excerpt":{"rendered":"<p>MODULE TECHNICAL<\/p>\n","protected":false},"featured_media":19019,"comment_status":"open","ping_status":"closed","template":"","meta":{"inline_featured_image":false},"product_cat":[1176],"product_tag":[993,994,995,996,997,998,1945,999,1000,1001,1946,1002,1003,1004,1005,1006,1947,1007,1008,1009,1010,1011,1012,1013,1014,1015,1016,1948,1017,1018,1019,1020,1021,1022,1023,1024,1025,1026,1027,1028,1029,1030,1031,1032,1033,1034,3571,1035,1949,1053,1036,1037,1038,1039,1040,1041,1042,1043,1044,1045,1046,1047,1048,1049,1050,1051,1052,1054,1055,1056,1950,2761,2762,1953,1057,3567,3562,3564,1058,3568,1059,1060,1061,3566,1062,1063,3565,1064,1065,3563,3570,1066,1954,3569],"brand_product":[],"group_product":[1180],"origin_product":[1070],"class_list":["post-19020","product","type-product","status-publish","has-post-thumbnail","hentry","product_cat-mo-dun-ky-thuat-so-remote-i-o-weidmuller-en","product_tag-bao-ve-dong-co-en","product_tag-bo-nguon-ups-en","product_tag-cable-en","product_tag-cap-cam-bien-en","product_tag-cat-loc-set-en","product_tag-cau-dau-day-en","product_tag-cau-dau-day-weidmuller-en","product_tag-chong-set-en","product_tag-chuyen-doi-tin-hieu-en","product_tag-connectivity-en","product_tag-cpu-weiduller-en","product_tag-dai-ly-weidmuller-en","product_tag-dai-ly-weidmuller-mien-bac-en","product_tag-dai-ly-weidmuller-mien-nam-en","product_tag-dai-ly-weidmuller-mien-trung-en","product_tag-dai-ly-weidmuller-thanh-pho-ho-chi-minh-en","product_tag-dai-ly-weidmuller-viet-nam-en","product_tag-dau-noi-en","product_tag-dieu-khien-thiet-bi-giam-sat-en","product_tag-distribution-boxes-en","product_tag-electronics-housing-lightning-en","product_tag-enclosure-en","product_tag-ethernet-switch-en","product_tag-heavy-connectors-en","product_tag-hmi-bo-khoi-dong-en","product_tag-i-o-systems-en","product_tag-industrial-ethernet-en","product_tag-iot-controller-weidmuller-en","product_tag-khu-cong-nghe-cao-quan-9-en","product_tag-khu-cong-nghiep-bac-dong-phu-en","product_tag-khu-cong-nghiep-becamex-binh-phuoc-en","product_tag-khu-cong-nghiep-binh-xuyen-en","product_tag-khu-cong-nghiep-dong-xoai-en","product_tag-khu-cong-nghiep-ledana-en","product_tag-khu-cong-nghiep-minh-hung-han-quoc-en","product_tag-khu-cong-nghiep-my-phuoc-en","product_tag-khu-cong-nghiep-nam-son-hap-linh-en","product_tag-khu-cong-nghiep-phu-nghia-en","product_tag-khu-cong-nghiep-tan-khai-en","product_tag-khu-cong-nghiep-tan-phu-trung-en","product_tag-khu-cong-nghiep-tan-tao-en","product_tag-khu-cong-nghiep-viet-nam-en","product_tag-khu-cong-nghiep-vsip-en","product_tag-marshalling-cable-solutions-electronics-en","product_tag-mo-dun-ky-thuat-so-en","product_tag-module-i-o-en","product_tag-module-ky-thuat-so-ur20-4di-p-1315170000-en","product_tag-module-mo-rong-en","product_tag-nen-cong-nghiep-4-0-en","product_tag-switch-mang-en","product_tag-pcb-plug-in-connectors-and-pcb-plug-in-terminals-en","product_tag-plc-relay-en","product_tag-plug-in-connectors-en","product_tag-power-display-en","product_tag-power-measurement-en","product_tag-power-supplies-en","product_tag-power-supply-weidmuller-en","product_tag-pv-combiner-box-en","product_tag-relay-en","product_tag-relay-kieng-en","product_tag-relay-modules-en","product_tag-remote-i-o-module-en","product_tag-remote-io-en","product_tag-ro-le-an-toan-en","product_tag-sensor-cables-en","product_tag-solid-state-relays-analog-signal-processing-en","product_tag-surge-protection-en","product_tag-terminal-blocks-en","product_tag-thiet-bi-do-luong-en","product_tag-tien-hung-tech-en","product_tag-tu-dong-hoa-4-0-en","product_tag-u-controller-weidmuller-i-o-weidmuller-tienhungtech-la-nha-tich-hop-va-trien-giai-phap-iot-cua-weidmuller-tai-viet-nam-en-2","product_tag-u-remote-weidmuller-en-2","product_tag-ung-dung-iot-trong-tu-dong-hoa-en","product_tag-weidmuller-en","product_tag-weidmuller-australia-en","product_tag-weidmuller-canada-en","product_tag-weidmuller-distributors-en","product_tag-weidmuller-germany-en","product_tag-weidmuller-india-en","product_tag-weidmuller-mien-bac-en","product_tag-weidmuller-mien-nam-en","product_tag-weidmuller-mien-trung-en","product_tag-weidmuller-power-supply-en","product_tag-weidmuller-pte-ltd-en","product_tag-weidmuller-terminal-block-en","product_tag-weidmuller-terminals-en","product_tag-weidmuller-thanh-pho-ho-chi-minh-en","product_tag-weidmuller-tools-en","product_tag-weidmuller-uk-en","product_tag-weidmuller-usa-en","product_tag-weidmuller-viet-nam-en","product_tag-weidmuller-viet-nam-weidmuller-viet-nam-distributor-weidmuller-viet-nam-nha-phan-phoi-weidmuller-viet-nam-giai-phap-iot-weidmuller-nen-cong-nghiep-4-0-giai-phap-ket-noi-weidmuller-en","product_tag-weidmuller-wdu-2-5-en","filter_product-mo-dun-ky-thuat-so-en","group_product-mo-dun-khong-day-en","origin_product-duc-en"],"acf":[],"yoast_head":"<!-- This site is optimized with the Yoast SEO plugin v19.10 - https:\/\/yoast.com\/wordpress\/plugins\/seo\/ -->\n<title>MODULE TECHNICAL UR20-4DI-P - 1315170000 - C\u00d4NG TY C\u1ed4 PH\u1ea6N T\u1ef0 \u0110\u1ed8NG TI\u1ebeN H\u01afNG<\/title>\n<meta name=\"robots\" content=\"index, follow, max-snippet:-1, max-image-preview:large, max-video-preview:-1\" \/>\n<link rel=\"canonical\" href=\"https:\/\/tienhungtech.com.vn\/en\/san-pham\/module-technical-ur20-4di-p-1315170000\/\" \/>\n<meta property=\"og:locale\" content=\"en_US\" \/>\n<meta property=\"og:type\" content=\"article\" \/>\n<meta property=\"og:title\" content=\"MODULE TECHNICAL UR20-4DI-P - 1315170000 - C\u00d4NG TY C\u1ed4 PH\u1ea6N T\u1ef0 \u0110\u1ed8NG TI\u1ebeN H\u01afNG\" \/>\n<meta property=\"og:description\" content=\"MODULE TECHNICAL\" \/>\n<meta property=\"og:url\" content=\"https:\/\/tienhungtech.com.vn\/en\/san-pham\/module-technical-ur20-4di-p-1315170000\/\" \/>\n<meta property=\"og:site_name\" content=\"C\u00d4NG TY C\u1ed4 PH\u1ea6N T\u1ef0 \u0110\u1ed8NG TI\u1ebeN H\u01afNG\" \/>\n<meta property=\"og:image\" content=\"https:\/\/tienhungtech.com.vn\/wp-content\/uploads\/2023\/07\/1315170000-website-tienhungtech-.jpg\" \/>\n\t<meta property=\"og:image:width\" content=\"2048\" \/>\n\t<meta property=\"og:image:height\" content=\"2048\" \/>\n\t<meta property=\"og:image:type\" content=\"image\/jpeg\" \/>\n<meta name=\"twitter:card\" content=\"summary_large_image\" \/>\n<script type=\"application\/ld+json\" class=\"yoast-schema-graph\">{\"@context\":\"https:\/\/schema.org\",\"@graph\":[{\"@type\":\"WebPage\",\"@id\":\"https:\/\/tienhungtech.com.vn\/en\/san-pham\/module-technical-ur20-4di-p-1315170000\/\",\"url\":\"https:\/\/tienhungtech.com.vn\/en\/san-pham\/module-technical-ur20-4di-p-1315170000\/\",\"name\":\"MODULE TECHNICAL UR20-4DI-P - 1315170000 - C\u00d4NG TY C\u1ed4 PH\u1ea6N T\u1ef0 \u0110\u1ed8NG TI\u1ebeN H\u01afNG\",\"isPartOf\":{\"@id\":\"https:\/\/tienhungtech.com.vn\/#website\"},\"datePublished\":\"2023-07-20T09:29:01+00:00\",\"dateModified\":\"2023-07-20T09:29:01+00:00\",\"breadcrumb\":{\"@id\":\"https:\/\/tienhungtech.com.vn\/en\/san-pham\/module-technical-ur20-4di-p-1315170000\/#breadcrumb\"},\"inLanguage\":\"en-US\",\"potentialAction\":[{\"@type\":\"ReadAction\",\"target\":[\"https:\/\/tienhungtech.com.vn\/en\/san-pham\/module-technical-ur20-4di-p-1315170000\/\"]}]},{\"@type\":\"BreadcrumbList\",\"@id\":\"https:\/\/tienhungtech.com.vn\/en\/san-pham\/module-technical-ur20-4di-p-1315170000\/#breadcrumb\",\"itemListElement\":[{\"@type\":\"ListItem\",\"position\":1,\"name\":\"Trang ch\u1ee7\",\"item\":\"https:\/\/tienhungtech.com.vn\/en\/\"},{\"@type\":\"ListItem\",\"position\":2,\"name\":\"Product\",\"item\":\"https:\/\/tienhungtech.com.vn\/en\/san-pham\/\"},{\"@type\":\"ListItem\",\"position\":3,\"name\":\"MODULE TECHNICAL UR20-4DI-P &#8211; 1315170000\"}]},{\"@type\":\"WebSite\",\"@id\":\"https:\/\/tienhungtech.com.vn\/#website\",\"url\":\"https:\/\/tienhungtech.com.vn\/\",\"name\":\"TIEN HUNG TECH\",\"description\":\"Ti\u1ebfn H\u01b0ng l\u00e0 m\u1ed9t trong nh\u1eefng \u0111\u01a1n v\u1ecb h\u00e0ng \u0111\u1ea7u cung c\u1ea5p c\u00e1c thi\u1ebft b\u1ecb, d\u1ecbch v\u1ee5 v\u00e0 gi\u1ea3i ph\u00e1p li\u00ean quan \u0111\u1ebfn ng\u00e0nh t\u1ee7 b\u1ea3ng \u0111i\u1ec7n n\u00f3i ri\u00eang v\u00e0 t\u1ef1 \u0111\u1ed9ng ho\u00e1 n\u00f3i chung.\",\"publisher\":{\"@id\":\"https:\/\/tienhungtech.com.vn\/#organization\"},\"alternateName\":\"Ti\u1ebfn H\u01b0ng \u0111\u01b0\u1ee3c th\u00e0nh l\u1eadp v\u00e0o n\u0103m 2016, l\u00e0 t\u1ed5 ch\u1ee9c t\u1eadp h\u1ee3p nh\u1eefng k\u1ef9 s\u01b0 \u0111i\u1ec7n - t\u1ef1 \u0111\u1ed9ng ho\u00e1 \u01b0u t\u00fa v\u1edbi kh\u00e1t khao \u0111\u01b0\u1ee3c mang \u0111\u1ebfn cho qu\u00fd kh\u00e1ch h\u00e0ng, doanh nghi\u1ec7p tr\u00ean ph\u1ea1m vi c\u1ea3 n\u01b0\u1edbc Vi\u1ec7t Nam nh\u1eefng gi\u1ea3i ph\u00e1p \u0111i\u1ec7n - t\u1ef1 \u0111\u1ed9ng ho\u00e1 ti\u00ean ti\u1ebfn nh\u1ea5t.\",\"potentialAction\":[{\"@type\":\"SearchAction\",\"target\":{\"@type\":\"EntryPoint\",\"urlTemplate\":\"https:\/\/tienhungtech.com.vn\/?s={search_term_string}\"},\"query-input\":\"required name=search_term_string\"}],\"inLanguage\":\"en-US\"},{\"@type\":\"Organization\",\"@id\":\"https:\/\/tienhungtech.com.vn\/#organization\",\"name\":\"TIEN HUNG TECH\",\"alternateName\":\"Ti\u1ebfn H\u01b0ng \u0111\u01b0\u1ee3c th\u00e0nh l\u1eadp v\u00e0o n\u0103m 2016, l\u00e0 t\u1ed5 ch\u1ee9c t\u1eadp h\u1ee3p nh\u1eefng k\u1ef9 s\u01b0 \u0111i\u1ec7n - t\u1ef1 \u0111\u1ed9ng ho\u00e1 \u01b0u t\u00fa v\u1edbi kh\u00e1t khao \u0111\u01b0\u1ee3c mang \u0111\u1ebfn cho qu\u00fd kh\u00e1ch h\u00e0ng, doanh nghi\u1ec7p tr\u00ean ph\u1ea1m vi c\u1ea3 n\u01b0\u1edbc Vi\u1ec7t Nam nh\u1eefng gi\u1ea3i ph\u00e1p \u0111i\u1ec7n - t\u1ef1 \u0111\u1ed9ng ho\u00e1 ti\u00ean ti\u1ebfn nh\u1ea5t.\",\"url\":\"https:\/\/tienhungtech.com.vn\/\",\"logo\":{\"@type\":\"ImageObject\",\"inLanguage\":\"en-US\",\"@id\":\"https:\/\/tienhungtech.com.vn\/#\/schema\/logo\/image\/\",\"url\":\"https:\/\/tienhungtech.com.vn\/wp-content\/uploads\/2025\/07\/Logo-Tien-Hung-R-01.png\",\"contentUrl\":\"https:\/\/tienhungtech.com.vn\/wp-content\/uploads\/2025\/07\/Logo-Tien-Hung-R-01.png\",\"width\":1886,\"height\":575,\"caption\":\"TIEN HUNG TECH\"},\"image\":{\"@id\":\"https:\/\/tienhungtech.com.vn\/#\/schema\/logo\/image\/\"}}]}<\/script>\n<!-- \/ Yoast SEO plugin. -->","yoast_head_json":{"title":"MODULE TECHNICAL UR20-4DI-P - 1315170000 - C\u00d4NG TY C\u1ed4 PH\u1ea6N T\u1ef0 \u0110\u1ed8NG TI\u1ebeN H\u01afNG","robots":{"index":"index","follow":"follow","max-snippet":"max-snippet:-1","max-image-preview":"max-image-preview:large","max-video-preview":"max-video-preview:-1"},"canonical":"https:\/\/tienhungtech.com.vn\/en\/san-pham\/module-technical-ur20-4di-p-1315170000\/","og_locale":"en_US","og_type":"article","og_title":"MODULE TECHNICAL UR20-4DI-P - 1315170000 - C\u00d4NG TY C\u1ed4 PH\u1ea6N T\u1ef0 \u0110\u1ed8NG TI\u1ebeN H\u01afNG","og_description":"MODULE TECHNICAL","og_url":"https:\/\/tienhungtech.com.vn\/en\/san-pham\/module-technical-ur20-4di-p-1315170000\/","og_site_name":"C\u00d4NG TY C\u1ed4 PH\u1ea6N T\u1ef0 \u0110\u1ed8NG TI\u1ebeN H\u01afNG","og_image":[{"width":2048,"height":2048,"url":"https:\/\/tienhungtech.com.vn\/wp-content\/uploads\/2023\/07\/1315170000-website-tienhungtech-.jpg","type":"image\/jpeg"}],"twitter_card":"summary_large_image","schema":{"@context":"https:\/\/schema.org","@graph":[{"@type":"WebPage","@id":"https:\/\/tienhungtech.com.vn\/en\/san-pham\/module-technical-ur20-4di-p-1315170000\/","url":"https:\/\/tienhungtech.com.vn\/en\/san-pham\/module-technical-ur20-4di-p-1315170000\/","name":"MODULE TECHNICAL UR20-4DI-P - 1315170000 - C\u00d4NG TY C\u1ed4 PH\u1ea6N T\u1ef0 \u0110\u1ed8NG TI\u1ebeN H\u01afNG","isPartOf":{"@id":"https:\/\/tienhungtech.com.vn\/#website"},"datePublished":"2023-07-20T09:29:01+00:00","dateModified":"2023-07-20T09:29:01+00:00","breadcrumb":{"@id":"https:\/\/tienhungtech.com.vn\/en\/san-pham\/module-technical-ur20-4di-p-1315170000\/#breadcrumb"},"inLanguage":"en-US","potentialAction":[{"@type":"ReadAction","target":["https:\/\/tienhungtech.com.vn\/en\/san-pham\/module-technical-ur20-4di-p-1315170000\/"]}]},{"@type":"BreadcrumbList","@id":"https:\/\/tienhungtech.com.vn\/en\/san-pham\/module-technical-ur20-4di-p-1315170000\/#breadcrumb","itemListElement":[{"@type":"ListItem","position":1,"name":"Trang ch\u1ee7","item":"https:\/\/tienhungtech.com.vn\/en\/"},{"@type":"ListItem","position":2,"name":"Product","item":"https:\/\/tienhungtech.com.vn\/en\/san-pham\/"},{"@type":"ListItem","position":3,"name":"MODULE TECHNICAL UR20-4DI-P &#8211; 1315170000"}]},{"@type":"WebSite","@id":"https:\/\/tienhungtech.com.vn\/#website","url":"https:\/\/tienhungtech.com.vn\/","name":"TIEN HUNG TECH","description":"Ti\u1ebfn H\u01b0ng l\u00e0 m\u1ed9t trong nh\u1eefng \u0111\u01a1n v\u1ecb h\u00e0ng \u0111\u1ea7u cung c\u1ea5p c\u00e1c thi\u1ebft b\u1ecb, d\u1ecbch v\u1ee5 v\u00e0 gi\u1ea3i ph\u00e1p li\u00ean quan \u0111\u1ebfn ng\u00e0nh t\u1ee7 b\u1ea3ng \u0111i\u1ec7n n\u00f3i ri\u00eang v\u00e0 t\u1ef1 \u0111\u1ed9ng ho\u00e1 n\u00f3i chung.","publisher":{"@id":"https:\/\/tienhungtech.com.vn\/#organization"},"alternateName":"Ti\u1ebfn H\u01b0ng \u0111\u01b0\u1ee3c th\u00e0nh l\u1eadp v\u00e0o n\u0103m 2016, l\u00e0 t\u1ed5 ch\u1ee9c t\u1eadp h\u1ee3p nh\u1eefng k\u1ef9 s\u01b0 \u0111i\u1ec7n - t\u1ef1 \u0111\u1ed9ng ho\u00e1 \u01b0u t\u00fa v\u1edbi kh\u00e1t khao \u0111\u01b0\u1ee3c mang \u0111\u1ebfn cho qu\u00fd kh\u00e1ch h\u00e0ng, doanh nghi\u1ec7p tr\u00ean ph\u1ea1m vi c\u1ea3 n\u01b0\u1edbc Vi\u1ec7t Nam nh\u1eefng gi\u1ea3i ph\u00e1p \u0111i\u1ec7n - t\u1ef1 \u0111\u1ed9ng ho\u00e1 ti\u00ean ti\u1ebfn nh\u1ea5t.","potentialAction":[{"@type":"SearchAction","target":{"@type":"EntryPoint","urlTemplate":"https:\/\/tienhungtech.com.vn\/?s={search_term_string}"},"query-input":"required name=search_term_string"}],"inLanguage":"en-US"},{"@type":"Organization","@id":"https:\/\/tienhungtech.com.vn\/#organization","name":"TIEN HUNG TECH","alternateName":"Ti\u1ebfn H\u01b0ng \u0111\u01b0\u1ee3c th\u00e0nh l\u1eadp v\u00e0o n\u0103m 2016, l\u00e0 t\u1ed5 ch\u1ee9c t\u1eadp h\u1ee3p nh\u1eefng k\u1ef9 s\u01b0 \u0111i\u1ec7n - t\u1ef1 \u0111\u1ed9ng ho\u00e1 \u01b0u t\u00fa v\u1edbi kh\u00e1t khao \u0111\u01b0\u1ee3c mang \u0111\u1ebfn cho qu\u00fd kh\u00e1ch h\u00e0ng, doanh nghi\u1ec7p tr\u00ean ph\u1ea1m vi c\u1ea3 n\u01b0\u1edbc Vi\u1ec7t Nam nh\u1eefng gi\u1ea3i ph\u00e1p \u0111i\u1ec7n - t\u1ef1 \u0111\u1ed9ng ho\u00e1 ti\u00ean ti\u1ebfn nh\u1ea5t.","url":"https:\/\/tienhungtech.com.vn\/","logo":{"@type":"ImageObject","inLanguage":"en-US","@id":"https:\/\/tienhungtech.com.vn\/#\/schema\/logo\/image\/","url":"https:\/\/tienhungtech.com.vn\/wp-content\/uploads\/2025\/07\/Logo-Tien-Hung-R-01.png","contentUrl":"https:\/\/tienhungtech.com.vn\/wp-content\/uploads\/2025\/07\/Logo-Tien-Hung-R-01.png","width":1886,"height":575,"caption":"TIEN HUNG TECH"},"image":{"@id":"https:\/\/tienhungtech.com.vn\/#\/schema\/logo\/image\/"}}]}},"_links":{"self":[{"href":"https:\/\/tienhungtech.com.vn\/en\/wp-json\/wp\/v2\/product\/19020","targetHints":{"allow":["GET"]}}],"collection":[{"href":"https:\/\/tienhungtech.com.vn\/en\/wp-json\/wp\/v2\/product"}],"about":[{"href":"https:\/\/tienhungtech.com.vn\/en\/wp-json\/wp\/v2\/types\/product"}],"replies":[{"embeddable":true,"href":"https:\/\/tienhungtech.com.vn\/en\/wp-json\/wp\/v2\/comments?post=19020"}],"wp:featuredmedia":[{"embeddable":true,"href":"https:\/\/tienhungtech.com.vn\/en\/wp-json\/wp\/v2\/media\/19019"}],"wp:attachment":[{"href":"https:\/\/tienhungtech.com.vn\/en\/wp-json\/wp\/v2\/media?parent=19020"}],"wp:term":[{"taxonomy":"product_cat","embeddable":true,"href":"https:\/\/tienhungtech.com.vn\/en\/wp-json\/wp\/v2\/product_cat?post=19020"},{"taxonomy":"product_tag","embeddable":true,"href":"https:\/\/tienhungtech.com.vn\/en\/wp-json\/wp\/v2\/product_tag?post=19020"},{"taxonomy":"brand_product","embeddable":true,"href":"https:\/\/tienhungtech.com.vn\/en\/wp-json\/wp\/v2\/brand_product?post=19020"},{"taxonomy":"group_product","embeddable":true,"href":"https:\/\/tienhungtech.com.vn\/en\/wp-json\/wp\/v2\/group_product?post=19020"},{"taxonomy":"origin_product","embeddable":true,"href":"https:\/\/tienhungtech.com.vn\/en\/wp-json\/wp\/v2\/origin_product?post=19020"}],"curies":[{"name":"wp","href":"https:\/\/api.w.org\/{rel}","templated":true}]}}