{"id":13111,"date":"2023-02-27T15:18:46","date_gmt":"2023-02-27T08:18:46","guid":{"rendered":"https:\/\/tienhungtech.com.vn\/san-pham\/7760056105-drm570024ld-ro-le-4-cap-tiep-diem-weidmuller-tienhungtech\/"},"modified":"2025-03-31T08:42:34","modified_gmt":"2025-03-31T01:42:34","slug":"ro-le-4-cap-tiep-diem-drm570024ld-7760056105","status":"publish","type":"product","link":"https:\/\/tienhungtech.com.vn\/en\/san-pham\/ro-le-4-cap-tiep-diem-drm570024ld-7760056105\/","title":{"rendered":"R\u01a0 LE 4 C\u1eb6P TI\u1ebeP \u0110I\u1ec2M &#8211; DRM570024LD &#8211; 7760056105"},"content":{"rendered":"<p>\u0110\u1ea1i l\u00fd \u0111\u1ed9c quy\u1ec1n Weidmuller t\u1ea1i Vi\u1ec7t Nam.<br \/>\n&#8211; D-SERIES DRM, R\u01a1-le, S\u1ed1 ti\u1ebfp \u0111i\u1ec3m: 4, Ti\u1ebfp \u0111i\u1ec3m CO, m\u1ea1 v\u00e0ng \u0111\u00e8n flash AgNi, \u0110i\u1ec7n \u00e1p \u0111i\u1ec1u khi\u1ec3n \u0111\u1ecbnh m\u1ee9c: 24 V DC, D\u00f2ng \u0111i\u1ec7n li\u00ean t\u1ee5c: 5 A, K\u1ebft n\u1ed1i ph\u00edch c\u1eafm<br \/>\nTham kh\u1ea3o catalog chi ti\u1ebft theo \u0111\u01b0\u1eddng link sau (tr\u00edch ngu\u1ed3n https:\/\/www.weidmueller.com):<br \/>\n<a href=\"https:\/\/catalog.weidmueller.com\/catalog\/Start.do?ObjectID=7760056105\" target=\"_blank\" rel=\"noopener\">R\u01a0 LE 4 C\u1eb6P TI\u1ebeP \u0110I\u1ec2M &#8211; DRM570024LD &#8211; 7760056105<\/a><\/p>\n","protected":false},"excerpt":{"rendered":"<p>R\u01a0 LE 4 C\u1eb6P TI\u1ebeP \u0110I\u1ec2M<\/p>\n","protected":false},"featured_media":7667,"comment_status":"open","ping_status":"closed","template":"","meta":{"inline_featured_image":false},"product_cat":[1163],"product_tag":[2181,993,994,995,996,997,998,999,1000,1001,1002,1003,1005,1709,1007,1008,1009,1010,1011,1012,1013,1014,1015,1016,1032,1035,1053,1036,1037,1038,1041,1042,1043,1044,1045,1046,1048,1049,1050,1051,1052,1054,1055,1056,1057,1062,1063,1065,1066],"brand_product":[1067],"group_product":[1166],"origin_product":[1070],"class_list":["post-13111","product","type-product","status-publish","has-post-thumbnail","hentry","product_cat-ro-le-relay-weidmuller-en","product_tag-7760056105-drm570024ld-ro-le-4-cap-tiep-diem-weidmuller-tienhungtech-en","product_tag-bao-ve-dong-co-en","product_tag-bo-nguon-ups-en","product_tag-cable-en","product_tag-cap-cam-bien-en","product_tag-cat-loc-set-en","product_tag-cau-dau-day-en","product_tag-chong-set-en","product_tag-chuyen-doi-tin-hieu-en","product_tag-connectivity-en","product_tag-dai-ly-weidmuller-en","product_tag-dai-ly-weidmuller-mien-bac-en","product_tag-dai-ly-weidmuller-mien-trung-en","product_tag-dai-ly-weidmuller-thanh-pho-ho-chi-minh-dai-ly-weidmuller-mien-nam-en","product_tag-dau-noi-en","product_tag-dieu-khien-thiet-bi-giam-sat-en","product_tag-distribution-boxes-en","product_tag-electronics-housing-lightning-en","product_tag-enclosure-en","product_tag-ethernet-switch-en","product_tag-heavy-connectors-en","product_tag-hmi-bo-khoi-dong-en","product_tag-i-o-systems-en","product_tag-industrial-ethernet-en","product_tag-marshalling-cable-solutions-electronics-en","product_tag-module-mo-rong-en","product_tag-switch-mang-en","product_tag-pcb-plug-in-connectors-and-pcb-plug-in-terminals-en","product_tag-plc-relay-en","product_tag-plug-in-connectors-en","product_tag-power-supplies-en","product_tag-power-supply-weidmuller-en","product_tag-pv-combiner-box-en","product_tag-relay-en","product_tag-relay-kieng-en","product_tag-relay-modules-en","product_tag-remote-io-en","product_tag-ro-le-an-toan-en","product_tag-sensor-cables-en","product_tag-solid-state-relays-analog-signal-processing-en","product_tag-surge-protection-en","product_tag-terminal-blocks-en","product_tag-thiet-bi-do-luong-en","product_tag-tien-hung-tech-en","product_tag-weidmuller-en","product_tag-weidmuller-pte-ltd-en","product_tag-weidmuller-terminal-block-en","product_tag-weidmuller-tools-en","product_tag-weidmuller-viet-nam-en","brand_product-weidmuller-en","filter_product-ro-le-kieng-en","filter_product-ro-le-en","group_product-ro-le-en","origin_product-duc-en"],"acf":[],"yoast_head":"<!-- This site is optimized with the Yoast SEO plugin v19.10 - https:\/\/yoast.com\/wordpress\/plugins\/seo\/ -->\n<title>R\u01a0 LE 4 C\u1eb6P TI\u1ebeP \u0110I\u1ec2M - DRM570024LD - 7760056105 - C\u00d4NG TY C\u1ed4 PH\u1ea6N T\u1ef0 \u0110\u1ed8NG TI\u1ebeN H\u01afNG<\/title>\n<meta name=\"description\" content=\"- M\u00e3 s\u1ea3n ph\u1ea9m (order code): 7760056105- M\u00e3 s\u1ea3n ph\u1ea9m (type): DRM570024LD- D-SERIES DRM, R\u01a1-le, S\u1ed1 ti\u1ebfp \u0111i\u1ec3m: 4, Ti\u1ebfp \u0111i\u1ec3m CO, m\u1ea1 v\u00e0ng \u0111\u00e8n flash AgNi, \u0110i\u1ec7n \u00e1p \u0111i\u1ec1u khi\u1ec3n \u0111\u1ecbnh m\u1ee9c: 24 V DC, D\u00f2ng \u0111i\u1ec7n li\u00ean t\u1ee5c: 5 A, K\u1ebft n\u1ed1i ph\u00edch c\u1eafm- Nhi\u1ec7t \u0111\u1ed9 ho\u1ea1t \u0111\u1ed9ng -40 \u00b0C...60 \u00b0C- \u0110i\u1ec7n \u00e1p \u0111i\u1ec1u khi\u1ec3n \u0111\u1ecbnh m\u1ee9c 24 V DC- D\u00f2ng \u0111\u1ecbnh m\u1ee9c DC 37,8 mA- C\u00f4ng su\u1ea5t \u0111\u1ecbnh m\u1ee9c 0,9 W- \u0110i\u1ec7n \u00e1p pull-in\/drop-out, typ. 18 V \/ 2,4 V DC- \u0110i\u1ec7n tr\u1edf cu\u1ed9n d\u00e2y 630 \u03a9 \u00b1 10 %- Dung sai cu\u1ed9n d\u00e2y 10 %- Ch\u1ec9 b\u00e1o tr\u1ea1ng th\u00e1i \u0110\u00e8n LED m\u00e0u xanh l\u00e1 c\u00e2y- M\u1ea1ch b\u1ea3o v\u1ec7 Free-wheeling diodeTham kh\u1ea3o catalog chi ti\u1ebft theo \u0111\u01b0\u1eddng link sau (tr\u00edch ngu\u1ed3n https:\/\/www.weidmueller.com):7760056105 - DRM570024LD\" \/>\n<meta name=\"robots\" content=\"index, follow, max-snippet:-1, max-image-preview:large, max-video-preview:-1\" \/>\n<link rel=\"canonical\" href=\"https:\/\/tienhungtech.com.vn\/en\/san-pham\/ro-le-4-cap-tiep-diem-drm570024ld-7760056105\/\" \/>\n<meta property=\"og:locale\" content=\"en_US\" \/>\n<meta property=\"og:type\" content=\"article\" \/>\n<meta property=\"og:title\" content=\"R\u01a0 LE 4 C\u1eb6P TI\u1ebeP \u0110I\u1ec2M - DRM570024LD - 7760056105 - C\u00d4NG TY C\u1ed4 PH\u1ea6N T\u1ef0 \u0110\u1ed8NG TI\u1ebeN H\u01afNG\" \/>\n<meta property=\"og:description\" content=\"- M\u00e3 s\u1ea3n ph\u1ea9m (order code): 7760056105- M\u00e3 s\u1ea3n ph\u1ea9m (type): DRM570024LD- D-SERIES DRM, R\u01a1-le, S\u1ed1 ti\u1ebfp \u0111i\u1ec3m: 4, Ti\u1ebfp \u0111i\u1ec3m CO, m\u1ea1 v\u00e0ng \u0111\u00e8n flash AgNi, \u0110i\u1ec7n \u00e1p \u0111i\u1ec1u khi\u1ec3n \u0111\u1ecbnh m\u1ee9c: 24 V DC, D\u00f2ng \u0111i\u1ec7n li\u00ean t\u1ee5c: 5 A, K\u1ebft n\u1ed1i ph\u00edch c\u1eafm- Nhi\u1ec7t \u0111\u1ed9 ho\u1ea1t \u0111\u1ed9ng -40 \u00b0C...60 \u00b0C- \u0110i\u1ec7n \u00e1p \u0111i\u1ec1u khi\u1ec3n \u0111\u1ecbnh m\u1ee9c 24 V DC- D\u00f2ng \u0111\u1ecbnh m\u1ee9c DC 37,8 mA- C\u00f4ng su\u1ea5t \u0111\u1ecbnh m\u1ee9c 0,9 W- \u0110i\u1ec7n \u00e1p pull-in\/drop-out, typ. 18 V \/ 2,4 V DC- \u0110i\u1ec7n tr\u1edf cu\u1ed9n d\u00e2y 630 \u03a9 \u00b1 10 %- Dung sai cu\u1ed9n d\u00e2y 10 %- Ch\u1ec9 b\u00e1o tr\u1ea1ng th\u00e1i \u0110\u00e8n LED m\u00e0u xanh l\u00e1 c\u00e2y- M\u1ea1ch b\u1ea3o v\u1ec7 Free-wheeling diodeTham kh\u1ea3o catalog chi ti\u1ebft theo \u0111\u01b0\u1eddng link sau (tr\u00edch ngu\u1ed3n https:\/\/www.weidmueller.com):7760056105 - DRM570024LD\" \/>\n<meta property=\"og:url\" content=\"https:\/\/tienhungtech.com.vn\/en\/san-pham\/ro-le-4-cap-tiep-diem-drm570024ld-7760056105\/\" \/>\n<meta property=\"og:site_name\" content=\"C\u00d4NG TY C\u1ed4 PH\u1ea6N T\u1ef0 \u0110\u1ed8NG TI\u1ebeN H\u01afNG\" \/>\n<meta property=\"article:modified_time\" content=\"2025-03-31T01:42:34+00:00\" \/>\n<meta property=\"og:image\" content=\"https:\/\/tienhungtech.com.vn\/wp-content\/uploads\/2023\/02\/7760056105-1.jpg\" \/>\n\t<meta property=\"og:image:width\" content=\"2048\" \/>\n\t<meta property=\"og:image:height\" content=\"2048\" \/>\n\t<meta property=\"og:image:type\" content=\"image\/jpeg\" \/>\n<meta name=\"twitter:card\" content=\"summary_large_image\" \/>\n<script type=\"application\/ld+json\" class=\"yoast-schema-graph\">{\"@context\":\"https:\/\/schema.org\",\"@graph\":[{\"@type\":\"WebPage\",\"@id\":\"https:\/\/tienhungtech.com.vn\/en\/san-pham\/ro-le-4-cap-tiep-diem-drm570024ld-7760056105\/\",\"url\":\"https:\/\/tienhungtech.com.vn\/en\/san-pham\/ro-le-4-cap-tiep-diem-drm570024ld-7760056105\/\",\"name\":\"R\u01a0 LE 4 C\u1eb6P TI\u1ebeP \u0110I\u1ec2M - DRM570024LD - 7760056105 - C\u00d4NG TY C\u1ed4 PH\u1ea6N T\u1ef0 \u0110\u1ed8NG TI\u1ebeN H\u01afNG\",\"isPartOf\":{\"@id\":\"https:\/\/tienhungtech.com.vn\/#website\"},\"datePublished\":\"2023-02-27T08:18:46+00:00\",\"dateModified\":\"2025-03-31T01:42:34+00:00\",\"description\":\"- M\u00e3 s\u1ea3n ph\u1ea9m (order code): 7760056105- M\u00e3 s\u1ea3n ph\u1ea9m (type): DRM570024LD- D-SERIES DRM, R\u01a1-le, S\u1ed1 ti\u1ebfp \u0111i\u1ec3m: 4, Ti\u1ebfp \u0111i\u1ec3m CO, m\u1ea1 v\u00e0ng \u0111\u00e8n flash AgNi, \u0110i\u1ec7n \u00e1p \u0111i\u1ec1u khi\u1ec3n \u0111\u1ecbnh m\u1ee9c: 24 V DC, D\u00f2ng \u0111i\u1ec7n li\u00ean t\u1ee5c: 5 A, K\u1ebft n\u1ed1i ph\u00edch c\u1eafm- Nhi\u1ec7t \u0111\u1ed9 ho\u1ea1t \u0111\u1ed9ng -40 \u00b0C...60 \u00b0C- \u0110i\u1ec7n \u00e1p \u0111i\u1ec1u khi\u1ec3n \u0111\u1ecbnh m\u1ee9c 24 V DC- D\u00f2ng \u0111\u1ecbnh m\u1ee9c DC 37,8 mA- C\u00f4ng su\u1ea5t \u0111\u1ecbnh m\u1ee9c 0,9 W- \u0110i\u1ec7n \u00e1p pull-in\/drop-out, typ. 18 V \/ 2,4 V DC- \u0110i\u1ec7n tr\u1edf cu\u1ed9n d\u00e2y 630 \u03a9 \u00b1 10 %- Dung sai cu\u1ed9n d\u00e2y 10 %- Ch\u1ec9 b\u00e1o tr\u1ea1ng th\u00e1i \u0110\u00e8n LED m\u00e0u xanh l\u00e1 c\u00e2y- M\u1ea1ch b\u1ea3o v\u1ec7 Free-wheeling diodeTham kh\u1ea3o catalog chi ti\u1ebft theo \u0111\u01b0\u1eddng link sau (tr\u00edch ngu\u1ed3n https:\/\/www.weidmueller.com):7760056105 - DRM570024LD\",\"breadcrumb\":{\"@id\":\"https:\/\/tienhungtech.com.vn\/en\/san-pham\/ro-le-4-cap-tiep-diem-drm570024ld-7760056105\/#breadcrumb\"},\"inLanguage\":\"en-US\",\"potentialAction\":[{\"@type\":\"ReadAction\",\"target\":[\"https:\/\/tienhungtech.com.vn\/en\/san-pham\/ro-le-4-cap-tiep-diem-drm570024ld-7760056105\/\"]}]},{\"@type\":\"BreadcrumbList\",\"@id\":\"https:\/\/tienhungtech.com.vn\/en\/san-pham\/ro-le-4-cap-tiep-diem-drm570024ld-7760056105\/#breadcrumb\",\"itemListElement\":[{\"@type\":\"ListItem\",\"position\":1,\"name\":\"Trang ch\u1ee7\",\"item\":\"https:\/\/tienhungtech.com.vn\/en\/\"},{\"@type\":\"ListItem\",\"position\":2,\"name\":\"Product\",\"item\":\"https:\/\/tienhungtech.com.vn\/en\/san-pham\/\"},{\"@type\":\"ListItem\",\"position\":3,\"name\":\"R\u01a0 LE 4 C\u1eb6P TI\u1ebeP \u0110I\u1ec2M &#8211; DRM570024LD &#8211; 7760056105\"}]},{\"@type\":\"WebSite\",\"@id\":\"https:\/\/tienhungtech.com.vn\/#website\",\"url\":\"https:\/\/tienhungtech.com.vn\/\",\"name\":\"TIEN HUNG TECH\",\"description\":\"Ti\u1ebfn H\u01b0ng l\u00e0 m\u1ed9t trong nh\u1eefng \u0111\u01a1n v\u1ecb h\u00e0ng \u0111\u1ea7u cung c\u1ea5p c\u00e1c thi\u1ebft b\u1ecb, d\u1ecbch v\u1ee5 v\u00e0 gi\u1ea3i ph\u00e1p li\u00ean quan \u0111\u1ebfn ng\u00e0nh t\u1ee7 b\u1ea3ng \u0111i\u1ec7n n\u00f3i ri\u00eang v\u00e0 t\u1ef1 \u0111\u1ed9ng ho\u00e1 n\u00f3i chung.\",\"publisher\":{\"@id\":\"https:\/\/tienhungtech.com.vn\/#organization\"},\"alternateName\":\"Ti\u1ebfn H\u01b0ng \u0111\u01b0\u1ee3c th\u00e0nh l\u1eadp v\u00e0o n\u0103m 2016, l\u00e0 t\u1ed5 ch\u1ee9c t\u1eadp h\u1ee3p nh\u1eefng k\u1ef9 s\u01b0 \u0111i\u1ec7n - t\u1ef1 \u0111\u1ed9ng ho\u00e1 \u01b0u t\u00fa v\u1edbi kh\u00e1t khao \u0111\u01b0\u1ee3c mang \u0111\u1ebfn cho qu\u00fd kh\u00e1ch h\u00e0ng, doanh nghi\u1ec7p tr\u00ean ph\u1ea1m vi c\u1ea3 n\u01b0\u1edbc Vi\u1ec7t Nam nh\u1eefng gi\u1ea3i ph\u00e1p \u0111i\u1ec7n - t\u1ef1 \u0111\u1ed9ng ho\u00e1 ti\u00ean ti\u1ebfn nh\u1ea5t.\",\"potentialAction\":[{\"@type\":\"SearchAction\",\"target\":{\"@type\":\"EntryPoint\",\"urlTemplate\":\"https:\/\/tienhungtech.com.vn\/?s={search_term_string}\"},\"query-input\":\"required name=search_term_string\"}],\"inLanguage\":\"en-US\"},{\"@type\":\"Organization\",\"@id\":\"https:\/\/tienhungtech.com.vn\/#organization\",\"name\":\"TIEN HUNG TECH\",\"alternateName\":\"Ti\u1ebfn H\u01b0ng \u0111\u01b0\u1ee3c th\u00e0nh l\u1eadp v\u00e0o n\u0103m 2016, l\u00e0 t\u1ed5 ch\u1ee9c t\u1eadp h\u1ee3p nh\u1eefng k\u1ef9 s\u01b0 \u0111i\u1ec7n - t\u1ef1 \u0111\u1ed9ng ho\u00e1 \u01b0u t\u00fa v\u1edbi kh\u00e1t khao \u0111\u01b0\u1ee3c mang \u0111\u1ebfn cho qu\u00fd kh\u00e1ch h\u00e0ng, doanh nghi\u1ec7p tr\u00ean ph\u1ea1m vi c\u1ea3 n\u01b0\u1edbc Vi\u1ec7t Nam nh\u1eefng gi\u1ea3i ph\u00e1p \u0111i\u1ec7n - t\u1ef1 \u0111\u1ed9ng ho\u00e1 ti\u00ean ti\u1ebfn nh\u1ea5t.\",\"url\":\"https:\/\/tienhungtech.com.vn\/\",\"logo\":{\"@type\":\"ImageObject\",\"inLanguage\":\"en-US\",\"@id\":\"https:\/\/tienhungtech.com.vn\/#\/schema\/logo\/image\/\",\"url\":\"https:\/\/tienhungtech.com.vn\/wp-content\/uploads\/2025\/07\/Logo-Tien-Hung-R-01.png\",\"contentUrl\":\"https:\/\/tienhungtech.com.vn\/wp-content\/uploads\/2025\/07\/Logo-Tien-Hung-R-01.png\",\"width\":1886,\"height\":575,\"caption\":\"TIEN HUNG TECH\"},\"image\":{\"@id\":\"https:\/\/tienhungtech.com.vn\/#\/schema\/logo\/image\/\"}}]}<\/script>\n<!-- \/ Yoast SEO plugin. -->","yoast_head_json":{"title":"R\u01a0 LE 4 C\u1eb6P TI\u1ebeP \u0110I\u1ec2M - DRM570024LD - 7760056105 - C\u00d4NG TY C\u1ed4 PH\u1ea6N T\u1ef0 \u0110\u1ed8NG TI\u1ebeN H\u01afNG","description":"- M\u00e3 s\u1ea3n ph\u1ea9m (order code): 7760056105- M\u00e3 s\u1ea3n ph\u1ea9m (type): DRM570024LD- D-SERIES DRM, R\u01a1-le, S\u1ed1 ti\u1ebfp \u0111i\u1ec3m: 4, Ti\u1ebfp \u0111i\u1ec3m CO, m\u1ea1 v\u00e0ng \u0111\u00e8n flash AgNi, \u0110i\u1ec7n \u00e1p \u0111i\u1ec1u khi\u1ec3n \u0111\u1ecbnh m\u1ee9c: 24 V DC, D\u00f2ng \u0111i\u1ec7n li\u00ean t\u1ee5c: 5 A, K\u1ebft n\u1ed1i ph\u00edch c\u1eafm- Nhi\u1ec7t \u0111\u1ed9 ho\u1ea1t \u0111\u1ed9ng -40 \u00b0C...60 \u00b0C- \u0110i\u1ec7n \u00e1p \u0111i\u1ec1u khi\u1ec3n \u0111\u1ecbnh m\u1ee9c 24 V DC- D\u00f2ng \u0111\u1ecbnh m\u1ee9c DC 37,8 mA- C\u00f4ng su\u1ea5t \u0111\u1ecbnh m\u1ee9c 0,9 W- \u0110i\u1ec7n \u00e1p pull-in\/drop-out, typ. 18 V \/ 2,4 V DC- \u0110i\u1ec7n tr\u1edf cu\u1ed9n d\u00e2y 630 \u03a9 \u00b1 10 %- Dung sai cu\u1ed9n d\u00e2y 10 %- Ch\u1ec9 b\u00e1o tr\u1ea1ng th\u00e1i \u0110\u00e8n LED m\u00e0u xanh l\u00e1 c\u00e2y- M\u1ea1ch b\u1ea3o v\u1ec7 Free-wheeling diodeTham kh\u1ea3o catalog chi ti\u1ebft theo \u0111\u01b0\u1eddng link sau (tr\u00edch ngu\u1ed3n https:\/\/www.weidmueller.com):7760056105 - DRM570024LD","robots":{"index":"index","follow":"follow","max-snippet":"max-snippet:-1","max-image-preview":"max-image-preview:large","max-video-preview":"max-video-preview:-1"},"canonical":"https:\/\/tienhungtech.com.vn\/en\/san-pham\/ro-le-4-cap-tiep-diem-drm570024ld-7760056105\/","og_locale":"en_US","og_type":"article","og_title":"R\u01a0 LE 4 C\u1eb6P TI\u1ebeP \u0110I\u1ec2M - DRM570024LD - 7760056105 - C\u00d4NG TY C\u1ed4 PH\u1ea6N T\u1ef0 \u0110\u1ed8NG TI\u1ebeN H\u01afNG","og_description":"- M\u00e3 s\u1ea3n ph\u1ea9m (order code): 7760056105- M\u00e3 s\u1ea3n ph\u1ea9m (type): DRM570024LD- D-SERIES DRM, R\u01a1-le, S\u1ed1 ti\u1ebfp \u0111i\u1ec3m: 4, Ti\u1ebfp \u0111i\u1ec3m CO, m\u1ea1 v\u00e0ng \u0111\u00e8n flash AgNi, \u0110i\u1ec7n \u00e1p \u0111i\u1ec1u khi\u1ec3n \u0111\u1ecbnh m\u1ee9c: 24 V DC, D\u00f2ng \u0111i\u1ec7n li\u00ean t\u1ee5c: 5 A, K\u1ebft n\u1ed1i ph\u00edch c\u1eafm- Nhi\u1ec7t \u0111\u1ed9 ho\u1ea1t \u0111\u1ed9ng -40 \u00b0C...60 \u00b0C- \u0110i\u1ec7n \u00e1p \u0111i\u1ec1u khi\u1ec3n \u0111\u1ecbnh m\u1ee9c 24 V DC- D\u00f2ng \u0111\u1ecbnh m\u1ee9c DC 37,8 mA- C\u00f4ng su\u1ea5t \u0111\u1ecbnh m\u1ee9c 0,9 W- \u0110i\u1ec7n \u00e1p pull-in\/drop-out, typ. 18 V \/ 2,4 V DC- \u0110i\u1ec7n tr\u1edf cu\u1ed9n d\u00e2y 630 \u03a9 \u00b1 10 %- Dung sai cu\u1ed9n d\u00e2y 10 %- Ch\u1ec9 b\u00e1o tr\u1ea1ng th\u00e1i \u0110\u00e8n LED m\u00e0u xanh l\u00e1 c\u00e2y- M\u1ea1ch b\u1ea3o v\u1ec7 Free-wheeling diodeTham kh\u1ea3o catalog chi ti\u1ebft theo \u0111\u01b0\u1eddng link sau (tr\u00edch ngu\u1ed3n https:\/\/www.weidmueller.com):7760056105 - DRM570024LD","og_url":"https:\/\/tienhungtech.com.vn\/en\/san-pham\/ro-le-4-cap-tiep-diem-drm570024ld-7760056105\/","og_site_name":"C\u00d4NG TY C\u1ed4 PH\u1ea6N T\u1ef0 \u0110\u1ed8NG TI\u1ebeN H\u01afNG","article_modified_time":"2025-03-31T01:42:34+00:00","og_image":[{"width":2048,"height":2048,"url":"https:\/\/tienhungtech.com.vn\/wp-content\/uploads\/2023\/02\/7760056105-1.jpg","type":"image\/jpeg"}],"twitter_card":"summary_large_image","schema":{"@context":"https:\/\/schema.org","@graph":[{"@type":"WebPage","@id":"https:\/\/tienhungtech.com.vn\/en\/san-pham\/ro-le-4-cap-tiep-diem-drm570024ld-7760056105\/","url":"https:\/\/tienhungtech.com.vn\/en\/san-pham\/ro-le-4-cap-tiep-diem-drm570024ld-7760056105\/","name":"R\u01a0 LE 4 C\u1eb6P TI\u1ebeP \u0110I\u1ec2M - DRM570024LD - 7760056105 - C\u00d4NG TY C\u1ed4 PH\u1ea6N T\u1ef0 \u0110\u1ed8NG TI\u1ebeN H\u01afNG","isPartOf":{"@id":"https:\/\/tienhungtech.com.vn\/#website"},"datePublished":"2023-02-27T08:18:46+00:00","dateModified":"2025-03-31T01:42:34+00:00","description":"- M\u00e3 s\u1ea3n ph\u1ea9m (order code): 7760056105- M\u00e3 s\u1ea3n ph\u1ea9m (type): DRM570024LD- D-SERIES DRM, R\u01a1-le, S\u1ed1 ti\u1ebfp \u0111i\u1ec3m: 4, Ti\u1ebfp \u0111i\u1ec3m CO, m\u1ea1 v\u00e0ng \u0111\u00e8n flash AgNi, \u0110i\u1ec7n \u00e1p \u0111i\u1ec1u khi\u1ec3n \u0111\u1ecbnh m\u1ee9c: 24 V DC, D\u00f2ng \u0111i\u1ec7n li\u00ean t\u1ee5c: 5 A, K\u1ebft n\u1ed1i ph\u00edch c\u1eafm- Nhi\u1ec7t \u0111\u1ed9 ho\u1ea1t \u0111\u1ed9ng -40 \u00b0C...60 \u00b0C- \u0110i\u1ec7n \u00e1p \u0111i\u1ec1u khi\u1ec3n \u0111\u1ecbnh m\u1ee9c 24 V DC- D\u00f2ng \u0111\u1ecbnh m\u1ee9c DC 37,8 mA- C\u00f4ng su\u1ea5t \u0111\u1ecbnh m\u1ee9c 0,9 W- \u0110i\u1ec7n \u00e1p pull-in\/drop-out, typ. 18 V \/ 2,4 V DC- \u0110i\u1ec7n tr\u1edf cu\u1ed9n d\u00e2y 630 \u03a9 \u00b1 10 %- Dung sai cu\u1ed9n d\u00e2y 10 %- Ch\u1ec9 b\u00e1o tr\u1ea1ng th\u00e1i \u0110\u00e8n LED m\u00e0u xanh l\u00e1 c\u00e2y- M\u1ea1ch b\u1ea3o v\u1ec7 Free-wheeling diodeTham kh\u1ea3o catalog chi ti\u1ebft theo \u0111\u01b0\u1eddng link sau (tr\u00edch ngu\u1ed3n https:\/\/www.weidmueller.com):7760056105 - DRM570024LD","breadcrumb":{"@id":"https:\/\/tienhungtech.com.vn\/en\/san-pham\/ro-le-4-cap-tiep-diem-drm570024ld-7760056105\/#breadcrumb"},"inLanguage":"en-US","potentialAction":[{"@type":"ReadAction","target":["https:\/\/tienhungtech.com.vn\/en\/san-pham\/ro-le-4-cap-tiep-diem-drm570024ld-7760056105\/"]}]},{"@type":"BreadcrumbList","@id":"https:\/\/tienhungtech.com.vn\/en\/san-pham\/ro-le-4-cap-tiep-diem-drm570024ld-7760056105\/#breadcrumb","itemListElement":[{"@type":"ListItem","position":1,"name":"Trang ch\u1ee7","item":"https:\/\/tienhungtech.com.vn\/en\/"},{"@type":"ListItem","position":2,"name":"Product","item":"https:\/\/tienhungtech.com.vn\/en\/san-pham\/"},{"@type":"ListItem","position":3,"name":"R\u01a0 LE 4 C\u1eb6P TI\u1ebeP \u0110I\u1ec2M &#8211; DRM570024LD &#8211; 7760056105"}]},{"@type":"WebSite","@id":"https:\/\/tienhungtech.com.vn\/#website","url":"https:\/\/tienhungtech.com.vn\/","name":"TIEN HUNG TECH","description":"Ti\u1ebfn H\u01b0ng l\u00e0 m\u1ed9t trong nh\u1eefng \u0111\u01a1n v\u1ecb h\u00e0ng \u0111\u1ea7u cung c\u1ea5p c\u00e1c thi\u1ebft b\u1ecb, d\u1ecbch v\u1ee5 v\u00e0 gi\u1ea3i ph\u00e1p li\u00ean quan \u0111\u1ebfn ng\u00e0nh t\u1ee7 b\u1ea3ng \u0111i\u1ec7n n\u00f3i ri\u00eang v\u00e0 t\u1ef1 \u0111\u1ed9ng ho\u00e1 n\u00f3i chung.","publisher":{"@id":"https:\/\/tienhungtech.com.vn\/#organization"},"alternateName":"Ti\u1ebfn H\u01b0ng \u0111\u01b0\u1ee3c th\u00e0nh l\u1eadp v\u00e0o n\u0103m 2016, l\u00e0 t\u1ed5 ch\u1ee9c t\u1eadp h\u1ee3p nh\u1eefng k\u1ef9 s\u01b0 \u0111i\u1ec7n - t\u1ef1 \u0111\u1ed9ng ho\u00e1 \u01b0u t\u00fa v\u1edbi kh\u00e1t khao \u0111\u01b0\u1ee3c mang \u0111\u1ebfn cho qu\u00fd kh\u00e1ch h\u00e0ng, doanh nghi\u1ec7p tr\u00ean ph\u1ea1m vi c\u1ea3 n\u01b0\u1edbc Vi\u1ec7t Nam nh\u1eefng gi\u1ea3i ph\u00e1p \u0111i\u1ec7n - t\u1ef1 \u0111\u1ed9ng ho\u00e1 ti\u00ean ti\u1ebfn nh\u1ea5t.","potentialAction":[{"@type":"SearchAction","target":{"@type":"EntryPoint","urlTemplate":"https:\/\/tienhungtech.com.vn\/?s={search_term_string}"},"query-input":"required name=search_term_string"}],"inLanguage":"en-US"},{"@type":"Organization","@id":"https:\/\/tienhungtech.com.vn\/#organization","name":"TIEN HUNG TECH","alternateName":"Ti\u1ebfn H\u01b0ng \u0111\u01b0\u1ee3c th\u00e0nh l\u1eadp v\u00e0o n\u0103m 2016, l\u00e0 t\u1ed5 ch\u1ee9c t\u1eadp h\u1ee3p nh\u1eefng k\u1ef9 s\u01b0 \u0111i\u1ec7n - t\u1ef1 \u0111\u1ed9ng ho\u00e1 \u01b0u t\u00fa v\u1edbi kh\u00e1t khao \u0111\u01b0\u1ee3c mang \u0111\u1ebfn cho qu\u00fd kh\u00e1ch h\u00e0ng, doanh nghi\u1ec7p tr\u00ean ph\u1ea1m vi c\u1ea3 n\u01b0\u1edbc Vi\u1ec7t Nam nh\u1eefng gi\u1ea3i ph\u00e1p \u0111i\u1ec7n - t\u1ef1 \u0111\u1ed9ng ho\u00e1 ti\u00ean ti\u1ebfn nh\u1ea5t.","url":"https:\/\/tienhungtech.com.vn\/","logo":{"@type":"ImageObject","inLanguage":"en-US","@id":"https:\/\/tienhungtech.com.vn\/#\/schema\/logo\/image\/","url":"https:\/\/tienhungtech.com.vn\/wp-content\/uploads\/2025\/07\/Logo-Tien-Hung-R-01.png","contentUrl":"https:\/\/tienhungtech.com.vn\/wp-content\/uploads\/2025\/07\/Logo-Tien-Hung-R-01.png","width":1886,"height":575,"caption":"TIEN HUNG TECH"},"image":{"@id":"https:\/\/tienhungtech.com.vn\/#\/schema\/logo\/image\/"}}]}},"_links":{"self":[{"href":"https:\/\/tienhungtech.com.vn\/en\/wp-json\/wp\/v2\/product\/13111","targetHints":{"allow":["GET"]}}],"collection":[{"href":"https:\/\/tienhungtech.com.vn\/en\/wp-json\/wp\/v2\/product"}],"about":[{"href":"https:\/\/tienhungtech.com.vn\/en\/wp-json\/wp\/v2\/types\/product"}],"replies":[{"embeddable":true,"href":"https:\/\/tienhungtech.com.vn\/en\/wp-json\/wp\/v2\/comments?post=13111"}],"wp:featuredmedia":[{"embeddable":true,"href":"https:\/\/tienhungtech.com.vn\/en\/wp-json\/wp\/v2\/media\/7667"}],"wp:attachment":[{"href":"https:\/\/tienhungtech.com.vn\/en\/wp-json\/wp\/v2\/media?parent=13111"}],"wp:term":[{"taxonomy":"product_cat","embeddable":true,"href":"https:\/\/tienhungtech.com.vn\/en\/wp-json\/wp\/v2\/product_cat?post=13111"},{"taxonomy":"product_tag","embeddable":true,"href":"https:\/\/tienhungtech.com.vn\/en\/wp-json\/wp\/v2\/product_tag?post=13111"},{"taxonomy":"brand_product","embeddable":true,"href":"https:\/\/tienhungtech.com.vn\/en\/wp-json\/wp\/v2\/brand_product?post=13111"},{"taxonomy":"group_product","embeddable":true,"href":"https:\/\/tienhungtech.com.vn\/en\/wp-json\/wp\/v2\/group_product?post=13111"},{"taxonomy":"origin_product","embeddable":true,"href":"https:\/\/tienhungtech.com.vn\/en\/wp-json\/wp\/v2\/origin_product?post=13111"}],"curies":[{"name":"wp","href":"https:\/\/api.w.org\/{rel}","templated":true}]}}