{"id":12979,"date":"2023-03-14T16:53:18","date_gmt":"2023-03-14T09:53:18","guid":{"rendered":"https:\/\/tienhungtech.com.vn\/san-pham\/2882776-val-cp-mcb-3c-350-40-fm-bo-cat-loc-set-loai-2-ket-hop-mcb-3-pha-4-day-l1l2l3pen-nguon-240-415-vac-phoenix-contact-tienhungtech\/"},"modified":"2023-05-16T22:05:10","modified_gmt":"2023-05-16T15:05:10","slug":"2882776-val-cp-mcb-3c-350-40-fm-bo-cat-loc-set-loai-2-ket-hop-mcb-3-pha-4-day-l1l2l3pen-nguon-240-415-vac-phoenix-contact-tienhungtech","status":"publish","type":"product","link":"https:\/\/tienhungtech.com.vn\/en\/san-pham\/2882776-val-cp-mcb-3c-350-40-fm-bo-cat-loc-set-loai-2-ket-hop-mcb-3-pha-4-day-l1l2l3pen-nguon-240-415-vac-phoenix-contact-tienhungtech\/","title":{"rendered":"2882776 &#8211; VAL-CP-MCB-3C-350\/40\/FM &#8211; TYPE 2 FIRE FILTERS COMBINED 3-Phase 4-Wire MCB (L1,L2,L3,PEN), 240\/415 VAC SOURCE &#8211; PHOENIX CONTACT &#8211; TIENHUNGTECH"},"content":{"rendered":"<p>Combination of type 2 surge protection and arrester backup fuse, with monitoring of arrester and arrester backup fuse, in combination with a status indicator and remote indication contact. Design: 4-conductor system (L1, L2, L3, PEN), mounting on NS 35 DIN rail. Made in Germany.<\/p>\n<p>Refer to the detailed catalog at the following link (source https:\/\/www.phoenixcontact.com):<br \/>\n<a href=\"https:\/\/www.phoenixcontact.com\/en-pc\/products\/type2-surge-arrester-val-cp-mcb-3c-350-40-fm-2882776\">www.phoenixcontact.com<\/a><\/p>\n","protected":false},"excerpt":{"rendered":"<p>TYPE 2 FIRE FILTERS COMBINED 3-Phase 4-Wire MCB (L1,L2,L3,PEN), POWER 240\/415 VAC<\/p>\n","protected":false},"featured_media":8612,"comment_status":"open","ping_status":"closed","template":"","meta":{"inline_featured_image":false},"product_cat":[1922,1919],"product_tag":[993,994,996,997,998,999,1000,1007,1008,1012,1013,1014,1035,1053,1904,1905,1906,1907,1908,1909,1910,1911,1912,1913,1914,1915,1037,1045,1048,1049,1050,1054,1055,1056,1916],"brand_product":[],"group_product":[1374],"origin_product":[],"class_list":["post-12979","product","type-product","status-publish","has-post-thumbnail","hentry","product_cat-phoenixcontact-en","product_cat-chong-set-cat-loc-set-phoenixcontact-en","product_tag-bao-ve-dong-co-en","product_tag-bo-nguon-ups-en","product_tag-cap-cam-bien-en","product_tag-cat-loc-set-en","product_tag-cau-dau-day-en","product_tag-chong-set-en","product_tag-chuyen-doi-tin-hieu-en","product_tag-dau-noi-en","product_tag-dieu-khien-thiet-bi-giam-sat-en","product_tag-ethernet-switch-en","product_tag-heavy-connectors-en","product_tag-hmi-bo-khoi-dong-en","product_tag-module-mo-rong-en","product_tag-switch-mang-en","product_tag-nha-phan-phoi-phoenix-contact-mien-bac-en","product_tag-nha-phan-phoi-phoenix-contact-mien-nam-en","product_tag-nha-phan-phoi-phoenix-contact-mien-trung-en","product_tag-nha-phan-phoi-phoenix-contact-thanh-pho-ho-chi-minh-en","product_tag-nha-phan-phoi-phoenix-contact-viet-nam-en","product_tag-phoenix-contact-en","product_tag-phoenix-contact-power-supply-en","product_tag-phoenix-contact-power-supply-unit-en","product_tag-phoenix-contact-relay-en","product_tag-phoenix-contact-software-en","product_tag-phoenix-contact-terminal-block-en","product_tag-phoenix-contact-viet-nam-en","product_tag-plc-relay-en","product_tag-relay-kieng-en","product_tag-remote-io-en","product_tag-ro-le-an-toan-en","product_tag-sensor-cables-en","product_tag-terminal-blocks-en","product_tag-thiet-bi-do-luong-en","product_tag-tien-hung-tech-en","product_tag-tools-en","filter_product-lightning-conductor","group_product-lightning-conductor"],"acf":[],"yoast_head":"<!-- This site is optimized with the Yoast SEO plugin v19.10 - https:\/\/yoast.com\/wordpress\/plugins\/seo\/ -->\n<title>2882776 - VAL-CP-MCB-3C-350\/40\/FM - TYPE 2 FIRE FILTERS COMBINED 3-Phase 4-Wire MCB (L1,L2,L3,PEN), 240\/415 VAC SOURCE - PHOENIX CONTACT - TIENHUNGTECH - C\u00d4NG TY C\u1ed4 PH\u1ea6N T\u1ef0 \u0110\u1ed8NG TI\u1ebeN H\u01afNG<\/title>\n<meta name=\"robots\" content=\"index, follow, max-snippet:-1, max-image-preview:large, max-video-preview:-1\" \/>\n<link rel=\"canonical\" href=\"https:\/\/tienhungtech.com.vn\/en\/san-pham\/2882776-val-cp-mcb-3c-350-40-fm-bo-cat-loc-set-loai-2-ket-hop-mcb-3-pha-4-day-l1l2l3pen-nguon-240-415-vac-phoenix-contact-tienhungtech\/\" \/>\n<meta property=\"og:locale\" content=\"en_US\" \/>\n<meta property=\"og:type\" content=\"article\" \/>\n<meta property=\"og:title\" content=\"2882776 - VAL-CP-MCB-3C-350\/40\/FM - TYPE 2 FIRE FILTERS COMBINED 3-Phase 4-Wire MCB (L1,L2,L3,PEN), 240\/415 VAC SOURCE - PHOENIX CONTACT - TIENHUNGTECH - C\u00d4NG TY C\u1ed4 PH\u1ea6N T\u1ef0 \u0110\u1ed8NG TI\u1ebeN H\u01afNG\" \/>\n<meta property=\"og:description\" content=\"TYPE 2 FIRE FILTERS COMBINED 3-Phase 4-Wire MCB (L1,L2,L3,PEN), POWER 240\/415 VAC\" \/>\n<meta property=\"og:url\" content=\"https:\/\/tienhungtech.com.vn\/en\/san-pham\/2882776-val-cp-mcb-3c-350-40-fm-bo-cat-loc-set-loai-2-ket-hop-mcb-3-pha-4-day-l1l2l3pen-nguon-240-415-vac-phoenix-contact-tienhungtech\/\" \/>\n<meta property=\"og:site_name\" content=\"C\u00d4NG TY C\u1ed4 PH\u1ea6N T\u1ef0 \u0110\u1ed8NG TI\u1ebeN H\u01afNG\" \/>\n<meta property=\"article:modified_time\" content=\"2023-05-16T15:05:10+00:00\" \/>\n<meta property=\"og:image\" content=\"https:\/\/tienhungtech.com.vn\/wp-content\/uploads\/2023\/03\/2882776.jpg\" \/>\n\t<meta property=\"og:image:width\" content=\"2048\" \/>\n\t<meta property=\"og:image:height\" content=\"2048\" \/>\n\t<meta property=\"og:image:type\" content=\"image\/jpeg\" \/>\n<meta name=\"twitter:card\" content=\"summary_large_image\" \/>\n<meta name=\"twitter:label1\" content=\"Est. reading time\" \/>\n\t<meta name=\"twitter:data1\" content=\"1 minute\" \/>\n<script type=\"application\/ld+json\" class=\"yoast-schema-graph\">{\"@context\":\"https:\/\/schema.org\",\"@graph\":[{\"@type\":\"WebPage\",\"@id\":\"https:\/\/tienhungtech.com.vn\/en\/san-pham\/2882776-val-cp-mcb-3c-350-40-fm-bo-cat-loc-set-loai-2-ket-hop-mcb-3-pha-4-day-l1l2l3pen-nguon-240-415-vac-phoenix-contact-tienhungtech\/\",\"url\":\"https:\/\/tienhungtech.com.vn\/en\/san-pham\/2882776-val-cp-mcb-3c-350-40-fm-bo-cat-loc-set-loai-2-ket-hop-mcb-3-pha-4-day-l1l2l3pen-nguon-240-415-vac-phoenix-contact-tienhungtech\/\",\"name\":\"2882776 - VAL-CP-MCB-3C-350\/40\/FM - TYPE 2 FIRE FILTERS COMBINED 3-Phase 4-Wire MCB (L1,L2,L3,PEN), 240\/415 VAC SOURCE - PHOENIX CONTACT - TIENHUNGTECH - C\u00d4NG TY C\u1ed4 PH\u1ea6N T\u1ef0 \u0110\u1ed8NG TI\u1ebeN H\u01afNG\",\"isPartOf\":{\"@id\":\"https:\/\/tienhungtech.com.vn\/#website\"},\"datePublished\":\"2023-03-14T09:53:18+00:00\",\"dateModified\":\"2023-05-16T15:05:10+00:00\",\"breadcrumb\":{\"@id\":\"https:\/\/tienhungtech.com.vn\/en\/san-pham\/2882776-val-cp-mcb-3c-350-40-fm-bo-cat-loc-set-loai-2-ket-hop-mcb-3-pha-4-day-l1l2l3pen-nguon-240-415-vac-phoenix-contact-tienhungtech\/#breadcrumb\"},\"inLanguage\":\"en-US\",\"potentialAction\":[{\"@type\":\"ReadAction\",\"target\":[\"https:\/\/tienhungtech.com.vn\/en\/san-pham\/2882776-val-cp-mcb-3c-350-40-fm-bo-cat-loc-set-loai-2-ket-hop-mcb-3-pha-4-day-l1l2l3pen-nguon-240-415-vac-phoenix-contact-tienhungtech\/\"]}]},{\"@type\":\"BreadcrumbList\",\"@id\":\"https:\/\/tienhungtech.com.vn\/en\/san-pham\/2882776-val-cp-mcb-3c-350-40-fm-bo-cat-loc-set-loai-2-ket-hop-mcb-3-pha-4-day-l1l2l3pen-nguon-240-415-vac-phoenix-contact-tienhungtech\/#breadcrumb\",\"itemListElement\":[{\"@type\":\"ListItem\",\"position\":1,\"name\":\"Trang ch\u1ee7\",\"item\":\"https:\/\/tienhungtech.com.vn\/en\/\"},{\"@type\":\"ListItem\",\"position\":2,\"name\":\"Product\",\"item\":\"https:\/\/tienhungtech.com.vn\/en\/san-pham\/\"},{\"@type\":\"ListItem\",\"position\":3,\"name\":\"2882776 &#8211; VAL-CP-MCB-3C-350\/40\/FM &#8211; TYPE 2 FIRE FILTERS COMBINED 3-Phase 4-Wire MCB (L1,L2,L3,PEN), 240\/415 VAC SOURCE &#8211; PHOENIX CONTACT &#8211; TIENHUNGTECH\"}]},{\"@type\":\"WebSite\",\"@id\":\"https:\/\/tienhungtech.com.vn\/#website\",\"url\":\"https:\/\/tienhungtech.com.vn\/\",\"name\":\"TIEN HUNG TECH\",\"description\":\"Ti\u1ebfn H\u01b0ng l\u00e0 m\u1ed9t trong nh\u1eefng \u0111\u01a1n v\u1ecb h\u00e0ng \u0111\u1ea7u cung c\u1ea5p c\u00e1c thi\u1ebft b\u1ecb, d\u1ecbch v\u1ee5 v\u00e0 gi\u1ea3i ph\u00e1p li\u00ean quan \u0111\u1ebfn ng\u00e0nh t\u1ee7 b\u1ea3ng \u0111i\u1ec7n n\u00f3i ri\u00eang v\u00e0 t\u1ef1 \u0111\u1ed9ng ho\u00e1 n\u00f3i chung.\",\"publisher\":{\"@id\":\"https:\/\/tienhungtech.com.vn\/#organization\"},\"alternateName\":\"Ti\u1ebfn H\u01b0ng \u0111\u01b0\u1ee3c th\u00e0nh l\u1eadp v\u00e0o n\u0103m 2016, l\u00e0 t\u1ed5 ch\u1ee9c t\u1eadp h\u1ee3p nh\u1eefng k\u1ef9 s\u01b0 \u0111i\u1ec7n - t\u1ef1 \u0111\u1ed9ng ho\u00e1 \u01b0u t\u00fa v\u1edbi kh\u00e1t khao \u0111\u01b0\u1ee3c mang \u0111\u1ebfn cho qu\u00fd kh\u00e1ch h\u00e0ng, doanh nghi\u1ec7p tr\u00ean ph\u1ea1m vi c\u1ea3 n\u01b0\u1edbc Vi\u1ec7t Nam nh\u1eefng gi\u1ea3i ph\u00e1p \u0111i\u1ec7n - t\u1ef1 \u0111\u1ed9ng ho\u00e1 ti\u00ean ti\u1ebfn nh\u1ea5t.\",\"potentialAction\":[{\"@type\":\"SearchAction\",\"target\":{\"@type\":\"EntryPoint\",\"urlTemplate\":\"https:\/\/tienhungtech.com.vn\/?s={search_term_string}\"},\"query-input\":\"required name=search_term_string\"}],\"inLanguage\":\"en-US\"},{\"@type\":\"Organization\",\"@id\":\"https:\/\/tienhungtech.com.vn\/#organization\",\"name\":\"TIEN HUNG TECH\",\"alternateName\":\"Ti\u1ebfn H\u01b0ng \u0111\u01b0\u1ee3c th\u00e0nh l\u1eadp v\u00e0o n\u0103m 2016, l\u00e0 t\u1ed5 ch\u1ee9c t\u1eadp h\u1ee3p nh\u1eefng k\u1ef9 s\u01b0 \u0111i\u1ec7n - t\u1ef1 \u0111\u1ed9ng ho\u00e1 \u01b0u t\u00fa v\u1edbi kh\u00e1t khao \u0111\u01b0\u1ee3c mang \u0111\u1ebfn cho qu\u00fd kh\u00e1ch h\u00e0ng, doanh nghi\u1ec7p tr\u00ean ph\u1ea1m vi c\u1ea3 n\u01b0\u1edbc Vi\u1ec7t Nam nh\u1eefng gi\u1ea3i ph\u00e1p \u0111i\u1ec7n - t\u1ef1 \u0111\u1ed9ng ho\u00e1 ti\u00ean ti\u1ebfn nh\u1ea5t.\",\"url\":\"https:\/\/tienhungtech.com.vn\/\",\"logo\":{\"@type\":\"ImageObject\",\"inLanguage\":\"en-US\",\"@id\":\"https:\/\/tienhungtech.com.vn\/#\/schema\/logo\/image\/\",\"url\":\"https:\/\/tienhungtech.com.vn\/wp-content\/uploads\/2025\/07\/Logo-Tien-Hung-R-01.png\",\"contentUrl\":\"https:\/\/tienhungtech.com.vn\/wp-content\/uploads\/2025\/07\/Logo-Tien-Hung-R-01.png\",\"width\":1886,\"height\":575,\"caption\":\"TIEN HUNG TECH\"},\"image\":{\"@id\":\"https:\/\/tienhungtech.com.vn\/#\/schema\/logo\/image\/\"}}]}<\/script>\n<!-- \/ Yoast SEO plugin. -->","yoast_head_json":{"title":"2882776 - VAL-CP-MCB-3C-350\/40\/FM - TYPE 2 FIRE FILTERS COMBINED 3-Phase 4-Wire MCB (L1,L2,L3,PEN), 240\/415 VAC SOURCE - PHOENIX CONTACT - TIENHUNGTECH - C\u00d4NG TY C\u1ed4 PH\u1ea6N T\u1ef0 \u0110\u1ed8NG TI\u1ebeN H\u01afNG","robots":{"index":"index","follow":"follow","max-snippet":"max-snippet:-1","max-image-preview":"max-image-preview:large","max-video-preview":"max-video-preview:-1"},"canonical":"https:\/\/tienhungtech.com.vn\/en\/san-pham\/2882776-val-cp-mcb-3c-350-40-fm-bo-cat-loc-set-loai-2-ket-hop-mcb-3-pha-4-day-l1l2l3pen-nguon-240-415-vac-phoenix-contact-tienhungtech\/","og_locale":"en_US","og_type":"article","og_title":"2882776 - VAL-CP-MCB-3C-350\/40\/FM - TYPE 2 FIRE FILTERS COMBINED 3-Phase 4-Wire MCB (L1,L2,L3,PEN), 240\/415 VAC SOURCE - PHOENIX CONTACT - TIENHUNGTECH - C\u00d4NG TY C\u1ed4 PH\u1ea6N T\u1ef0 \u0110\u1ed8NG TI\u1ebeN H\u01afNG","og_description":"TYPE 2 FIRE FILTERS COMBINED 3-Phase 4-Wire MCB (L1,L2,L3,PEN), POWER 240\/415 VAC","og_url":"https:\/\/tienhungtech.com.vn\/en\/san-pham\/2882776-val-cp-mcb-3c-350-40-fm-bo-cat-loc-set-loai-2-ket-hop-mcb-3-pha-4-day-l1l2l3pen-nguon-240-415-vac-phoenix-contact-tienhungtech\/","og_site_name":"C\u00d4NG TY C\u1ed4 PH\u1ea6N T\u1ef0 \u0110\u1ed8NG TI\u1ebeN H\u01afNG","article_modified_time":"2023-05-16T15:05:10+00:00","og_image":[{"width":2048,"height":2048,"url":"https:\/\/tienhungtech.com.vn\/wp-content\/uploads\/2023\/03\/2882776.jpg","type":"image\/jpeg"}],"twitter_card":"summary_large_image","twitter_misc":{"Est. reading time":"1 minute"},"schema":{"@context":"https:\/\/schema.org","@graph":[{"@type":"WebPage","@id":"https:\/\/tienhungtech.com.vn\/en\/san-pham\/2882776-val-cp-mcb-3c-350-40-fm-bo-cat-loc-set-loai-2-ket-hop-mcb-3-pha-4-day-l1l2l3pen-nguon-240-415-vac-phoenix-contact-tienhungtech\/","url":"https:\/\/tienhungtech.com.vn\/en\/san-pham\/2882776-val-cp-mcb-3c-350-40-fm-bo-cat-loc-set-loai-2-ket-hop-mcb-3-pha-4-day-l1l2l3pen-nguon-240-415-vac-phoenix-contact-tienhungtech\/","name":"2882776 - VAL-CP-MCB-3C-350\/40\/FM - TYPE 2 FIRE FILTERS COMBINED 3-Phase 4-Wire MCB (L1,L2,L3,PEN), 240\/415 VAC SOURCE - PHOENIX CONTACT - TIENHUNGTECH - C\u00d4NG TY C\u1ed4 PH\u1ea6N T\u1ef0 \u0110\u1ed8NG TI\u1ebeN H\u01afNG","isPartOf":{"@id":"https:\/\/tienhungtech.com.vn\/#website"},"datePublished":"2023-03-14T09:53:18+00:00","dateModified":"2023-05-16T15:05:10+00:00","breadcrumb":{"@id":"https:\/\/tienhungtech.com.vn\/en\/san-pham\/2882776-val-cp-mcb-3c-350-40-fm-bo-cat-loc-set-loai-2-ket-hop-mcb-3-pha-4-day-l1l2l3pen-nguon-240-415-vac-phoenix-contact-tienhungtech\/#breadcrumb"},"inLanguage":"en-US","potentialAction":[{"@type":"ReadAction","target":["https:\/\/tienhungtech.com.vn\/en\/san-pham\/2882776-val-cp-mcb-3c-350-40-fm-bo-cat-loc-set-loai-2-ket-hop-mcb-3-pha-4-day-l1l2l3pen-nguon-240-415-vac-phoenix-contact-tienhungtech\/"]}]},{"@type":"BreadcrumbList","@id":"https:\/\/tienhungtech.com.vn\/en\/san-pham\/2882776-val-cp-mcb-3c-350-40-fm-bo-cat-loc-set-loai-2-ket-hop-mcb-3-pha-4-day-l1l2l3pen-nguon-240-415-vac-phoenix-contact-tienhungtech\/#breadcrumb","itemListElement":[{"@type":"ListItem","position":1,"name":"Trang ch\u1ee7","item":"https:\/\/tienhungtech.com.vn\/en\/"},{"@type":"ListItem","position":2,"name":"Product","item":"https:\/\/tienhungtech.com.vn\/en\/san-pham\/"},{"@type":"ListItem","position":3,"name":"2882776 &#8211; VAL-CP-MCB-3C-350\/40\/FM &#8211; TYPE 2 FIRE FILTERS COMBINED 3-Phase 4-Wire MCB (L1,L2,L3,PEN), 240\/415 VAC SOURCE &#8211; PHOENIX CONTACT &#8211; TIENHUNGTECH"}]},{"@type":"WebSite","@id":"https:\/\/tienhungtech.com.vn\/#website","url":"https:\/\/tienhungtech.com.vn\/","name":"TIEN HUNG TECH","description":"Ti\u1ebfn H\u01b0ng l\u00e0 m\u1ed9t trong nh\u1eefng \u0111\u01a1n v\u1ecb h\u00e0ng \u0111\u1ea7u cung c\u1ea5p c\u00e1c thi\u1ebft b\u1ecb, d\u1ecbch v\u1ee5 v\u00e0 gi\u1ea3i ph\u00e1p li\u00ean quan \u0111\u1ebfn ng\u00e0nh t\u1ee7 b\u1ea3ng \u0111i\u1ec7n n\u00f3i ri\u00eang v\u00e0 t\u1ef1 \u0111\u1ed9ng ho\u00e1 n\u00f3i chung.","publisher":{"@id":"https:\/\/tienhungtech.com.vn\/#organization"},"alternateName":"Ti\u1ebfn H\u01b0ng \u0111\u01b0\u1ee3c th\u00e0nh l\u1eadp v\u00e0o n\u0103m 2016, l\u00e0 t\u1ed5 ch\u1ee9c t\u1eadp h\u1ee3p nh\u1eefng k\u1ef9 s\u01b0 \u0111i\u1ec7n - t\u1ef1 \u0111\u1ed9ng ho\u00e1 \u01b0u t\u00fa v\u1edbi kh\u00e1t khao \u0111\u01b0\u1ee3c mang \u0111\u1ebfn cho qu\u00fd kh\u00e1ch h\u00e0ng, doanh nghi\u1ec7p tr\u00ean ph\u1ea1m vi c\u1ea3 n\u01b0\u1edbc Vi\u1ec7t Nam nh\u1eefng gi\u1ea3i ph\u00e1p \u0111i\u1ec7n - t\u1ef1 \u0111\u1ed9ng ho\u00e1 ti\u00ean ti\u1ebfn nh\u1ea5t.","potentialAction":[{"@type":"SearchAction","target":{"@type":"EntryPoint","urlTemplate":"https:\/\/tienhungtech.com.vn\/?s={search_term_string}"},"query-input":"required name=search_term_string"}],"inLanguage":"en-US"},{"@type":"Organization","@id":"https:\/\/tienhungtech.com.vn\/#organization","name":"TIEN HUNG TECH","alternateName":"Ti\u1ebfn H\u01b0ng \u0111\u01b0\u1ee3c th\u00e0nh l\u1eadp v\u00e0o n\u0103m 2016, l\u00e0 t\u1ed5 ch\u1ee9c t\u1eadp h\u1ee3p nh\u1eefng k\u1ef9 s\u01b0 \u0111i\u1ec7n - t\u1ef1 \u0111\u1ed9ng ho\u00e1 \u01b0u t\u00fa v\u1edbi kh\u00e1t khao \u0111\u01b0\u1ee3c mang \u0111\u1ebfn cho qu\u00fd kh\u00e1ch h\u00e0ng, doanh nghi\u1ec7p tr\u00ean ph\u1ea1m vi c\u1ea3 n\u01b0\u1edbc Vi\u1ec7t Nam nh\u1eefng gi\u1ea3i ph\u00e1p \u0111i\u1ec7n - t\u1ef1 \u0111\u1ed9ng ho\u00e1 ti\u00ean ti\u1ebfn nh\u1ea5t.","url":"https:\/\/tienhungtech.com.vn\/","logo":{"@type":"ImageObject","inLanguage":"en-US","@id":"https:\/\/tienhungtech.com.vn\/#\/schema\/logo\/image\/","url":"https:\/\/tienhungtech.com.vn\/wp-content\/uploads\/2025\/07\/Logo-Tien-Hung-R-01.png","contentUrl":"https:\/\/tienhungtech.com.vn\/wp-content\/uploads\/2025\/07\/Logo-Tien-Hung-R-01.png","width":1886,"height":575,"caption":"TIEN HUNG TECH"},"image":{"@id":"https:\/\/tienhungtech.com.vn\/#\/schema\/logo\/image\/"}}]}},"_links":{"self":[{"href":"https:\/\/tienhungtech.com.vn\/en\/wp-json\/wp\/v2\/product\/12979","targetHints":{"allow":["GET"]}}],"collection":[{"href":"https:\/\/tienhungtech.com.vn\/en\/wp-json\/wp\/v2\/product"}],"about":[{"href":"https:\/\/tienhungtech.com.vn\/en\/wp-json\/wp\/v2\/types\/product"}],"replies":[{"embeddable":true,"href":"https:\/\/tienhungtech.com.vn\/en\/wp-json\/wp\/v2\/comments?post=12979"}],"wp:featuredmedia":[{"embeddable":true,"href":"https:\/\/tienhungtech.com.vn\/en\/wp-json\/wp\/v2\/media\/8612"}],"wp:attachment":[{"href":"https:\/\/tienhungtech.com.vn\/en\/wp-json\/wp\/v2\/media?parent=12979"}],"wp:term":[{"taxonomy":"product_cat","embeddable":true,"href":"https:\/\/tienhungtech.com.vn\/en\/wp-json\/wp\/v2\/product_cat?post=12979"},{"taxonomy":"product_tag","embeddable":true,"href":"https:\/\/tienhungtech.com.vn\/en\/wp-json\/wp\/v2\/product_tag?post=12979"},{"taxonomy":"brand_product","embeddable":true,"href":"https:\/\/tienhungtech.com.vn\/en\/wp-json\/wp\/v2\/brand_product?post=12979"},{"taxonomy":"group_product","embeddable":true,"href":"https:\/\/tienhungtech.com.vn\/en\/wp-json\/wp\/v2\/group_product?post=12979"},{"taxonomy":"origin_product","embeddable":true,"href":"https:\/\/tienhungtech.com.vn\/en\/wp-json\/wp\/v2\/origin_product?post=12979"}],"curies":[{"name":"wp","href":"https:\/\/api.w.org\/{rel}","templated":true}]}}