{"id":12819,"date":"2023-04-06T17:03:28","date_gmt":"2023-04-06T10:03:28","guid":{"rendered":"https:\/\/tienhungtech.com.vn\/san-pham\/th-sw-10w-den-led-cong-tac-hanh-trinh-cho-tu-bang-dien-tien-hung-led-tienhungtech\/"},"modified":"2023-05-16T21:28:32","modified_gmt":"2023-05-16T14:28:32","slug":"th-sw-10w-den-led-cong-tac-hanh-trinh-cho-tu-bang-dien-tien-hung-led-tienhungtech","status":"publish","type":"product","link":"https:\/\/tienhungtech.com.vn\/en\/san-pham\/th-sw-10w-den-led-cong-tac-hanh-trinh-cho-tu-bang-dien-tien-hung-led-tienhungtech\/","title":{"rendered":"TH-SW-10W \u2013 TRAVEL SWITCH LED LIGHT FOR ELECTRICAL TABLES &#8211; TIEN HUNG LED \u2013 TIENHUNGTECH"},"content":{"rendered":"<p>TH-SW-10W &#8211; TRAVEL SWITCH LED LIGHT FOR TIEN HUNG LED ELECTRICAL TABLE &#8211; TIENHUNGTECH<\/p>\n<p>LED LIGHTS FOR SWITCHBOARDS &#8211; PRODUCT OF TIEN HUNG<\/p>\n<p><span style=\"text-decoration: underline;\"><strong>REFERENCES SOME OTHER LED LIGHT TYPES OF TIEN HUNG<\/strong><\/span><\/p>\n<p>Sensor LEDs<\/p>\n<p><a href=\"https:\/\/tienhungtech.com.vn\/en\/san-pham\/th-se-8w-den-led-cam-bien-cho-tu-bang-dien-tien-hung-led-tienhungtech\/\">TH-SE-8W<\/a><\/p>\n<p><a href=\"https:\/\/tienhungtech.com.vn\/san-pham\/th-se-10w-den-led-cam-bien-danh-cho-tu-dien-cong-nghiep-tien-hung-tech\/\">TH-SE-10W<\/a><\/p>\n<p>Cruise switch LED light:<\/p>\n<p><a href=\"https:\/\/tienhungtech.com.vn\/san-pham\/th-sw-8w-den-led-cong-tac-hanh-trinh-cho-tu-bang-dien-tien-hung-led-tienhungtech\/\">TH-SW-8W<\/a><\/p>\n<p><a href=\"https:\/\/tienhungtech.com.vn\/san-pham\/th-sw-10w-den-led-cong-tac-hanh-trinh-cho-tu-bang-dien-tien-hung-led-tienhungtech\/\">TH-SW-10W<\/a><\/p>\n<p>&nbsp;<\/p>\n<p>&nbsp;<\/p>\n","protected":false},"excerpt":{"rendered":"<p>TRAVEL SWITCH LED LIGHT FOR ELECTRIC SWITCH TABLES<\/p>\n","protected":false},"featured_media":9817,"comment_status":"open","ping_status":"closed","template":"","meta":{"inline_featured_image":false},"product_cat":[1973],"product_tag":[1974,1975,1976,1977,1978,1979,1980,1981,1982,1017,1983,1018,1019,1020,1021,1022,1023,1024,1025,1026,1027,1028,1029,1030,1031,1984,1854,1985,1986,1987,1056,1115,1988,1989],"brand_product":[1336],"group_product":[1382],"origin_product":[1212],"class_list":["post-12819","product","type-product","status-publish","has-post-thumbnail","hentry","product_cat-tien-hung-tech-en","product_tag-automation-solutions-en","product_tag-cabinet-en","product_tag-den-cam-bien-en","product_tag-den-led-en","product_tag-den-led-cam-bien-danh-cho-tu-dien-cong-nghiep-en","product_tag-den-led-mien-bac-en","product_tag-den-led-mien-nam-en","product_tag-den-led-mien-trung-en","product_tag-den-led-viet-nam-en","product_tag-khu-cong-nghe-cao-quan-9-en","product_tag-khu-cong-nghiep-en","product_tag-khu-cong-nghiep-bac-dong-phu-en","product_tag-khu-cong-nghiep-becamex-binh-phuoc-en","product_tag-khu-cong-nghiep-binh-xuyen-en","product_tag-khu-cong-nghiep-dong-xoai-en","product_tag-khu-cong-nghiep-ledana-en","product_tag-khu-cong-nghiep-minh-hung-han-quoc-en","product_tag-khu-cong-nghiep-my-phuoc-en","product_tag-khu-cong-nghiep-nam-son-hap-linh-en","product_tag-khu-cong-nghiep-phu-nghia-en","product_tag-khu-cong-nghiep-tan-khai-en","product_tag-khu-cong-nghiep-tan-phu-trung-en","product_tag-khu-cong-nghiep-tan-tao-en","product_tag-khu-cong-nghiep-viet-nam-en","product_tag-khu-cong-nghiep-vsip-en","product_tag-led-lights-for-switchboards-en","product_tag-omron-thanh-pho-ho-chi-minh-en","product_tag-product-of-tien-hung-en","product_tag-thiet-bi-nha-may-en","product_tag-tien-hung-led-en","product_tag-tien-hung-tech-en","product_tag-tienhungtech-en","product_tag-tu-dien-en","product_tag-tu-dong-hoa-en","brand_product-tien-hung-led-en","filter_product-tien-hung-led-en","group_product-tien-hung-led-en","origin_product-trung-quoc-en"],"acf":[],"yoast_head":"<!-- This site is optimized with the Yoast SEO plugin v19.10 - https:\/\/yoast.com\/wordpress\/plugins\/seo\/ -->\n<title>TH-SW-10W \u2013 TRAVEL SWITCH LED LIGHT FOR ELECTRICAL TABLES - TIEN HUNG LED \u2013 TIENHUNGTECH - C\u00d4NG TY C\u1ed4 PH\u1ea6N T\u1ef0 \u0110\u1ed8NG TI\u1ebeN H\u01afNG<\/title>\n<meta name=\"robots\" content=\"index, follow, max-snippet:-1, max-image-preview:large, max-video-preview:-1\" \/>\n<link rel=\"canonical\" href=\"https:\/\/tienhungtech.com.vn\/en\/san-pham\/th-sw-10w-den-led-cong-tac-hanh-trinh-cho-tu-bang-dien-tien-hung-led-tienhungtech\/\" \/>\n<meta property=\"og:locale\" content=\"en_US\" \/>\n<meta property=\"og:type\" content=\"article\" \/>\n<meta property=\"og:title\" content=\"TH-SW-10W \u2013 TRAVEL SWITCH LED LIGHT FOR ELECTRICAL TABLES - TIEN HUNG LED \u2013 TIENHUNGTECH - C\u00d4NG TY C\u1ed4 PH\u1ea6N T\u1ef0 \u0110\u1ed8NG TI\u1ebeN H\u01afNG\" \/>\n<meta property=\"og:description\" content=\"TRAVEL SWITCH LED LIGHT FOR ELECTRIC SWITCH TABLES\" \/>\n<meta property=\"og:url\" content=\"https:\/\/tienhungtech.com.vn\/en\/san-pham\/th-sw-10w-den-led-cong-tac-hanh-trinh-cho-tu-bang-dien-tien-hung-led-tienhungtech\/\" \/>\n<meta property=\"og:site_name\" content=\"C\u00d4NG TY C\u1ed4 PH\u1ea6N T\u1ef0 \u0110\u1ed8NG TI\u1ebeN H\u01afNG\" \/>\n<meta property=\"article:modified_time\" content=\"2023-05-16T14:28:32+00:00\" \/>\n<meta property=\"og:image\" content=\"https:\/\/tienhungtech.com.vn\/wp-content\/uploads\/2023\/04\/TH-SW-10W.jpg\" \/>\n\t<meta property=\"og:image:width\" content=\"2048\" \/>\n\t<meta property=\"og:image:height\" content=\"2048\" \/>\n\t<meta property=\"og:image:type\" content=\"image\/jpeg\" \/>\n<meta name=\"twitter:card\" content=\"summary_large_image\" \/>\n<meta name=\"twitter:label1\" content=\"Est. reading time\" \/>\n\t<meta name=\"twitter:data1\" content=\"1 minute\" \/>\n<script type=\"application\/ld+json\" class=\"yoast-schema-graph\">{\"@context\":\"https:\/\/schema.org\",\"@graph\":[{\"@type\":\"WebPage\",\"@id\":\"https:\/\/tienhungtech.com.vn\/en\/san-pham\/th-sw-10w-den-led-cong-tac-hanh-trinh-cho-tu-bang-dien-tien-hung-led-tienhungtech\/\",\"url\":\"https:\/\/tienhungtech.com.vn\/en\/san-pham\/th-sw-10w-den-led-cong-tac-hanh-trinh-cho-tu-bang-dien-tien-hung-led-tienhungtech\/\",\"name\":\"TH-SW-10W \u2013 TRAVEL SWITCH LED LIGHT FOR ELECTRICAL TABLES - TIEN HUNG LED \u2013 TIENHUNGTECH - C\u00d4NG TY C\u1ed4 PH\u1ea6N T\u1ef0 \u0110\u1ed8NG TI\u1ebeN H\u01afNG\",\"isPartOf\":{\"@id\":\"https:\/\/tienhungtech.com.vn\/#website\"},\"datePublished\":\"2023-04-06T10:03:28+00:00\",\"dateModified\":\"2023-05-16T14:28:32+00:00\",\"breadcrumb\":{\"@id\":\"https:\/\/tienhungtech.com.vn\/en\/san-pham\/th-sw-10w-den-led-cong-tac-hanh-trinh-cho-tu-bang-dien-tien-hung-led-tienhungtech\/#breadcrumb\"},\"inLanguage\":\"en-US\",\"potentialAction\":[{\"@type\":\"ReadAction\",\"target\":[\"https:\/\/tienhungtech.com.vn\/en\/san-pham\/th-sw-10w-den-led-cong-tac-hanh-trinh-cho-tu-bang-dien-tien-hung-led-tienhungtech\/\"]}]},{\"@type\":\"BreadcrumbList\",\"@id\":\"https:\/\/tienhungtech.com.vn\/en\/san-pham\/th-sw-10w-den-led-cong-tac-hanh-trinh-cho-tu-bang-dien-tien-hung-led-tienhungtech\/#breadcrumb\",\"itemListElement\":[{\"@type\":\"ListItem\",\"position\":1,\"name\":\"Trang ch\u1ee7\",\"item\":\"https:\/\/tienhungtech.com.vn\/en\/\"},{\"@type\":\"ListItem\",\"position\":2,\"name\":\"Product\",\"item\":\"https:\/\/tienhungtech.com.vn\/en\/san-pham\/\"},{\"@type\":\"ListItem\",\"position\":3,\"name\":\"TH-SW-10W \u2013 TRAVEL SWITCH LED LIGHT FOR ELECTRICAL TABLES &#8211; TIEN HUNG LED \u2013 TIENHUNGTECH\"}]},{\"@type\":\"WebSite\",\"@id\":\"https:\/\/tienhungtech.com.vn\/#website\",\"url\":\"https:\/\/tienhungtech.com.vn\/\",\"name\":\"TIEN HUNG TECH\",\"description\":\"Ti\u1ebfn H\u01b0ng l\u00e0 m\u1ed9t trong nh\u1eefng \u0111\u01a1n v\u1ecb h\u00e0ng \u0111\u1ea7u cung c\u1ea5p c\u00e1c thi\u1ebft b\u1ecb, d\u1ecbch v\u1ee5 v\u00e0 gi\u1ea3i ph\u00e1p li\u00ean quan \u0111\u1ebfn ng\u00e0nh t\u1ee7 b\u1ea3ng \u0111i\u1ec7n n\u00f3i ri\u00eang v\u00e0 t\u1ef1 \u0111\u1ed9ng ho\u00e1 n\u00f3i chung.\",\"publisher\":{\"@id\":\"https:\/\/tienhungtech.com.vn\/#organization\"},\"alternateName\":\"Ti\u1ebfn H\u01b0ng \u0111\u01b0\u1ee3c th\u00e0nh l\u1eadp v\u00e0o n\u0103m 2016, l\u00e0 t\u1ed5 ch\u1ee9c t\u1eadp h\u1ee3p nh\u1eefng k\u1ef9 s\u01b0 \u0111i\u1ec7n - t\u1ef1 \u0111\u1ed9ng ho\u00e1 \u01b0u t\u00fa v\u1edbi kh\u00e1t khao \u0111\u01b0\u1ee3c mang \u0111\u1ebfn cho qu\u00fd kh\u00e1ch h\u00e0ng, doanh nghi\u1ec7p tr\u00ean ph\u1ea1m vi c\u1ea3 n\u01b0\u1edbc Vi\u1ec7t Nam nh\u1eefng gi\u1ea3i ph\u00e1p \u0111i\u1ec7n - t\u1ef1 \u0111\u1ed9ng ho\u00e1 ti\u00ean ti\u1ebfn nh\u1ea5t.\",\"potentialAction\":[{\"@type\":\"SearchAction\",\"target\":{\"@type\":\"EntryPoint\",\"urlTemplate\":\"https:\/\/tienhungtech.com.vn\/?s={search_term_string}\"},\"query-input\":\"required name=search_term_string\"}],\"inLanguage\":\"en-US\"},{\"@type\":\"Organization\",\"@id\":\"https:\/\/tienhungtech.com.vn\/#organization\",\"name\":\"TIEN HUNG TECH\",\"alternateName\":\"Ti\u1ebfn H\u01b0ng \u0111\u01b0\u1ee3c th\u00e0nh l\u1eadp v\u00e0o n\u0103m 2016, l\u00e0 t\u1ed5 ch\u1ee9c t\u1eadp h\u1ee3p nh\u1eefng k\u1ef9 s\u01b0 \u0111i\u1ec7n - t\u1ef1 \u0111\u1ed9ng ho\u00e1 \u01b0u t\u00fa v\u1edbi kh\u00e1t khao \u0111\u01b0\u1ee3c mang \u0111\u1ebfn cho qu\u00fd kh\u00e1ch h\u00e0ng, doanh nghi\u1ec7p tr\u00ean ph\u1ea1m vi c\u1ea3 n\u01b0\u1edbc Vi\u1ec7t Nam nh\u1eefng gi\u1ea3i ph\u00e1p \u0111i\u1ec7n - t\u1ef1 \u0111\u1ed9ng ho\u00e1 ti\u00ean ti\u1ebfn nh\u1ea5t.\",\"url\":\"https:\/\/tienhungtech.com.vn\/\",\"logo\":{\"@type\":\"ImageObject\",\"inLanguage\":\"en-US\",\"@id\":\"https:\/\/tienhungtech.com.vn\/#\/schema\/logo\/image\/\",\"url\":\"https:\/\/tienhungtech.com.vn\/wp-content\/uploads\/2025\/07\/Logo-Tien-Hung-R-01.png\",\"contentUrl\":\"https:\/\/tienhungtech.com.vn\/wp-content\/uploads\/2025\/07\/Logo-Tien-Hung-R-01.png\",\"width\":1886,\"height\":575,\"caption\":\"TIEN HUNG TECH\"},\"image\":{\"@id\":\"https:\/\/tienhungtech.com.vn\/#\/schema\/logo\/image\/\"}}]}<\/script>\n<!-- \/ Yoast SEO plugin. -->","yoast_head_json":{"title":"TH-SW-10W \u2013 TRAVEL SWITCH LED LIGHT FOR ELECTRICAL TABLES - TIEN HUNG LED \u2013 TIENHUNGTECH - C\u00d4NG TY C\u1ed4 PH\u1ea6N T\u1ef0 \u0110\u1ed8NG TI\u1ebeN H\u01afNG","robots":{"index":"index","follow":"follow","max-snippet":"max-snippet:-1","max-image-preview":"max-image-preview:large","max-video-preview":"max-video-preview:-1"},"canonical":"https:\/\/tienhungtech.com.vn\/en\/san-pham\/th-sw-10w-den-led-cong-tac-hanh-trinh-cho-tu-bang-dien-tien-hung-led-tienhungtech\/","og_locale":"en_US","og_type":"article","og_title":"TH-SW-10W \u2013 TRAVEL SWITCH LED LIGHT FOR ELECTRICAL TABLES - TIEN HUNG LED \u2013 TIENHUNGTECH - C\u00d4NG TY C\u1ed4 PH\u1ea6N T\u1ef0 \u0110\u1ed8NG TI\u1ebeN H\u01afNG","og_description":"TRAVEL SWITCH LED LIGHT FOR ELECTRIC SWITCH TABLES","og_url":"https:\/\/tienhungtech.com.vn\/en\/san-pham\/th-sw-10w-den-led-cong-tac-hanh-trinh-cho-tu-bang-dien-tien-hung-led-tienhungtech\/","og_site_name":"C\u00d4NG TY C\u1ed4 PH\u1ea6N T\u1ef0 \u0110\u1ed8NG TI\u1ebeN H\u01afNG","article_modified_time":"2023-05-16T14:28:32+00:00","og_image":[{"width":2048,"height":2048,"url":"https:\/\/tienhungtech.com.vn\/wp-content\/uploads\/2023\/04\/TH-SW-10W.jpg","type":"image\/jpeg"}],"twitter_card":"summary_large_image","twitter_misc":{"Est. reading time":"1 minute"},"schema":{"@context":"https:\/\/schema.org","@graph":[{"@type":"WebPage","@id":"https:\/\/tienhungtech.com.vn\/en\/san-pham\/th-sw-10w-den-led-cong-tac-hanh-trinh-cho-tu-bang-dien-tien-hung-led-tienhungtech\/","url":"https:\/\/tienhungtech.com.vn\/en\/san-pham\/th-sw-10w-den-led-cong-tac-hanh-trinh-cho-tu-bang-dien-tien-hung-led-tienhungtech\/","name":"TH-SW-10W \u2013 TRAVEL SWITCH LED LIGHT FOR ELECTRICAL TABLES - TIEN HUNG LED \u2013 TIENHUNGTECH - C\u00d4NG TY C\u1ed4 PH\u1ea6N T\u1ef0 \u0110\u1ed8NG TI\u1ebeN H\u01afNG","isPartOf":{"@id":"https:\/\/tienhungtech.com.vn\/#website"},"datePublished":"2023-04-06T10:03:28+00:00","dateModified":"2023-05-16T14:28:32+00:00","breadcrumb":{"@id":"https:\/\/tienhungtech.com.vn\/en\/san-pham\/th-sw-10w-den-led-cong-tac-hanh-trinh-cho-tu-bang-dien-tien-hung-led-tienhungtech\/#breadcrumb"},"inLanguage":"en-US","potentialAction":[{"@type":"ReadAction","target":["https:\/\/tienhungtech.com.vn\/en\/san-pham\/th-sw-10w-den-led-cong-tac-hanh-trinh-cho-tu-bang-dien-tien-hung-led-tienhungtech\/"]}]},{"@type":"BreadcrumbList","@id":"https:\/\/tienhungtech.com.vn\/en\/san-pham\/th-sw-10w-den-led-cong-tac-hanh-trinh-cho-tu-bang-dien-tien-hung-led-tienhungtech\/#breadcrumb","itemListElement":[{"@type":"ListItem","position":1,"name":"Trang ch\u1ee7","item":"https:\/\/tienhungtech.com.vn\/en\/"},{"@type":"ListItem","position":2,"name":"Product","item":"https:\/\/tienhungtech.com.vn\/en\/san-pham\/"},{"@type":"ListItem","position":3,"name":"TH-SW-10W \u2013 TRAVEL SWITCH LED LIGHT FOR ELECTRICAL TABLES &#8211; TIEN HUNG LED \u2013 TIENHUNGTECH"}]},{"@type":"WebSite","@id":"https:\/\/tienhungtech.com.vn\/#website","url":"https:\/\/tienhungtech.com.vn\/","name":"TIEN HUNG TECH","description":"Ti\u1ebfn H\u01b0ng l\u00e0 m\u1ed9t trong nh\u1eefng \u0111\u01a1n v\u1ecb h\u00e0ng \u0111\u1ea7u cung c\u1ea5p c\u00e1c thi\u1ebft b\u1ecb, d\u1ecbch v\u1ee5 v\u00e0 gi\u1ea3i ph\u00e1p li\u00ean quan \u0111\u1ebfn ng\u00e0nh t\u1ee7 b\u1ea3ng \u0111i\u1ec7n n\u00f3i ri\u00eang v\u00e0 t\u1ef1 \u0111\u1ed9ng ho\u00e1 n\u00f3i chung.","publisher":{"@id":"https:\/\/tienhungtech.com.vn\/#organization"},"alternateName":"Ti\u1ebfn H\u01b0ng \u0111\u01b0\u1ee3c th\u00e0nh l\u1eadp v\u00e0o n\u0103m 2016, l\u00e0 t\u1ed5 ch\u1ee9c t\u1eadp h\u1ee3p nh\u1eefng k\u1ef9 s\u01b0 \u0111i\u1ec7n - t\u1ef1 \u0111\u1ed9ng ho\u00e1 \u01b0u t\u00fa v\u1edbi kh\u00e1t khao \u0111\u01b0\u1ee3c mang \u0111\u1ebfn cho qu\u00fd kh\u00e1ch h\u00e0ng, doanh nghi\u1ec7p tr\u00ean ph\u1ea1m vi c\u1ea3 n\u01b0\u1edbc Vi\u1ec7t Nam nh\u1eefng gi\u1ea3i ph\u00e1p \u0111i\u1ec7n - t\u1ef1 \u0111\u1ed9ng ho\u00e1 ti\u00ean ti\u1ebfn nh\u1ea5t.","potentialAction":[{"@type":"SearchAction","target":{"@type":"EntryPoint","urlTemplate":"https:\/\/tienhungtech.com.vn\/?s={search_term_string}"},"query-input":"required name=search_term_string"}],"inLanguage":"en-US"},{"@type":"Organization","@id":"https:\/\/tienhungtech.com.vn\/#organization","name":"TIEN HUNG TECH","alternateName":"Ti\u1ebfn H\u01b0ng \u0111\u01b0\u1ee3c th\u00e0nh l\u1eadp v\u00e0o n\u0103m 2016, l\u00e0 t\u1ed5 ch\u1ee9c t\u1eadp h\u1ee3p nh\u1eefng k\u1ef9 s\u01b0 \u0111i\u1ec7n - t\u1ef1 \u0111\u1ed9ng ho\u00e1 \u01b0u t\u00fa v\u1edbi kh\u00e1t khao \u0111\u01b0\u1ee3c mang \u0111\u1ebfn cho qu\u00fd kh\u00e1ch h\u00e0ng, doanh nghi\u1ec7p tr\u00ean ph\u1ea1m vi c\u1ea3 n\u01b0\u1edbc Vi\u1ec7t Nam nh\u1eefng gi\u1ea3i ph\u00e1p \u0111i\u1ec7n - t\u1ef1 \u0111\u1ed9ng ho\u00e1 ti\u00ean ti\u1ebfn nh\u1ea5t.","url":"https:\/\/tienhungtech.com.vn\/","logo":{"@type":"ImageObject","inLanguage":"en-US","@id":"https:\/\/tienhungtech.com.vn\/#\/schema\/logo\/image\/","url":"https:\/\/tienhungtech.com.vn\/wp-content\/uploads\/2025\/07\/Logo-Tien-Hung-R-01.png","contentUrl":"https:\/\/tienhungtech.com.vn\/wp-content\/uploads\/2025\/07\/Logo-Tien-Hung-R-01.png","width":1886,"height":575,"caption":"TIEN HUNG TECH"},"image":{"@id":"https:\/\/tienhungtech.com.vn\/#\/schema\/logo\/image\/"}}]}},"_links":{"self":[{"href":"https:\/\/tienhungtech.com.vn\/en\/wp-json\/wp\/v2\/product\/12819","targetHints":{"allow":["GET"]}}],"collection":[{"href":"https:\/\/tienhungtech.com.vn\/en\/wp-json\/wp\/v2\/product"}],"about":[{"href":"https:\/\/tienhungtech.com.vn\/en\/wp-json\/wp\/v2\/types\/product"}],"replies":[{"embeddable":true,"href":"https:\/\/tienhungtech.com.vn\/en\/wp-json\/wp\/v2\/comments?post=12819"}],"wp:featuredmedia":[{"embeddable":true,"href":"https:\/\/tienhungtech.com.vn\/en\/wp-json\/wp\/v2\/media\/9817"}],"wp:attachment":[{"href":"https:\/\/tienhungtech.com.vn\/en\/wp-json\/wp\/v2\/media?parent=12819"}],"wp:term":[{"taxonomy":"product_cat","embeddable":true,"href":"https:\/\/tienhungtech.com.vn\/en\/wp-json\/wp\/v2\/product_cat?post=12819"},{"taxonomy":"product_tag","embeddable":true,"href":"https:\/\/tienhungtech.com.vn\/en\/wp-json\/wp\/v2\/product_tag?post=12819"},{"taxonomy":"brand_product","embeddable":true,"href":"https:\/\/tienhungtech.com.vn\/en\/wp-json\/wp\/v2\/brand_product?post=12819"},{"taxonomy":"group_product","embeddable":true,"href":"https:\/\/tienhungtech.com.vn\/en\/wp-json\/wp\/v2\/group_product?post=12819"},{"taxonomy":"origin_product","embeddable":true,"href":"https:\/\/tienhungtech.com.vn\/en\/wp-json\/wp\/v2\/origin_product?post=12819"}],"curies":[{"name":"wp","href":"https:\/\/api.w.org\/{rel}","templated":true}]}}