{"id":12719,"date":"2023-04-21T16:55:30","date_gmt":"2023-04-21T09:55:30","guid":{"rendered":"https:\/\/tienhungtech.com.vn\/san-pham\/2904120000-st-w-s-blank-tram-sac-xe-o-to-dien-weidmuller-tienhungtech\/"},"modified":"2023-05-16T21:16:47","modified_gmt":"2023-05-16T14:16:47","slug":"2904120000-st-w-s-blank-tram-sac-xe-o-to-dien-weidmuller-tienhungtech","status":"publish","type":"product","link":"https:\/\/tienhungtech.com.vn\/en\/san-pham\/2904120000-st-w-s-blank-tram-sac-xe-o-to-dien-weidmuller-tienhungtech\/","title":{"rendered":"290412000 &#8211; ST-W-S-BLANK &#8211; ELECTRIC CAR CHARGING STATION &#8211; WEIDMULLER &#8211; TIENHUNGTECH"},"content":{"rendered":"<p>Authorized dealer Weidmuller Vietnam. 290412000 &#8211; ST-W-S-BLANK &#8211; ELECTRIC CAR CHARGING STATION &#8211; WEIDMULLER &#8211; TIENHUNGTECH<\/p>\n<p>Charging Station 1 or 2 EV Charging Cases (Pre-punched model)<\/p>\n<p>&#8211; Solid design, installation, durable materials<br \/>\n&#8211; Anti-corrosion due to being powder coated, galvanized<br \/>\niron<br \/>\n&#8211; Very easy assembly<br \/>\n&#8211; Ready to install with bore pattern for Weidm\u00fcller . AC SMART Charging Solution<br \/>\n&#8211;\u00a0 Flexible option of pre-punched or non-perforated charging station<\/p>\n<p>Refer to the detailed catalog at the following link (source https:\/\/www.weidmueller.com):<\/p>\n<p><a href=\"https:\/\/catalog.weidmueller.com\/catalog\/Start.do;jsessionid=E0DDC970EA9DDBA905E6A2F61463A63E?ObjectID=2904120000&amp;page=Product\">https:\/\/catalog.weidmueller.com<\/a><\/p>\n","protected":false},"excerpt":{"rendered":"<p>ELECTRIC CAR CHARGING STATION<\/p>\n","protected":false},"featured_media":10580,"comment_status":"open","ping_status":"closed","template":"","meta":{"inline_featured_image":false},"product_cat":[1798],"product_tag":[1862,1707,1001,1708,1002,1003,1005,1709,1009,1010,1710,1015,1016,1032,1711,1712,1036,1038,1041,1042,1043,1046,1051,1052,1054,1056,1713,1714,1863,1057,1062,1715,1063,1065,1066],"brand_product":[1067],"group_product":[1380],"origin_product":[1070],"class_list":["post-12719","product","type-product","status-publish","has-post-thumbnail","hentry","product_cat-ac-smart-weidmuller-en","product_tag-ac-smart-en","product_tag-cable-entry-systems-en","product_tag-connectivity-en","product_tag-contactless-connectivity-en","product_tag-dai-ly-weidmuller-en","product_tag-dai-ly-weidmuller-mien-bac-en","product_tag-dai-ly-weidmuller-mien-trung-en","product_tag-dai-ly-weidmuller-thanh-pho-ho-chi-minh-dai-ly-weidmuller-mien-nam-en","product_tag-distribution-boxes-en","product_tag-electronics-housing-lightning-en","product_tag-enclosure-systems-and-components-en","product_tag-i-o-systems-en","product_tag-industrial-ethernet-en","product_tag-marshalling-cable-solutions-electronics-en","product_tag-measuring-and-monitoring-systems-en","product_tag-patchcords-and-cables-plc-dcs-system-cabling-migration-solutions-service-interfaces-en","product_tag-pcb-plug-in-connectors-and-pcb-plug-in-terminals-en","product_tag-plug-in-connectors-en","product_tag-power-supplies-en","product_tag-power-supply-weidmuller-en","product_tag-pv-combiner-box-en","product_tag-relay-modules-en","product_tag-solid-state-relays-analog-signal-processing-en","product_tag-surge-protection-en","product_tag-terminal-blocks-en","product_tag-tien-hung-tech-en","product_tag-touch-panels-engineering-en","product_tag-visualization-tools-en","product_tag-wallbox-en","product_tag-weidmuller-en","product_tag-weidmuller-pte-ltd-en","product_tag-weidmuller-relay-en","product_tag-weidmuller-terminal-block-en","product_tag-weidmuller-tools-en","product_tag-weidmuller-viet-nam-en","brand_product-weidmuller-en","filter_product-hop-sac-ac-smart-en","filter_product-tram-sac-xe-o-to-en","group_product-ac-smart-charger","origin_product-duc-en"],"acf":[],"yoast_head":"<!-- This site is optimized with the Yoast SEO plugin v19.10 - https:\/\/yoast.com\/wordpress\/plugins\/seo\/ -->\n<title>290412000 - ST-W-S-BLANK - ELECTRIC CAR CHARGING STATION - WEIDMULLER - TIENHUNGTECH - C\u00d4NG TY C\u1ed4 PH\u1ea6N T\u1ef0 \u0110\u1ed8NG TI\u1ebeN H\u01afNG<\/title>\n<meta name=\"robots\" content=\"index, follow, max-snippet:-1, max-image-preview:large, max-video-preview:-1\" \/>\n<link rel=\"canonical\" href=\"https:\/\/tienhungtech.com.vn\/en\/san-pham\/2904120000-st-w-s-blank-tram-sac-xe-o-to-dien-weidmuller-tienhungtech\/\" \/>\n<meta property=\"og:locale\" content=\"en_US\" \/>\n<meta property=\"og:type\" content=\"article\" \/>\n<meta property=\"og:title\" content=\"290412000 - ST-W-S-BLANK - ELECTRIC CAR CHARGING STATION - WEIDMULLER - TIENHUNGTECH - C\u00d4NG TY C\u1ed4 PH\u1ea6N T\u1ef0 \u0110\u1ed8NG TI\u1ebeN H\u01afNG\" \/>\n<meta property=\"og:description\" content=\"ELECTRIC CAR CHARGING STATION\" \/>\n<meta property=\"og:url\" content=\"https:\/\/tienhungtech.com.vn\/en\/san-pham\/2904120000-st-w-s-blank-tram-sac-xe-o-to-dien-weidmuller-tienhungtech\/\" \/>\n<meta property=\"og:site_name\" content=\"C\u00d4NG TY C\u1ed4 PH\u1ea6N T\u1ef0 \u0110\u1ed8NG TI\u1ebeN H\u01afNG\" \/>\n<meta property=\"article:modified_time\" content=\"2023-05-16T14:16:47+00:00\" \/>\n<meta property=\"og:image\" content=\"https:\/\/tienhungtech.com.vn\/wp-content\/uploads\/2023\/04\/Free-standing-AC-Smart-without-hole-1.jpg\" \/>\n\t<meta property=\"og:image:width\" content=\"2048\" \/>\n\t<meta property=\"og:image:height\" content=\"2048\" \/>\n\t<meta property=\"og:image:type\" content=\"image\/jpeg\" \/>\n<meta name=\"twitter:card\" content=\"summary_large_image\" \/>\n<meta name=\"twitter:label1\" content=\"Est. reading time\" \/>\n\t<meta name=\"twitter:data1\" content=\"1 minute\" \/>\n<script type=\"application\/ld+json\" class=\"yoast-schema-graph\">{\"@context\":\"https:\/\/schema.org\",\"@graph\":[{\"@type\":\"WebPage\",\"@id\":\"https:\/\/tienhungtech.com.vn\/en\/san-pham\/2904120000-st-w-s-blank-tram-sac-xe-o-to-dien-weidmuller-tienhungtech\/\",\"url\":\"https:\/\/tienhungtech.com.vn\/en\/san-pham\/2904120000-st-w-s-blank-tram-sac-xe-o-to-dien-weidmuller-tienhungtech\/\",\"name\":\"290412000 - ST-W-S-BLANK - ELECTRIC CAR CHARGING STATION - WEIDMULLER - TIENHUNGTECH - C\u00d4NG TY C\u1ed4 PH\u1ea6N T\u1ef0 \u0110\u1ed8NG TI\u1ebeN H\u01afNG\",\"isPartOf\":{\"@id\":\"https:\/\/tienhungtech.com.vn\/#website\"},\"datePublished\":\"2023-04-21T09:55:30+00:00\",\"dateModified\":\"2023-05-16T14:16:47+00:00\",\"breadcrumb\":{\"@id\":\"https:\/\/tienhungtech.com.vn\/en\/san-pham\/2904120000-st-w-s-blank-tram-sac-xe-o-to-dien-weidmuller-tienhungtech\/#breadcrumb\"},\"inLanguage\":\"en-US\",\"potentialAction\":[{\"@type\":\"ReadAction\",\"target\":[\"https:\/\/tienhungtech.com.vn\/en\/san-pham\/2904120000-st-w-s-blank-tram-sac-xe-o-to-dien-weidmuller-tienhungtech\/\"]}]},{\"@type\":\"BreadcrumbList\",\"@id\":\"https:\/\/tienhungtech.com.vn\/en\/san-pham\/2904120000-st-w-s-blank-tram-sac-xe-o-to-dien-weidmuller-tienhungtech\/#breadcrumb\",\"itemListElement\":[{\"@type\":\"ListItem\",\"position\":1,\"name\":\"Trang ch\u1ee7\",\"item\":\"https:\/\/tienhungtech.com.vn\/en\/\"},{\"@type\":\"ListItem\",\"position\":2,\"name\":\"Product\",\"item\":\"https:\/\/tienhungtech.com.vn\/en\/san-pham\/\"},{\"@type\":\"ListItem\",\"position\":3,\"name\":\"290412000 &#8211; ST-W-S-BLANK &#8211; ELECTRIC CAR CHARGING STATION &#8211; WEIDMULLER &#8211; TIENHUNGTECH\"}]},{\"@type\":\"WebSite\",\"@id\":\"https:\/\/tienhungtech.com.vn\/#website\",\"url\":\"https:\/\/tienhungtech.com.vn\/\",\"name\":\"TIEN HUNG TECH\",\"description\":\"Ti\u1ebfn H\u01b0ng l\u00e0 m\u1ed9t trong nh\u1eefng \u0111\u01a1n v\u1ecb h\u00e0ng \u0111\u1ea7u cung c\u1ea5p c\u00e1c thi\u1ebft b\u1ecb, d\u1ecbch v\u1ee5 v\u00e0 gi\u1ea3i ph\u00e1p li\u00ean quan \u0111\u1ebfn ng\u00e0nh t\u1ee7 b\u1ea3ng \u0111i\u1ec7n n\u00f3i ri\u00eang v\u00e0 t\u1ef1 \u0111\u1ed9ng ho\u00e1 n\u00f3i chung.\",\"publisher\":{\"@id\":\"https:\/\/tienhungtech.com.vn\/#organization\"},\"alternateName\":\"Ti\u1ebfn H\u01b0ng \u0111\u01b0\u1ee3c th\u00e0nh l\u1eadp v\u00e0o n\u0103m 2016, l\u00e0 t\u1ed5 ch\u1ee9c t\u1eadp h\u1ee3p nh\u1eefng k\u1ef9 s\u01b0 \u0111i\u1ec7n - t\u1ef1 \u0111\u1ed9ng ho\u00e1 \u01b0u t\u00fa v\u1edbi kh\u00e1t khao \u0111\u01b0\u1ee3c mang \u0111\u1ebfn cho qu\u00fd kh\u00e1ch h\u00e0ng, doanh nghi\u1ec7p tr\u00ean ph\u1ea1m vi c\u1ea3 n\u01b0\u1edbc Vi\u1ec7t Nam nh\u1eefng gi\u1ea3i ph\u00e1p \u0111i\u1ec7n - t\u1ef1 \u0111\u1ed9ng ho\u00e1 ti\u00ean ti\u1ebfn nh\u1ea5t.\",\"potentialAction\":[{\"@type\":\"SearchAction\",\"target\":{\"@type\":\"EntryPoint\",\"urlTemplate\":\"https:\/\/tienhungtech.com.vn\/?s={search_term_string}\"},\"query-input\":\"required name=search_term_string\"}],\"inLanguage\":\"en-US\"},{\"@type\":\"Organization\",\"@id\":\"https:\/\/tienhungtech.com.vn\/#organization\",\"name\":\"TIEN HUNG TECH\",\"alternateName\":\"Ti\u1ebfn H\u01b0ng \u0111\u01b0\u1ee3c th\u00e0nh l\u1eadp v\u00e0o n\u0103m 2016, l\u00e0 t\u1ed5 ch\u1ee9c t\u1eadp h\u1ee3p nh\u1eefng k\u1ef9 s\u01b0 \u0111i\u1ec7n - t\u1ef1 \u0111\u1ed9ng ho\u00e1 \u01b0u t\u00fa v\u1edbi kh\u00e1t khao \u0111\u01b0\u1ee3c mang \u0111\u1ebfn cho qu\u00fd kh\u00e1ch h\u00e0ng, doanh nghi\u1ec7p tr\u00ean ph\u1ea1m vi c\u1ea3 n\u01b0\u1edbc Vi\u1ec7t Nam nh\u1eefng gi\u1ea3i ph\u00e1p \u0111i\u1ec7n - t\u1ef1 \u0111\u1ed9ng ho\u00e1 ti\u00ean ti\u1ebfn nh\u1ea5t.\",\"url\":\"https:\/\/tienhungtech.com.vn\/\",\"logo\":{\"@type\":\"ImageObject\",\"inLanguage\":\"en-US\",\"@id\":\"https:\/\/tienhungtech.com.vn\/#\/schema\/logo\/image\/\",\"url\":\"https:\/\/tienhungtech.com.vn\/wp-content\/uploads\/2025\/07\/Logo-Tien-Hung-R-01.png\",\"contentUrl\":\"https:\/\/tienhungtech.com.vn\/wp-content\/uploads\/2025\/07\/Logo-Tien-Hung-R-01.png\",\"width\":1886,\"height\":575,\"caption\":\"TIEN HUNG TECH\"},\"image\":{\"@id\":\"https:\/\/tienhungtech.com.vn\/#\/schema\/logo\/image\/\"}}]}<\/script>\n<!-- \/ Yoast SEO plugin. -->","yoast_head_json":{"title":"290412000 - ST-W-S-BLANK - ELECTRIC CAR CHARGING STATION - WEIDMULLER - TIENHUNGTECH - C\u00d4NG TY C\u1ed4 PH\u1ea6N T\u1ef0 \u0110\u1ed8NG TI\u1ebeN H\u01afNG","robots":{"index":"index","follow":"follow","max-snippet":"max-snippet:-1","max-image-preview":"max-image-preview:large","max-video-preview":"max-video-preview:-1"},"canonical":"https:\/\/tienhungtech.com.vn\/en\/san-pham\/2904120000-st-w-s-blank-tram-sac-xe-o-to-dien-weidmuller-tienhungtech\/","og_locale":"en_US","og_type":"article","og_title":"290412000 - ST-W-S-BLANK - ELECTRIC CAR CHARGING STATION - WEIDMULLER - TIENHUNGTECH - C\u00d4NG TY C\u1ed4 PH\u1ea6N T\u1ef0 \u0110\u1ed8NG TI\u1ebeN H\u01afNG","og_description":"ELECTRIC CAR CHARGING STATION","og_url":"https:\/\/tienhungtech.com.vn\/en\/san-pham\/2904120000-st-w-s-blank-tram-sac-xe-o-to-dien-weidmuller-tienhungtech\/","og_site_name":"C\u00d4NG TY C\u1ed4 PH\u1ea6N T\u1ef0 \u0110\u1ed8NG TI\u1ebeN H\u01afNG","article_modified_time":"2023-05-16T14:16:47+00:00","og_image":[{"width":2048,"height":2048,"url":"https:\/\/tienhungtech.com.vn\/wp-content\/uploads\/2023\/04\/Free-standing-AC-Smart-without-hole-1.jpg","type":"image\/jpeg"}],"twitter_card":"summary_large_image","twitter_misc":{"Est. reading time":"1 minute"},"schema":{"@context":"https:\/\/schema.org","@graph":[{"@type":"WebPage","@id":"https:\/\/tienhungtech.com.vn\/en\/san-pham\/2904120000-st-w-s-blank-tram-sac-xe-o-to-dien-weidmuller-tienhungtech\/","url":"https:\/\/tienhungtech.com.vn\/en\/san-pham\/2904120000-st-w-s-blank-tram-sac-xe-o-to-dien-weidmuller-tienhungtech\/","name":"290412000 - ST-W-S-BLANK - ELECTRIC CAR CHARGING STATION - WEIDMULLER - TIENHUNGTECH - C\u00d4NG TY C\u1ed4 PH\u1ea6N T\u1ef0 \u0110\u1ed8NG TI\u1ebeN H\u01afNG","isPartOf":{"@id":"https:\/\/tienhungtech.com.vn\/#website"},"datePublished":"2023-04-21T09:55:30+00:00","dateModified":"2023-05-16T14:16:47+00:00","breadcrumb":{"@id":"https:\/\/tienhungtech.com.vn\/en\/san-pham\/2904120000-st-w-s-blank-tram-sac-xe-o-to-dien-weidmuller-tienhungtech\/#breadcrumb"},"inLanguage":"en-US","potentialAction":[{"@type":"ReadAction","target":["https:\/\/tienhungtech.com.vn\/en\/san-pham\/2904120000-st-w-s-blank-tram-sac-xe-o-to-dien-weidmuller-tienhungtech\/"]}]},{"@type":"BreadcrumbList","@id":"https:\/\/tienhungtech.com.vn\/en\/san-pham\/2904120000-st-w-s-blank-tram-sac-xe-o-to-dien-weidmuller-tienhungtech\/#breadcrumb","itemListElement":[{"@type":"ListItem","position":1,"name":"Trang ch\u1ee7","item":"https:\/\/tienhungtech.com.vn\/en\/"},{"@type":"ListItem","position":2,"name":"Product","item":"https:\/\/tienhungtech.com.vn\/en\/san-pham\/"},{"@type":"ListItem","position":3,"name":"290412000 &#8211; ST-W-S-BLANK &#8211; ELECTRIC CAR CHARGING STATION &#8211; WEIDMULLER &#8211; TIENHUNGTECH"}]},{"@type":"WebSite","@id":"https:\/\/tienhungtech.com.vn\/#website","url":"https:\/\/tienhungtech.com.vn\/","name":"TIEN HUNG TECH","description":"Ti\u1ebfn H\u01b0ng l\u00e0 m\u1ed9t trong nh\u1eefng \u0111\u01a1n v\u1ecb h\u00e0ng \u0111\u1ea7u cung c\u1ea5p c\u00e1c thi\u1ebft b\u1ecb, d\u1ecbch v\u1ee5 v\u00e0 gi\u1ea3i ph\u00e1p li\u00ean quan \u0111\u1ebfn ng\u00e0nh t\u1ee7 b\u1ea3ng \u0111i\u1ec7n n\u00f3i ri\u00eang v\u00e0 t\u1ef1 \u0111\u1ed9ng ho\u00e1 n\u00f3i chung.","publisher":{"@id":"https:\/\/tienhungtech.com.vn\/#organization"},"alternateName":"Ti\u1ebfn H\u01b0ng \u0111\u01b0\u1ee3c th\u00e0nh l\u1eadp v\u00e0o n\u0103m 2016, l\u00e0 t\u1ed5 ch\u1ee9c t\u1eadp h\u1ee3p nh\u1eefng k\u1ef9 s\u01b0 \u0111i\u1ec7n - t\u1ef1 \u0111\u1ed9ng ho\u00e1 \u01b0u t\u00fa v\u1edbi kh\u00e1t khao \u0111\u01b0\u1ee3c mang \u0111\u1ebfn cho qu\u00fd kh\u00e1ch h\u00e0ng, doanh nghi\u1ec7p tr\u00ean ph\u1ea1m vi c\u1ea3 n\u01b0\u1edbc Vi\u1ec7t Nam nh\u1eefng gi\u1ea3i ph\u00e1p \u0111i\u1ec7n - t\u1ef1 \u0111\u1ed9ng ho\u00e1 ti\u00ean ti\u1ebfn nh\u1ea5t.","potentialAction":[{"@type":"SearchAction","target":{"@type":"EntryPoint","urlTemplate":"https:\/\/tienhungtech.com.vn\/?s={search_term_string}"},"query-input":"required name=search_term_string"}],"inLanguage":"en-US"},{"@type":"Organization","@id":"https:\/\/tienhungtech.com.vn\/#organization","name":"TIEN HUNG TECH","alternateName":"Ti\u1ebfn H\u01b0ng \u0111\u01b0\u1ee3c th\u00e0nh l\u1eadp v\u00e0o n\u0103m 2016, l\u00e0 t\u1ed5 ch\u1ee9c t\u1eadp h\u1ee3p nh\u1eefng k\u1ef9 s\u01b0 \u0111i\u1ec7n - t\u1ef1 \u0111\u1ed9ng ho\u00e1 \u01b0u t\u00fa v\u1edbi kh\u00e1t khao \u0111\u01b0\u1ee3c mang \u0111\u1ebfn cho qu\u00fd kh\u00e1ch h\u00e0ng, doanh nghi\u1ec7p tr\u00ean ph\u1ea1m vi c\u1ea3 n\u01b0\u1edbc Vi\u1ec7t Nam nh\u1eefng gi\u1ea3i ph\u00e1p \u0111i\u1ec7n - t\u1ef1 \u0111\u1ed9ng ho\u00e1 ti\u00ean ti\u1ebfn nh\u1ea5t.","url":"https:\/\/tienhungtech.com.vn\/","logo":{"@type":"ImageObject","inLanguage":"en-US","@id":"https:\/\/tienhungtech.com.vn\/#\/schema\/logo\/image\/","url":"https:\/\/tienhungtech.com.vn\/wp-content\/uploads\/2025\/07\/Logo-Tien-Hung-R-01.png","contentUrl":"https:\/\/tienhungtech.com.vn\/wp-content\/uploads\/2025\/07\/Logo-Tien-Hung-R-01.png","width":1886,"height":575,"caption":"TIEN HUNG TECH"},"image":{"@id":"https:\/\/tienhungtech.com.vn\/#\/schema\/logo\/image\/"}}]}},"_links":{"self":[{"href":"https:\/\/tienhungtech.com.vn\/en\/wp-json\/wp\/v2\/product\/12719","targetHints":{"allow":["GET"]}}],"collection":[{"href":"https:\/\/tienhungtech.com.vn\/en\/wp-json\/wp\/v2\/product"}],"about":[{"href":"https:\/\/tienhungtech.com.vn\/en\/wp-json\/wp\/v2\/types\/product"}],"replies":[{"embeddable":true,"href":"https:\/\/tienhungtech.com.vn\/en\/wp-json\/wp\/v2\/comments?post=12719"}],"wp:featuredmedia":[{"embeddable":true,"href":"https:\/\/tienhungtech.com.vn\/en\/wp-json\/wp\/v2\/media\/10580"}],"wp:attachment":[{"href":"https:\/\/tienhungtech.com.vn\/en\/wp-json\/wp\/v2\/media?parent=12719"}],"wp:term":[{"taxonomy":"product_cat","embeddable":true,"href":"https:\/\/tienhungtech.com.vn\/en\/wp-json\/wp\/v2\/product_cat?post=12719"},{"taxonomy":"product_tag","embeddable":true,"href":"https:\/\/tienhungtech.com.vn\/en\/wp-json\/wp\/v2\/product_tag?post=12719"},{"taxonomy":"brand_product","embeddable":true,"href":"https:\/\/tienhungtech.com.vn\/en\/wp-json\/wp\/v2\/brand_product?post=12719"},{"taxonomy":"group_product","embeddable":true,"href":"https:\/\/tienhungtech.com.vn\/en\/wp-json\/wp\/v2\/group_product?post=12719"},{"taxonomy":"origin_product","embeddable":true,"href":"https:\/\/tienhungtech.com.vn\/en\/wp-json\/wp\/v2\/origin_product?post=12719"}],"curies":[{"name":"wp","href":"https:\/\/api.w.org\/{rel}","templated":true}]}}