{"id":12596,"date":"2023-05-05T11:53:15","date_gmt":"2023-05-05T04:53:15","guid":{"rendered":"https:\/\/tienhungtech.com.vn\/san-pham\/0015804-olflex-150-cy-4g15-cap-dieu-khien-olflex-150-cy-4g15-jj-lapp-tienhungtech\/"},"modified":"2023-08-09T11:11:01","modified_gmt":"2023-08-09T04:11:01","slug":"0015804-olflex-150-cy-4g15-cap-dieu-khien-olflex-150-cy-4g15-jj-lapp-tienhungtech","status":"publish","type":"product","link":"https:\/\/tienhungtech.com.vn\/en\/san-pham\/0015804-olflex-150-cy-4g15-cap-dieu-khien-olflex-150-cy-4g15-jj-lapp-tienhungtech\/","title":{"rendered":"0015804 &#8211; \u00d6LFLEX 150 CY 4G1,5 C\u00c1P \u0110I\u1ec0U KHI\u1ec2N \u00d6LFLEX 150 CY 4G1,5 \u2013 JJ-LAPP \u2013 TIENHUNGTECH"},"content":{"rendered":"<p>&#8211; M\u00e3 s\u1ea3n ph\u1ea9m ( order code): <strong>0015804<\/strong><br \/>\n&#8211; M\u00e3 s\u1ea3n ph\u1ea9m ( type): <strong>\u00d6LFLEX 150 CY 4G1,5<\/strong><br \/>\n&#8211; C\u00e1p \u0111a ti\u00eau chu\u1ea9n<br \/>\n&#8211; S\u1ed1 l\u00f5i v\u00e0 \u0111\u01b0\u1eddng k\u00ednh l\u00f5i: 4 G 1,5mm\u00b2<br \/>\n&#8211; \u0110\u01b0\u1eddng k\u00ednh ngo\u00e0i c\u1ee7a c\u00e1p: 11,4mm<br \/>\n&#8211; Kh\u1ea3 n\u0103ng t\u01b0\u01a1ng th\u00edch \u0111i\u1ec7n t\u1eeb<br \/>\n&#8211; V\u1ecf b\u1ecdc PVC b\u00ean trong, m\u00e0u x\u00e1m<br \/>\n&#8211; V\u1ecf ngo\u00e0i PVC, X\u00e1m<br \/>\n&#8211; \u0110i\u1ec7n \u00e1p \u0111\u1ecbnh m\u1ee9c U0\/U: 300\/500 V<br \/>\n&#8211; Ch\u1ed1ng ch\u00e1y theo ti\u00eau chu\u1ea9n IEC 60332-1-2<br \/>\n&#8211; Chi\u1ec1u d\u00e0i cu\u1ed9n c\u00e1p: 75 m\u00e9t<\/p>\n<p>Vui l\u00f2ng xem chi ti\u1ebft t\u00e0i li\u1ec7u k\u1ef9 thu\u1eadt theo link sau:<br \/>\n<a href=\"https:\/\/eshop.jj-lapp.com\/jjlappsingapore\/en\/Main\/Power-%26-Control\/Power-and-control-cable\/General-Applications\/%C3%96LFLEX-150-CY-4G1%2C5\/p\/198670\" target=\"_blank\" rel=\"noopener\">0015804 &#8211; \u00d6LFLEX 150 CY 4G1,5<\/a><\/p>\n","protected":false},"excerpt":{"rendered":"<p>C\u00c1P \u0110I\u1ec0U KHI\u1ec2N \u00d6LFLEX<\/p>\n","protected":false},"featured_media":11490,"comment_status":"open","ping_status":"closed","template":"","meta":{"inline_featured_image":false},"product_cat":[1081],"product_tag":[1679,1680,1300,1084,1085,1086,1087,1088,1089,1090,1091,1092,1093,1094,1095,1096,1097,1098,1099,1100,1101,1102,1103,1104,1105,1106,1107,1108,1109,1110,1111,1112,1113,1114,1115,1116,1117],"brand_product":[1118],"group_product":[1120],"origin_product":[1121],"class_list":["post-12596","product","type-product","status-publish","has-post-thumbnail","hentry","product_cat-olflex-day-cap-power-control-cables-jj-lapp-en","product_tag-0015804-olflex-150-cy-4g1-en","product_tag-5-jj-lapp-tienhungtech-en","product_tag-5-control-cable-lflex-150-cy-4g1","product_tag-building-installation-en","product_tag-cable-glands-en","product_tag-cac-tuyen-cap-en","product_tag-cap-dien-va-dieu-khien-en","product_tag-cong-cu-va-phu-kien-cap-en","product_tag-control-cabinet-single-cores-en","product_tag-conveyor-technology-en","product_tag-data-communication-systems-en","product_tag-data-communication-systems-for-ethernet-technology-en","product_tag-dau-noi-cong-nghiep-en","product_tag-day-cap-en","product_tag-expanded-ambient-temperatures-en","product_tag-harsh-conditions-948-en","product_tag-he-thong-danh-dau-en","product_tag-he-thong-ong-dan-cap-bao-ve-va-he-thong-mang-cap-en","product_tag-he-thong-truyen-dan-quang-en","product_tag-he-thong-truyen-du-lieu-en","product_tag-he-thong-truyen-du-lieu-cho-cong-nghe-ethernet-en","product_tag-industrial-connectors-en","product_tag-jj-lapp-en","product_tag-marking-systems-en","product_tag-olflex-en","product_tag-olflex-connect-systems-solutions-en","product_tag-optical-transmission-systems-en","product_tag-power-chain-applications-en","product_tag-protective-cable-conduit-systems-and-cable-carrier-systems-en","product_tag-pv-nang-luong-mat-troi-en","product_tag-robotics-en","product_tag-servo-applications-en","product_tag-solar-pv-en","product_tag-special-applications-en","product_tag-tienhungtech-en","product_tag-tools-and-cable-accessories-en","product_tag-various-applications-942-en","brand_product-jj-lapp-en","filter_product-ung-dung-chung-en","group_product-cap-olflex-en","origin_product-eu-g7-en"],"acf":[],"yoast_head":"<!-- This site is optimized with the Yoast SEO plugin v19.10 - https:\/\/yoast.com\/wordpress\/plugins\/seo\/ -->\n<title>0015804 - \u00d6LFLEX 150 CY 4G1,5 C\u00c1P \u0110I\u1ec0U KHI\u1ec2N \u00d6LFLEX 150 CY 4G1,5 \u2013 JJ-LAPP \u2013 TIENHUNGTECH - C\u00d4NG TY C\u1ed4 PH\u1ea6N T\u1ef0 \u0110\u1ed8NG TI\u1ebeN H\u01afNG<\/title>\n<meta name=\"robots\" content=\"index, follow, max-snippet:-1, max-image-preview:large, max-video-preview:-1\" \/>\n<link rel=\"canonical\" href=\"https:\/\/tienhungtech.com.vn\/en\/san-pham\/0015804-olflex-150-cy-4g15-cap-dieu-khien-olflex-150-cy-4g15-jj-lapp-tienhungtech\/\" \/>\n<meta property=\"og:locale\" content=\"en_US\" \/>\n<meta property=\"og:type\" content=\"article\" \/>\n<meta property=\"og:title\" content=\"0015804 - \u00d6LFLEX 150 CY 4G1,5 C\u00c1P \u0110I\u1ec0U KHI\u1ec2N \u00d6LFLEX 150 CY 4G1,5 \u2013 JJ-LAPP \u2013 TIENHUNGTECH - C\u00d4NG TY C\u1ed4 PH\u1ea6N T\u1ef0 \u0110\u1ed8NG TI\u1ebeN H\u01afNG\" \/>\n<meta property=\"og:description\" content=\"C\u00c1P \u0110I\u1ec0U KHI\u1ec2N \u00d6LFLEX\" \/>\n<meta property=\"og:url\" content=\"https:\/\/tienhungtech.com.vn\/en\/san-pham\/0015804-olflex-150-cy-4g15-cap-dieu-khien-olflex-150-cy-4g15-jj-lapp-tienhungtech\/\" \/>\n<meta property=\"og:site_name\" content=\"C\u00d4NG TY C\u1ed4 PH\u1ea6N T\u1ef0 \u0110\u1ed8NG TI\u1ebeN H\u01afNG\" \/>\n<meta property=\"article:modified_time\" content=\"2023-08-09T04:11:01+00:00\" \/>\n<meta property=\"og:image\" content=\"https:\/\/tienhungtech.com.vn\/wp-content\/uploads\/2023\/05\/0015804-1.jpg\" \/>\n\t<meta property=\"og:image:width\" content=\"2048\" \/>\n\t<meta property=\"og:image:height\" content=\"2048\" \/>\n\t<meta property=\"og:image:type\" content=\"image\/jpeg\" \/>\n<meta name=\"twitter:card\" content=\"summary_large_image\" \/>\n<meta name=\"twitter:label1\" content=\"Est. reading time\" \/>\n\t<meta name=\"twitter:data1\" content=\"1 minute\" \/>\n<script type=\"application\/ld+json\" class=\"yoast-schema-graph\">{\"@context\":\"https:\/\/schema.org\",\"@graph\":[{\"@type\":\"WebPage\",\"@id\":\"https:\/\/tienhungtech.com.vn\/en\/san-pham\/0015804-olflex-150-cy-4g15-cap-dieu-khien-olflex-150-cy-4g15-jj-lapp-tienhungtech\/\",\"url\":\"https:\/\/tienhungtech.com.vn\/en\/san-pham\/0015804-olflex-150-cy-4g15-cap-dieu-khien-olflex-150-cy-4g15-jj-lapp-tienhungtech\/\",\"name\":\"0015804 - \u00d6LFLEX 150 CY 4G1,5 C\u00c1P \u0110I\u1ec0U KHI\u1ec2N \u00d6LFLEX 150 CY 4G1,5 \u2013 JJ-LAPP \u2013 TIENHUNGTECH - C\u00d4NG TY C\u1ed4 PH\u1ea6N T\u1ef0 \u0110\u1ed8NG TI\u1ebeN H\u01afNG\",\"isPartOf\":{\"@id\":\"https:\/\/tienhungtech.com.vn\/#website\"},\"datePublished\":\"2023-05-05T04:53:15+00:00\",\"dateModified\":\"2023-08-09T04:11:01+00:00\",\"breadcrumb\":{\"@id\":\"https:\/\/tienhungtech.com.vn\/en\/san-pham\/0015804-olflex-150-cy-4g15-cap-dieu-khien-olflex-150-cy-4g15-jj-lapp-tienhungtech\/#breadcrumb\"},\"inLanguage\":\"en-US\",\"potentialAction\":[{\"@type\":\"ReadAction\",\"target\":[\"https:\/\/tienhungtech.com.vn\/en\/san-pham\/0015804-olflex-150-cy-4g15-cap-dieu-khien-olflex-150-cy-4g15-jj-lapp-tienhungtech\/\"]}]},{\"@type\":\"BreadcrumbList\",\"@id\":\"https:\/\/tienhungtech.com.vn\/en\/san-pham\/0015804-olflex-150-cy-4g15-cap-dieu-khien-olflex-150-cy-4g15-jj-lapp-tienhungtech\/#breadcrumb\",\"itemListElement\":[{\"@type\":\"ListItem\",\"position\":1,\"name\":\"Trang ch\u1ee7\",\"item\":\"https:\/\/tienhungtech.com.vn\/en\/\"},{\"@type\":\"ListItem\",\"position\":2,\"name\":\"Product\",\"item\":\"https:\/\/tienhungtech.com.vn\/en\/san-pham\/\"},{\"@type\":\"ListItem\",\"position\":3,\"name\":\"0015804 &#8211; \u00d6LFLEX 150 CY 4G1,5 C\u00c1P \u0110I\u1ec0U KHI\u1ec2N \u00d6LFLEX 150 CY 4G1,5 \u2013 JJ-LAPP \u2013 TIENHUNGTECH\"}]},{\"@type\":\"WebSite\",\"@id\":\"https:\/\/tienhungtech.com.vn\/#website\",\"url\":\"https:\/\/tienhungtech.com.vn\/\",\"name\":\"TIEN HUNG TECH\",\"description\":\"Ti\u1ebfn H\u01b0ng l\u00e0 m\u1ed9t trong nh\u1eefng \u0111\u01a1n v\u1ecb h\u00e0ng \u0111\u1ea7u cung c\u1ea5p c\u00e1c thi\u1ebft b\u1ecb, d\u1ecbch v\u1ee5 v\u00e0 gi\u1ea3i ph\u00e1p li\u00ean quan \u0111\u1ebfn ng\u00e0nh t\u1ee7 b\u1ea3ng \u0111i\u1ec7n n\u00f3i ri\u00eang v\u00e0 t\u1ef1 \u0111\u1ed9ng ho\u00e1 n\u00f3i chung.\",\"publisher\":{\"@id\":\"https:\/\/tienhungtech.com.vn\/#organization\"},\"alternateName\":\"Ti\u1ebfn H\u01b0ng \u0111\u01b0\u1ee3c th\u00e0nh l\u1eadp v\u00e0o n\u0103m 2016, l\u00e0 t\u1ed5 ch\u1ee9c t\u1eadp h\u1ee3p nh\u1eefng k\u1ef9 s\u01b0 \u0111i\u1ec7n - t\u1ef1 \u0111\u1ed9ng ho\u00e1 \u01b0u t\u00fa v\u1edbi kh\u00e1t khao \u0111\u01b0\u1ee3c mang \u0111\u1ebfn cho qu\u00fd kh\u00e1ch h\u00e0ng, doanh nghi\u1ec7p tr\u00ean ph\u1ea1m vi c\u1ea3 n\u01b0\u1edbc Vi\u1ec7t Nam nh\u1eefng gi\u1ea3i ph\u00e1p \u0111i\u1ec7n - t\u1ef1 \u0111\u1ed9ng ho\u00e1 ti\u00ean ti\u1ebfn nh\u1ea5t.\",\"potentialAction\":[{\"@type\":\"SearchAction\",\"target\":{\"@type\":\"EntryPoint\",\"urlTemplate\":\"https:\/\/tienhungtech.com.vn\/?s={search_term_string}\"},\"query-input\":\"required name=search_term_string\"}],\"inLanguage\":\"en-US\"},{\"@type\":\"Organization\",\"@id\":\"https:\/\/tienhungtech.com.vn\/#organization\",\"name\":\"TIEN HUNG TECH\",\"alternateName\":\"Ti\u1ebfn H\u01b0ng \u0111\u01b0\u1ee3c th\u00e0nh l\u1eadp v\u00e0o n\u0103m 2016, l\u00e0 t\u1ed5 ch\u1ee9c t\u1eadp h\u1ee3p nh\u1eefng k\u1ef9 s\u01b0 \u0111i\u1ec7n - t\u1ef1 \u0111\u1ed9ng ho\u00e1 \u01b0u t\u00fa v\u1edbi kh\u00e1t khao \u0111\u01b0\u1ee3c mang \u0111\u1ebfn cho qu\u00fd kh\u00e1ch h\u00e0ng, doanh nghi\u1ec7p tr\u00ean ph\u1ea1m vi c\u1ea3 n\u01b0\u1edbc Vi\u1ec7t Nam nh\u1eefng gi\u1ea3i ph\u00e1p \u0111i\u1ec7n - t\u1ef1 \u0111\u1ed9ng ho\u00e1 ti\u00ean ti\u1ebfn nh\u1ea5t.\",\"url\":\"https:\/\/tienhungtech.com.vn\/\",\"logo\":{\"@type\":\"ImageObject\",\"inLanguage\":\"en-US\",\"@id\":\"https:\/\/tienhungtech.com.vn\/#\/schema\/logo\/image\/\",\"url\":\"https:\/\/tienhungtech.com.vn\/wp-content\/uploads\/2025\/07\/Logo-Tien-Hung-R-01.png\",\"contentUrl\":\"https:\/\/tienhungtech.com.vn\/wp-content\/uploads\/2025\/07\/Logo-Tien-Hung-R-01.png\",\"width\":1886,\"height\":575,\"caption\":\"TIEN HUNG TECH\"},\"image\":{\"@id\":\"https:\/\/tienhungtech.com.vn\/#\/schema\/logo\/image\/\"}}]}<\/script>\n<!-- \/ Yoast SEO plugin. -->","yoast_head_json":{"title":"0015804 - \u00d6LFLEX 150 CY 4G1,5 C\u00c1P \u0110I\u1ec0U KHI\u1ec2N \u00d6LFLEX 150 CY 4G1,5 \u2013 JJ-LAPP \u2013 TIENHUNGTECH - C\u00d4NG TY C\u1ed4 PH\u1ea6N T\u1ef0 \u0110\u1ed8NG TI\u1ebeN H\u01afNG","robots":{"index":"index","follow":"follow","max-snippet":"max-snippet:-1","max-image-preview":"max-image-preview:large","max-video-preview":"max-video-preview:-1"},"canonical":"https:\/\/tienhungtech.com.vn\/en\/san-pham\/0015804-olflex-150-cy-4g15-cap-dieu-khien-olflex-150-cy-4g15-jj-lapp-tienhungtech\/","og_locale":"en_US","og_type":"article","og_title":"0015804 - \u00d6LFLEX 150 CY 4G1,5 C\u00c1P \u0110I\u1ec0U KHI\u1ec2N \u00d6LFLEX 150 CY 4G1,5 \u2013 JJ-LAPP \u2013 TIENHUNGTECH - C\u00d4NG TY C\u1ed4 PH\u1ea6N T\u1ef0 \u0110\u1ed8NG TI\u1ebeN H\u01afNG","og_description":"C\u00c1P \u0110I\u1ec0U KHI\u1ec2N \u00d6LFLEX","og_url":"https:\/\/tienhungtech.com.vn\/en\/san-pham\/0015804-olflex-150-cy-4g15-cap-dieu-khien-olflex-150-cy-4g15-jj-lapp-tienhungtech\/","og_site_name":"C\u00d4NG TY C\u1ed4 PH\u1ea6N T\u1ef0 \u0110\u1ed8NG TI\u1ebeN H\u01afNG","article_modified_time":"2023-08-09T04:11:01+00:00","og_image":[{"width":2048,"height":2048,"url":"https:\/\/tienhungtech.com.vn\/wp-content\/uploads\/2023\/05\/0015804-1.jpg","type":"image\/jpeg"}],"twitter_card":"summary_large_image","twitter_misc":{"Est. reading time":"1 minute"},"schema":{"@context":"https:\/\/schema.org","@graph":[{"@type":"WebPage","@id":"https:\/\/tienhungtech.com.vn\/en\/san-pham\/0015804-olflex-150-cy-4g15-cap-dieu-khien-olflex-150-cy-4g15-jj-lapp-tienhungtech\/","url":"https:\/\/tienhungtech.com.vn\/en\/san-pham\/0015804-olflex-150-cy-4g15-cap-dieu-khien-olflex-150-cy-4g15-jj-lapp-tienhungtech\/","name":"0015804 - \u00d6LFLEX 150 CY 4G1,5 C\u00c1P \u0110I\u1ec0U KHI\u1ec2N \u00d6LFLEX 150 CY 4G1,5 \u2013 JJ-LAPP \u2013 TIENHUNGTECH - C\u00d4NG TY C\u1ed4 PH\u1ea6N T\u1ef0 \u0110\u1ed8NG TI\u1ebeN H\u01afNG","isPartOf":{"@id":"https:\/\/tienhungtech.com.vn\/#website"},"datePublished":"2023-05-05T04:53:15+00:00","dateModified":"2023-08-09T04:11:01+00:00","breadcrumb":{"@id":"https:\/\/tienhungtech.com.vn\/en\/san-pham\/0015804-olflex-150-cy-4g15-cap-dieu-khien-olflex-150-cy-4g15-jj-lapp-tienhungtech\/#breadcrumb"},"inLanguage":"en-US","potentialAction":[{"@type":"ReadAction","target":["https:\/\/tienhungtech.com.vn\/en\/san-pham\/0015804-olflex-150-cy-4g15-cap-dieu-khien-olflex-150-cy-4g15-jj-lapp-tienhungtech\/"]}]},{"@type":"BreadcrumbList","@id":"https:\/\/tienhungtech.com.vn\/en\/san-pham\/0015804-olflex-150-cy-4g15-cap-dieu-khien-olflex-150-cy-4g15-jj-lapp-tienhungtech\/#breadcrumb","itemListElement":[{"@type":"ListItem","position":1,"name":"Trang ch\u1ee7","item":"https:\/\/tienhungtech.com.vn\/en\/"},{"@type":"ListItem","position":2,"name":"Product","item":"https:\/\/tienhungtech.com.vn\/en\/san-pham\/"},{"@type":"ListItem","position":3,"name":"0015804 &#8211; \u00d6LFLEX 150 CY 4G1,5 C\u00c1P \u0110I\u1ec0U KHI\u1ec2N \u00d6LFLEX 150 CY 4G1,5 \u2013 JJ-LAPP \u2013 TIENHUNGTECH"}]},{"@type":"WebSite","@id":"https:\/\/tienhungtech.com.vn\/#website","url":"https:\/\/tienhungtech.com.vn\/","name":"TIEN HUNG TECH","description":"Ti\u1ebfn H\u01b0ng l\u00e0 m\u1ed9t trong nh\u1eefng \u0111\u01a1n v\u1ecb h\u00e0ng \u0111\u1ea7u cung c\u1ea5p c\u00e1c thi\u1ebft b\u1ecb, d\u1ecbch v\u1ee5 v\u00e0 gi\u1ea3i ph\u00e1p li\u00ean quan \u0111\u1ebfn ng\u00e0nh t\u1ee7 b\u1ea3ng \u0111i\u1ec7n n\u00f3i ri\u00eang v\u00e0 t\u1ef1 \u0111\u1ed9ng ho\u00e1 n\u00f3i chung.","publisher":{"@id":"https:\/\/tienhungtech.com.vn\/#organization"},"alternateName":"Ti\u1ebfn H\u01b0ng \u0111\u01b0\u1ee3c th\u00e0nh l\u1eadp v\u00e0o n\u0103m 2016, l\u00e0 t\u1ed5 ch\u1ee9c t\u1eadp h\u1ee3p nh\u1eefng k\u1ef9 s\u01b0 \u0111i\u1ec7n - t\u1ef1 \u0111\u1ed9ng ho\u00e1 \u01b0u t\u00fa v\u1edbi kh\u00e1t khao \u0111\u01b0\u1ee3c mang \u0111\u1ebfn cho qu\u00fd kh\u00e1ch h\u00e0ng, doanh nghi\u1ec7p tr\u00ean ph\u1ea1m vi c\u1ea3 n\u01b0\u1edbc Vi\u1ec7t Nam nh\u1eefng gi\u1ea3i ph\u00e1p \u0111i\u1ec7n - t\u1ef1 \u0111\u1ed9ng ho\u00e1 ti\u00ean ti\u1ebfn nh\u1ea5t.","potentialAction":[{"@type":"SearchAction","target":{"@type":"EntryPoint","urlTemplate":"https:\/\/tienhungtech.com.vn\/?s={search_term_string}"},"query-input":"required name=search_term_string"}],"inLanguage":"en-US"},{"@type":"Organization","@id":"https:\/\/tienhungtech.com.vn\/#organization","name":"TIEN HUNG TECH","alternateName":"Ti\u1ebfn H\u01b0ng \u0111\u01b0\u1ee3c th\u00e0nh l\u1eadp v\u00e0o n\u0103m 2016, l\u00e0 t\u1ed5 ch\u1ee9c t\u1eadp h\u1ee3p nh\u1eefng k\u1ef9 s\u01b0 \u0111i\u1ec7n - t\u1ef1 \u0111\u1ed9ng ho\u00e1 \u01b0u t\u00fa v\u1edbi kh\u00e1t khao \u0111\u01b0\u1ee3c mang \u0111\u1ebfn cho qu\u00fd kh\u00e1ch h\u00e0ng, doanh nghi\u1ec7p tr\u00ean ph\u1ea1m vi c\u1ea3 n\u01b0\u1edbc Vi\u1ec7t Nam nh\u1eefng gi\u1ea3i ph\u00e1p \u0111i\u1ec7n - t\u1ef1 \u0111\u1ed9ng ho\u00e1 ti\u00ean ti\u1ebfn nh\u1ea5t.","url":"https:\/\/tienhungtech.com.vn\/","logo":{"@type":"ImageObject","inLanguage":"en-US","@id":"https:\/\/tienhungtech.com.vn\/#\/schema\/logo\/image\/","url":"https:\/\/tienhungtech.com.vn\/wp-content\/uploads\/2025\/07\/Logo-Tien-Hung-R-01.png","contentUrl":"https:\/\/tienhungtech.com.vn\/wp-content\/uploads\/2025\/07\/Logo-Tien-Hung-R-01.png","width":1886,"height":575,"caption":"TIEN HUNG TECH"},"image":{"@id":"https:\/\/tienhungtech.com.vn\/#\/schema\/logo\/image\/"}}]}},"_links":{"self":[{"href":"https:\/\/tienhungtech.com.vn\/en\/wp-json\/wp\/v2\/product\/12596","targetHints":{"allow":["GET"]}}],"collection":[{"href":"https:\/\/tienhungtech.com.vn\/en\/wp-json\/wp\/v2\/product"}],"about":[{"href":"https:\/\/tienhungtech.com.vn\/en\/wp-json\/wp\/v2\/types\/product"}],"replies":[{"embeddable":true,"href":"https:\/\/tienhungtech.com.vn\/en\/wp-json\/wp\/v2\/comments?post=12596"}],"wp:featuredmedia":[{"embeddable":true,"href":"https:\/\/tienhungtech.com.vn\/en\/wp-json\/wp\/v2\/media\/11490"}],"wp:attachment":[{"href":"https:\/\/tienhungtech.com.vn\/en\/wp-json\/wp\/v2\/media?parent=12596"}],"wp:term":[{"taxonomy":"product_cat","embeddable":true,"href":"https:\/\/tienhungtech.com.vn\/en\/wp-json\/wp\/v2\/product_cat?post=12596"},{"taxonomy":"product_tag","embeddable":true,"href":"https:\/\/tienhungtech.com.vn\/en\/wp-json\/wp\/v2\/product_tag?post=12596"},{"taxonomy":"brand_product","embeddable":true,"href":"https:\/\/tienhungtech.com.vn\/en\/wp-json\/wp\/v2\/brand_product?post=12596"},{"taxonomy":"group_product","embeddable":true,"href":"https:\/\/tienhungtech.com.vn\/en\/wp-json\/wp\/v2\/group_product?post=12596"},{"taxonomy":"origin_product","embeddable":true,"href":"https:\/\/tienhungtech.com.vn\/en\/wp-json\/wp\/v2\/origin_product?post=12596"}],"curies":[{"name":"wp","href":"https:\/\/api.w.org\/{rel}","templated":true}]}}