{"id":12556,"date":"2023-05-09T15:59:27","date_gmt":"2023-05-09T08:59:27","guid":{"rendered":"https:\/\/tienhungtech.com.vn\/san-pham\/0012662-olflex-eb-cy-5x15-cap-dieu-khien-olflex-eb-cy-5x1-5-jj-lapp-tienhungtech\/"},"modified":"2023-05-13T22:15:39","modified_gmt":"2023-05-13T15:15:39","slug":"0012662-olflex-eb-cy-5x15-cap-dieu-khien-olflex-eb-cy-5x1-5-jj-lapp-tienhungtech","status":"publish","type":"product","link":"https:\/\/tienhungtech.com.vn\/en\/san-pham\/0012662-olflex-eb-cy-5x15-cap-dieu-khien-olflex-eb-cy-5x1-5-jj-lapp-tienhungtech\/","title":{"rendered":"0012662 &#8211; LFLEX EB CY 5X1.5 CONTROL CABLE LFLEX EB CY 5X1.5 \u2013 JJ-LAPP \u2013 TIENHUNGTECH"},"content":{"rendered":"<p>&#8211; Product code (order code): 0012662<br \/>\n&#8211; Product code (type): \u00d6LFLEX EB CY 5X1.5<br \/>\n&#8211; Screened control cables for safety circuits<br \/>\n&#8211; PVC control cable, flexible, screened and numbered<br \/>\n&#8211; Blue outer shell, no protective conductor<br \/>\n&#8211; Number of cores and core diameter: 5X1.5 mm\u00b2<br \/>\n&#8211; Outer diameter of cable: 8.9mm<br \/>\n&#8211; Braided copper, wire wrapped with plastic foil, twisted core<br \/>\n&#8211; PVC outer shell, blue similar to RAL 5015<br \/>\n&#8211; Suitable for use in EMC-sensitive environments<br \/>\n&#8211; Regular bending temperature range: -5\u00b0C to +70\u00b0C<br \/>\n&#8211; Fixed installation temperature range: -40\u00b0C to +80\u00b0C<br \/>\n&#8211; Roll length: 50 meters<\/p>\n<p>Please see detailed technical documentation at the following link:<\/p>\n<p><a href=\"https:\/\/eshop.jj-lapp.com\/jjlappsingapore\/en\/Main\/Power-%26-Control\/Power-and-control-cable\/Intrinsic-Safety-Applications\/%C3%96LFLEX-EB-CY-5X1%2C5\/p\/196231\" target=\"_blank\" rel=\"noopener\">0012662 &#8211; \u00d6LFLEX EB CY 5X1,5 <\/a><\/p>\n","protected":false},"excerpt":{"rendered":"<p>CONTROL CABLE LFLEX<\/p>\n","protected":false},"featured_media":12020,"comment_status":"open","ping_status":"closed","template":"","meta":{"inline_featured_image":false},"product_cat":[1081],"product_tag":[2636,1640,1084,1085,1086,1636,1088,1089,1090,1091,1092,1093,1094,1095,1096,1097,1098,1099,1100,1101,1102,1103,1104,1105,1106,1107,1108,1109,1110,1111,1112,1113,1114,1115,1116,1117],"brand_product":[1118],"group_product":[1120],"origin_product":[1121],"class_list":["post-12556","product","type-product","status-publish","has-post-thumbnail","hentry","product_cat-olflex-day-cap-power-control-cables-jj-lapp-en","product_tag-0012662-olflex-eb-cy-5x1-en-2","product_tag-5-cap-dieu-khien-olflex-eb-cy-5x1-5-jj-lapp-tienhungtech-en","product_tag-building-installation-en","product_tag-cable-glands-en","product_tag-cac-tuyen-cap-en","product_tag-cap-dieu-khien-en","product_tag-cong-cu-va-phu-kien-cap-en","product_tag-control-cabinet-single-cores-en","product_tag-conveyor-technology-en","product_tag-data-communication-systems-en","product_tag-data-communication-systems-for-ethernet-technology-en","product_tag-dau-noi-cong-nghiep-en","product_tag-day-cap-en","product_tag-expanded-ambient-temperatures-en","product_tag-harsh-conditions-948-en","product_tag-he-thong-danh-dau-en","product_tag-he-thong-ong-dan-cap-bao-ve-va-he-thong-mang-cap-en","product_tag-he-thong-truyen-dan-quang-en","product_tag-he-thong-truyen-du-lieu-en","product_tag-he-thong-truyen-du-lieu-cho-cong-nghe-ethernet-en","product_tag-industrial-connectors-en","product_tag-jj-lapp-en","product_tag-marking-systems-en","product_tag-olflex-en","product_tag-olflex-connect-systems-solutions-en","product_tag-optical-transmission-systems-en","product_tag-power-chain-applications-en","product_tag-protective-cable-conduit-systems-and-cable-carrier-systems-en","product_tag-pv-nang-luong-mat-troi-en","product_tag-robotics-en","product_tag-servo-applications-en","product_tag-solar-pv-en","product_tag-special-applications-en","product_tag-tienhungtech-en","product_tag-tools-and-cable-accessories-en","product_tag-various-applications-942-en","brand_product-jj-lapp-en","group_product-cap-olflex-en","origin_product-eu-g7-en"],"acf":[],"yoast_head":"<!-- This site is optimized with the Yoast SEO plugin v19.10 - https:\/\/yoast.com\/wordpress\/plugins\/seo\/ -->\n<title>0012662 - LFLEX EB CY 5X1.5 CONTROL CABLE LFLEX EB CY 5X1.5 \u2013 JJ-LAPP \u2013 TIENHUNGTECH - C\u00d4NG TY C\u1ed4 PH\u1ea6N T\u1ef0 \u0110\u1ed8NG TI\u1ebeN H\u01afNG<\/title>\n<meta name=\"robots\" content=\"index, follow, max-snippet:-1, max-image-preview:large, max-video-preview:-1\" \/>\n<link rel=\"canonical\" href=\"https:\/\/tienhungtech.com.vn\/en\/san-pham\/0012662-olflex-eb-cy-5x15-cap-dieu-khien-olflex-eb-cy-5x1-5-jj-lapp-tienhungtech\/\" \/>\n<meta property=\"og:locale\" content=\"en_US\" \/>\n<meta property=\"og:type\" content=\"article\" \/>\n<meta property=\"og:title\" content=\"0012662 - LFLEX EB CY 5X1.5 CONTROL CABLE LFLEX EB CY 5X1.5 \u2013 JJ-LAPP \u2013 TIENHUNGTECH - C\u00d4NG TY C\u1ed4 PH\u1ea6N T\u1ef0 \u0110\u1ed8NG TI\u1ebeN H\u01afNG\" \/>\n<meta property=\"og:description\" content=\"CONTROL CABLE LFLEX\" \/>\n<meta property=\"og:url\" content=\"https:\/\/tienhungtech.com.vn\/en\/san-pham\/0012662-olflex-eb-cy-5x15-cap-dieu-khien-olflex-eb-cy-5x1-5-jj-lapp-tienhungtech\/\" \/>\n<meta property=\"og:site_name\" content=\"C\u00d4NG TY C\u1ed4 PH\u1ea6N T\u1ef0 \u0110\u1ed8NG TI\u1ebeN H\u01afNG\" \/>\n<meta property=\"article:modified_time\" content=\"2023-05-13T15:15:39+00:00\" \/>\n<meta property=\"og:image\" content=\"https:\/\/tienhungtech.com.vn\/wp-content\/uploads\/2023\/05\/0012645-1.jpg\" \/>\n\t<meta property=\"og:image:width\" content=\"2048\" \/>\n\t<meta property=\"og:image:height\" content=\"2048\" \/>\n\t<meta property=\"og:image:type\" content=\"image\/jpeg\" \/>\n<meta name=\"twitter:card\" content=\"summary_large_image\" \/>\n<meta name=\"twitter:label1\" content=\"Est. reading time\" \/>\n\t<meta name=\"twitter:data1\" content=\"1 minute\" \/>\n<script type=\"application\/ld+json\" class=\"yoast-schema-graph\">{\"@context\":\"https:\/\/schema.org\",\"@graph\":[{\"@type\":\"WebPage\",\"@id\":\"https:\/\/tienhungtech.com.vn\/en\/san-pham\/0012662-olflex-eb-cy-5x15-cap-dieu-khien-olflex-eb-cy-5x1-5-jj-lapp-tienhungtech\/\",\"url\":\"https:\/\/tienhungtech.com.vn\/en\/san-pham\/0012662-olflex-eb-cy-5x15-cap-dieu-khien-olflex-eb-cy-5x1-5-jj-lapp-tienhungtech\/\",\"name\":\"0012662 - LFLEX EB CY 5X1.5 CONTROL CABLE LFLEX EB CY 5X1.5 \u2013 JJ-LAPP \u2013 TIENHUNGTECH - C\u00d4NG TY C\u1ed4 PH\u1ea6N T\u1ef0 \u0110\u1ed8NG TI\u1ebeN H\u01afNG\",\"isPartOf\":{\"@id\":\"https:\/\/tienhungtech.com.vn\/#website\"},\"datePublished\":\"2023-05-09T08:59:27+00:00\",\"dateModified\":\"2023-05-13T15:15:39+00:00\",\"breadcrumb\":{\"@id\":\"https:\/\/tienhungtech.com.vn\/en\/san-pham\/0012662-olflex-eb-cy-5x15-cap-dieu-khien-olflex-eb-cy-5x1-5-jj-lapp-tienhungtech\/#breadcrumb\"},\"inLanguage\":\"en-US\",\"potentialAction\":[{\"@type\":\"ReadAction\",\"target\":[\"https:\/\/tienhungtech.com.vn\/en\/san-pham\/0012662-olflex-eb-cy-5x15-cap-dieu-khien-olflex-eb-cy-5x1-5-jj-lapp-tienhungtech\/\"]}]},{\"@type\":\"BreadcrumbList\",\"@id\":\"https:\/\/tienhungtech.com.vn\/en\/san-pham\/0012662-olflex-eb-cy-5x15-cap-dieu-khien-olflex-eb-cy-5x1-5-jj-lapp-tienhungtech\/#breadcrumb\",\"itemListElement\":[{\"@type\":\"ListItem\",\"position\":1,\"name\":\"Trang ch\u1ee7\",\"item\":\"https:\/\/tienhungtech.com.vn\/en\/\"},{\"@type\":\"ListItem\",\"position\":2,\"name\":\"Product\",\"item\":\"https:\/\/tienhungtech.com.vn\/en\/san-pham\/\"},{\"@type\":\"ListItem\",\"position\":3,\"name\":\"0012662 &#8211; LFLEX EB CY 5X1.5 CONTROL CABLE LFLEX EB CY 5X1.5 \u2013 JJ-LAPP \u2013 TIENHUNGTECH\"}]},{\"@type\":\"WebSite\",\"@id\":\"https:\/\/tienhungtech.com.vn\/#website\",\"url\":\"https:\/\/tienhungtech.com.vn\/\",\"name\":\"TIEN HUNG TECH\",\"description\":\"Ti\u1ebfn H\u01b0ng l\u00e0 m\u1ed9t trong nh\u1eefng \u0111\u01a1n v\u1ecb h\u00e0ng \u0111\u1ea7u cung c\u1ea5p c\u00e1c thi\u1ebft b\u1ecb, d\u1ecbch v\u1ee5 v\u00e0 gi\u1ea3i ph\u00e1p li\u00ean quan \u0111\u1ebfn ng\u00e0nh t\u1ee7 b\u1ea3ng \u0111i\u1ec7n n\u00f3i ri\u00eang v\u00e0 t\u1ef1 \u0111\u1ed9ng ho\u00e1 n\u00f3i chung.\",\"publisher\":{\"@id\":\"https:\/\/tienhungtech.com.vn\/#organization\"},\"alternateName\":\"Ti\u1ebfn H\u01b0ng \u0111\u01b0\u1ee3c th\u00e0nh l\u1eadp v\u00e0o n\u0103m 2016, l\u00e0 t\u1ed5 ch\u1ee9c t\u1eadp h\u1ee3p nh\u1eefng k\u1ef9 s\u01b0 \u0111i\u1ec7n - t\u1ef1 \u0111\u1ed9ng ho\u00e1 \u01b0u t\u00fa v\u1edbi kh\u00e1t khao \u0111\u01b0\u1ee3c mang \u0111\u1ebfn cho qu\u00fd kh\u00e1ch h\u00e0ng, doanh nghi\u1ec7p tr\u00ean ph\u1ea1m vi c\u1ea3 n\u01b0\u1edbc Vi\u1ec7t Nam nh\u1eefng gi\u1ea3i ph\u00e1p \u0111i\u1ec7n - t\u1ef1 \u0111\u1ed9ng ho\u00e1 ti\u00ean ti\u1ebfn nh\u1ea5t.\",\"potentialAction\":[{\"@type\":\"SearchAction\",\"target\":{\"@type\":\"EntryPoint\",\"urlTemplate\":\"https:\/\/tienhungtech.com.vn\/?s={search_term_string}\"},\"query-input\":\"required name=search_term_string\"}],\"inLanguage\":\"en-US\"},{\"@type\":\"Organization\",\"@id\":\"https:\/\/tienhungtech.com.vn\/#organization\",\"name\":\"TIEN HUNG TECH\",\"alternateName\":\"Ti\u1ebfn H\u01b0ng \u0111\u01b0\u1ee3c th\u00e0nh l\u1eadp v\u00e0o n\u0103m 2016, l\u00e0 t\u1ed5 ch\u1ee9c t\u1eadp h\u1ee3p nh\u1eefng k\u1ef9 s\u01b0 \u0111i\u1ec7n - t\u1ef1 \u0111\u1ed9ng ho\u00e1 \u01b0u t\u00fa v\u1edbi kh\u00e1t khao \u0111\u01b0\u1ee3c mang \u0111\u1ebfn cho qu\u00fd kh\u00e1ch h\u00e0ng, doanh nghi\u1ec7p tr\u00ean ph\u1ea1m vi c\u1ea3 n\u01b0\u1edbc Vi\u1ec7t Nam nh\u1eefng gi\u1ea3i ph\u00e1p \u0111i\u1ec7n - t\u1ef1 \u0111\u1ed9ng ho\u00e1 ti\u00ean ti\u1ebfn nh\u1ea5t.\",\"url\":\"https:\/\/tienhungtech.com.vn\/\",\"logo\":{\"@type\":\"ImageObject\",\"inLanguage\":\"en-US\",\"@id\":\"https:\/\/tienhungtech.com.vn\/#\/schema\/logo\/image\/\",\"url\":\"https:\/\/tienhungtech.com.vn\/wp-content\/uploads\/2025\/07\/Logo-Tien-Hung-R-01.png\",\"contentUrl\":\"https:\/\/tienhungtech.com.vn\/wp-content\/uploads\/2025\/07\/Logo-Tien-Hung-R-01.png\",\"width\":1886,\"height\":575,\"caption\":\"TIEN HUNG TECH\"},\"image\":{\"@id\":\"https:\/\/tienhungtech.com.vn\/#\/schema\/logo\/image\/\"}}]}<\/script>\n<!-- \/ Yoast SEO plugin. -->","yoast_head_json":{"title":"0012662 - LFLEX EB CY 5X1.5 CONTROL CABLE LFLEX EB CY 5X1.5 \u2013 JJ-LAPP \u2013 TIENHUNGTECH - C\u00d4NG TY C\u1ed4 PH\u1ea6N T\u1ef0 \u0110\u1ed8NG TI\u1ebeN H\u01afNG","robots":{"index":"index","follow":"follow","max-snippet":"max-snippet:-1","max-image-preview":"max-image-preview:large","max-video-preview":"max-video-preview:-1"},"canonical":"https:\/\/tienhungtech.com.vn\/en\/san-pham\/0012662-olflex-eb-cy-5x15-cap-dieu-khien-olflex-eb-cy-5x1-5-jj-lapp-tienhungtech\/","og_locale":"en_US","og_type":"article","og_title":"0012662 - LFLEX EB CY 5X1.5 CONTROL CABLE LFLEX EB CY 5X1.5 \u2013 JJ-LAPP \u2013 TIENHUNGTECH - C\u00d4NG TY C\u1ed4 PH\u1ea6N T\u1ef0 \u0110\u1ed8NG TI\u1ebeN H\u01afNG","og_description":"CONTROL CABLE LFLEX","og_url":"https:\/\/tienhungtech.com.vn\/en\/san-pham\/0012662-olflex-eb-cy-5x15-cap-dieu-khien-olflex-eb-cy-5x1-5-jj-lapp-tienhungtech\/","og_site_name":"C\u00d4NG TY C\u1ed4 PH\u1ea6N T\u1ef0 \u0110\u1ed8NG TI\u1ebeN H\u01afNG","article_modified_time":"2023-05-13T15:15:39+00:00","og_image":[{"width":2048,"height":2048,"url":"https:\/\/tienhungtech.com.vn\/wp-content\/uploads\/2023\/05\/0012645-1.jpg","type":"image\/jpeg"}],"twitter_card":"summary_large_image","twitter_misc":{"Est. reading time":"1 minute"},"schema":{"@context":"https:\/\/schema.org","@graph":[{"@type":"WebPage","@id":"https:\/\/tienhungtech.com.vn\/en\/san-pham\/0012662-olflex-eb-cy-5x15-cap-dieu-khien-olflex-eb-cy-5x1-5-jj-lapp-tienhungtech\/","url":"https:\/\/tienhungtech.com.vn\/en\/san-pham\/0012662-olflex-eb-cy-5x15-cap-dieu-khien-olflex-eb-cy-5x1-5-jj-lapp-tienhungtech\/","name":"0012662 - LFLEX EB CY 5X1.5 CONTROL CABLE LFLEX EB CY 5X1.5 \u2013 JJ-LAPP \u2013 TIENHUNGTECH - C\u00d4NG TY C\u1ed4 PH\u1ea6N T\u1ef0 \u0110\u1ed8NG TI\u1ebeN H\u01afNG","isPartOf":{"@id":"https:\/\/tienhungtech.com.vn\/#website"},"datePublished":"2023-05-09T08:59:27+00:00","dateModified":"2023-05-13T15:15:39+00:00","breadcrumb":{"@id":"https:\/\/tienhungtech.com.vn\/en\/san-pham\/0012662-olflex-eb-cy-5x15-cap-dieu-khien-olflex-eb-cy-5x1-5-jj-lapp-tienhungtech\/#breadcrumb"},"inLanguage":"en-US","potentialAction":[{"@type":"ReadAction","target":["https:\/\/tienhungtech.com.vn\/en\/san-pham\/0012662-olflex-eb-cy-5x15-cap-dieu-khien-olflex-eb-cy-5x1-5-jj-lapp-tienhungtech\/"]}]},{"@type":"BreadcrumbList","@id":"https:\/\/tienhungtech.com.vn\/en\/san-pham\/0012662-olflex-eb-cy-5x15-cap-dieu-khien-olflex-eb-cy-5x1-5-jj-lapp-tienhungtech\/#breadcrumb","itemListElement":[{"@type":"ListItem","position":1,"name":"Trang ch\u1ee7","item":"https:\/\/tienhungtech.com.vn\/en\/"},{"@type":"ListItem","position":2,"name":"Product","item":"https:\/\/tienhungtech.com.vn\/en\/san-pham\/"},{"@type":"ListItem","position":3,"name":"0012662 &#8211; LFLEX EB CY 5X1.5 CONTROL CABLE LFLEX EB CY 5X1.5 \u2013 JJ-LAPP \u2013 TIENHUNGTECH"}]},{"@type":"WebSite","@id":"https:\/\/tienhungtech.com.vn\/#website","url":"https:\/\/tienhungtech.com.vn\/","name":"TIEN HUNG TECH","description":"Ti\u1ebfn H\u01b0ng l\u00e0 m\u1ed9t trong nh\u1eefng \u0111\u01a1n v\u1ecb h\u00e0ng \u0111\u1ea7u cung c\u1ea5p c\u00e1c thi\u1ebft b\u1ecb, d\u1ecbch v\u1ee5 v\u00e0 gi\u1ea3i ph\u00e1p li\u00ean quan \u0111\u1ebfn ng\u00e0nh t\u1ee7 b\u1ea3ng \u0111i\u1ec7n n\u00f3i ri\u00eang v\u00e0 t\u1ef1 \u0111\u1ed9ng ho\u00e1 n\u00f3i chung.","publisher":{"@id":"https:\/\/tienhungtech.com.vn\/#organization"},"alternateName":"Ti\u1ebfn H\u01b0ng \u0111\u01b0\u1ee3c th\u00e0nh l\u1eadp v\u00e0o n\u0103m 2016, l\u00e0 t\u1ed5 ch\u1ee9c t\u1eadp h\u1ee3p nh\u1eefng k\u1ef9 s\u01b0 \u0111i\u1ec7n - t\u1ef1 \u0111\u1ed9ng ho\u00e1 \u01b0u t\u00fa v\u1edbi kh\u00e1t khao \u0111\u01b0\u1ee3c mang \u0111\u1ebfn cho qu\u00fd kh\u00e1ch h\u00e0ng, doanh nghi\u1ec7p tr\u00ean ph\u1ea1m vi c\u1ea3 n\u01b0\u1edbc Vi\u1ec7t Nam nh\u1eefng gi\u1ea3i ph\u00e1p \u0111i\u1ec7n - t\u1ef1 \u0111\u1ed9ng ho\u00e1 ti\u00ean ti\u1ebfn nh\u1ea5t.","potentialAction":[{"@type":"SearchAction","target":{"@type":"EntryPoint","urlTemplate":"https:\/\/tienhungtech.com.vn\/?s={search_term_string}"},"query-input":"required name=search_term_string"}],"inLanguage":"en-US"},{"@type":"Organization","@id":"https:\/\/tienhungtech.com.vn\/#organization","name":"TIEN HUNG TECH","alternateName":"Ti\u1ebfn H\u01b0ng \u0111\u01b0\u1ee3c th\u00e0nh l\u1eadp v\u00e0o n\u0103m 2016, l\u00e0 t\u1ed5 ch\u1ee9c t\u1eadp h\u1ee3p nh\u1eefng k\u1ef9 s\u01b0 \u0111i\u1ec7n - t\u1ef1 \u0111\u1ed9ng ho\u00e1 \u01b0u t\u00fa v\u1edbi kh\u00e1t khao \u0111\u01b0\u1ee3c mang \u0111\u1ebfn cho qu\u00fd kh\u00e1ch h\u00e0ng, doanh nghi\u1ec7p tr\u00ean ph\u1ea1m vi c\u1ea3 n\u01b0\u1edbc Vi\u1ec7t Nam nh\u1eefng gi\u1ea3i ph\u00e1p \u0111i\u1ec7n - t\u1ef1 \u0111\u1ed9ng ho\u00e1 ti\u00ean ti\u1ebfn nh\u1ea5t.","url":"https:\/\/tienhungtech.com.vn\/","logo":{"@type":"ImageObject","inLanguage":"en-US","@id":"https:\/\/tienhungtech.com.vn\/#\/schema\/logo\/image\/","url":"https:\/\/tienhungtech.com.vn\/wp-content\/uploads\/2025\/07\/Logo-Tien-Hung-R-01.png","contentUrl":"https:\/\/tienhungtech.com.vn\/wp-content\/uploads\/2025\/07\/Logo-Tien-Hung-R-01.png","width":1886,"height":575,"caption":"TIEN HUNG TECH"},"image":{"@id":"https:\/\/tienhungtech.com.vn\/#\/schema\/logo\/image\/"}}]}},"_links":{"self":[{"href":"https:\/\/tienhungtech.com.vn\/en\/wp-json\/wp\/v2\/product\/12556","targetHints":{"allow":["GET"]}}],"collection":[{"href":"https:\/\/tienhungtech.com.vn\/en\/wp-json\/wp\/v2\/product"}],"about":[{"href":"https:\/\/tienhungtech.com.vn\/en\/wp-json\/wp\/v2\/types\/product"}],"replies":[{"embeddable":true,"href":"https:\/\/tienhungtech.com.vn\/en\/wp-json\/wp\/v2\/comments?post=12556"}],"wp:featuredmedia":[{"embeddable":true,"href":"https:\/\/tienhungtech.com.vn\/en\/wp-json\/wp\/v2\/media\/12020"}],"wp:attachment":[{"href":"https:\/\/tienhungtech.com.vn\/en\/wp-json\/wp\/v2\/media?parent=12556"}],"wp:term":[{"taxonomy":"product_cat","embeddable":true,"href":"https:\/\/tienhungtech.com.vn\/en\/wp-json\/wp\/v2\/product_cat?post=12556"},{"taxonomy":"product_tag","embeddable":true,"href":"https:\/\/tienhungtech.com.vn\/en\/wp-json\/wp\/v2\/product_tag?post=12556"},{"taxonomy":"brand_product","embeddable":true,"href":"https:\/\/tienhungtech.com.vn\/en\/wp-json\/wp\/v2\/brand_product?post=12556"},{"taxonomy":"group_product","embeddable":true,"href":"https:\/\/tienhungtech.com.vn\/en\/wp-json\/wp\/v2\/group_product?post=12556"},{"taxonomy":"origin_product","embeddable":true,"href":"https:\/\/tienhungtech.com.vn\/en\/wp-json\/wp\/v2\/origin_product?post=12556"}],"curies":[{"name":"wp","href":"https:\/\/api.w.org\/{rel}","templated":true}]}}