{"id":9414,"date":"2022-11-09T07:52:21","date_gmt":"2022-11-09T00:52:21","guid":{"rendered":"http:\/\/tienhungtech.com.vn\/van-chuyen-giao-hang\/"},"modified":"2023-05-19T09:39:42","modified_gmt":"2023-05-19T02:39:42","slug":"van-chuyen-giao-hang","status":"publish","type":"page","link":"https:\/\/tienhungtech.com.vn\/en\/van-chuyen-giao-hang\/","title":{"rendered":"Shipping &#038; Delivery"},"content":{"rendered":"\n<p><\/p>\n\n\n\n<p>Here, Tien Hung Automation Joint Stock Company would like to send to customers the shipping and delivery policy for customers who buy products.<\/p>\n\n\n\n<p><strong>I. SCOPE OF APPLICATION:<\/strong><\/p>\n\n\n\n<p><strong>&#8211;\u00a0<\/strong>All customers who buy products at Website\u00a0<a href=\"http:\/\/haophuong.com\">www.tienhungtech.com<\/a>\u00a0or customers who come directly to see and buy goods at the company want to deliver directly at home.<\/p>\n\n\n\n<p><strong>II. FORM OF APPLICATION AND DELIVERY TIME<\/strong><\/p>\n\n\n\n<h3 class=\"wp-block-heading\"><strong>1- For available items:<\/strong><\/h3>\n\n\n\n<p>a) Tien Hung\u00a0supports door-to-door and free delivery\u00a0in the inner city\u00a0Ho Chi Minh City for orders over 3 million. Delivery time depends on when\u00a0order:<\/p>\n\n\n\n<p>-If order before 9am: \u00a0order will be\u00a0delivered in the morning of the same day.<\/p>\n\n\n\n<p>-If ordering from 9am to 2pm: Orders will be delivered in the afternoon of the same day.<\/p>\n\n\n\n<p>-If you order after 2pm : Orders will be delivered to customers the next morning<\/p>\n\n\n\n<p>(During order processing, errors cannot be avoided, customers can call us immediately if they feel that the delivery is delayed)<\/p>\n\n\n\n<p>b) For orders under 3 million, customers can directly pick up at \u00a0Tien Hung\u00a0 or Tien Hung\u00a0 warehouse, which will support delivery of these orders if there is a delivery in the same direction. (Delivery time depends on other orders, ranges from 1 &#8211; 3 days)<\/p>\n\n\n\n<p>c) For orders in provinces far from Ho Chi Minh City, orders will be used domestic express delivery service to deliver goods to customers. The customer will bear the express fee.<\/p>\n\n\n\n<p>Tien Hung\u00a0will order for items that are not available in the following cases:<\/p>\n\n\n\n<p>&#8211; Customer signs order confirmation<\/p>\n\n\n\n<p>&#8211; Customers pay in advance from \u00a030% &#8211; 100% of the order value depending on the item to order<\/p>\n\n\n\n<p>Ordering time depends on the factory and means of transportation:<\/p>\n\n\n\n<p><em>a) Place an order by ship:<\/em><\/p>\n\n\n\n<p>-In case the goods are available at the factory&#8217;s warehouse: order time is from 6-8 weeks or 8-10 weeks depending on the item.<\/p>\n\n\n\n<p>&#8211; In case the goods are not available at the factory warehouse: Order time is from 12-14\u00a0weeksor 3-4 months depending on the item.<\/p>\n\n\n\n<p><em>b) Ordering by plane:<\/em><\/p>\n\n\n\n<p>&#8211; In case the goods are available at the factory&#8217;s warehouse: order time is from 3 -4\u00a0weeks or 4-6 weeks depending on the item.<\/p>\n\n\n\n<p>-In case the goods are not available at the factory warehouse: Order time is from 10-12 weeks\u00a0or 12\u00a0-14 weeks\u00a0depending on the item<\/p>\n\n\n\n<p><strong>III. RESPONSIBILITY FOR SHIPPING GOODS.<\/strong><\/p>\n\n\n\n<p>&#8211; The company will be responsible for the goods and risks such as loss or damage of the goods during the transportation from our warehouse to you.<\/p>\n\n\n\n<p>&#8211; It is your responsibility to inspect the goods upon receipt. When detecting damaged, scratched, broken, dented, or wrong goods, sign to confirm the condition of the goods with the delivery staff and immediately notify the Customer Care Department at our hotline number. Company.<\/p>\n\n\n\n<p>-After you have signed to receive the goods without making any notes or comments about the goods. The company is not responsible for the return requests for damage, scratches, broken, dented, wrong goods, \u2026 from customers later.<\/p>\n\n\n\n<p>&#8211; If the shipping service is designated and selected by you, you will be responsible for the goods and risks such as loss or damage of the goods during the transportation from the company&#8217;s warehouse to the destination. customers. Customer will be responsible for freight and related loss.<\/p>\n\n\n\n<p><strong>IV. OTHER CONDITIONS<\/strong><\/p>\n\n\n\n<p>&#8211; Free shipping policy does not apply to products purchased during golden hour promotions, shocking prices\u2026<\/p>\n\n\n\n<p>&#8211; Tolls and roads, entrance fees to villages or parking fees at apartments are paid by customers themselves.<\/p>\n\n\n\n<p>&#8211; The company only delivers the goods to the correct recipient that the customer has registered when making a purchase. In the course of delivery, if there is an unclear change of recipient, we have the right to refuse delivery and ask customers to pick up the goods at the company&#8217;s sales location.<\/p>\n\n\n\n<p>&#8211; If the delivery address is not clear, is located in a corner, or in dangerous places, mountainous areas, difficult transportation, we have the right to refuse to ship, deliver and receive goods directly. next.<\/p>\n\n\n\n<p>&#8211; In cases of force majeure, due to natural disasters, floods, damage to ferry bridges, etc., we are not responsible for compensation for damage arising from delivery of goods on time or failure to deliver goods to the destination such as: agreed with the customer.<\/p>\n\n\n\n<p>&#8211; In case we have shipped the goods to the delivery location as agreed upon at the time of purchase, but for some reason the customer requests to return the goods, then the customer must bear the shipping costs in accordance with the company&#8217;s regulations. company.<\/p>\n\n\n\n<p>&#8211; For heavy and bulky products that need to be transported to the floor without an elevator, customers are requested to assist in the delivery.<\/p>\n\n\n\n<p>&#8211; During special days or Festival days due to limited general traffic policy (no roads for some vehicles\u2026) delivery time may change, We will call customers to confirm most delivery time.<br><br>Thank you!<\/p>\n","protected":false},"excerpt":{"rendered":"<p>Here, Tien Hung Automation Joint Stock Company would like to send to customers the shipping and delivery policy for customers who buy products. I. SCOPE OF APPLICATION: &#8211;\u00a0All customers who buy products at Website\u00a0www.tienhungtech.com\u00a0or customers who come directly to see and buy goods at the company want to deliver directly at home. II. FORM OF [&hellip;]<\/p>\n","protected":false},"author":1,"featured_media":0,"parent":0,"menu_order":0,"comment_status":"closed","ping_status":"closed","template":"","meta":{"inline_featured_image":false,"footnotes":""},"class_list":["post-9414","page","type-page","status-publish","hentry"],"acf":[],"yoast_head":"<!-- This site is optimized with the Yoast SEO plugin v19.10 - https:\/\/yoast.com\/wordpress\/plugins\/seo\/ -->\n<title>Shipping &amp; Delivery - C\u00d4NG TY C\u1ed4 PH\u1ea6N T\u1ef0 \u0110\u1ed8NG TI\u1ebeN H\u01afNG<\/title>\n<meta name=\"robots\" content=\"index, follow, max-snippet:-1, max-image-preview:large, max-video-preview:-1\" \/>\n<link rel=\"canonical\" href=\"https:\/\/tienhungtech.com.vn\/en\/van-chuyen-giao-hang\/\" \/>\n<meta property=\"og:locale\" content=\"en_US\" \/>\n<meta property=\"og:type\" content=\"article\" \/>\n<meta property=\"og:title\" content=\"Shipping &amp; Delivery - C\u00d4NG TY C\u1ed4 PH\u1ea6N T\u1ef0 \u0110\u1ed8NG TI\u1ebeN H\u01afNG\" \/>\n<meta property=\"og:description\" content=\"Here, Tien Hung Automation Joint Stock Company would like to send to customers the shipping and delivery policy for customers who buy products. I. SCOPE OF APPLICATION: &#8211;\u00a0All customers who buy products at Website\u00a0www.tienhungtech.com\u00a0or customers who come directly to see and buy goods at the company want to deliver directly at home. II. FORM OF [&hellip;]\" \/>\n<meta property=\"og:url\" content=\"https:\/\/tienhungtech.com.vn\/en\/van-chuyen-giao-hang\/\" \/>\n<meta property=\"og:site_name\" content=\"C\u00d4NG TY C\u1ed4 PH\u1ea6N T\u1ef0 \u0110\u1ed8NG TI\u1ebeN H\u01afNG\" \/>\n<meta property=\"article:modified_time\" content=\"2023-05-19T02:39:42+00:00\" \/>\n<meta name=\"twitter:card\" content=\"summary_large_image\" \/>\n<meta name=\"twitter:label1\" content=\"Est. reading time\" \/>\n\t<meta name=\"twitter:data1\" content=\"4 minutes\" \/>\n<script type=\"application\/ld+json\" class=\"yoast-schema-graph\">{\"@context\":\"https:\/\/schema.org\",\"@graph\":[{\"@type\":\"WebPage\",\"@id\":\"https:\/\/tienhungtech.com.vn\/en\/van-chuyen-giao-hang\/\",\"url\":\"https:\/\/tienhungtech.com.vn\/en\/van-chuyen-giao-hang\/\",\"name\":\"Shipping & Delivery - C\u00d4NG TY C\u1ed4 PH\u1ea6N T\u1ef0 \u0110\u1ed8NG TI\u1ebeN H\u01afNG\",\"isPartOf\":{\"@id\":\"https:\/\/tienhungtech.com.vn\/#website\"},\"datePublished\":\"2022-11-09T00:52:21+00:00\",\"dateModified\":\"2023-05-19T02:39:42+00:00\",\"breadcrumb\":{\"@id\":\"https:\/\/tienhungtech.com.vn\/en\/van-chuyen-giao-hang\/#breadcrumb\"},\"inLanguage\":\"en-US\",\"potentialAction\":[{\"@type\":\"ReadAction\",\"target\":[\"https:\/\/tienhungtech.com.vn\/en\/van-chuyen-giao-hang\/\"]}]},{\"@type\":\"BreadcrumbList\",\"@id\":\"https:\/\/tienhungtech.com.vn\/en\/van-chuyen-giao-hang\/#breadcrumb\",\"itemListElement\":[{\"@type\":\"ListItem\",\"position\":1,\"name\":\"Trang ch\u1ee7\",\"item\":\"https:\/\/tienhungtech.com.vn\/en\/\"},{\"@type\":\"ListItem\",\"position\":2,\"name\":\"Shipping &#038; Delivery\"}]},{\"@type\":\"WebSite\",\"@id\":\"https:\/\/tienhungtech.com.vn\/#website\",\"url\":\"https:\/\/tienhungtech.com.vn\/\",\"name\":\"TIEN HUNG TECH\",\"description\":\"Ti\u1ebfn H\u01b0ng l\u00e0 m\u1ed9t trong nh\u1eefng \u0111\u01a1n v\u1ecb h\u00e0ng \u0111\u1ea7u cung c\u1ea5p c\u00e1c thi\u1ebft b\u1ecb, d\u1ecbch v\u1ee5 v\u00e0 gi\u1ea3i ph\u00e1p li\u00ean quan \u0111\u1ebfn ng\u00e0nh t\u1ee7 b\u1ea3ng \u0111i\u1ec7n n\u00f3i ri\u00eang v\u00e0 t\u1ef1 \u0111\u1ed9ng ho\u00e1 n\u00f3i chung.\",\"publisher\":{\"@id\":\"https:\/\/tienhungtech.com.vn\/#organization\"},\"alternateName\":\"Ti\u1ebfn H\u01b0ng \u0111\u01b0\u1ee3c th\u00e0nh l\u1eadp v\u00e0o n\u0103m 2016, l\u00e0 t\u1ed5 ch\u1ee9c t\u1eadp h\u1ee3p nh\u1eefng k\u1ef9 s\u01b0 \u0111i\u1ec7n - t\u1ef1 \u0111\u1ed9ng ho\u00e1 \u01b0u t\u00fa v\u1edbi kh\u00e1t khao \u0111\u01b0\u1ee3c mang \u0111\u1ebfn cho qu\u00fd kh\u00e1ch h\u00e0ng, doanh nghi\u1ec7p tr\u00ean ph\u1ea1m vi c\u1ea3 n\u01b0\u1edbc Vi\u1ec7t Nam nh\u1eefng gi\u1ea3i ph\u00e1p \u0111i\u1ec7n - t\u1ef1 \u0111\u1ed9ng ho\u00e1 ti\u00ean ti\u1ebfn nh\u1ea5t.\",\"potentialAction\":[{\"@type\":\"SearchAction\",\"target\":{\"@type\":\"EntryPoint\",\"urlTemplate\":\"https:\/\/tienhungtech.com.vn\/?s={search_term_string}\"},\"query-input\":\"required name=search_term_string\"}],\"inLanguage\":\"en-US\"},{\"@type\":\"Organization\",\"@id\":\"https:\/\/tienhungtech.com.vn\/#organization\",\"name\":\"TIEN HUNG TECH\",\"alternateName\":\"Ti\u1ebfn H\u01b0ng \u0111\u01b0\u1ee3c th\u00e0nh l\u1eadp v\u00e0o n\u0103m 2016, l\u00e0 t\u1ed5 ch\u1ee9c t\u1eadp h\u1ee3p nh\u1eefng k\u1ef9 s\u01b0 \u0111i\u1ec7n - t\u1ef1 \u0111\u1ed9ng ho\u00e1 \u01b0u t\u00fa v\u1edbi kh\u00e1t khao \u0111\u01b0\u1ee3c mang \u0111\u1ebfn cho qu\u00fd kh\u00e1ch h\u00e0ng, doanh nghi\u1ec7p tr\u00ean ph\u1ea1m vi c\u1ea3 n\u01b0\u1edbc Vi\u1ec7t Nam nh\u1eefng gi\u1ea3i ph\u00e1p \u0111i\u1ec7n - t\u1ef1 \u0111\u1ed9ng ho\u00e1 ti\u00ean ti\u1ebfn nh\u1ea5t.\",\"url\":\"https:\/\/tienhungtech.com.vn\/\",\"logo\":{\"@type\":\"ImageObject\",\"inLanguage\":\"en-US\",\"@id\":\"https:\/\/tienhungtech.com.vn\/#\/schema\/logo\/image\/\",\"url\":\"https:\/\/tienhungtech.com.vn\/wp-content\/uploads\/2025\/07\/Logo-Tien-Hung-R-01.png\",\"contentUrl\":\"https:\/\/tienhungtech.com.vn\/wp-content\/uploads\/2025\/07\/Logo-Tien-Hung-R-01.png\",\"width\":1886,\"height\":575,\"caption\":\"TIEN HUNG TECH\"},\"image\":{\"@id\":\"https:\/\/tienhungtech.com.vn\/#\/schema\/logo\/image\/\"}}]}<\/script>\n<!-- \/ Yoast SEO plugin. -->","yoast_head_json":{"title":"Shipping & Delivery - C\u00d4NG TY C\u1ed4 PH\u1ea6N T\u1ef0 \u0110\u1ed8NG TI\u1ebeN H\u01afNG","robots":{"index":"index","follow":"follow","max-snippet":"max-snippet:-1","max-image-preview":"max-image-preview:large","max-video-preview":"max-video-preview:-1"},"canonical":"https:\/\/tienhungtech.com.vn\/en\/van-chuyen-giao-hang\/","og_locale":"en_US","og_type":"article","og_title":"Shipping & Delivery - C\u00d4NG TY C\u1ed4 PH\u1ea6N T\u1ef0 \u0110\u1ed8NG TI\u1ebeN H\u01afNG","og_description":"Here, Tien Hung Automation Joint Stock Company would like to send to customers the shipping and delivery policy for customers who buy products. I. SCOPE OF APPLICATION: &#8211;\u00a0All customers who buy products at Website\u00a0www.tienhungtech.com\u00a0or customers who come directly to see and buy goods at the company want to deliver directly at home. II. FORM OF [&hellip;]","og_url":"https:\/\/tienhungtech.com.vn\/en\/van-chuyen-giao-hang\/","og_site_name":"C\u00d4NG TY C\u1ed4 PH\u1ea6N T\u1ef0 \u0110\u1ed8NG TI\u1ebeN H\u01afNG","article_modified_time":"2023-05-19T02:39:42+00:00","twitter_card":"summary_large_image","twitter_misc":{"Est. reading time":"4 minutes"},"schema":{"@context":"https:\/\/schema.org","@graph":[{"@type":"WebPage","@id":"https:\/\/tienhungtech.com.vn\/en\/van-chuyen-giao-hang\/","url":"https:\/\/tienhungtech.com.vn\/en\/van-chuyen-giao-hang\/","name":"Shipping & Delivery - C\u00d4NG TY C\u1ed4 PH\u1ea6N T\u1ef0 \u0110\u1ed8NG TI\u1ebeN H\u01afNG","isPartOf":{"@id":"https:\/\/tienhungtech.com.vn\/#website"},"datePublished":"2022-11-09T00:52:21+00:00","dateModified":"2023-05-19T02:39:42+00:00","breadcrumb":{"@id":"https:\/\/tienhungtech.com.vn\/en\/van-chuyen-giao-hang\/#breadcrumb"},"inLanguage":"en-US","potentialAction":[{"@type":"ReadAction","target":["https:\/\/tienhungtech.com.vn\/en\/van-chuyen-giao-hang\/"]}]},{"@type":"BreadcrumbList","@id":"https:\/\/tienhungtech.com.vn\/en\/van-chuyen-giao-hang\/#breadcrumb","itemListElement":[{"@type":"ListItem","position":1,"name":"Trang ch\u1ee7","item":"https:\/\/tienhungtech.com.vn\/en\/"},{"@type":"ListItem","position":2,"name":"Shipping &#038; Delivery"}]},{"@type":"WebSite","@id":"https:\/\/tienhungtech.com.vn\/#website","url":"https:\/\/tienhungtech.com.vn\/","name":"TIEN HUNG TECH","description":"Ti\u1ebfn H\u01b0ng l\u00e0 m\u1ed9t trong nh\u1eefng \u0111\u01a1n v\u1ecb h\u00e0ng \u0111\u1ea7u cung c\u1ea5p c\u00e1c thi\u1ebft b\u1ecb, d\u1ecbch v\u1ee5 v\u00e0 gi\u1ea3i ph\u00e1p li\u00ean quan \u0111\u1ebfn ng\u00e0nh t\u1ee7 b\u1ea3ng \u0111i\u1ec7n n\u00f3i ri\u00eang v\u00e0 t\u1ef1 \u0111\u1ed9ng ho\u00e1 n\u00f3i chung.","publisher":{"@id":"https:\/\/tienhungtech.com.vn\/#organization"},"alternateName":"Ti\u1ebfn H\u01b0ng \u0111\u01b0\u1ee3c th\u00e0nh l\u1eadp v\u00e0o n\u0103m 2016, l\u00e0 t\u1ed5 ch\u1ee9c t\u1eadp h\u1ee3p nh\u1eefng k\u1ef9 s\u01b0 \u0111i\u1ec7n - t\u1ef1 \u0111\u1ed9ng ho\u00e1 \u01b0u t\u00fa v\u1edbi kh\u00e1t khao \u0111\u01b0\u1ee3c mang \u0111\u1ebfn cho qu\u00fd kh\u00e1ch h\u00e0ng, doanh nghi\u1ec7p tr\u00ean ph\u1ea1m vi c\u1ea3 n\u01b0\u1edbc Vi\u1ec7t Nam nh\u1eefng gi\u1ea3i ph\u00e1p \u0111i\u1ec7n - t\u1ef1 \u0111\u1ed9ng ho\u00e1 ti\u00ean ti\u1ebfn nh\u1ea5t.","potentialAction":[{"@type":"SearchAction","target":{"@type":"EntryPoint","urlTemplate":"https:\/\/tienhungtech.com.vn\/?s={search_term_string}"},"query-input":"required name=search_term_string"}],"inLanguage":"en-US"},{"@type":"Organization","@id":"https:\/\/tienhungtech.com.vn\/#organization","name":"TIEN HUNG TECH","alternateName":"Ti\u1ebfn H\u01b0ng \u0111\u01b0\u1ee3c th\u00e0nh l\u1eadp v\u00e0o n\u0103m 2016, l\u00e0 t\u1ed5 ch\u1ee9c t\u1eadp h\u1ee3p nh\u1eefng k\u1ef9 s\u01b0 \u0111i\u1ec7n - t\u1ef1 \u0111\u1ed9ng ho\u00e1 \u01b0u t\u00fa v\u1edbi kh\u00e1t khao \u0111\u01b0\u1ee3c mang \u0111\u1ebfn cho qu\u00fd kh\u00e1ch h\u00e0ng, doanh nghi\u1ec7p tr\u00ean ph\u1ea1m vi c\u1ea3 n\u01b0\u1edbc Vi\u1ec7t Nam nh\u1eefng gi\u1ea3i ph\u00e1p \u0111i\u1ec7n - t\u1ef1 \u0111\u1ed9ng ho\u00e1 ti\u00ean ti\u1ebfn nh\u1ea5t.","url":"https:\/\/tienhungtech.com.vn\/","logo":{"@type":"ImageObject","inLanguage":"en-US","@id":"https:\/\/tienhungtech.com.vn\/#\/schema\/logo\/image\/","url":"https:\/\/tienhungtech.com.vn\/wp-content\/uploads\/2025\/07\/Logo-Tien-Hung-R-01.png","contentUrl":"https:\/\/tienhungtech.com.vn\/wp-content\/uploads\/2025\/07\/Logo-Tien-Hung-R-01.png","width":1886,"height":575,"caption":"TIEN HUNG TECH"},"image":{"@id":"https:\/\/tienhungtech.com.vn\/#\/schema\/logo\/image\/"}}]}},"_links":{"self":[{"href":"https:\/\/tienhungtech.com.vn\/en\/wp-json\/wp\/v2\/pages\/9414","targetHints":{"allow":["GET"]}}],"collection":[{"href":"https:\/\/tienhungtech.com.vn\/en\/wp-json\/wp\/v2\/pages"}],"about":[{"href":"https:\/\/tienhungtech.com.vn\/en\/wp-json\/wp\/v2\/types\/page"}],"author":[{"embeddable":true,"href":"https:\/\/tienhungtech.com.vn\/en\/wp-json\/wp\/v2\/users\/1"}],"replies":[{"embeddable":true,"href":"https:\/\/tienhungtech.com.vn\/en\/wp-json\/wp\/v2\/comments?post=9414"}],"version-history":[{"count":6,"href":"https:\/\/tienhungtech.com.vn\/en\/wp-json\/wp\/v2\/pages\/9414\/revisions"}],"predecessor-version":[{"id":14888,"href":"https:\/\/tienhungtech.com.vn\/en\/wp-json\/wp\/v2\/pages\/9414\/revisions\/14888"}],"wp:attachment":[{"href":"https:\/\/tienhungtech.com.vn\/en\/wp-json\/wp\/v2\/media?parent=9414"}],"curies":[{"name":"wp","href":"https:\/\/api.w.org\/{rel}","templated":true}]}}