{"id":9412,"date":"2022-11-09T07:53:00","date_gmt":"2022-11-09T00:53:00","guid":{"rendered":"http:\/\/tienhungtech.com.vn\/chinh-sach-bao-hanh\/"},"modified":"2023-05-18T14:55:24","modified_gmt":"2023-05-18T07:55:24","slug":"chinh-sach-bao-hanh","status":"publish","type":"page","link":"https:\/\/tienhungtech.com.vn\/en\/chinh-sach-bao-hanh\/","title":{"rendered":"Warranty Policy"},"content":{"rendered":"\n<h1 class=\"wp-block-heading\"><\/h1>\n\n\n\n<p><strong>1.Free warranty conditions:<\/strong><\/p>\n\n\n\n<p><strong><em>Products are warranted free of charge when the following conditions are met:<\/em><\/strong><\/p>\n\n\n\n<p>&#8211;\u00a0The product has a warranty period and is registered for warranty (from the date stated in the invoice and proof of purchase).<\/p>\n\n\n\n<p>-The product is damaged by internal components or by the manufacturer.<\/p>\n\n\n\n<p>&#8211;\u00a0<em>There must be Tien Hung&#8217;s warranty stamp on the product.<\/em><\/p>\n\n\n\n<p>&#8211;\u00a0The serial number and seal on the product must be intact, not torn or lost<\/p>\n\n\n\n<p><strong>2. Warranty terms for a fee:<\/strong><\/p>\n\n\n\n<p><strong><em>Regulations on products not covered by free warranty:<\/em><\/strong><\/p>\n\n\n\n<p>&#8211;\u00a0<em>The product has passed the free warranty period.<\/em><\/p>\n\n\n\n<p>&#8211;\u00a0<em>Using improperly according to the manual, using the wrong voltage will damage the product<\/em><\/p>\n\n\n\n<p>&#8211;\u00a0<em>Warranty stamp\u00a0on the product is torn, broken, overlaid or modified.<\/em><\/p>\n\n\n\n<p>&#8211;\u00a0The product is damaged by external influences such as: falling, breaking, impacting, scratching, denting, rusting, leaking water or by fire, natural disaster, insect intrusion.<\/p>\n\n\n\n<p>&#8211;\u00a0The case and accompanying accessories such as: power cord, signal wire, line straightener, remote control, control battery, fan on the device, or equipment caused by a damaged fan causes fire or explosion.<\/p>\n\n\n\n<p>-Free software included with the device.<\/p>\n\n\n\n<p>&#8211;\u00a0<em>The product has signs of repair before bringing it to Tien Hung company<\/em><\/p>\n\n\n\n<p>-Clean and clean the machine.<\/p>\n\n\n\n<p><strong>3.Product and warranty period:<\/strong><\/p>\n\n\n\n<p><em>Warranty period is 12 months from the date of delivery.<\/em><\/p>\n\n\n\n<p><em>Maintenance and repair time for the machine depends on the agreement between Tien Hung and the customer.<\/em><\/p>\n\n\n\n<p><strong>4. Warranty and maintenance locations:<\/strong><\/p>\n\n\n\n<p><em>You can bring the device to the address: \u00a01\/80 Cau Xeo, Tan Son Nhi Ward, Tan Phu District, Ho Chi Minh City \u00a0to receive genuine warranty, or we will send someone down to the place to repair the machine for you. client.<\/em><\/p>\n\n\n\n<p><strong><em>*Warranty does not include shipping and handling costs<\/em><\/strong><\/p>\n\n\n\n<p>Address: <strong>1\/80 Cau Xeo,<\/strong> Tan Son Nhi Ward, Tan Phu District, HCMC<\/p>\n\n\n\n<p><\/p>\n\n\n\n<p><\/p>\n\n\n\n<p><\/p>\n","protected":false},"excerpt":{"rendered":"<p>1.Free warranty conditions: Products are warranted free of charge when the following conditions are met: &#8211;\u00a0The product has a warranty period and is registered for warranty (from the date stated in the invoice and proof of purchase). -The product is damaged by internal components or by the manufacturer. &#8211;\u00a0There must be Tien Hung&#8217;s warranty stamp [&hellip;]<\/p>\n","protected":false},"author":1,"featured_media":0,"parent":0,"menu_order":0,"comment_status":"closed","ping_status":"closed","template":"","meta":{"inline_featured_image":false,"footnotes":""},"class_list":["post-9412","page","type-page","status-publish","hentry"],"acf":[],"yoast_head":"<!-- This site is optimized with the Yoast SEO plugin v19.10 - https:\/\/yoast.com\/wordpress\/plugins\/seo\/ -->\n<title>Warranty Policy - C\u00d4NG TY C\u1ed4 PH\u1ea6N T\u1ef0 \u0110\u1ed8NG TI\u1ebeN H\u01afNG<\/title>\n<meta name=\"description\" content=\"1.\u0110i\u1ec1u ki\u1ec7n b\u1ea3o h\u00e0nh mi\u1ec5n ph\u00ed:Nh\u1eefng s\u1ea3n ph\u1ea9m \u0111\u01b0\u1ee3c b\u1ea3o h\u00e0nh mi\u1ec5n ph\u00ed khi \u0111\u1ea3m b\u1ea3o nh\u1eefng \u0111i\u1ec1u ki\u1ec7n sau:- S\u1ea3n ph\u1ea9m c\u00f2n th\u1eddi h\u1ea1n b\u1ea3o h\u00e0nh v\u00e0 c\u00f3 \u0111\u0103ng k\u00fd b\u1ea3o h\u00e0nh( t\u00ednh t\u1eeb ng\u00e0y \u0111\u01b0\u1ee3c ghi trong h\u00f3a \u0111\u01a1n ch\u1ee9ng t\u1eeb mua h\u00e0ng).- S\u1ea3n ph\u1ea9m b\u1ecb h\u01b0 h\u1ecfng b\u1edfi linh ki\u1ec7n trong m\u00e1y ho\u1eb7c do nh\u00e0 s\u1ea3n xu\u1ea5t.- Ph\u1ea3i c\u00f3 tem b\u1ea3o h\u00e0nh c\u1ee7a Ti\u1ebfn H\u01b0ng tr\u00ean s\u1ea3n ph\u1ea9m.- S\u1ed1 m\u00e1y v\u00e0 tem ni\u00eam phong tr\u00ean s\u1ea3n ph\u1ea3m ph\u1ea3i nguy\u00ean v\u1eb9n, kh\u00f4ng b\u1ecb r\u00e1ch ho\u1eb7c m\u1ea5t \u0111i\" \/>\n<meta name=\"robots\" content=\"index, follow, max-snippet:-1, max-image-preview:large, max-video-preview:-1\" \/>\n<link rel=\"canonical\" href=\"https:\/\/tienhungtech.com.vn\/en\/chinh-sach-bao-hanh\/\" \/>\n<meta property=\"og:locale\" content=\"en_US\" \/>\n<meta property=\"og:type\" content=\"article\" \/>\n<meta property=\"og:title\" content=\"Warranty Policy - C\u00d4NG TY C\u1ed4 PH\u1ea6N T\u1ef0 \u0110\u1ed8NG TI\u1ebeN H\u01afNG\" \/>\n<meta property=\"og:description\" content=\"1.\u0110i\u1ec1u ki\u1ec7n b\u1ea3o h\u00e0nh mi\u1ec5n ph\u00ed:Nh\u1eefng s\u1ea3n ph\u1ea9m \u0111\u01b0\u1ee3c b\u1ea3o h\u00e0nh mi\u1ec5n ph\u00ed khi \u0111\u1ea3m b\u1ea3o nh\u1eefng \u0111i\u1ec1u ki\u1ec7n sau:- S\u1ea3n ph\u1ea9m c\u00f2n th\u1eddi h\u1ea1n b\u1ea3o h\u00e0nh v\u00e0 c\u00f3 \u0111\u0103ng k\u00fd b\u1ea3o h\u00e0nh( t\u00ednh t\u1eeb ng\u00e0y \u0111\u01b0\u1ee3c ghi trong h\u00f3a \u0111\u01a1n ch\u1ee9ng t\u1eeb mua h\u00e0ng).- S\u1ea3n ph\u1ea9m b\u1ecb h\u01b0 h\u1ecfng b\u1edfi linh ki\u1ec7n trong m\u00e1y ho\u1eb7c do nh\u00e0 s\u1ea3n xu\u1ea5t.- Ph\u1ea3i c\u00f3 tem b\u1ea3o h\u00e0nh c\u1ee7a Ti\u1ebfn H\u01b0ng tr\u00ean s\u1ea3n ph\u1ea9m.- S\u1ed1 m\u00e1y v\u00e0 tem ni\u00eam phong tr\u00ean s\u1ea3n ph\u1ea3m ph\u1ea3i nguy\u00ean v\u1eb9n, kh\u00f4ng b\u1ecb r\u00e1ch ho\u1eb7c m\u1ea5t \u0111i\" \/>\n<meta property=\"og:url\" content=\"https:\/\/tienhungtech.com.vn\/en\/chinh-sach-bao-hanh\/\" \/>\n<meta property=\"og:site_name\" content=\"C\u00d4NG TY C\u1ed4 PH\u1ea6N T\u1ef0 \u0110\u1ed8NG TI\u1ebeN H\u01afNG\" \/>\n<meta property=\"article:modified_time\" content=\"2023-05-18T07:55:24+00:00\" \/>\n<meta name=\"twitter:card\" content=\"summary_large_image\" \/>\n<meta name=\"twitter:label1\" content=\"Est. reading time\" \/>\n\t<meta name=\"twitter:data1\" content=\"2 minutes\" \/>\n<script type=\"application\/ld+json\" class=\"yoast-schema-graph\">{\"@context\":\"https:\/\/schema.org\",\"@graph\":[{\"@type\":\"WebPage\",\"@id\":\"https:\/\/tienhungtech.com.vn\/en\/chinh-sach-bao-hanh\/\",\"url\":\"https:\/\/tienhungtech.com.vn\/en\/chinh-sach-bao-hanh\/\",\"name\":\"Warranty Policy - C\u00d4NG TY C\u1ed4 PH\u1ea6N T\u1ef0 \u0110\u1ed8NG TI\u1ebeN H\u01afNG\",\"isPartOf\":{\"@id\":\"https:\/\/tienhungtech.com.vn\/#website\"},\"datePublished\":\"2022-11-09T00:53:00+00:00\",\"dateModified\":\"2023-05-18T07:55:24+00:00\",\"description\":\"1.\u0110i\u1ec1u ki\u1ec7n b\u1ea3o h\u00e0nh mi\u1ec5n ph\u00ed:Nh\u1eefng s\u1ea3n ph\u1ea9m \u0111\u01b0\u1ee3c b\u1ea3o h\u00e0nh mi\u1ec5n ph\u00ed khi \u0111\u1ea3m b\u1ea3o nh\u1eefng \u0111i\u1ec1u ki\u1ec7n sau:- S\u1ea3n ph\u1ea9m c\u00f2n th\u1eddi h\u1ea1n b\u1ea3o h\u00e0nh v\u00e0 c\u00f3 \u0111\u0103ng k\u00fd b\u1ea3o h\u00e0nh( t\u00ednh t\u1eeb ng\u00e0y \u0111\u01b0\u1ee3c ghi trong h\u00f3a \u0111\u01a1n ch\u1ee9ng t\u1eeb mua h\u00e0ng).- S\u1ea3n ph\u1ea9m b\u1ecb h\u01b0 h\u1ecfng b\u1edfi linh ki\u1ec7n trong m\u00e1y ho\u1eb7c do nh\u00e0 s\u1ea3n xu\u1ea5t.- Ph\u1ea3i c\u00f3 tem b\u1ea3o h\u00e0nh c\u1ee7a Ti\u1ebfn H\u01b0ng tr\u00ean s\u1ea3n ph\u1ea9m.- S\u1ed1 m\u00e1y v\u00e0 tem ni\u00eam phong tr\u00ean s\u1ea3n ph\u1ea3m ph\u1ea3i nguy\u00ean v\u1eb9n, kh\u00f4ng b\u1ecb r\u00e1ch ho\u1eb7c m\u1ea5t \u0111i\",\"breadcrumb\":{\"@id\":\"https:\/\/tienhungtech.com.vn\/en\/chinh-sach-bao-hanh\/#breadcrumb\"},\"inLanguage\":\"en-US\",\"potentialAction\":[{\"@type\":\"ReadAction\",\"target\":[\"https:\/\/tienhungtech.com.vn\/en\/chinh-sach-bao-hanh\/\"]}]},{\"@type\":\"BreadcrumbList\",\"@id\":\"https:\/\/tienhungtech.com.vn\/en\/chinh-sach-bao-hanh\/#breadcrumb\",\"itemListElement\":[{\"@type\":\"ListItem\",\"position\":1,\"name\":\"Trang ch\u1ee7\",\"item\":\"https:\/\/tienhungtech.com.vn\/en\/\"},{\"@type\":\"ListItem\",\"position\":2,\"name\":\"Warranty Policy\"}]},{\"@type\":\"WebSite\",\"@id\":\"https:\/\/tienhungtech.com.vn\/#website\",\"url\":\"https:\/\/tienhungtech.com.vn\/\",\"name\":\"TIEN HUNG TECH\",\"description\":\"Ti\u1ebfn H\u01b0ng l\u00e0 m\u1ed9t trong nh\u1eefng \u0111\u01a1n v\u1ecb h\u00e0ng \u0111\u1ea7u cung c\u1ea5p c\u00e1c thi\u1ebft b\u1ecb, d\u1ecbch v\u1ee5 v\u00e0 gi\u1ea3i ph\u00e1p li\u00ean quan \u0111\u1ebfn ng\u00e0nh t\u1ee7 b\u1ea3ng \u0111i\u1ec7n n\u00f3i ri\u00eang v\u00e0 t\u1ef1 \u0111\u1ed9ng ho\u00e1 n\u00f3i chung.\",\"publisher\":{\"@id\":\"https:\/\/tienhungtech.com.vn\/#organization\"},\"alternateName\":\"Ti\u1ebfn H\u01b0ng \u0111\u01b0\u1ee3c th\u00e0nh l\u1eadp v\u00e0o n\u0103m 2016, l\u00e0 t\u1ed5 ch\u1ee9c t\u1eadp h\u1ee3p nh\u1eefng k\u1ef9 s\u01b0 \u0111i\u1ec7n - t\u1ef1 \u0111\u1ed9ng ho\u00e1 \u01b0u t\u00fa v\u1edbi kh\u00e1t khao \u0111\u01b0\u1ee3c mang \u0111\u1ebfn cho qu\u00fd kh\u00e1ch h\u00e0ng, doanh nghi\u1ec7p tr\u00ean ph\u1ea1m vi c\u1ea3 n\u01b0\u1edbc Vi\u1ec7t Nam nh\u1eefng gi\u1ea3i ph\u00e1p \u0111i\u1ec7n - t\u1ef1 \u0111\u1ed9ng ho\u00e1 ti\u00ean ti\u1ebfn nh\u1ea5t.\",\"potentialAction\":[{\"@type\":\"SearchAction\",\"target\":{\"@type\":\"EntryPoint\",\"urlTemplate\":\"https:\/\/tienhungtech.com.vn\/?s={search_term_string}\"},\"query-input\":\"required name=search_term_string\"}],\"inLanguage\":\"en-US\"},{\"@type\":\"Organization\",\"@id\":\"https:\/\/tienhungtech.com.vn\/#organization\",\"name\":\"TIEN HUNG TECH\",\"alternateName\":\"Ti\u1ebfn H\u01b0ng \u0111\u01b0\u1ee3c th\u00e0nh l\u1eadp v\u00e0o n\u0103m 2016, l\u00e0 t\u1ed5 ch\u1ee9c t\u1eadp h\u1ee3p nh\u1eefng k\u1ef9 s\u01b0 \u0111i\u1ec7n - t\u1ef1 \u0111\u1ed9ng ho\u00e1 \u01b0u t\u00fa v\u1edbi kh\u00e1t khao \u0111\u01b0\u1ee3c mang \u0111\u1ebfn cho qu\u00fd kh\u00e1ch h\u00e0ng, doanh nghi\u1ec7p tr\u00ean ph\u1ea1m vi c\u1ea3 n\u01b0\u1edbc Vi\u1ec7t Nam nh\u1eefng gi\u1ea3i ph\u00e1p \u0111i\u1ec7n - t\u1ef1 \u0111\u1ed9ng ho\u00e1 ti\u00ean ti\u1ebfn nh\u1ea5t.\",\"url\":\"https:\/\/tienhungtech.com.vn\/\",\"logo\":{\"@type\":\"ImageObject\",\"inLanguage\":\"en-US\",\"@id\":\"https:\/\/tienhungtech.com.vn\/#\/schema\/logo\/image\/\",\"url\":\"https:\/\/tienhungtech.com.vn\/wp-content\/uploads\/2025\/07\/Logo-Tien-Hung-R-01.png\",\"contentUrl\":\"https:\/\/tienhungtech.com.vn\/wp-content\/uploads\/2025\/07\/Logo-Tien-Hung-R-01.png\",\"width\":1886,\"height\":575,\"caption\":\"TIEN HUNG TECH\"},\"image\":{\"@id\":\"https:\/\/tienhungtech.com.vn\/#\/schema\/logo\/image\/\"}}]}<\/script>\n<!-- \/ Yoast SEO plugin. -->","yoast_head_json":{"title":"Warranty Policy - C\u00d4NG TY C\u1ed4 PH\u1ea6N T\u1ef0 \u0110\u1ed8NG TI\u1ebeN H\u01afNG","description":"1.\u0110i\u1ec1u ki\u1ec7n b\u1ea3o h\u00e0nh mi\u1ec5n ph\u00ed:Nh\u1eefng s\u1ea3n ph\u1ea9m \u0111\u01b0\u1ee3c b\u1ea3o h\u00e0nh mi\u1ec5n ph\u00ed khi \u0111\u1ea3m b\u1ea3o nh\u1eefng \u0111i\u1ec1u ki\u1ec7n sau:- S\u1ea3n ph\u1ea9m c\u00f2n th\u1eddi h\u1ea1n b\u1ea3o h\u00e0nh v\u00e0 c\u00f3 \u0111\u0103ng k\u00fd b\u1ea3o h\u00e0nh( t\u00ednh t\u1eeb ng\u00e0y \u0111\u01b0\u1ee3c ghi trong h\u00f3a \u0111\u01a1n ch\u1ee9ng t\u1eeb mua h\u00e0ng).- S\u1ea3n ph\u1ea9m b\u1ecb h\u01b0 h\u1ecfng b\u1edfi linh ki\u1ec7n trong m\u00e1y ho\u1eb7c do nh\u00e0 s\u1ea3n xu\u1ea5t.- Ph\u1ea3i c\u00f3 tem b\u1ea3o h\u00e0nh c\u1ee7a Ti\u1ebfn H\u01b0ng tr\u00ean s\u1ea3n ph\u1ea9m.- S\u1ed1 m\u00e1y v\u00e0 tem ni\u00eam phong tr\u00ean s\u1ea3n ph\u1ea3m ph\u1ea3i nguy\u00ean v\u1eb9n, kh\u00f4ng b\u1ecb r\u00e1ch ho\u1eb7c m\u1ea5t \u0111i","robots":{"index":"index","follow":"follow","max-snippet":"max-snippet:-1","max-image-preview":"max-image-preview:large","max-video-preview":"max-video-preview:-1"},"canonical":"https:\/\/tienhungtech.com.vn\/en\/chinh-sach-bao-hanh\/","og_locale":"en_US","og_type":"article","og_title":"Warranty Policy - C\u00d4NG TY C\u1ed4 PH\u1ea6N T\u1ef0 \u0110\u1ed8NG TI\u1ebeN H\u01afNG","og_description":"1.\u0110i\u1ec1u ki\u1ec7n b\u1ea3o h\u00e0nh mi\u1ec5n ph\u00ed:Nh\u1eefng s\u1ea3n ph\u1ea9m \u0111\u01b0\u1ee3c b\u1ea3o h\u00e0nh mi\u1ec5n ph\u00ed khi \u0111\u1ea3m b\u1ea3o nh\u1eefng \u0111i\u1ec1u ki\u1ec7n sau:- S\u1ea3n ph\u1ea9m c\u00f2n th\u1eddi h\u1ea1n b\u1ea3o h\u00e0nh v\u00e0 c\u00f3 \u0111\u0103ng k\u00fd b\u1ea3o h\u00e0nh( t\u00ednh t\u1eeb ng\u00e0y \u0111\u01b0\u1ee3c ghi trong h\u00f3a \u0111\u01a1n ch\u1ee9ng t\u1eeb mua h\u00e0ng).- S\u1ea3n ph\u1ea9m b\u1ecb h\u01b0 h\u1ecfng b\u1edfi linh ki\u1ec7n trong m\u00e1y ho\u1eb7c do nh\u00e0 s\u1ea3n xu\u1ea5t.- Ph\u1ea3i c\u00f3 tem b\u1ea3o h\u00e0nh c\u1ee7a Ti\u1ebfn H\u01b0ng tr\u00ean s\u1ea3n ph\u1ea9m.- S\u1ed1 m\u00e1y v\u00e0 tem ni\u00eam phong tr\u00ean s\u1ea3n ph\u1ea3m ph\u1ea3i nguy\u00ean v\u1eb9n, kh\u00f4ng b\u1ecb r\u00e1ch ho\u1eb7c m\u1ea5t \u0111i","og_url":"https:\/\/tienhungtech.com.vn\/en\/chinh-sach-bao-hanh\/","og_site_name":"C\u00d4NG TY C\u1ed4 PH\u1ea6N T\u1ef0 \u0110\u1ed8NG TI\u1ebeN H\u01afNG","article_modified_time":"2023-05-18T07:55:24+00:00","twitter_card":"summary_large_image","twitter_misc":{"Est. reading time":"2 minutes"},"schema":{"@context":"https:\/\/schema.org","@graph":[{"@type":"WebPage","@id":"https:\/\/tienhungtech.com.vn\/en\/chinh-sach-bao-hanh\/","url":"https:\/\/tienhungtech.com.vn\/en\/chinh-sach-bao-hanh\/","name":"Warranty Policy - C\u00d4NG TY C\u1ed4 PH\u1ea6N T\u1ef0 \u0110\u1ed8NG TI\u1ebeN H\u01afNG","isPartOf":{"@id":"https:\/\/tienhungtech.com.vn\/#website"},"datePublished":"2022-11-09T00:53:00+00:00","dateModified":"2023-05-18T07:55:24+00:00","description":"1.\u0110i\u1ec1u ki\u1ec7n b\u1ea3o h\u00e0nh mi\u1ec5n ph\u00ed:Nh\u1eefng s\u1ea3n ph\u1ea9m \u0111\u01b0\u1ee3c b\u1ea3o h\u00e0nh mi\u1ec5n ph\u00ed khi \u0111\u1ea3m b\u1ea3o nh\u1eefng \u0111i\u1ec1u ki\u1ec7n sau:- S\u1ea3n ph\u1ea9m c\u00f2n th\u1eddi h\u1ea1n b\u1ea3o h\u00e0nh v\u00e0 c\u00f3 \u0111\u0103ng k\u00fd b\u1ea3o h\u00e0nh( t\u00ednh t\u1eeb ng\u00e0y \u0111\u01b0\u1ee3c ghi trong h\u00f3a \u0111\u01a1n ch\u1ee9ng t\u1eeb mua h\u00e0ng).- S\u1ea3n ph\u1ea9m b\u1ecb h\u01b0 h\u1ecfng b\u1edfi linh ki\u1ec7n trong m\u00e1y ho\u1eb7c do nh\u00e0 s\u1ea3n xu\u1ea5t.- Ph\u1ea3i c\u00f3 tem b\u1ea3o h\u00e0nh c\u1ee7a Ti\u1ebfn H\u01b0ng tr\u00ean s\u1ea3n ph\u1ea9m.- S\u1ed1 m\u00e1y v\u00e0 tem ni\u00eam phong tr\u00ean s\u1ea3n ph\u1ea3m ph\u1ea3i nguy\u00ean v\u1eb9n, kh\u00f4ng b\u1ecb r\u00e1ch ho\u1eb7c m\u1ea5t \u0111i","breadcrumb":{"@id":"https:\/\/tienhungtech.com.vn\/en\/chinh-sach-bao-hanh\/#breadcrumb"},"inLanguage":"en-US","potentialAction":[{"@type":"ReadAction","target":["https:\/\/tienhungtech.com.vn\/en\/chinh-sach-bao-hanh\/"]}]},{"@type":"BreadcrumbList","@id":"https:\/\/tienhungtech.com.vn\/en\/chinh-sach-bao-hanh\/#breadcrumb","itemListElement":[{"@type":"ListItem","position":1,"name":"Trang ch\u1ee7","item":"https:\/\/tienhungtech.com.vn\/en\/"},{"@type":"ListItem","position":2,"name":"Warranty Policy"}]},{"@type":"WebSite","@id":"https:\/\/tienhungtech.com.vn\/#website","url":"https:\/\/tienhungtech.com.vn\/","name":"TIEN HUNG TECH","description":"Ti\u1ebfn H\u01b0ng l\u00e0 m\u1ed9t trong nh\u1eefng \u0111\u01a1n v\u1ecb h\u00e0ng \u0111\u1ea7u cung c\u1ea5p c\u00e1c thi\u1ebft b\u1ecb, d\u1ecbch v\u1ee5 v\u00e0 gi\u1ea3i ph\u00e1p li\u00ean quan \u0111\u1ebfn ng\u00e0nh t\u1ee7 b\u1ea3ng \u0111i\u1ec7n n\u00f3i ri\u00eang v\u00e0 t\u1ef1 \u0111\u1ed9ng ho\u00e1 n\u00f3i chung.","publisher":{"@id":"https:\/\/tienhungtech.com.vn\/#organization"},"alternateName":"Ti\u1ebfn H\u01b0ng \u0111\u01b0\u1ee3c th\u00e0nh l\u1eadp v\u00e0o n\u0103m 2016, l\u00e0 t\u1ed5 ch\u1ee9c t\u1eadp h\u1ee3p nh\u1eefng k\u1ef9 s\u01b0 \u0111i\u1ec7n - t\u1ef1 \u0111\u1ed9ng ho\u00e1 \u01b0u t\u00fa v\u1edbi kh\u00e1t khao \u0111\u01b0\u1ee3c mang \u0111\u1ebfn cho qu\u00fd kh\u00e1ch h\u00e0ng, doanh nghi\u1ec7p tr\u00ean ph\u1ea1m vi c\u1ea3 n\u01b0\u1edbc Vi\u1ec7t Nam nh\u1eefng gi\u1ea3i ph\u00e1p \u0111i\u1ec7n - t\u1ef1 \u0111\u1ed9ng ho\u00e1 ti\u00ean ti\u1ebfn nh\u1ea5t.","potentialAction":[{"@type":"SearchAction","target":{"@type":"EntryPoint","urlTemplate":"https:\/\/tienhungtech.com.vn\/?s={search_term_string}"},"query-input":"required name=search_term_string"}],"inLanguage":"en-US"},{"@type":"Organization","@id":"https:\/\/tienhungtech.com.vn\/#organization","name":"TIEN HUNG TECH","alternateName":"Ti\u1ebfn H\u01b0ng \u0111\u01b0\u1ee3c th\u00e0nh l\u1eadp v\u00e0o n\u0103m 2016, l\u00e0 t\u1ed5 ch\u1ee9c t\u1eadp h\u1ee3p nh\u1eefng k\u1ef9 s\u01b0 \u0111i\u1ec7n - t\u1ef1 \u0111\u1ed9ng ho\u00e1 \u01b0u t\u00fa v\u1edbi kh\u00e1t khao \u0111\u01b0\u1ee3c mang \u0111\u1ebfn cho qu\u00fd kh\u00e1ch h\u00e0ng, doanh nghi\u1ec7p tr\u00ean ph\u1ea1m vi c\u1ea3 n\u01b0\u1edbc Vi\u1ec7t Nam nh\u1eefng gi\u1ea3i ph\u00e1p \u0111i\u1ec7n - t\u1ef1 \u0111\u1ed9ng ho\u00e1 ti\u00ean ti\u1ebfn nh\u1ea5t.","url":"https:\/\/tienhungtech.com.vn\/","logo":{"@type":"ImageObject","inLanguage":"en-US","@id":"https:\/\/tienhungtech.com.vn\/#\/schema\/logo\/image\/","url":"https:\/\/tienhungtech.com.vn\/wp-content\/uploads\/2025\/07\/Logo-Tien-Hung-R-01.png","contentUrl":"https:\/\/tienhungtech.com.vn\/wp-content\/uploads\/2025\/07\/Logo-Tien-Hung-R-01.png","width":1886,"height":575,"caption":"TIEN HUNG TECH"},"image":{"@id":"https:\/\/tienhungtech.com.vn\/#\/schema\/logo\/image\/"}}]}},"_links":{"self":[{"href":"https:\/\/tienhungtech.com.vn\/en\/wp-json\/wp\/v2\/pages\/9412","targetHints":{"allow":["GET"]}}],"collection":[{"href":"https:\/\/tienhungtech.com.vn\/en\/wp-json\/wp\/v2\/pages"}],"about":[{"href":"https:\/\/tienhungtech.com.vn\/en\/wp-json\/wp\/v2\/types\/page"}],"author":[{"embeddable":true,"href":"https:\/\/tienhungtech.com.vn\/en\/wp-json\/wp\/v2\/users\/1"}],"replies":[{"embeddable":true,"href":"https:\/\/tienhungtech.com.vn\/en\/wp-json\/wp\/v2\/comments?post=9412"}],"version-history":[{"count":5,"href":"https:\/\/tienhungtech.com.vn\/en\/wp-json\/wp\/v2\/pages\/9412\/revisions"}],"predecessor-version":[{"id":14788,"href":"https:\/\/tienhungtech.com.vn\/en\/wp-json\/wp\/v2\/pages\/9412\/revisions\/14788"}],"wp:attachment":[{"href":"https:\/\/tienhungtech.com.vn\/en\/wp-json\/wp\/v2\/media?parent=9412"}],"curies":[{"name":"wp","href":"https:\/\/api.w.org\/{rel}","templated":true}]}}