{"id":32402,"date":"2024-10-14T11:45:35","date_gmt":"2024-10-14T04:45:35","guid":{"rendered":"https:\/\/tienhungtech.com.vn\/ve-chung-toi\/certification\/"},"modified":"2024-10-30T11:18:06","modified_gmt":"2024-10-30T04:18:06","slug":"certification","status":"publish","type":"page","link":"https:\/\/tienhungtech.com.vn\/en\/ve-chung-toi\/certification\/","title":{"rendered":"Certification"},"content":{"rendered":"<div class=\"wp-block-image\">\n<figure class=\"aligncenter size-large\"><img loading=\"lazy\" decoding=\"async\" width=\"1024\" height=\"1024\" src=\"https:\/\/tienhungtech.com.vn\/wp-content\/uploads\/2024\/10\/Certificate-Weidmuller-01-01-1024x1024.png\" alt=\"\" class=\"wp-image-32367\" srcset=\"https:\/\/tienhungtech.com.vn\/wp-content\/uploads\/2024\/10\/Certificate-Weidmuller-01-01-1024x1024.png 1024w, https:\/\/tienhungtech.com.vn\/wp-content\/uploads\/2024\/10\/Certificate-Weidmuller-01-01-300x300.png 300w, https:\/\/tienhungtech.com.vn\/wp-content\/uploads\/2024\/10\/Certificate-Weidmuller-01-01-150x150.png 150w, https:\/\/tienhungtech.com.vn\/wp-content\/uploads\/2024\/10\/Certificate-Weidmuller-01-01-768x768.png 768w, https:\/\/tienhungtech.com.vn\/wp-content\/uploads\/2024\/10\/Certificate-Weidmuller-01-01-1536x1536.png 1536w, https:\/\/tienhungtech.com.vn\/wp-content\/uploads\/2024\/10\/Certificate-Weidmuller-01-01-2048x2048.png 2048w, https:\/\/tienhungtech.com.vn\/wp-content\/uploads\/2024\/10\/Certificate-Weidmuller-01-01-500x500.png 500w, https:\/\/tienhungtech.com.vn\/wp-content\/uploads\/2024\/10\/Certificate-Weidmuller-01-01-140x140.png 140w, https:\/\/tienhungtech.com.vn\/wp-content\/uploads\/2024\/10\/Certificate-Weidmuller-01-01-290x290.png 290w, https:\/\/tienhungtech.com.vn\/wp-content\/uploads\/2024\/10\/Certificate-Weidmuller-01-01-200x200.png 200w, https:\/\/tienhungtech.com.vn\/wp-content\/uploads\/2024\/10\/Certificate-Weidmuller-01-01-385x385.png 385w, https:\/\/tienhungtech.com.vn\/wp-content\/uploads\/2024\/10\/Certificate-Weidmuller-01-01-100x100.png 100w, https:\/\/tienhungtech.com.vn\/wp-content\/uploads\/2024\/10\/Certificate-Weidmuller-01-01-120x120.png 120w, https:\/\/tienhungtech.com.vn\/wp-content\/uploads\/2024\/10\/Certificate-Weidmuller-01-01-600x600.png 600w\" sizes=\"auto, (max-width: 1024px) 100vw, 1024px\" \/><\/figure>\n<\/div>\n<p class=\"has-text-align-center has-medium-font-size\"><strong>Authorized Partner for Vietnam<\/strong><br\/>Weidmuller<\/p>\n\n<p><\/p>\n\n<p><\/p>\n<div class=\"wp-block-image\">\n<figure class=\"aligncenter size-large\"><img loading=\"lazy\" decoding=\"async\" width=\"1024\" height=\"1024\" src=\"https:\/\/tienhungtech.com.vn\/wp-content\/uploads\/2024\/10\/Certificate-Rittal-01-01-1024x1024.png\" alt=\"\" class=\"wp-image-32370\" srcset=\"https:\/\/tienhungtech.com.vn\/wp-content\/uploads\/2024\/10\/Certificate-Rittal-01-01-1024x1024.png 1024w, https:\/\/tienhungtech.com.vn\/wp-content\/uploads\/2024\/10\/Certificate-Rittal-01-01-300x300.png 300w, https:\/\/tienhungtech.com.vn\/wp-content\/uploads\/2024\/10\/Certificate-Rittal-01-01-150x150.png 150w, https:\/\/tienhungtech.com.vn\/wp-content\/uploads\/2024\/10\/Certificate-Rittal-01-01-768x768.png 768w, https:\/\/tienhungtech.com.vn\/wp-content\/uploads\/2024\/10\/Certificate-Rittal-01-01-1536x1536.png 1536w, https:\/\/tienhungtech.com.vn\/wp-content\/uploads\/2024\/10\/Certificate-Rittal-01-01-2048x2048.png 2048w, https:\/\/tienhungtech.com.vn\/wp-content\/uploads\/2024\/10\/Certificate-Rittal-01-01-500x500.png 500w, https:\/\/tienhungtech.com.vn\/wp-content\/uploads\/2024\/10\/Certificate-Rittal-01-01-140x140.png 140w, https:\/\/tienhungtech.com.vn\/wp-content\/uploads\/2024\/10\/Certificate-Rittal-01-01-290x290.png 290w, https:\/\/tienhungtech.com.vn\/wp-content\/uploads\/2024\/10\/Certificate-Rittal-01-01-200x200.png 200w, https:\/\/tienhungtech.com.vn\/wp-content\/uploads\/2024\/10\/Certificate-Rittal-01-01-385x385.png 385w, https:\/\/tienhungtech.com.vn\/wp-content\/uploads\/2024\/10\/Certificate-Rittal-01-01-100x100.png 100w, https:\/\/tienhungtech.com.vn\/wp-content\/uploads\/2024\/10\/Certificate-Rittal-01-01-120x120.png 120w, https:\/\/tienhungtech.com.vn\/wp-content\/uploads\/2024\/10\/Certificate-Rittal-01-01-600x600.png 600w\" sizes=\"auto, (max-width: 1024px) 100vw, 1024px\" \/><\/figure>\n<\/div>\n<p class=\"has-text-align-center has-medium-font-size\"><strong>Reseller Partner<\/strong><br\/>Rittal<\/p>\n\n<p><\/p>\n\n<p><\/p>\n<div class=\"wp-block-image\">\n<figure class=\"aligncenter size-large\"><img loading=\"lazy\" decoding=\"async\" width=\"1024\" height=\"1024\" src=\"https:\/\/tienhungtech.com.vn\/wp-content\/uploads\/2024\/10\/Certificate-JJ-Lap-02-01-2-1024x1024.png\" alt=\"\" class=\"wp-image-32454\" srcset=\"https:\/\/tienhungtech.com.vn\/wp-content\/uploads\/2024\/10\/Certificate-JJ-Lap-02-01-2-1024x1024.png 1024w, https:\/\/tienhungtech.com.vn\/wp-content\/uploads\/2024\/10\/Certificate-JJ-Lap-02-01-2-300x300.png 300w, https:\/\/tienhungtech.com.vn\/wp-content\/uploads\/2024\/10\/Certificate-JJ-Lap-02-01-2-150x150.png 150w, https:\/\/tienhungtech.com.vn\/wp-content\/uploads\/2024\/10\/Certificate-JJ-Lap-02-01-2-768x768.png 768w, https:\/\/tienhungtech.com.vn\/wp-content\/uploads\/2024\/10\/Certificate-JJ-Lap-02-01-2-1536x1536.png 1536w, https:\/\/tienhungtech.com.vn\/wp-content\/uploads\/2024\/10\/Certificate-JJ-Lap-02-01-2-2048x2048.png 2048w, https:\/\/tienhungtech.com.vn\/wp-content\/uploads\/2024\/10\/Certificate-JJ-Lap-02-01-2-500x500.png 500w, https:\/\/tienhungtech.com.vn\/wp-content\/uploads\/2024\/10\/Certificate-JJ-Lap-02-01-2-140x140.png 140w, https:\/\/tienhungtech.com.vn\/wp-content\/uploads\/2024\/10\/Certificate-JJ-Lap-02-01-2-290x290.png 290w, https:\/\/tienhungtech.com.vn\/wp-content\/uploads\/2024\/10\/Certificate-JJ-Lap-02-01-2-200x200.png 200w, https:\/\/tienhungtech.com.vn\/wp-content\/uploads\/2024\/10\/Certificate-JJ-Lap-02-01-2-385x385.png 385w, https:\/\/tienhungtech.com.vn\/wp-content\/uploads\/2024\/10\/Certificate-JJ-Lap-02-01-2-100x100.png 100w, https:\/\/tienhungtech.com.vn\/wp-content\/uploads\/2024\/10\/Certificate-JJ-Lap-02-01-2-120x120.png 120w, https:\/\/tienhungtech.com.vn\/wp-content\/uploads\/2024\/10\/Certificate-JJ-Lap-02-01-2-600x600.png 600w\" sizes=\"auto, (max-width: 1024px) 100vw, 1024px\" \/><\/figure>\n<\/div>\n<p class=\"has-text-align-center has-medium-font-size\"><strong>Reseller Partner<\/strong><br\/>JJ-LAP<\/p>\n","protected":false},"excerpt":{"rendered":"<p>Authorized Partner for VietnamWeidmuller Reseller PartnerRittal Reseller PartnerJJ-LAP<\/p>\n","protected":false},"author":2,"featured_media":0,"parent":9424,"menu_order":0,"comment_status":"closed","ping_status":"closed","template":"","meta":{"inline_featured_image":false,"footnotes":""},"class_list":["post-32402","page","type-page","status-publish","hentry"],"acf":[],"yoast_head":"<!-- This site is optimized with the Yoast SEO plugin v19.10 - https:\/\/yoast.com\/wordpress\/plugins\/seo\/ -->\n<title>Certification - C\u00d4NG TY C\u1ed4 PH\u1ea6N T\u1ef0 \u0110\u1ed8NG TI\u1ebeN H\u01afNG<\/title>\n<meta name=\"robots\" content=\"index, follow, max-snippet:-1, max-image-preview:large, max-video-preview:-1\" \/>\n<link rel=\"canonical\" href=\"https:\/\/tienhungtech.com.vn\/en\/ve-chung-toi\/certification\/\" \/>\n<meta property=\"og:locale\" content=\"en_US\" \/>\n<meta property=\"og:type\" content=\"article\" \/>\n<meta property=\"og:title\" content=\"Certification - C\u00d4NG TY C\u1ed4 PH\u1ea6N T\u1ef0 \u0110\u1ed8NG TI\u1ebeN H\u01afNG\" \/>\n<meta property=\"og:description\" content=\"Authorized Partner for VietnamWeidmuller Reseller PartnerRittal Reseller PartnerJJ-LAP\" \/>\n<meta property=\"og:url\" content=\"https:\/\/tienhungtech.com.vn\/en\/ve-chung-toi\/certification\/\" \/>\n<meta property=\"og:site_name\" content=\"C\u00d4NG TY C\u1ed4 PH\u1ea6N T\u1ef0 \u0110\u1ed8NG TI\u1ebeN H\u01afNG\" \/>\n<meta property=\"article:modified_time\" content=\"2024-10-30T04:18:06+00:00\" \/>\n<meta property=\"og:image\" content=\"https:\/\/tienhungtech.com.vn\/wp-content\/uploads\/2024\/10\/Certificate-Weidmuller-01-01-1024x1024.png\" \/>\n<meta name=\"twitter:card\" content=\"summary_large_image\" \/>\n<script type=\"application\/ld+json\" class=\"yoast-schema-graph\">{\"@context\":\"https:\/\/schema.org\",\"@graph\":[{\"@type\":\"WebPage\",\"@id\":\"https:\/\/tienhungtech.com.vn\/en\/ve-chung-toi\/certification\/\",\"url\":\"https:\/\/tienhungtech.com.vn\/en\/ve-chung-toi\/certification\/\",\"name\":\"Certification - C\u00d4NG TY C\u1ed4 PH\u1ea6N T\u1ef0 \u0110\u1ed8NG TI\u1ebeN H\u01afNG\",\"isPartOf\":{\"@id\":\"https:\/\/tienhungtech.com.vn\/#website\"},\"datePublished\":\"2024-10-14T04:45:35+00:00\",\"dateModified\":\"2024-10-30T04:18:06+00:00\",\"breadcrumb\":{\"@id\":\"https:\/\/tienhungtech.com.vn\/en\/ve-chung-toi\/certification\/#breadcrumb\"},\"inLanguage\":\"en-US\",\"potentialAction\":[{\"@type\":\"ReadAction\",\"target\":[\"https:\/\/tienhungtech.com.vn\/en\/ve-chung-toi\/certification\/\"]}]},{\"@type\":\"BreadcrumbList\",\"@id\":\"https:\/\/tienhungtech.com.vn\/en\/ve-chung-toi\/certification\/#breadcrumb\",\"itemListElement\":[{\"@type\":\"ListItem\",\"position\":1,\"name\":\"Trang ch\u1ee7\",\"item\":\"https:\/\/tienhungtech.com.vn\/en\/\"},{\"@type\":\"ListItem\",\"position\":2,\"name\":\"About Us\",\"item\":\"https:\/\/tienhungtech.com.vn\/en\/ve-chung-toi\/\"},{\"@type\":\"ListItem\",\"position\":3,\"name\":\"Certification\"}]},{\"@type\":\"WebSite\",\"@id\":\"https:\/\/tienhungtech.com.vn\/#website\",\"url\":\"https:\/\/tienhungtech.com.vn\/\",\"name\":\"TIEN HUNG TECH\",\"description\":\"Ti\u1ebfn H\u01b0ng l\u00e0 m\u1ed9t trong nh\u1eefng \u0111\u01a1n v\u1ecb h\u00e0ng \u0111\u1ea7u cung c\u1ea5p c\u00e1c thi\u1ebft b\u1ecb, d\u1ecbch v\u1ee5 v\u00e0 gi\u1ea3i ph\u00e1p li\u00ean quan \u0111\u1ebfn ng\u00e0nh t\u1ee7 b\u1ea3ng \u0111i\u1ec7n n\u00f3i ri\u00eang v\u00e0 t\u1ef1 \u0111\u1ed9ng ho\u00e1 n\u00f3i chung.\",\"publisher\":{\"@id\":\"https:\/\/tienhungtech.com.vn\/#organization\"},\"alternateName\":\"Ti\u1ebfn H\u01b0ng \u0111\u01b0\u1ee3c th\u00e0nh l\u1eadp v\u00e0o n\u0103m 2016, l\u00e0 t\u1ed5 ch\u1ee9c t\u1eadp h\u1ee3p nh\u1eefng k\u1ef9 s\u01b0 \u0111i\u1ec7n - t\u1ef1 \u0111\u1ed9ng ho\u00e1 \u01b0u t\u00fa v\u1edbi kh\u00e1t khao \u0111\u01b0\u1ee3c mang \u0111\u1ebfn cho qu\u00fd kh\u00e1ch h\u00e0ng, doanh nghi\u1ec7p tr\u00ean ph\u1ea1m vi c\u1ea3 n\u01b0\u1edbc Vi\u1ec7t Nam nh\u1eefng gi\u1ea3i ph\u00e1p \u0111i\u1ec7n - t\u1ef1 \u0111\u1ed9ng ho\u00e1 ti\u00ean ti\u1ebfn nh\u1ea5t.\",\"potentialAction\":[{\"@type\":\"SearchAction\",\"target\":{\"@type\":\"EntryPoint\",\"urlTemplate\":\"https:\/\/tienhungtech.com.vn\/?s={search_term_string}\"},\"query-input\":\"required name=search_term_string\"}],\"inLanguage\":\"en-US\"},{\"@type\":\"Organization\",\"@id\":\"https:\/\/tienhungtech.com.vn\/#organization\",\"name\":\"TIEN HUNG TECH\",\"alternateName\":\"Ti\u1ebfn H\u01b0ng \u0111\u01b0\u1ee3c th\u00e0nh l\u1eadp v\u00e0o n\u0103m 2016, l\u00e0 t\u1ed5 ch\u1ee9c t\u1eadp h\u1ee3p nh\u1eefng k\u1ef9 s\u01b0 \u0111i\u1ec7n - t\u1ef1 \u0111\u1ed9ng ho\u00e1 \u01b0u t\u00fa v\u1edbi kh\u00e1t khao \u0111\u01b0\u1ee3c mang \u0111\u1ebfn cho qu\u00fd kh\u00e1ch h\u00e0ng, doanh nghi\u1ec7p tr\u00ean ph\u1ea1m vi c\u1ea3 n\u01b0\u1edbc Vi\u1ec7t Nam nh\u1eefng gi\u1ea3i ph\u00e1p \u0111i\u1ec7n - t\u1ef1 \u0111\u1ed9ng ho\u00e1 ti\u00ean ti\u1ebfn nh\u1ea5t.\",\"url\":\"https:\/\/tienhungtech.com.vn\/\",\"logo\":{\"@type\":\"ImageObject\",\"inLanguage\":\"en-US\",\"@id\":\"https:\/\/tienhungtech.com.vn\/#\/schema\/logo\/image\/\",\"url\":\"https:\/\/tienhungtech.com.vn\/wp-content\/uploads\/2025\/07\/Logo-Tien-Hung-R-01.png\",\"contentUrl\":\"https:\/\/tienhungtech.com.vn\/wp-content\/uploads\/2025\/07\/Logo-Tien-Hung-R-01.png\",\"width\":1886,\"height\":575,\"caption\":\"TIEN HUNG TECH\"},\"image\":{\"@id\":\"https:\/\/tienhungtech.com.vn\/#\/schema\/logo\/image\/\"}}]}<\/script>\n<!-- \/ Yoast SEO plugin. -->","yoast_head_json":{"title":"Certification - C\u00d4NG TY C\u1ed4 PH\u1ea6N T\u1ef0 \u0110\u1ed8NG TI\u1ebeN H\u01afNG","robots":{"index":"index","follow":"follow","max-snippet":"max-snippet:-1","max-image-preview":"max-image-preview:large","max-video-preview":"max-video-preview:-1"},"canonical":"https:\/\/tienhungtech.com.vn\/en\/ve-chung-toi\/certification\/","og_locale":"en_US","og_type":"article","og_title":"Certification - C\u00d4NG TY C\u1ed4 PH\u1ea6N T\u1ef0 \u0110\u1ed8NG TI\u1ebeN H\u01afNG","og_description":"Authorized Partner for VietnamWeidmuller Reseller PartnerRittal Reseller PartnerJJ-LAP","og_url":"https:\/\/tienhungtech.com.vn\/en\/ve-chung-toi\/certification\/","og_site_name":"C\u00d4NG TY C\u1ed4 PH\u1ea6N T\u1ef0 \u0110\u1ed8NG TI\u1ebeN H\u01afNG","article_modified_time":"2024-10-30T04:18:06+00:00","og_image":[{"url":"https:\/\/tienhungtech.com.vn\/wp-content\/uploads\/2024\/10\/Certificate-Weidmuller-01-01-1024x1024.png"}],"twitter_card":"summary_large_image","schema":{"@context":"https:\/\/schema.org","@graph":[{"@type":"WebPage","@id":"https:\/\/tienhungtech.com.vn\/en\/ve-chung-toi\/certification\/","url":"https:\/\/tienhungtech.com.vn\/en\/ve-chung-toi\/certification\/","name":"Certification - C\u00d4NG TY C\u1ed4 PH\u1ea6N T\u1ef0 \u0110\u1ed8NG TI\u1ebeN H\u01afNG","isPartOf":{"@id":"https:\/\/tienhungtech.com.vn\/#website"},"datePublished":"2024-10-14T04:45:35+00:00","dateModified":"2024-10-30T04:18:06+00:00","breadcrumb":{"@id":"https:\/\/tienhungtech.com.vn\/en\/ve-chung-toi\/certification\/#breadcrumb"},"inLanguage":"en-US","potentialAction":[{"@type":"ReadAction","target":["https:\/\/tienhungtech.com.vn\/en\/ve-chung-toi\/certification\/"]}]},{"@type":"BreadcrumbList","@id":"https:\/\/tienhungtech.com.vn\/en\/ve-chung-toi\/certification\/#breadcrumb","itemListElement":[{"@type":"ListItem","position":1,"name":"Trang ch\u1ee7","item":"https:\/\/tienhungtech.com.vn\/en\/"},{"@type":"ListItem","position":2,"name":"About Us","item":"https:\/\/tienhungtech.com.vn\/en\/ve-chung-toi\/"},{"@type":"ListItem","position":3,"name":"Certification"}]},{"@type":"WebSite","@id":"https:\/\/tienhungtech.com.vn\/#website","url":"https:\/\/tienhungtech.com.vn\/","name":"TIEN HUNG TECH","description":"Ti\u1ebfn H\u01b0ng l\u00e0 m\u1ed9t trong nh\u1eefng \u0111\u01a1n v\u1ecb h\u00e0ng \u0111\u1ea7u cung c\u1ea5p c\u00e1c thi\u1ebft b\u1ecb, d\u1ecbch v\u1ee5 v\u00e0 gi\u1ea3i ph\u00e1p li\u00ean quan \u0111\u1ebfn ng\u00e0nh t\u1ee7 b\u1ea3ng \u0111i\u1ec7n n\u00f3i ri\u00eang v\u00e0 t\u1ef1 \u0111\u1ed9ng ho\u00e1 n\u00f3i chung.","publisher":{"@id":"https:\/\/tienhungtech.com.vn\/#organization"},"alternateName":"Ti\u1ebfn H\u01b0ng \u0111\u01b0\u1ee3c th\u00e0nh l\u1eadp v\u00e0o n\u0103m 2016, l\u00e0 t\u1ed5 ch\u1ee9c t\u1eadp h\u1ee3p nh\u1eefng k\u1ef9 s\u01b0 \u0111i\u1ec7n - t\u1ef1 \u0111\u1ed9ng ho\u00e1 \u01b0u t\u00fa v\u1edbi kh\u00e1t khao \u0111\u01b0\u1ee3c mang \u0111\u1ebfn cho qu\u00fd kh\u00e1ch h\u00e0ng, doanh nghi\u1ec7p tr\u00ean ph\u1ea1m vi c\u1ea3 n\u01b0\u1edbc Vi\u1ec7t Nam nh\u1eefng gi\u1ea3i ph\u00e1p \u0111i\u1ec7n - t\u1ef1 \u0111\u1ed9ng ho\u00e1 ti\u00ean ti\u1ebfn nh\u1ea5t.","potentialAction":[{"@type":"SearchAction","target":{"@type":"EntryPoint","urlTemplate":"https:\/\/tienhungtech.com.vn\/?s={search_term_string}"},"query-input":"required name=search_term_string"}],"inLanguage":"en-US"},{"@type":"Organization","@id":"https:\/\/tienhungtech.com.vn\/#organization","name":"TIEN HUNG TECH","alternateName":"Ti\u1ebfn H\u01b0ng \u0111\u01b0\u1ee3c th\u00e0nh l\u1eadp v\u00e0o n\u0103m 2016, l\u00e0 t\u1ed5 ch\u1ee9c t\u1eadp h\u1ee3p nh\u1eefng k\u1ef9 s\u01b0 \u0111i\u1ec7n - t\u1ef1 \u0111\u1ed9ng ho\u00e1 \u01b0u t\u00fa v\u1edbi kh\u00e1t khao \u0111\u01b0\u1ee3c mang \u0111\u1ebfn cho qu\u00fd kh\u00e1ch h\u00e0ng, doanh nghi\u1ec7p tr\u00ean ph\u1ea1m vi c\u1ea3 n\u01b0\u1edbc Vi\u1ec7t Nam nh\u1eefng gi\u1ea3i ph\u00e1p \u0111i\u1ec7n - t\u1ef1 \u0111\u1ed9ng ho\u00e1 ti\u00ean ti\u1ebfn nh\u1ea5t.","url":"https:\/\/tienhungtech.com.vn\/","logo":{"@type":"ImageObject","inLanguage":"en-US","@id":"https:\/\/tienhungtech.com.vn\/#\/schema\/logo\/image\/","url":"https:\/\/tienhungtech.com.vn\/wp-content\/uploads\/2025\/07\/Logo-Tien-Hung-R-01.png","contentUrl":"https:\/\/tienhungtech.com.vn\/wp-content\/uploads\/2025\/07\/Logo-Tien-Hung-R-01.png","width":1886,"height":575,"caption":"TIEN HUNG TECH"},"image":{"@id":"https:\/\/tienhungtech.com.vn\/#\/schema\/logo\/image\/"}}]}},"_links":{"self":[{"href":"https:\/\/tienhungtech.com.vn\/en\/wp-json\/wp\/v2\/pages\/32402","targetHints":{"allow":["GET"]}}],"collection":[{"href":"https:\/\/tienhungtech.com.vn\/en\/wp-json\/wp\/v2\/pages"}],"about":[{"href":"https:\/\/tienhungtech.com.vn\/en\/wp-json\/wp\/v2\/types\/page"}],"author":[{"embeddable":true,"href":"https:\/\/tienhungtech.com.vn\/en\/wp-json\/wp\/v2\/users\/2"}],"replies":[{"embeddable":true,"href":"https:\/\/tienhungtech.com.vn\/en\/wp-json\/wp\/v2\/comments?post=32402"}],"version-history":[{"count":14,"href":"https:\/\/tienhungtech.com.vn\/en\/wp-json\/wp\/v2\/pages\/32402\/revisions"}],"predecessor-version":[{"id":32542,"href":"https:\/\/tienhungtech.com.vn\/en\/wp-json\/wp\/v2\/pages\/32402\/revisions\/32542"}],"up":[{"embeddable":true,"href":"https:\/\/tienhungtech.com.vn\/en\/wp-json\/wp\/v2\/pages\/9424"}],"wp:attachment":[{"href":"https:\/\/tienhungtech.com.vn\/en\/wp-json\/wp\/v2\/media?parent=32402"}],"curies":[{"name":"wp","href":"https:\/\/api.w.org\/{rel}","templated":true}]}}